{"id":24006,"date":"2022-08-19T12:06:24","date_gmt":"2022-08-19T11:06:24","guid":{"rendered":"https:\/\/m5j0n6nk9p.onrocket.site\/?page_id=24006"},"modified":"2023-04-28T11:22:43","modified_gmt":"2023-04-28T10:22:43","slug":"valvula-de-retencao-disco-oscilante","status":"publish","type":"page","link":"https:\/\/klinger.pt\/es\/produtos\/valvulas\/valvulas-de-retencao\/valvulas-de-retencao-baixa-pressao\/flangeada\/valvula-de-retencao-disco-oscilante\/","title":{"rendered":"V\u00c1LVULA DE RETEN\u00c7\u00c3O DISCO OSCILANTE"},"content":{"rendered":"\n<div class=\"wp-block-columns is-layout-flex wp-container-core-columns-is-layout-9d6595d7 wp-block-columns-is-layout-flex\">\n<div class=\"wp-block-column is-layout-flow wp-block-column-is-layout-flow\" style=\"flex-basis:400px\"><div class=\"wp-block-image\">\n<figure class=\"aligncenter size-full\"><img fetchpriority=\"high\" decoding=\"async\" width=\"700\" height=\"483\" src=\"https:\/\/klinger.pt\/wp-content\/uploads\/2023\/03\/VALVULA-DE-RETENCAO-DISCO-OSCILANTE-PAG.webp\" alt=\"V\u00c1LVULA DE RETEN\u00c7\u00c3O DISCO OSCILANT\" class=\"wp-image-39653\" srcset=\"https:\/\/klinger.pt\/wp-content\/uploads\/2023\/03\/VALVULA-DE-RETENCAO-DISCO-OSCILANTE-PAG.webp 700w, https:\/\/klinger.pt\/wp-content\/uploads\/2023\/03\/VALVULA-DE-RETENCAO-DISCO-OSCILANTE-PAG-300x207.webp 300w\" sizes=\"(max-width: 700px) 100vw, 700px\" \/><\/figure>\n<\/div>\n\n<div class=\"wp-block-image\">\n<figure class=\"aligncenter size-full is-resized\"><img decoding=\"async\" src=\"https:\/\/klinger.pt\/wp-content\/uploads\/2022\/08\/Quadro-1-0-1-1.png\" alt=\"V\u00c1LVULA DE RETEN\u00c7\u00c3O DISCO OSCILANTE\" class=\"wp-image-25373\" width=\"269\" height=\"138\" srcset=\"https:\/\/klinger.pt\/wp-content\/uploads\/2022\/08\/Quadro-1-0-1-1.png 470w, https:\/\/klinger.pt\/wp-content\/uploads\/2022\/08\/Quadro-1-0-1-1-300x155.png 300w\" sizes=\"(max-width: 269px) 100vw, 269px\" \/><\/figure>\n<\/div>\n\n<div class=\"wp-block-image\">\n<figure class=\"aligncenter size-full is-resized\"><img decoding=\"async\" src=\"https:\/\/klinger.pt\/wp-content\/uploads\/2022\/08\/Quadro-2-0-1-1.png\" alt=\"V\u00c1LVULA DE RETEN\u00c7\u00c3O DISCO OSCILANTE\" class=\"wp-image-25381\" width=\"268\" height=\"258\" srcset=\"https:\/\/klinger.pt\/wp-content\/uploads\/2022\/08\/Quadro-2-0-1-1.png 390w, https:\/\/klinger.pt\/wp-content\/uploads\/2022\/08\/Quadro-2-0-1-1-300x289.png 300w\" sizes=\"(max-width: 268px) 100vw, 268px\" \/><\/figure>\n<\/div><\/div>\n\n\n\n<div class=\"wp-block-column is-layout-flow wp-block-column-is-layout-flow\" style=\"flex-basis:700px\">\n<h1 class=\"wp-block-heading\">V\u00c1LVULA DE RETEN\u00c7\u00c3O DISCO OSCILANTE<\/h1>\n\n\n\n<h3 class=\"wp-block-heading\">Modelo KRD SCF<\/h3>\n\n\n\n<p>Uma v\u00e1lvula de reten\u00e7\u00e3o disco oscilante utiliza um flapper que balan\u00e7a sobre uma dobradi\u00e7a ou eixo.<br>Uma v\u00e1lvula de reten\u00e7\u00e3o oscilante \u00e9 desenhada para evitar que o meio na tubagem fa\u00e7a refluxo.<br>Quando a press\u00e3o atinge zero, a v\u00e1lvula fecha completamente para impedir o refluxo.<br>Algumas aplica\u00e7\u00f5es comuns para v\u00e1lvulas de reten\u00e7\u00e3o de disco oscilante s\u00e3o equipamento de combate a inc\u00eandios, controlo de cheias em sistemas de esgotos, e autoclismo em sanit\u00e1rios.<\/p>\n\n\n\n<h2 class=\"wp-block-heading\">Caracter\u00edsticas<\/h2>\n\n\n\n<ul class=\"wp-block-list\">\n<li>Adequado para uma vasta gama de ind\u00fastria e meios<\/li>\n\n\n\n<li>Pe\u00e7as fundidas de precis\u00e3o e de alta qualidade<\/li>\n\n\n\n<li>Adequado tanto para instala\u00e7\u00e3o horizontal como vertical<\/li>\n\n\n\n<li>Tampa aparafusada; constru\u00e7\u00e3o robusta<\/li>\n\n\n\n<li>EN10204-3.1 Certificado de material dispon\u00edvel<\/li>\n<\/ul>\n\n\n\n<h2 class=\"wp-block-heading\">Normas DIN<\/h2>\n\n\n\n<ul class=\"wp-block-list\">\n<li>Desenho b\u00e1sico de acordo com DIN 3840<\/li>\n\n\n\n<li>Presencial de acordo com DIN 3202-F6<\/li>\n\n\n\n<li>Dimens\u00e3o da flange final de acordo com a norma EN 1092-1<\/li>\n\n\n\n<li>Inspe\u00e7\u00e3o e teste de acordo com API 598 ou EN 12266-1<\/li>\n<\/ul>\n\n\n\n<h2 class=\"wp-block-heading\">Normas ISO CLASS<\/h2>\n\n\n\n<ul class=\"wp-block-list\">\n<li>Desenho b\u00e1sico para API6D<\/li>\n\n\n\n<li>Face-to-Face de acordo com B16.10<\/li>\n\n\n\n<li>Dimens\u00e3o da flange final de acordo com B16.5<\/li>\n\n\n\n<li>Inspe\u00e7\u00e3o e teste de acordo com API 59<\/li>\n<\/ul>\n\n\n\n<h2 class=\"wp-block-heading\">Gama de temperaturas<\/h2>\n\n\n\n<ul class=\"wp-block-list\">\n<li>DIN: Assento met\u00e1lico: -10\u00b0C a 450\u00b0C<\/li>\n\n\n\n<li>ISO CLASS: Assento met\u00e1lico: -29\u00b0C a 450\u00b0C<\/li>\n<\/ul>\n\n\n\n<h2 class=\"wp-block-heading\">Limita\u00e7\u00f5es<\/h2>\n\n\n\n<ul class=\"wp-block-list\">\n<li>Se instalado em posi\u00e7\u00e3o vertical, o sentido do fluxo deve ser no sentido ascendente<\/li>\n\n\n\n<li>Se instalada na posi\u00e7\u00e3o horizontal, a v\u00e1lvula deve ser instalada com a tampa orientada para a parte superior<\/li>\n<\/ul>\n\n\n\n<p>Nota: Para instala\u00e7\u00f5es n\u00e3o-horizontais, por favor assegure-se de consultar-nos separadamente, uma vez que o pedido especial deve ser gerado para assegurar o funcionamento adequado.<\/p>\n<\/div>\n<\/div>\n\n\n\n<h5 class=\"wp-block-heading\"><a href=\"https:\/\/klinger.pt\/wp-content\/uploads\/2023\/04\/Check-Valve_KRD-SCF_Data-Sheet_compressed.pdf\" target=\"_blank\" rel=\"noopener\" title=\"KRD SCF DATA SHEET (EN)\">FICHA T\u00c9CNICA KRD SCF (EN)<\/a><\/h5>\n","protected":false},"excerpt":{"rendered":"<p>V\u00c1LVULA DE RETEN\u00c7\u00c3O DISCO OSCILANTE Modelo KRD SCF Uma v\u00e1lvula de reten\u00e7\u00e3o disco oscilante utiliza um flapper que balan\u00e7a sobre uma dobradi\u00e7a ou eixo.Uma v\u00e1lvula de reten\u00e7\u00e3o oscilante \u00e9 desenhada para evitar que o meio na tubagem fa\u00e7a refluxo.Quando a press\u00e3o atinge zero, a v\u00e1lvula fecha completamente para impedir o refluxo.Algumas aplica\u00e7\u00f5es comuns para v\u00e1lvulas [&hellip;]<\/p>\n","protected":false},"author":1,"featured_media":41857,"parent":24003,"menu_order":0,"comment_status":"closed","ping_status":"closed","template":"page-templates\/servicios.php","meta":{"_eb_attr":"","footnotes":""},"class_list":["post-24006","page","type-page","status-publish","has-post-thumbnail","hentry"],"aioseo_notices":[],"_links":{"self":[{"href":"https:\/\/klinger.pt\/es\/wp-json\/wp\/v2\/pages\/24006","targetHints":{"allow":["GET"]}}],"collection":[{"href":"https:\/\/klinger.pt\/es\/wp-json\/wp\/v2\/pages"}],"about":[{"href":"https:\/\/klinger.pt\/es\/wp-json\/wp\/v2\/types\/page"}],"author":[{"embeddable":true,"href":"https:\/\/klinger.pt\/es\/wp-json\/wp\/v2\/users\/1"}],"replies":[{"embeddable":true,"href":"https:\/\/klinger.pt\/es\/wp-json\/wp\/v2\/comments?post=24006"}],"version-history":[{"count":7,"href":"https:\/\/klinger.pt\/es\/wp-json\/wp\/v2\/pages\/24006\/revisions"}],"predecessor-version":[{"id":40689,"href":"https:\/\/klinger.pt\/es\/wp-json\/wp\/v2\/pages\/24006\/revisions\/40689"}],"up":[{"embeddable":true,"href":"https:\/\/klinger.pt\/es\/wp-json\/wp\/v2\/pages\/24003"}],"wp:featuredmedia":[{"embeddable":true,"href":"https:\/\/klinger.pt\/es\/wp-json\/wp\/v2\/media\/41857"}],"wp:attachment":[{"href":"https:\/\/klinger.pt\/es\/wp-json\/wp\/v2\/media?parent=24006"}],"curies":[{"name":"wp","href":"https:\/\/api.w.org\/{rel}","templated":true}]}}