{"id":23864,"date":"2022-08-19T08:50:57","date_gmt":"2022-08-19T07:50:57","guid":{"rendered":"https:\/\/m5j0n6nk9p.onrocket.site\/?page_id=23864"},"modified":"2024-10-02T09:39:26","modified_gmt":"2024-10-02T08:39:26","slug":"modelo-xc-ser-14","status":"publish","type":"page","link":"https:\/\/klinger.pt\/es\/produtos\/valvulas\/valvulas-de-guilhotina\/modelo-xc-ser-14\/","title":{"rendered":"V\u00c1LVULAS GUILHOTINA PARA S\u00d3LIDOS"},"content":{"rendered":"\n<h1 class=\"wp-block-heading\">V\u00c1LVULAS GUILHOTINA PARA S\u00d3LIDOS<\/h1>\n\n\n\n<p>As v\u00e1lvulas de guilhotina s\u00e3o dispositivos mec\u00e2nicos utilizados em processos industriais para controlar o fluxo de fluidos, como l\u00edquidos ou gases.<br>Estas v\u00e1lvulas possuem uma l\u00e2mina em forma de guilhotina posicionada perpendicularmente \u00e0 dire\u00e7\u00e3o do fluxo que pode ser elevada ou descida para controlar o fluxo do meio.<\/p>\n\n\n\n<p>As v\u00e1lvulas guilhotina para s\u00f3lidos s\u00e3o ideais para fluidos com alta concentra\u00e7\u00e3o de s\u00f3lidos. De baixa press\u00e3o e unidirecionais, estas v\u00e1lvulas s\u00e3o utilizadas principalmente na manipula\u00e7\u00e3o de fluidos a granel nas sa\u00eddas dos silos<\/p>\n\n\n\n<div class=\"wp-block-group\"><div class=\"wp-block-group__inner-container is-layout-constrained wp-block-group-is-layout-constrained\">\n<div class=\"wp-block-columns is-layout-flex wp-container-core-columns-is-layout-9d6595d7 wp-block-columns-is-layout-flex\">\n<div class=\"wp-block-column is-layout-flow wp-block-column-is-layout-flow\" style=\"flex-basis:300px\"><div class=\"wp-block-image\">\n<figure class=\"aligncenter size-full\"><img fetchpriority=\"high\" decoding=\"async\" width=\"200\" height=\"483\" src=\"https:\/\/klinger.pt\/wp-content\/uploads\/2023\/04\/BC-pag.webp\" alt=\"V\u00c1LVULAS GUILHOTINA PARA S\u00d3LIDOS\" class=\"wp-image-41047\" srcset=\"https:\/\/klinger.pt\/wp-content\/uploads\/2023\/04\/BC-pag.webp 200w, https:\/\/klinger.pt\/wp-content\/uploads\/2023\/04\/BC-pag-124x300.webp 124w\" sizes=\"(max-width: 200px) 100vw, 200px\" \/><\/figure>\n<\/div><\/div>\n\n\n\n<div class=\"wp-block-column is-layout-flow wp-block-column-is-layout-flow\" style=\"flex-basis:700px\">\n<h2 class=\"wp-block-heading\">Modelo BC<\/h2>\n\n\n\n<p class=\"intro-text\">V\u00e1lvula guilhotina unidirecional mecanosoldada para sa\u00edda de silo e descarga de s\u00f3lidos de boca quadrada.<\/p>\n\n\n\n<p>O modelo BC \u00e9 uma v\u00e1lvula de uso geral a baixas press\u00f5es para flu\u00eddos carregados com s\u00f3lidos em suspens\u00e3o, de aplica\u00e7\u00e3o principal na manipula\u00e7\u00e3o de s\u00f3lidos na sa\u00edda de silos e nos setores:<\/p>\n\n\n\n<ul class=\"wp-block-list\">\n<li>Qu\u00edmico<\/li>\n\n\n\n<li>Tratamento de \u00e1guas<\/li>\n\n\n\n<li>Energ\u00e9tico<\/li>\n\n\n\n<li>Agroalimentar<\/li>\n\n\n\n<li>Explora\u00e7\u00e3o mineira<\/li>\n\n\n\n<li>Etc.<\/li>\n<\/ul>\n\n\n\n<h3 class=\"wp-block-heading\">Dimens\u00f5es:<\/h3>\n\n\n\n<p>De 150 x 150 a 600 x 600 (superiores ou especiais sob consulta)<\/p>\n\n\n\n<h3 class=\"wp-block-heading\">Press\u00f5es:<\/h3>\n\n\n\n<p>De 150 x 150 a 600 x 600: 1 bar<\/p>\n\n\n\n<h3 class=\"wp-block-heading\">Outras flanges (sob consulta):<\/h3>\n\n\n\n<p>Disponibilidade de corpos fundidos para press\u00f5es superiores.<\/p>\n\n\n\n<h5 class=\"wp-block-heading\">\u00bb CONSULTAR <a href=\"https:\/\/klinger.pt\/wp-content\/uploads\/2023\/04\/BC-KNIFE-GATE-VALVE-EN_compressed.pdf\" target=\"_blank\" rel=\"noopener\" title=\"\">FICHA T\u00c9CNICA<\/a> MODELO BC<\/h5>\n<\/div>\n<\/div>\n<\/div><\/div>\n\n\n\n<div class=\"wp-block-group\"><div class=\"wp-block-group__inner-container is-layout-constrained wp-block-group-is-layout-constrained\">\n<div class=\"wp-block-columns is-layout-flex wp-container-core-columns-is-layout-9d6595d7 wp-block-columns-is-layout-flex\">\n<div class=\"wp-block-column is-layout-flow wp-block-column-is-layout-flow\" style=\"flex-basis:300px\"><div class=\"wp-block-image\">\n<figure class=\"aligncenter size-full\"><img decoding=\"async\" width=\"150\" height=\"483\" src=\"https:\/\/klinger.pt\/wp-content\/uploads\/2023\/04\/XC-pag.webp\" alt=\"V\u00c1LVULAS GUILHOTINA PARA S\u00d3LIDOS\" class=\"wp-image-41053\" srcset=\"https:\/\/klinger.pt\/wp-content\/uploads\/2023\/04\/XC-pag.webp 150w, https:\/\/klinger.pt\/wp-content\/uploads\/2023\/04\/XC-pag-93x300.webp 93w\" sizes=\"(max-width: 150px) 100vw, 150px\" \/><\/figure>\n<\/div><\/div>\n\n\n\n<div class=\"wp-block-column is-layout-flow wp-block-column-is-layout-flow\" style=\"flex-basis:700px\">\n<h2 class=\"wp-block-heading\">Modelo XC<\/h2>\n\n\n\n<p class=\"intro-text\">V\u00e1lvula guilhotina unidirecional tipo wafer para sa\u00edda de silo e descarga de s\u00f3lidos com forma c\u00f4nica.<\/p>\n\n\n\n<p>O modelo XC \u00e9 uma v\u00e1lvula desenvolvida para utiliza\u00e7\u00e3o na manipula\u00e7\u00e3o de s\u00f3lidos (granulados, pulverulentos) especialmente desenvolvida com corpo em forma de cone que permite uma f\u00e1cil evacua\u00e7\u00e3o do flu\u00eddo, de aplica\u00e7\u00e3o principal em sa\u00edda de silo e uso em setores como:<\/p>\n\n\n\n<ul class=\"wp-block-list\">\n<li>Energ\u00e9tico<\/li>\n\n\n\n<li>Agroalimentar<\/li>\n\n\n\n<li>Qu\u00edmico<\/li>\n\n\n\n<li>Explora\u00e7\u00e3o mineira<\/li>\n\n\n\n<li>Etc.<\/li>\n<\/ul>\n\n\n\n<p>A v\u00e1lvula \u00e9 normalmente instalada na sa\u00edda de silos ou tremonhas em tubagem vertical com o assento na dire\u00e7\u00e3o da contrapress\u00e3o de forma a proteg\u00ea-la do fluxo de s\u00f3lidos. Este tipo de montagem evita o ac\u00famulo de s\u00f3lidos no corpo da v\u00e1lvula e eventual emperramento da l\u00e2mina, al\u00e9m de proteger a sede contra desgaste prematuro.<\/p>\n\n\n\n<h3 class=\"wp-block-heading\">Dimens\u00f5es:<\/h3>\n\n\n\n<p>DN 50 a DN 600 (DN superiores&nbsp;sob consulta)<\/p>\n\n\n\n<h3 class=\"wp-block-heading\">Press\u00f5es:<\/h3>\n\n\n\n<ul class=\"wp-block-list\">\n<li>DN 50 a 250: 10 bar<\/li>\n\n\n\n<li>DN 300 a 400: 6 bar<\/li>\n\n\n\n<li>DN 450: 5 bar<\/li>\n\n\n\n<li>DN 500 a 600: 4 bar<\/li>\n<\/ul>\n\n\n\n<p>Consulte nosso departamento t\u00e9cnico caso necessite informa\u00e7\u00f5es sobre a estanqueidade da v\u00e1lvula<\/p>\n\n\n\n<h3 class=\"wp-block-heading\">Flanges padr\u00e3o:<\/h3>\n\n\n\n<p>EN1092 PN10<br>ASME B16.5 (classe 150)<br>Outras flanges sob consulta<\/p>\n\n\n\n<h5 class=\"wp-block-heading\">\u00bb CONSULTAR <a href=\"https:\/\/klinger.pt\/wp-content\/uploads\/2023\/04\/XC-KNIFE-GATE-VALVE-EN_compressed.pdf\" target=\"_blank\" rel=\"noopener\" title=\"\">FICHA T\u00c9CNICA<\/a> MODELO XC<\/h5>\n<\/div>\n<\/div>\n<\/div><\/div>\n","protected":false},"excerpt":{"rendered":"<p>V\u00c1LVULAS GUILHOTINA PARA S\u00d3LIDOS As v\u00e1lvulas de guilhotina s\u00e3o dispositivos mec\u00e2nicos utilizados em processos industriais para controlar o fluxo de fluidos, como l\u00edquidos ou gases.Estas v\u00e1lvulas possuem uma l\u00e2mina em forma de guilhotina posicionada perpendicularmente \u00e0 dire\u00e7\u00e3o do fluxo que pode ser elevada ou descida para controlar o fluxo do meio. As v\u00e1lvulas guilhotina para [&hellip;]<\/p>\n","protected":false},"author":1,"featured_media":0,"parent":23804,"menu_order":0,"comment_status":"closed","ping_status":"closed","template":"page-templates\/servicios.php","meta":{"_eb_attr":"","footnotes":""},"class_list":["post-23864","page","type-page","status-publish","hentry"],"aioseo_notices":[],"_links":{"self":[{"href":"https:\/\/klinger.pt\/es\/wp-json\/wp\/v2\/pages\/23864","targetHints":{"allow":["GET"]}}],"collection":[{"href":"https:\/\/klinger.pt\/es\/wp-json\/wp\/v2\/pages"}],"about":[{"href":"https:\/\/klinger.pt\/es\/wp-json\/wp\/v2\/types\/page"}],"author":[{"embeddable":true,"href":"https:\/\/klinger.pt\/es\/wp-json\/wp\/v2\/users\/1"}],"replies":[{"embeddable":true,"href":"https:\/\/klinger.pt\/es\/wp-json\/wp\/v2\/comments?post=23864"}],"version-history":[{"count":6,"href":"https:\/\/klinger.pt\/es\/wp-json\/wp\/v2\/pages\/23864\/revisions"}],"predecessor-version":[{"id":46328,"href":"https:\/\/klinger.pt\/es\/wp-json\/wp\/v2\/pages\/23864\/revisions\/46328"}],"up":[{"embeddable":true,"href":"https:\/\/klinger.pt\/es\/wp-json\/wp\/v2\/pages\/23804"}],"wp:attachment":[{"href":"https:\/\/klinger.pt\/es\/wp-json\/wp\/v2\/media?parent=23864"}],"curies":[{"name":"wp","href":"https:\/\/api.w.org\/{rel}","templated":true}]}}