{"id":23859,"date":"2022-08-19T08:49:02","date_gmt":"2022-08-19T07:49:02","guid":{"rendered":"https:\/\/m5j0n6nk9p.onrocket.site\/?page_id=23859"},"modified":"2024-10-02T09:38:20","modified_gmt":"2024-10-02T08:38:20","slug":"modelo-wg-ser-65","status":"publish","type":"page","link":"https:\/\/klinger.pt\/es\/produtos\/valvulas\/valvulas-de-guilhotina\/modelo-wg-ser-65\/","title":{"rendered":"V\u00c1LVULAS GUILHOTINA PARA FLUIDOS ABRASIVOS"},"content":{"rendered":"\n<h1 class=\"wp-block-heading\">V\u00c1LVULAS GUILHOTINA PARA FLUIDOS ABRASIVOS<\/h1>\n\n\n\n<p>As v\u00e1lvulas de guilhotina s\u00e3o dispositivos mec\u00e2nicos utilizados em processos industriais para controlar o fluxo de fluidos, como l\u00edquidos ou gases.<br>Estas v\u00e1lvulas possuem uma l\u00e2mina em forma de guilhotina posicionada perpendicularmente \u00e0 dire\u00e7\u00e3o do fluxo que pode ser elevada ou descida para controlar o fluxo do meio.<\/p>\n\n\n\n<p>As v\u00e1lvulas guilhotina para fluidos abrasivos cont\u00e9m revestimento em borracha, adequado para aplica\u00e7\u00f5es severas nos mais diversos processos industriais, principalmente em processos de explora\u00e7\u00e3o mineira, energia, qu\u00edmicos e de tratamento de \u00c1gua e efluentes.<\/p>\n\n\n\n<div class=\"wp-block-group\"><div class=\"wp-block-group__inner-container is-layout-constrained wp-block-group-is-layout-constrained\">\n<div class=\"wp-block-columns is-layout-flex wp-container-core-columns-is-layout-9d6595d7 wp-block-columns-is-layout-flex\">\n<div class=\"wp-block-column is-layout-flow wp-block-column-is-layout-flow\" style=\"flex-basis:300px\"><div class=\"wp-block-image\">\n<figure class=\"aligncenter size-full\"><img fetchpriority=\"high\" decoding=\"async\" width=\"150\" height=\"483\" src=\"https:\/\/klinger.pt\/wp-content\/uploads\/2023\/04\/VG-pag.webp\" alt=\"V\u00c1LVULAS GUILHOTINA PARA FLUIDOS ABRASIVOS\" class=\"wp-image-40987\" srcset=\"https:\/\/klinger.pt\/wp-content\/uploads\/2023\/04\/VG-pag.webp 150w, https:\/\/klinger.pt\/wp-content\/uploads\/2023\/04\/VG-pag-93x300.webp 93w\" sizes=\"(max-width: 150px) 100vw, 150px\" \/><\/figure>\n<\/div><\/div>\n\n\n\n<div class=\"wp-block-column is-layout-flow wp-block-column-is-layout-flow\" style=\"flex-basis:700px\">\n<h2 class=\"wp-block-heading\">Modelo VG<\/h2>\n\n\n\n<p class=\"intro-text\">V\u00e1lvula guilhotina para pasta abrasiva bidirecional tipo wafer com mangas em elast\u00f4mero.<\/p>\n\n\n\n<p>O modelo VG \u00e9 uma v\u00e1lvula equipada com duas sedes em borracha com alma met\u00e1lica desenvolvida para utiliza\u00e7\u00e3o em fluidos abrasivos (caulim, lodos) de aplica\u00e7\u00e3o principal nos setores:<\/p>\n\n\n\n<ul class=\"wp-block-list\">\n<li>Explora\u00e7\u00e3o mineira<\/li>\n\n\n\n<li>Energ\u00e9tico<\/li>\n\n\n\n<li>Qu\u00edmico<\/li>\n\n\n\n<li>Tratamento de \u00e1guas<\/li>\n\n\n\n<li>etc.<\/li>\n<\/ul>\n\n\n\n<h3 class=\"wp-block-heading\">Dimens\u00f5es:<\/h3>\n\n\n\n<p>DN 50 a DN 900 (DN superiores&nbsp;sob consulta)<\/p>\n\n\n\n<h3 class=\"wp-block-heading\">Press\u00f5es:<\/h3>\n\n\n\n<ul class=\"wp-block-list\">\n<li>DN 50 a DN 400: 10 bar<\/li>\n\n\n\n<li>DN 450 a DN 600: 6 bar ou 10 bar<\/li>\n\n\n\n<li>DN 700 a DN 900: 5 bar<\/li>\n<\/ul>\n\n\n\n<p>Nota: Tamanhos ou press\u00f5es maiores sob consulta<\/p>\n\n\n\n<h3 class=\"wp-block-heading\">Flanges padr\u00e3o:<\/h3>\n\n\n\n<p>EN1092 PN10&nbsp;<br>ASME B16.5 (classe 150)<br>Outras&nbsp;sob consulta.<\/p>\n\n\n\n<p><\/p>\n\n\n\n<h5 class=\"wp-block-heading\">\u00bb CONSULTAR <a href=\"https:\/\/klinger.pt\/wp-content\/uploads\/2023\/04\/VG-VALVULA-GUILHOTINA-PT_compressed.pdf\" target=\"_blank\" rel=\"noopener\" title=\"\">FICHA T\u00c9CNICA<\/a> MODELO VG <\/h5>\n<\/div>\n<\/div>\n<\/div><\/div>\n\n\n\n<div class=\"wp-block-group\"><div class=\"wp-block-group__inner-container is-layout-constrained wp-block-group-is-layout-constrained\">\n<div class=\"wp-block-columns is-layout-flex wp-container-core-columns-is-layout-9d6595d7 wp-block-columns-is-layout-flex\">\n<div class=\"wp-block-column is-layout-flow wp-block-column-is-layout-flow\" style=\"flex-basis:300px\"><div class=\"wp-block-image\">\n<figure class=\"aligncenter size-full\"><img decoding=\"async\" width=\"200\" height=\"483\" src=\"https:\/\/klinger.pt\/wp-content\/uploads\/2023\/04\/WG-pag.webp\" alt=\"V\u00c1LVULAS GUILHOTINA PARA FLUIDOS ABRASIVOS\" class=\"wp-image-40991\" srcset=\"https:\/\/klinger.pt\/wp-content\/uploads\/2023\/04\/WG-pag.webp 200w, https:\/\/klinger.pt\/wp-content\/uploads\/2023\/04\/WG-pag-124x300.webp 124w\" sizes=\"(max-width: 200px) 100vw, 200px\" \/><\/figure>\n<\/div><\/div>\n\n\n\n<div class=\"wp-block-column is-layout-flow wp-block-column-is-layout-flow\" style=\"flex-basis:700px\">\n<h2 class=\"wp-block-heading\">Modelo WG<\/h2>\n\n\n\n<p class=\"intro-text\">V\u00e1lvula guilhotina para pasta abrasiva bidirecional flangeada e face a face larga de servi\u00e7o severo com mangas de elast\u00f4mero.<\/p>\n\n\n\n<p>O modelo WG \u00e9 uma v\u00e1lvula flangeada bidireccional equipada com duas mangas de borracha com n\u00facleo met\u00e1lico desenvolvida para utiliza\u00e7\u00e3o em fluidos abrasivos (lamas) utilizada principalmente nos sectores:<\/p>\n\n\n\n<ul class=\"wp-block-list\">\n<li>Explora\u00e7\u00e3o mineira<\/li>\n\n\n\n<li>Energ\u00e9tico<\/li>\n\n\n\n<li>Qu\u00edmico<\/li>\n\n\n\n<li>Tratamento de \u00e1guas<\/li>\n\n\n\n<li>etc.<\/li>\n<\/ul>\n\n\n\n<h3 class=\"wp-block-heading\">Dimens\u00f5es:<\/h3>\n\n\n\n<p>DN 80mm\/3&#8243; a DN 900mm\/36&#8243;&nbsp; (DN superiores&nbsp;sob consulta)<\/p>\n\n\n\n<h3 class=\"wp-block-heading\">Press\u00f5es:<\/h3>\n\n\n\n<ul class=\"wp-block-list\">\n<li>DN 80mm\/3&#8243; a DN 400mm\/16&#8243;: 10 bar (150 psi)<\/li>\n\n\n\n<li>DN 450mm\/18&#8243; a DN 600mm\/24&#8243;: 6 bar (90 psi)&nbsp;o 10 bar(150 psi)<\/li>\n\n\n\n<li>DN 750mm\/30&#8243;: 5 bar (75 psi)&nbsp;o 10 bar (150 psi)<\/li>\n\n\n\n<li>DN 900mm\/36&#8243;: 5 bar (75 psi)&nbsp;o 10 bar (150 psi)<\/li>\n<\/ul>\n\n\n\n<p>Nota: Tamanhos ou press\u00f5es maiores a pedido.<\/p>\n\n\n\n<h3 class=\"wp-block-heading\">Flanges padr\u00e3o:<\/h3>\n\n\n\n<p>DIN&nbsp;PN10<br>ASME B16.5 (classe 150)<br>Outras&nbsp;sob consulta<\/p>\n\n\n\n<h5 class=\"wp-block-heading\">\u00bb CONSULTAR <a href=\"https:\/\/klinger.pt\/wp-content\/uploads\/2023\/04\/WG-VALVULA-GUILHOTINA-PT_compressed.pdf\" target=\"_blank\" rel=\"noopener\" title=\"\">FICHA T\u00c9CNICA<\/a> MODELO WG <\/h5>\n<\/div>\n<\/div>\n<\/div><\/div>\n\n\n\n<div class=\"wp-block-group\"><div class=\"wp-block-group__inner-container is-layout-constrained wp-block-group-is-layout-constrained\">\n<div class=\"wp-block-columns is-layout-flex wp-container-core-columns-is-layout-9d6595d7 wp-block-columns-is-layout-flex\">\n<div class=\"wp-block-column is-layout-flow wp-block-column-is-layout-flow\" style=\"flex-basis:300px\"><div class=\"wp-block-image\">\n<figure class=\"aligncenter size-full\"><img decoding=\"async\" width=\"150\" height=\"483\" src=\"https:\/\/klinger.pt\/wp-content\/uploads\/2023\/04\/HG-pag.webp\" alt=\"V\u00c1LVULAS GUILHOTINA PARA FLUIDOS ABRASIVOS\" class=\"wp-image-40979\" srcset=\"https:\/\/klinger.pt\/wp-content\/uploads\/2023\/04\/HG-pag.webp 150w, https:\/\/klinger.pt\/wp-content\/uploads\/2023\/04\/HG-pag-93x300.webp 93w\" sizes=\"(max-width: 150px) 100vw, 150px\" \/><\/figure>\n<\/div><\/div>\n\n\n\n<div class=\"wp-block-column is-layout-flow wp-block-column-is-layout-flow\" style=\"flex-basis:700px\">\n<h2 class=\"wp-block-heading\">Modelo HG<\/h2>\n\n\n\n<p class=\"intro-text\">V\u00e1lvula guilhotina bidirecional flangeada de alta press\u00e3o com mangas em elast\u00f4mero.<\/p>\n\n\n\n<p>O modelo HG \u00e9 uma v\u00e1lvula flangeada bidireccional equipada com duas mangas de borracha com n\u00facleo met\u00e1lico desenvolvida para utiliza\u00e7\u00e3o em l\u00edquidos abrasivos (lamas) utilizados principalmente nos sectores:<\/p>\n\n\n\n<ul class=\"wp-block-list\">\n<li>Explora\u00e7\u00e3o mineira<\/li>\n\n\n\n<li>Energ\u00e9tico<\/li>\n\n\n\n<li>Qu\u00edmico<\/li>\n\n\n\n<li>Tratamento de \u00e1guas<\/li>\n\n\n\n<li>etc.<\/li>\n<\/ul>\n\n\n\n<h3 class=\"wp-block-heading\">Dimens\u00f5es:<\/h3>\n\n\n\n<p>DN 80mm\/3&#8243; a DN 900mm\/36&#8243;&nbsp; (DN superiores&nbsp;sob consulta)<\/p>\n\n\n\n<h3 class=\"wp-block-heading\">Press\u00f5es:<\/h3>\n\n\n\n<p>DN 80mm\/3&#8243; a DN 900mm\/36&#8243;: 20 bar (300 psi)<br>Nota: Tamanhos ou press\u00f5es maiores sob consulta<\/p>\n\n\n\n<h3 class=\"wp-block-heading\">Flanges padr\u00e3o:<\/h3>\n\n\n\n<p>DIN&nbsp;PN25 (EN 1092-2)<br>ASME B16.5 (clase 300)<\/p>\n\n\n\n<h5 class=\"wp-block-heading\">\u00bb CONSULTAR <a href=\"https:\/\/klinger.pt\/wp-content\/uploads\/2023\/04\/HG-KNIFE-GATE-VALVE-EN_compressed.pdf\" target=\"_blank\" rel=\"noopener\" title=\"\">FICHA T\u00c9CNICA<\/a> MODELO HG<\/h5>\n<\/div>\n<\/div>\n<\/div><\/div>\n","protected":false},"excerpt":{"rendered":"<p>V\u00c1LVULAS GUILHOTINA PARA FLUIDOS ABRASIVOS As v\u00e1lvulas de guilhotina s\u00e3o dispositivos mec\u00e2nicos utilizados em processos industriais para controlar o fluxo de fluidos, como l\u00edquidos ou gases.Estas v\u00e1lvulas possuem uma l\u00e2mina em forma de guilhotina posicionada perpendicularmente \u00e0 dire\u00e7\u00e3o do fluxo que pode ser elevada ou descida para controlar o fluxo do meio. As v\u00e1lvulas guilhotina [&hellip;]<\/p>\n","protected":false},"author":1,"featured_media":0,"parent":23804,"menu_order":0,"comment_status":"closed","ping_status":"closed","template":"page-templates\/servicios.php","meta":{"_eb_attr":"","footnotes":""},"class_list":["post-23859","page","type-page","status-publish","hentry"],"aioseo_notices":[],"_links":{"self":[{"href":"https:\/\/klinger.pt\/es\/wp-json\/wp\/v2\/pages\/23859","targetHints":{"allow":["GET"]}}],"collection":[{"href":"https:\/\/klinger.pt\/es\/wp-json\/wp\/v2\/pages"}],"about":[{"href":"https:\/\/klinger.pt\/es\/wp-json\/wp\/v2\/types\/page"}],"author":[{"embeddable":true,"href":"https:\/\/klinger.pt\/es\/wp-json\/wp\/v2\/users\/1"}],"replies":[{"embeddable":true,"href":"https:\/\/klinger.pt\/es\/wp-json\/wp\/v2\/comments?post=23859"}],"version-history":[{"count":12,"href":"https:\/\/klinger.pt\/es\/wp-json\/wp\/v2\/pages\/23859\/revisions"}],"predecessor-version":[{"id":46327,"href":"https:\/\/klinger.pt\/es\/wp-json\/wp\/v2\/pages\/23859\/revisions\/46327"}],"up":[{"embeddable":true,"href":"https:\/\/klinger.pt\/es\/wp-json\/wp\/v2\/pages\/23804"}],"wp:attachment":[{"href":"https:\/\/klinger.pt\/es\/wp-json\/wp\/v2\/media?parent=23859"}],"curies":[{"name":"wp","href":"https:\/\/api.w.org\/{rel}","templated":true}]}}