{"id":23843,"date":"2022-08-19T08:44:17","date_gmt":"2022-08-19T07:44:17","guid":{"rendered":"https:\/\/m5j0n6nk9p.onrocket.site\/?page_id=23843"},"modified":"2024-10-02T09:36:56","modified_gmt":"2024-10-02T08:36:56","slug":"modelo-th","status":"publish","type":"page","link":"https:\/\/klinger.pt\/es\/produtos\/valvulas\/valvulas-de-guilhotina\/modelo-th\/","title":{"rendered":"V\u00c1LVULAS GUILHOTINA PULP &amp; PAPER"},"content":{"rendered":"\n<h1 class=\"wp-block-heading\">V\u00c1LVULAS GUILHOTINA PULP &amp; PAPER<\/h1>\n\n\n\n<p>As v\u00e1lvulas de guilhotina s\u00e3o dispositivos mec\u00e2nicos utilizados em processos industriais para controlar o fluxo de fluidos, como l\u00edquidos ou gases.<br>Estas v\u00e1lvulas possuem uma l\u00e2mina em forma de guilhotina posicionada perpendicularmente \u00e0 dire\u00e7\u00e3o do fluxo que pode ser elevada ou descida para controlar o fluxo do meio. As v\u00e1lvulas de guilhotina Pulp &amp; Paper est\u00e3o desenvolvidas para utiliza\u00e7\u00e3o nas aplica\u00e7\u00f5es mais exigentes, especificamente&nbsp;para a manipula\u00e7\u00e3o de res\u00edduos muito contaminados provenientes principalmente de processos de produ\u00e7\u00e3o de pasta de papel.<\/p>\n\n\n\n<div class=\"wp-block-group\"><div class=\"wp-block-group__inner-container is-layout-constrained wp-block-group-is-layout-constrained\">\n<div class=\"wp-block-columns is-layout-flex wp-container-core-columns-is-layout-9d6595d7 wp-block-columns-is-layout-flex\">\n<div class=\"wp-block-column is-layout-flow wp-block-column-is-layout-flow\" style=\"flex-basis:300px\"><div class=\"wp-block-image\">\n<figure class=\"aligncenter size-full\"><img fetchpriority=\"high\" decoding=\"async\" width=\"150\" height=\"483\" src=\"https:\/\/klinger.pt\/wp-content\/uploads\/2023\/04\/TL-pag.webp\" alt=\"\" class=\"wp-image-41120\" srcset=\"https:\/\/klinger.pt\/wp-content\/uploads\/2023\/04\/TL-pag.webp 150w, https:\/\/klinger.pt\/wp-content\/uploads\/2023\/04\/TL-pag-93x300.webp 93w\" sizes=\"(max-width: 150px) 100vw, 150px\" \/><\/figure>\n<\/div><\/div>\n\n\n\n<div class=\"wp-block-column is-layout-flow wp-block-column-is-layout-flow\" style=\"flex-basis:700px\">\n<h2 class=\"wp-block-heading\">Modelo TL<\/h2>\n\n\n\n<p class=\"intro-text\">V\u00e1lvula guilhotina de faca passante bidirecional tipo wafer para fluidos de alta concentra\u00e7\u00e3o.<\/p>\n\n\n\n<p>O modelo TL \u00e9 uma v\u00e1lvula de v\u00e1lvula de faca passante desenvolvida para atuar sob condi\u00e7\u00f5es dif\u00edceis, em flu\u00eddos carregados com s\u00f3lidos em suspens\u00e3o, com concentra\u00e7\u00f5es de at\u00e9 10%, dotada de dupla veda\u00e7\u00e3o e de aplica\u00e7\u00e3o principal nos setores:<\/p>\n\n\n\n<ul class=\"wp-block-list\">\n<li>Papel e celulose<\/li>\n\n\n\n<li>Tratamento de aguas<\/li>\n\n\n\n<li>Energ\u00e9tico<\/li>\n\n\n\n<li>Qu\u00edmico<\/li>\n\n\n\n<li>etc.<\/li>\n<\/ul>\n\n\n\n<h3 class=\"wp-block-heading\">Dimens\u00f5es:<\/h3>\n\n\n\n<p>DN 50 a DN 1000 (DN superiores&nbsp;sob consulta)<\/p>\n\n\n\n<h3 class=\"wp-block-heading\">Press\u00f5es:<\/h3>\n\n\n\n<ul class=\"wp-block-list\">\n<li>DN 50 a DN 125: 10 bar<\/li>\n\n\n\n<li>DN 150 a DN 250: 8 bar<\/li>\n\n\n\n<li>DN 300 a DN 400: 6 bar<\/li>\n\n\n\n<li>DN 450: 5 bar<\/li>\n\n\n\n<li>DN 500 a DN 600: 4 bar<\/li>\n\n\n\n<li>DN 700 a DN 1000: 2 bar<\/li>\n<\/ul>\n\n\n\n<h3 class=\"wp-block-heading\">Flanges padr\u00e3o:<\/h3>\n\n\n\n<p>EN1092 PN10&nbsp;<br>ASME B16.5 (classe 150)<\/p>\n\n\n\n<h3 class=\"wp-block-heading\"><br>Outras flanges sob consulta:<\/h3>\n\n\n\n<p>EN1092 PN6\/16\/25<br>BS \u201cD\u201d&nbsp;e \u201cE\u201d<br>ASME 125<\/p>\n\n\n\n<h5 class=\"wp-block-heading\">\u00bb CONSULTAR <a href=\"https:\/\/klinger.pt\/wp-content\/uploads\/2023\/04\/ds-tl_en_r5_0_compressed.pdf\" target=\"_blank\" rel=\"noopener\" title=\"\">FICHA T\u00c9CNICA<\/a> MODELO TL<\/h5>\n<\/div>\n<\/div>\n<\/div><\/div>\n\n\n\n<div class=\"wp-block-group\"><div class=\"wp-block-group__inner-container is-layout-constrained wp-block-group-is-layout-constrained\">\n<div class=\"wp-block-columns is-layout-flex wp-container-core-columns-is-layout-9d6595d7 wp-block-columns-is-layout-flex\">\n<div class=\"wp-block-column is-layout-flow wp-block-column-is-layout-flow\" style=\"flex-basis:300px\"><div class=\"wp-block-image\">\n<figure class=\"aligncenter size-full\"><img decoding=\"async\" width=\"100\" height=\"483\" src=\"https:\/\/klinger.pt\/wp-content\/uploads\/2023\/04\/TK-pag.webp\" alt=\"V\u00c1LVULAS GUILHOTINA PULP &amp; PAPER\" class=\"wp-image-41020\" srcset=\"https:\/\/klinger.pt\/wp-content\/uploads\/2023\/04\/TK-pag.webp 100w, https:\/\/klinger.pt\/wp-content\/uploads\/2023\/04\/TK-pag-62x300.webp 62w\" sizes=\"(max-width: 100px) 100vw, 100px\" \/><\/figure>\n<\/div><\/div>\n\n\n\n<div class=\"wp-block-column is-layout-flow wp-block-column-is-layout-flow\" style=\"flex-basis:700px\">\n<h2 class=\"wp-block-heading\">Modelo TK<\/h2>\n\n\n\n<p class=\"intro-text\">V\u00e1lvula guilhotina de l\u00e2mina passante bidirecional tipo wafer de alta performance para fluidos de alta concentra\u00e7\u00e3o<\/p>\n\n\n\n<p>&nbsp;A v\u00e1lvula guilhotina modelo TK \u00e9 uma v\u00e1lvula bidirecional destinada a uso com fluxo de fluidos de alta consist\u00eancia. A constru\u00e7\u00e3o com sede dupla assegura um fecho sem entupimento, quer seja em fluxo normal ou retorno. A v\u00e1lvula \u00e9 usada numa ampla gama de aplica\u00e7\u00f5es severas em ind\u00fastrias tais como:<\/p>\n\n\n\n<ul class=\"wp-block-list\">\n<li>Pasta e papel<\/li>\n\n\n\n<li>Tratamento de \u00e1guas<\/li>\n\n\n\n<li>Energ\u00e9tico&nbsp;<\/li>\n\n\n\n<li>Qu\u00edmico<\/li>\n\n\n\n<li>Etc.<\/li>\n<\/ul>\n\n\n\n<h3 class=\"wp-block-heading\">Dimens\u00f5es:<\/h3>\n\n\n\n<p>DN 50 a DN 900 (DN superiores&nbsp;sob consulta)<\/p>\n\n\n\n<h3 class=\"wp-block-heading\">Press\u00f5es:<\/h3>\n\n\n\n<ul class=\"wp-block-list\">\n<li>DN 50 a DN 250: 10 bar<\/li>\n\n\n\n<li>DN 300 a DN 900: 6 bar<sup>(1)<\/sup><\/li>\n<\/ul>\n\n\n\n<p><sup>(1)<\/sup>8 bar com faca em duplex<\/p>\n\n\n\n<h3 class=\"wp-block-heading\">Flanges padr\u00e3o:<\/h3>\n\n\n\n<p>DIN PN 10<\/p>\n\n\n\n<h3 class=\"wp-block-heading\">Outras&nbsp;flanges sob consulta:<\/h3>\n\n\n\n<p>ASME B16.5 (class 150)<br>DIN PN 6<br>DIN PN 16<br>DIN PN 25<br>BS \u00abD\u00bb&nbsp;e \u00abE\u00bb<\/p>\n\n\n\n<h5 class=\"wp-block-heading\">\u00bb CONSULTAR <a href=\"https:\/\/klinger.pt\/wp-content\/uploads\/2023\/04\/TK-KNIFE-GATE-VALVE-EN_compressed-1.pdf\" target=\"_blank\" rel=\"noopener\" title=\"\">FICHA T\u00c9CNICA<\/a> MODELO TK <\/h5>\n<\/div>\n<\/div>\n<\/div><\/div>\n\n\n\n<div class=\"wp-block-group\"><div class=\"wp-block-group__inner-container is-layout-constrained wp-block-group-is-layout-constrained\">\n<div class=\"wp-block-columns is-layout-flex wp-container-core-columns-is-layout-9d6595d7 wp-block-columns-is-layout-flex\">\n<div class=\"wp-block-column is-layout-flow wp-block-column-is-layout-flow\" style=\"flex-basis:300px\"><div class=\"wp-block-image\">\n<figure class=\"aligncenter size-full\"><img decoding=\"async\" width=\"100\" height=\"483\" src=\"https:\/\/klinger.pt\/wp-content\/uploads\/2023\/04\/TH-pag.webp\" alt=\"V\u00c1LVULAS GUILHOTINA PULP &amp; PAPER\" class=\"wp-image-41016\" srcset=\"https:\/\/klinger.pt\/wp-content\/uploads\/2023\/04\/TH-pag.webp 100w, https:\/\/klinger.pt\/wp-content\/uploads\/2023\/04\/TH-pag-62x300.webp 62w\" sizes=\"(max-width: 100px) 100vw, 100px\" \/><\/figure>\n<\/div><\/div>\n\n\n\n<div class=\"wp-block-column is-layout-flow wp-block-column-is-layout-flow\" style=\"flex-basis:700px\">\n<h2 class=\"wp-block-heading\">Modelo TH<\/h2>\n\n\n\n<p class=\"intro-text\">V\u00e1lvula guilhotina de l\u00e2mina passante bidirecional tipo wafer de alta press\u00e3o para fluidos de alta concentra\u00e7\u00e3o<\/p>\n\n\n\n<p>A v\u00e1lvula guilhotina modelo TH \u00e9 uma v\u00e1lvula bidirecional destinada para uso com fluxo de fluidos de elevada consist\u00eancia. A constru\u00e7\u00e3o com sede dupla assegura um fecho sem entupimento, quer seja em fluxo normal ou retorno. A v\u00e1lvula \u00e9 usada numa ampla gama de aplica\u00e7\u00f5es severas em ind\u00fastrias tais como:<\/p>\n\n\n\n<ul class=\"wp-block-list\">\n<li>Papel<\/li>\n\n\n\n<li>Tratamento de \u00e1guas<\/li>\n\n\n\n<li>Energ\u00e9tico<\/li>\n\n\n\n<li>Qu\u00edmico<\/li>\n\n\n\n<li>Etc.<\/li>\n<\/ul>\n\n\n\n<h3 class=\"wp-block-heading\">Dimens\u00f5es:<\/h3>\n\n\n\n<p>DN 300 a DN 1000 (DN superiores&nbsp;sob consulta)<\/p>\n\n\n\n<h3 class=\"wp-block-heading\">Press\u00f5es:<\/h3>\n\n\n\n<ul class=\"wp-block-list\">\n<li>DN 300 a DN 800: 10 bar<\/li>\n\n\n\n<li>DN 900 a DN 1000: 6 bar<\/li>\n<\/ul>\n\n\n\n<h3 class=\"wp-block-heading\">Flanges padr\u00e3o:<\/h3>\n\n\n\n<p>DIN PN10<\/p>\n\n\n\n<h3 class=\"wp-block-heading\">Outras&nbsp;flanges sob consulta:<\/h3>\n\n\n\n<p>ASME B16.5 (classe 150) DIN PN6 DIN PN16<\/p>\n\n\n\n<h5 class=\"wp-block-heading\">\u00bb CONSULTAR <a href=\"https:\/\/klinger.pt\/wp-content\/uploads\/2023\/04\/TH-KNIFE-GATE-VALVE-EN_compressed-1.pdf\" target=\"_blank\" rel=\"noopener\" title=\"\">FICHA T\u00c9CNICA<\/a> MODELO TH<\/h5>\n<\/div>\n<\/div>\n<\/div><\/div>\n\n\n\n<div class=\"wp-block-group\"><div class=\"wp-block-group__inner-container is-layout-constrained wp-block-group-is-layout-constrained\">\n<div class=\"wp-block-columns is-layout-flex wp-container-core-columns-is-layout-9d6595d7 wp-block-columns-is-layout-flex\">\n<div class=\"wp-block-column is-layout-flow wp-block-column-is-layout-flow\" style=\"flex-basis:300px\"><div class=\"wp-block-image\">\n<figure class=\"aligncenter size-full\"><img loading=\"lazy\" decoding=\"async\" width=\"125\" height=\"483\" src=\"https:\/\/klinger.pt\/wp-content\/uploads\/2023\/04\/DT-pag.webp\" alt=\"V\u00c1LVULAS GUILHOTINA PULP &amp; PAPER\" class=\"wp-image-41012\" srcset=\"https:\/\/klinger.pt\/wp-content\/uploads\/2023\/04\/DT-pag.webp 125w, https:\/\/klinger.pt\/wp-content\/uploads\/2023\/04\/DT-pag-78x300.webp 78w\" sizes=\"(max-width: 125px) 100vw, 125px\" \/><\/figure>\n<\/div><\/div>\n\n\n\n<div class=\"wp-block-column is-layout-flow wp-block-column-is-layout-flow\" style=\"flex-basis:700px\">\n<h2 class=\"wp-block-heading\">Modelo DT<\/h2>\n\n\n\n<p class=\"intro-text\">V\u00e1lvula guilhotina de dupla faca bidirecional tipo wafer para fluidos de altas concentra\u00e7\u00f5es.<\/p>\n\n\n\n<p>O modelo DT \u00e9 uma v\u00e1lvula desenvolvida para utiliza\u00e7\u00e3o nas aplica\u00e7\u00f5es mais exigentes, especialmente para a manipula\u00e7\u00e3o de flu\u00eddos com alta&nbsp;concentra\u00e7\u00e3o ou muito contaminados, de aplica\u00e7\u00e3o principal na ind\u00fastria de papel (papel reciclado).<\/p>\n\n\n\n<p>De passagem total e com an\u00e9is refor\u00e7ados, tem duas facas opostas que se juntam ao centro da boca. De utiliza\u00e7\u00e3o bidirecional, tem grande rapidez de abertura e fecho. Esta v\u00e1lvula \u00e9 adequada para altas concentra\u00e7\u00f5es de pasta ou manipula\u00e7\u00e3o de res\u00edduos de pulpers e  depuradores.<\/p>\n\n\n\n<p>Todos os componentes sujeitos a desgaste s\u00e3o facilmente substitu\u00edveis.<\/p>\n\n\n\n<h3 class=\"wp-block-heading\">Dimens\u00f5es:<\/h3>\n\n\n\n<p>DN 100 a DN 600 (DN superiores&nbsp;sob consulta)<\/p>\n\n\n\n<h3 class=\"wp-block-heading\">Press\u00f5es:<\/h3>\n\n\n\n<ul class=\"wp-block-list\">\n<li>DN 100 a DN 250: 10 bar<\/li>\n\n\n\n<li>DN 300 a DN 400: 6 bar<\/li>\n\n\n\n<li>DN 450: 5 bar<\/li>\n\n\n\n<li>DN 500 a DN 600: 4 bar<\/li>\n<\/ul>\n\n\n\n<h3 class=\"wp-block-heading\">Flanges padr\u00e3o:<\/h3>\n\n\n\n<p>EN1092 PN10&nbsp;<br>ASME B16.5 (classe 150)<\/p>\n\n\n\n<h5 class=\"wp-block-heading\">\u00bb CONSULTAR <a href=\"https:\/\/klinger.pt\/wp-content\/uploads\/2023\/04\/DT-KNIFE-GATE-VALVE-EN_compressed-1.pdf\" target=\"_blank\" rel=\"noopener\" title=\"\">FICHA T\u00c9CNICA<\/a> MODELO DT<\/h5>\n<\/div>\n<\/div>\n<\/div><\/div>\n\n\n\n<div class=\"wp-block-group\"><div class=\"wp-block-group__inner-container is-layout-constrained wp-block-group-is-layout-constrained\">\n<div class=\"wp-block-columns is-layout-flex wp-container-core-columns-is-layout-9d6595d7 wp-block-columns-is-layout-flex\">\n<div class=\"wp-block-column is-layout-flow wp-block-column-is-layout-flow\" style=\"flex-basis:300px\"><div class=\"wp-block-image\">\n<figure class=\"aligncenter size-full\"><img loading=\"lazy\" decoding=\"async\" width=\"150\" height=\"483\" src=\"https:\/\/klinger.pt\/wp-content\/uploads\/2023\/04\/CR-pag.webp\" alt=\"V\u00c1LVULAS GUILHOTINA PULP &amp; PAPER\" class=\"wp-image-41008\" srcset=\"https:\/\/klinger.pt\/wp-content\/uploads\/2023\/04\/CR-pag.webp 150w, https:\/\/klinger.pt\/wp-content\/uploads\/2023\/04\/CR-pag-93x300.webp 93w\" sizes=\"(max-width: 150px) 100vw, 150px\" \/><\/figure>\n<\/div><\/div>\n\n\n\n<div class=\"wp-block-column is-layout-flow wp-block-column-is-layout-flow\" style=\"flex-basis:700px\">\n<h2 class=\"wp-block-heading\">Modelo CR<\/h2>\n\n\n\n<p class=\"intro-text\">V\u00e1lvula guilhotina unidirecional tipo wafer de boca redonda e quadrada<\/p>\n\n\n\n<p>O modelo CR \u00e9 uma v\u00e1lvula de grande robustez, desenvolvida para  utiliza\u00e7\u00e3o nas aplica\u00e7\u00f5es mais exigentes, especificamente&nbsp;para a manipula\u00e7\u00e3o de res\u00edduos muito contaminados provenientes principalmente de processos de produ\u00e7\u00e3o de pasta de papel.<\/p>\n\n\n\n<p>Com boca de entrada redonda e sa\u00edda quadrada (de maior tamanho que a entrada) e deslizantes na parte interna, evita-se qualquer obstru\u00e7\u00e3o, sendo a v\u00e1lvula adequada para rejei\u00e7\u00f5es de pulpers, depuradores ou como sa\u00edda de silo para s\u00f3lidos.<\/p>\n\n\n\n<h3 class=\"wp-block-heading\">Dimens\u00f5es:<\/h3>\n\n\n\n<p>DN 100 a DN 600 (DN superiores sob&nbsp;consulta)<\/p>\n\n\n\n<h3 class=\"wp-block-heading\">Press\u00f5es:<\/h3>\n\n\n\n<p>DN 100 a DN 400: 7 bar<br>DN 500 a DN 600: 4 bar<\/p>\n\n\n\n<h3 class=\"wp-block-heading\">Flanges padr\u00e3o:<\/h3>\n\n\n\n<p>EN1092 PN10<br>ASME B16.5 (classe 150)<br>Outras flanges sob consulta<\/p>\n\n\n\n<h3 class=\"wp-block-heading\">Op\u00e7\u00e3o:<\/h3>\n\n\n\n<p>Para a face quadrada foi desenvolvida uma pe\u00e7a que serve de transi\u00e7\u00e3o at\u00e9 se\u00e7\u00e3o circular.<\/p>\n\n\n\n<h5 class=\"wp-block-heading\">\u00bb CONSULTAR <a href=\"https:\/\/klinger.pt\/wp-content\/uploads\/2023\/04\/CR-KNIFE-GATE-VALVE-EN_compressed-1.pdf\" target=\"_blank\" rel=\"noopener\" title=\"\">FICHA T\u00c9CNICA<\/a> MODELO CR<\/h5>\n<\/div>\n<\/div>\n<\/div><\/div>\n","protected":false},"excerpt":{"rendered":"<p>V\u00c1LVULAS GUILHOTINA PULP &amp; PAPER As v\u00e1lvulas de guilhotina s\u00e3o dispositivos mec\u00e2nicos utilizados em processos industriais para controlar o fluxo de fluidos, como l\u00edquidos ou gases.Estas v\u00e1lvulas possuem uma l\u00e2mina em forma de guilhotina posicionada perpendicularmente \u00e0 dire\u00e7\u00e3o do fluxo que pode ser elevada ou descida para controlar o fluxo do meio. As v\u00e1lvulas de [&hellip;]<\/p>\n","protected":false},"author":1,"featured_media":0,"parent":23804,"menu_order":0,"comment_status":"closed","ping_status":"closed","template":"page-templates\/servicios.php","meta":{"_eb_attr":"","footnotes":""},"class_list":["post-23843","page","type-page","status-publish","hentry"],"aioseo_notices":[],"_links":{"self":[{"href":"https:\/\/klinger.pt\/es\/wp-json\/wp\/v2\/pages\/23843","targetHints":{"allow":["GET"]}}],"collection":[{"href":"https:\/\/klinger.pt\/es\/wp-json\/wp\/v2\/pages"}],"about":[{"href":"https:\/\/klinger.pt\/es\/wp-json\/wp\/v2\/types\/page"}],"author":[{"embeddable":true,"href":"https:\/\/klinger.pt\/es\/wp-json\/wp\/v2\/users\/1"}],"replies":[{"embeddable":true,"href":"https:\/\/klinger.pt\/es\/wp-json\/wp\/v2\/comments?post=23843"}],"version-history":[{"count":14,"href":"https:\/\/klinger.pt\/es\/wp-json\/wp\/v2\/pages\/23843\/revisions"}],"predecessor-version":[{"id":46325,"href":"https:\/\/klinger.pt\/es\/wp-json\/wp\/v2\/pages\/23843\/revisions\/46325"}],"up":[{"embeddable":true,"href":"https:\/\/klinger.pt\/es\/wp-json\/wp\/v2\/pages\/23804"}],"wp:attachment":[{"href":"https:\/\/klinger.pt\/es\/wp-json\/wp\/v2\/media?parent=23843"}],"curies":[{"name":"wp","href":"https:\/\/api.w.org\/{rel}","templated":true}]}}