{"id":23832,"date":"2022-08-19T08:37:16","date_gmt":"2022-08-19T07:37:16","guid":{"rendered":"https:\/\/m5j0n6nk9p.onrocket.site\/?page_id=23832"},"modified":"2024-10-02T09:34:23","modified_gmt":"2024-10-02T08:34:23","slug":"modelo-br","status":"publish","type":"page","link":"https:\/\/klinger.pt\/es\/produtos\/valvulas\/valvulas-de-guilhotina\/modelo-br\/","title":{"rendered":"V\u00c1LVULAS GUILHOTINA BIDIRECIONAIS"},"content":{"rendered":"\n<h1 class=\"wp-block-heading\">V\u00c1LVULAS GUILHOTINA BIDIRECIONAIS<\/h1>\n\n\n\n<p>As v\u00e1lvulas de guilhotina bidirecionais s\u00e3o dispositivos mec\u00e2nicos utilizados em processos industriais para controlar o fluxo de fluidos, como l\u00edquidos ou gases.<br>Estas v\u00e1lvulas possuem uma l\u00e2mina em forma de guilhotina posicionada perpendicularmente \u00e0 dire\u00e7\u00e3o do fluxo e pode ser elevada ou descida para controlar o fluxo do meio.<\/p>\n\n\n\n<p>As v\u00e1lvulas guilhotina bidirecionais s\u00e3o comumente usadas em aplica\u00e7\u00f5es industriais para controle de fluxo de l\u00edquidos e s\u00f3lidos, como \u00e1gua, esgoto, lodos, pasta de papel, produtos qu\u00edmicos e alimentares.<\/p>\n\n\n\n<p>Estas v\u00e1lvulas podem ser operadas manualmente, hidraulicamente ou de forma pneum\u00e1tica, podendo ser projetadas para servi\u00e7os com altas temperaturas e press\u00f5es.<\/p>\n\n\n\n<p>As v\u00e1lvulas guilhotina bidirecionais s\u00e3o especialmente \u00fateis em aplica\u00e7\u00f5es onde o fluxo de fluido \u00e9 irregular ou precisa ser interrompido completamente em ambas as dire\u00e7\u00f5es, como em sistemas de tratamento de \u00e1gua e esgotos, processos de fabrico alimentares e de bebidas e sistemas de transporte de materiais a granel.<\/p>\n\n\n\n<div class=\"wp-block-group\"><div class=\"wp-block-group__inner-container is-layout-constrained wp-block-group-is-layout-constrained\">\n<div class=\"wp-block-columns is-layout-flex wp-container-core-columns-is-layout-9d6595d7 wp-block-columns-is-layout-flex\">\n<div class=\"wp-block-column is-layout-flow wp-block-column-is-layout-flow\" style=\"flex-basis:300px\"><div class=\"wp-block-image\">\n<figure class=\"aligncenter size-full\"><img fetchpriority=\"high\" decoding=\"async\" width=\"150\" height=\"483\" src=\"https:\/\/klinger.pt\/wp-content\/uploads\/2023\/04\/EB-pag.webp\" alt=\"V\u00c1LVULAS GUILHOTINA BIDIRECIONAIS\" class=\"wp-image-40964\" srcset=\"https:\/\/klinger.pt\/wp-content\/uploads\/2023\/04\/EB-pag.webp 150w, https:\/\/klinger.pt\/wp-content\/uploads\/2023\/04\/EB-pag-93x300.webp 93w\" sizes=\"(max-width: 150px) 100vw, 150px\" \/><\/figure>\n<\/div><\/div>\n\n\n\n<div class=\"wp-block-column is-layout-flow wp-block-column-is-layout-flow\" style=\"flex-basis:700px\">\n<h2 class=\"wp-block-heading\">Modelo EB<\/h2>\n\n\n\n<p class=\"intro-text\">V\u00e1lvula guilhotina bidirecional tipo wafer de uso geral.<\/p>\n\n\n\n<p>O modelo EB \u00e9 uma v\u00e1lvula bidirecional de uso geral para flu\u00eddos carregados com s\u00f3lidos em suspens\u00e3o, de aplica\u00e7\u00e3o principal nos setores:<\/p>\n\n\n\n<ul class=\"wp-block-list\">\n<li>Tratamento de \u00e1guas<\/li>\n\n\n\n<li>Agroalimentar<\/li>\n\n\n\n<li>Qu\u00edmico<\/li>\n\n\n\n<li>etc.<\/li>\n<\/ul>\n\n\n\n<p>Equipada de an\u00e9is de EPDM em ambos os lados e assento de elast\u00f3mero encaixado no corpo.<\/p>\n\n\n\n<h3 class=\"wp-block-heading\">Dimens\u00f5es:<\/h3>\n\n\n\n<p>DN 50 a DN 1200 (DN superiores&nbsp;sob consulta)<\/p>\n\n\n\n<h3 class=\"wp-block-heading\">Press\u00f5es:<\/h3>\n\n\n\n<ul class=\"wp-block-list\">\n<li>DN 50 a DN 125: 16 bar<\/li>\n\n\n\n<li>DN 150 a DN 250: 10 bar<\/li>\n\n\n\n<li>DN 300 a DN 400: 6 bar<\/li>\n\n\n\n<li>DN 450: 5 bar<\/li>\n\n\n\n<li>DN 500 a DN 600: 4 bar<\/li>\n\n\n\n<li>DN 700 a DN 1200: 2 bar<\/li>\n<\/ul>\n\n\n\n<h3 class=\"wp-block-heading\">Flanges padr\u00e3o:<\/h3>\n\n\n\n<p>EN1092 PN10<\/p>\n\n\n\n<h3 class=\"wp-block-heading\">Outras flanges (sob consulta):<\/h3>\n\n\n\n<p>Face a face s\/EN558-1 s\u00e9rie20 (DIN3202 K1) at\u00e9 DN 500<\/p>\n\n\n\n<h5 class=\"wp-block-heading\">\u00bb CONSULTAR <a href=\"https:\/\/klinger.pt\/wp-content\/uploads\/2023\/04\/EB-VALVULA-DE-GUILHOTINA-PT_compressed.pdf\" target=\"_blank\" rel=\"noopener\" title=\"\">FICHA T\u00c9CNICA<\/a> MODELO EB<\/h5>\n<\/div>\n<\/div>\n<\/div><\/div>\n\n\n\n<div class=\"wp-block-group\"><div class=\"wp-block-group__inner-container is-layout-constrained wp-block-group-is-layout-constrained\">\n<div class=\"wp-block-columns is-layout-flex wp-container-core-columns-is-layout-9d6595d7 wp-block-columns-is-layout-flex\">\n<div class=\"wp-block-column is-layout-flow wp-block-column-is-layout-flow\" style=\"flex-basis:300px\"><div class=\"wp-block-image\">\n<figure class=\"aligncenter size-full\"><img decoding=\"async\" width=\"150\" height=\"483\" src=\"https:\/\/klinger.pt\/wp-content\/uploads\/2023\/04\/HB-pag.webp\" alt=\"V\u00c1LVULAS GUILHOTINA BIDIRECIONAIS\" class=\"wp-image-40970\" srcset=\"https:\/\/klinger.pt\/wp-content\/uploads\/2023\/04\/HB-pag.webp 150w, https:\/\/klinger.pt\/wp-content\/uploads\/2023\/04\/HB-pag-93x300.webp 93w\" sizes=\"(max-width: 150px) 100vw, 150px\" \/><\/figure>\n<\/div><\/div>\n\n\n\n<div class=\"wp-block-column is-layout-flow wp-block-column-is-layout-flow\" style=\"flex-basis:700px\">\n<h2 class=\"wp-block-heading\">Modelo HB<\/h2>\n\n\n\n<p class=\"intro-text\">V\u00e1lvula guilhotina bidirecional tipo wafer de alta press\u00e3o de uso geral.<\/p>\n\n\n\n<p>O modelo HB \u00e9 uma v\u00e1lvula bidirecional de uso geral para flu\u00eddos carregados com s\u00f3lidos em suspens\u00e3o, de aplica\u00e7\u00e3o principal nos setores:<\/p>\n\n\n\n<ul class=\"wp-block-list\">\n<li>Tratamento de \u00e1guas<\/li>\n\n\n\n<li>Agroalimentar<\/li>\n\n\n\n<li>Qu\u00edmico<\/li>\n\n\n\n<li>Etc.<\/li>\n<\/ul>\n\n\n\n<h3 class=\"wp-block-heading\">Dimens\u00f5es:<\/h3>\n\n\n\n<p>DN 80 a DN 600 (DN superiores sob&nbsp;consulta)<\/p>\n\n\n\n<h3 class=\"wp-block-heading\">Press\u00f5es:<\/h3>\n\n\n\n<p>DN 80 a DN 600: 16 \/ 20 bar<\/p>\n\n\n\n<h3 class=\"wp-block-heading\">Flanges padr\u00e3o:<\/h3>\n\n\n\n<p>EN 1092 PN 16 e ASME B16.5 (classe 150)<br>Outras flanges sob consulta<\/p>\n\n\n\n<h3 class=\"wp-block-heading\">Intervalos:<\/h3>\n\n\n\n<p>s\/EN558-1 s\u00e9rie20 (DIN3202 K1)<\/p>\n\n\n\n<h5 class=\"wp-block-heading\">\u00bb CONSULTAR <a href=\"https:\/\/klinger.pt\/wp-content\/uploads\/2023\/04\/HB-VALVULA-GUILHOTINA-PT_compressed.pdf\" target=\"_blank\" rel=\"noopener\" title=\"\">FICHA T\u00c9CNICA<\/a> MODELO HB<\/h5>\n<\/div>\n<\/div>\n<\/div><\/div>\n\n\n\n<div class=\"wp-block-group\"><div class=\"wp-block-group__inner-container is-layout-constrained wp-block-group-is-layout-constrained\">\n<div class=\"wp-block-columns is-layout-flex wp-container-core-columns-is-layout-9d6595d7 wp-block-columns-is-layout-flex\">\n<div class=\"wp-block-column is-layout-flow wp-block-column-is-layout-flow\" style=\"flex-basis:300px\"><div class=\"wp-block-image\">\n<figure class=\"aligncenter size-full\"><img decoding=\"async\" width=\"200\" height=\"483\" src=\"https:\/\/klinger.pt\/wp-content\/uploads\/2023\/04\/BR-pag.webp\" alt=\"V\u00c1LVULAS GUILHOTINA BIDIRECIONAIS\" class=\"wp-image-40952\" srcset=\"https:\/\/klinger.pt\/wp-content\/uploads\/2023\/04\/BR-pag.webp 200w, https:\/\/klinger.pt\/wp-content\/uploads\/2023\/04\/BR-pag-124x300.webp 124w\" sizes=\"(max-width: 200px) 100vw, 200px\" \/><\/figure>\n<\/div><\/div>\n\n\n\n<div class=\"wp-block-column is-layout-flow wp-block-column-is-layout-flow\" style=\"flex-basis:700px\">\n<h2 class=\"wp-block-heading\">Modelo BR<\/h2>\n\n\n\n<p class=\"intro-text\">V\u00e1lvula guilhotina bidirecional tipo wafer anel inox de uso geral.<\/p>\n\n\n\n<p>O modelo BR \u00e9 uma v\u00e1lvula bidirecional de uso geral para flu\u00eddos carregados com s\u00f3lidos em suspens\u00e3o, de aplica\u00e7\u00e3o principal nos setores:<\/p>\n\n\n\n<ul class=\"wp-block-list\">\n<li>Papel<\/li>\n\n\n\n<li>Tratamento de \u00e1guas<\/li>\n\n\n\n<li>Agroalimentar<\/li>\n\n\n\n<li>Energ\u00e9tico<\/li>\n\n\n\n<li>Explora\u00e7\u00e3o mineira<\/li>\n\n\n\n<li>Qu\u00edmico<\/li>\n\n\n\n<li>etc.<\/li>\n<\/ul>\n\n\n\n<h3 class=\"wp-block-heading\">Dimens\u00f5es:<\/h3>\n\n\n\n<p>DN 50 a 600mm (DN superiores&nbsp;sob consulta)<\/p>\n\n\n\n<h3 class=\"wp-block-heading\">Press\u00f5es:<\/h3>\n\n\n\n<ul class=\"wp-block-list\">\n<li>DN 50 a DN 250: 10 bar<\/li>\n\n\n\n<li>DN 300 a DN 400: 6 bar<\/li>\n\n\n\n<li>DN 450: 5 bar<\/li>\n\n\n\n<li>DN 500 a DN 600: 4 bar<\/li>\n<\/ul>\n\n\n\n<h3 class=\"wp-block-heading\">Flanges padr\u00e3o:<\/h3>\n\n\n\n<p>DIN PN10<br>ASME B16.5 (classe 150)<br>Outras flanges sob consulta<\/p>\n\n\n\n<h5 class=\"wp-block-heading\">\u00bb CONSULTAR <a href=\"https:\/\/klinger.pt\/wp-content\/uploads\/2023\/04\/BR-VALVULA-GUILHOTINAR-PT_compressed.pdf\" target=\"_blank\" rel=\"noopener\" title=\"\">FICHA T\u00c9CNICA<\/a> MODELO BR<\/h5>\n<\/div>\n<\/div>\n<\/div><\/div>\n\n\n\n<div class=\"wp-block-group\"><div class=\"wp-block-group__inner-container is-layout-constrained wp-block-group-is-layout-constrained\">\n<div class=\"wp-block-columns is-layout-flex wp-container-core-columns-is-layout-9d6595d7 wp-block-columns-is-layout-flex\">\n<div class=\"wp-block-column is-layout-flow wp-block-column-is-layout-flow\" style=\"flex-basis:300px\"><div class=\"wp-block-image\">\n<figure class=\"aligncenter size-full\"><img loading=\"lazy\" decoding=\"async\" width=\"200\" height=\"483\" src=\"https:\/\/klinger.pt\/wp-content\/uploads\/2023\/04\/BX-pag.webp\" alt=\"V\u00c1LVULAS GUILHOTINA BIDIRECIONAIS\" class=\"wp-image-40958\" srcset=\"https:\/\/klinger.pt\/wp-content\/uploads\/2023\/04\/BX-pag.webp 200w, https:\/\/klinger.pt\/wp-content\/uploads\/2023\/04\/BX-pag-124x300.webp 124w\" sizes=\"(max-width: 200px) 100vw, 200px\" \/><\/figure>\n<\/div><\/div>\n\n\n\n<div class=\"wp-block-column is-layout-flow wp-block-column-is-layout-flow\" style=\"flex-basis:700px\">\n<h2 class=\"wp-block-heading\">Modelo BX<\/h2>\n\n\n\n<p class=\"intro-text\">V\u00e1lvula guilhotina bidirecional tipo wafer para isolamento de queimadores de carv\u00e3o.<\/p>\n\n\n\n<p>A v\u00e1lvula guilhotina modelo BX \u00e9 uma v\u00e1lvula bidirecional tipo wafer especialmente projetada para isola\u00e7\u00e3o de linhas de queimadores de carv\u00e3o pulverizado nas caldeiras durante a manuten\u00e7\u00e3o. A v\u00e1lvula \u00e9 estanque a p\u00f3, apta para outras aplica\u00e7\u00f5es voltadas ao manuseio de fluidos a granel, tal como na sa\u00edda de silos. Esta v\u00e1lvula est\u00e1 projetada para uso em \u00e1reas potencialmente explosivas (ATEX) segundo a norma DIN EN 14460 (equipamento apto para servi\u00e7os em atmosferas explosivas). Na posi\u00e7\u00e3o fechada, a v\u00e1lvula pode ser utilizada como uma medida preventiva contra a propaga\u00e7\u00e3o de chama em caso de uma explos\u00e3o.&nbsp;<\/p>\n\n\n\n<h3 class=\"wp-block-heading\">Dimens\u00f5es:<\/h3>\n\n\n\n<p>DN 700&nbsp;a DN 1000 (Menores e maiores di\u00e2metros sob consulta).<\/p>\n\n\n\n<h3 class=\"wp-block-heading\">Press\u00f5es:<\/h3>\n\n\n\n<p>DN 700&nbsp;a DN 1000: 3 bar<\/p>\n\n\n\n<h3 class=\"wp-block-heading\">Flanges padr\u00e3o:<\/h3>\n\n\n\n<p>DIN PN 10<\/p>\n\n\n\n<h3 class=\"wp-block-heading\">DIN EN 14460:<\/h3>\n\n\n\n<p>(DN 700-1000) Resist\u00eancia do compartimento da v\u00e1lvula a press\u00e3o explosiva: 10,5 bar<br>Resist\u00eancia de igni\u00e7\u00e3o e interrup\u00e7\u00e3o contra explos\u00e3o de p\u00f3 St1 na posi\u00e7\u00e3o fechada: 10,5 bar.<\/p>\n\n\n\n<p>*IMPORTANTE: A rela\u00e7\u00e3o de press\u00e3o da v\u00e1lvula refere-se \u00e0 m\u00e1xima press\u00e3o de trabalho da v\u00e1lvula. A m\u00e1xima press\u00e3o de explos\u00e3o excede muitas vezes a press\u00e3o de trabalho, desta forma os limites 94\/9\/EC devem ser sempre observados<\/p>\n\n\n\n<h5 class=\"wp-block-heading\">\u00bb CONSULTAR <a href=\"https:\/\/klinger.pt\/wp-content\/uploads\/2023\/04\/BX-KNIFE-GATE-VALVE-EN_compressed.pdf\" target=\"_blank\" rel=\"noopener\" title=\"\">FICHA T\u00c9CNICA<\/a> MODELO BX<\/h5>\n<\/div>\n<\/div>\n<\/div><\/div>\n","protected":false},"excerpt":{"rendered":"<p>V\u00c1LVULAS GUILHOTINA BIDIRECIONAIS As v\u00e1lvulas de guilhotina bidirecionais s\u00e3o dispositivos mec\u00e2nicos utilizados em processos industriais para controlar o fluxo de fluidos, como l\u00edquidos ou gases.Estas v\u00e1lvulas possuem uma l\u00e2mina em forma de guilhotina posicionada perpendicularmente \u00e0 dire\u00e7\u00e3o do fluxo e pode ser elevada ou descida para controlar o fluxo do meio. As v\u00e1lvulas guilhotina bidirecionais [&hellip;]<\/p>\n","protected":false},"author":1,"featured_media":0,"parent":23804,"menu_order":0,"comment_status":"closed","ping_status":"closed","template":"page-templates\/servicios.php","meta":{"_eb_attr":"","footnotes":""},"class_list":["post-23832","page","type-page","status-publish","hentry"],"aioseo_notices":[],"_links":{"self":[{"href":"https:\/\/klinger.pt\/es\/wp-json\/wp\/v2\/pages\/23832","targetHints":{"allow":["GET"]}}],"collection":[{"href":"https:\/\/klinger.pt\/es\/wp-json\/wp\/v2\/pages"}],"about":[{"href":"https:\/\/klinger.pt\/es\/wp-json\/wp\/v2\/types\/page"}],"author":[{"embeddable":true,"href":"https:\/\/klinger.pt\/es\/wp-json\/wp\/v2\/users\/1"}],"replies":[{"embeddable":true,"href":"https:\/\/klinger.pt\/es\/wp-json\/wp\/v2\/comments?post=23832"}],"version-history":[{"count":11,"href":"https:\/\/klinger.pt\/es\/wp-json\/wp\/v2\/pages\/23832\/revisions"}],"predecessor-version":[{"id":46323,"href":"https:\/\/klinger.pt\/es\/wp-json\/wp\/v2\/pages\/23832\/revisions\/46323"}],"up":[{"embeddable":true,"href":"https:\/\/klinger.pt\/es\/wp-json\/wp\/v2\/pages\/23804"}],"wp:attachment":[{"href":"https:\/\/klinger.pt\/es\/wp-json\/wp\/v2\/media?parent=23832"}],"curies":[{"name":"wp","href":"https:\/\/api.w.org\/{rel}","templated":true}]}}