{"id":23812,"date":"2022-08-19T08:28:39","date_gmt":"2022-08-19T07:28:39","guid":{"rendered":"https:\/\/m5j0n6nk9p.onrocket.site\/?page_id=23812"},"modified":"2024-10-02T09:32:22","modified_gmt":"2024-10-02T08:32:22","slug":"modelo-ex-ser-10","status":"publish","type":"page","link":"https:\/\/klinger.pt\/es\/produtos\/valvulas\/valvulas-de-guilhotina\/modelo-ex-ser-10\/","title":{"rendered":"V\u00c1LVULAS GUILHOTINA UNIDIRECIONAIS"},"content":{"rendered":"\n<h1 class=\"wp-block-heading\">V\u00c1LVULAS GUILHOTINA UNIDIRECIONAIS<\/h1>\n\n\n\n<p>As v\u00e1lvulas de guilhotina unidirecionais s\u00e3o dispositivos mec\u00e2nicos utilizados em processos industriais para controlar o fluxo de fluidos, como l\u00edquidos ou gases.<br>Estas v\u00e1lvulas possuem uma l\u00e2mina em forma de guilhotina posicionada perpendicularmente \u00e0 dire\u00e7\u00e3o do fluxo que pode ser elevada ou descida para controlar o fluxo do meio.<\/p>\n\n\n\n<p>A v\u00e1lvula guilhotina unidirecional permite o fluxo em apenas uma dire\u00e7\u00e3o sendo usada em sistemas onde o retorno de fluido n\u00e3o \u00e9 desejado ou permitida. \u00c9 comumente usada em aplica\u00e7\u00f5es de \u00e1guas residuais, esgoto, lodos, fluidos abrasivos ou corrosivos entre outros fluidos viscosos. As v\u00e1lvulas guilhotina unidirecionais podem ser fabricadas em diferentes materiais e tamanhos, dependendo do meio e das condi\u00e7\u00f5es de opera\u00e7\u00e3o.<\/p>\n\n\n\n<div class=\"wp-block-group\"><div class=\"wp-block-group__inner-container is-layout-constrained wp-block-group-is-layout-constrained\">\n<div class=\"wp-block-columns is-layout-flex wp-container-core-columns-is-layout-9d6595d7 wp-block-columns-is-layout-flex\">\n<div class=\"wp-block-column is-layout-flow wp-block-column-is-layout-flow\" style=\"flex-basis:300px\"><div class=\"wp-block-image\">\n<figure class=\"aligncenter size-full\"><img fetchpriority=\"high\" decoding=\"async\" width=\"150\" height=\"483\" src=\"https:\/\/klinger.pt\/wp-content\/uploads\/2023\/04\/EX-pag.webp\" alt=\"V\u00c1LVULAS GUILHOTINA UNIDIRECIONAIS\" class=\"wp-image-40913\" srcset=\"https:\/\/klinger.pt\/wp-content\/uploads\/2023\/04\/EX-pag.webp 150w, https:\/\/klinger.pt\/wp-content\/uploads\/2023\/04\/EX-pag-93x300.webp 93w\" sizes=\"(max-width: 150px) 100vw, 150px\" \/><\/figure>\n<\/div><\/div>\n\n\n\n<div class=\"wp-block-column is-layout-flow wp-block-column-is-layout-flow\" style=\"flex-basis:700px\">\n<h2 class=\"wp-block-heading\">Modelo EX<\/h2>\n\n\n\n<p class=\"intro-text\">V\u00e1lvula guilhotina unidirecional tipo wafer de uso geral.<\/p>\n\n\n\n<p>O modelo EX \u00e9 uma v\u00e1lvula de uso geral para flu\u00eddos carregados com s\u00f3lidos em suspens\u00e3o, de aplica\u00e7\u00e3o principal nos setores:<\/p>\n\n\n\n<ul class=\"wp-block-list\">\n<li>Papel e celulose<\/li>\n\n\n\n<li>Tratamento de \u00e1guas<\/li>\n\n\n\n<li>Energ\u00e9tico<\/li>\n\n\n\n<li>Agroaliment\u00edcio<\/li>\n\n\n\n<li>Explora\u00e7\u00e3o mineira<\/li>\n\n\n\n<li>Qu\u00edmico<\/li>\n\n\n\n<li>etc.<\/li>\n<\/ul>\n\n\n\n<h3 class=\"wp-block-heading\">Dimens\u00f5es:<\/h3>\n\n\n\n<p>DN 50 a DN 1200 (DN superiores&nbsp;sob consulta)<\/p>\n\n\n\n<h3 class=\"wp-block-heading\">Press\u00f5es:<\/h3>\n\n\n\n<ul class=\"wp-block-list\">\n<li>DN 50 a DN 250: 10 bar<\/li>\n\n\n\n<li>DN 300 a DN 400: 6 bar<\/li>\n\n\n\n<li>DN 450: 5 bar<\/li>\n\n\n\n<li>DN 500 a DN 600: 4 bar<\/li>\n\n\n\n<li>DN 700 a DN 1200: 2 bar<\/li>\n<\/ul>\n\n\n\n<h3 class=\"wp-block-heading\">Flanges padr\u00e3o:<\/h3>\n\n\n\n<p>EN1092 PN10<br>ASME B16.5 (classe 150)<\/p>\n\n\n\n<h3 class=\"wp-block-heading\">Outras flanges (sob consulta):<\/h3>\n\n\n\n<p>EN1092 PN6\/16\/25<br>BS \u201cD\u201d&nbsp;e \u201cE\u201d ASME 125 Outras&nbsp;sob consulta<\/p>\n\n\n\n<h5 class=\"wp-block-heading\">\u00bb CONSULTAR <a href=\"https:\/\/klinger.pt\/wp-content\/uploads\/2023\/04\/EX-VALVULA-GUILHOTINA-PT_compressed-1.pdf\" target=\"_blank\" rel=\"noopener\" title=\"\">FICHA T\u00c9CNICA<\/a> MODELO EX<\/h5>\n<\/div>\n<\/div>\n<\/div><\/div>\n\n\n\n<div class=\"wp-block-group\"><div class=\"wp-block-group__inner-container is-layout-constrained wp-block-group-is-layout-constrained\">\n<div class=\"wp-block-columns is-layout-flex wp-container-core-columns-is-layout-9d6595d7 wp-block-columns-is-layout-flex\">\n<div class=\"wp-block-column is-layout-flow wp-block-column-is-layout-flow\" style=\"flex-basis:300px\"><div class=\"wp-block-image\">\n<figure class=\"aligncenter size-full\"><img decoding=\"async\" width=\"200\" height=\"483\" src=\"https:\/\/klinger.pt\/wp-content\/uploads\/2023\/04\/EK-pag.webp\" alt=\"V\u00c1LVULAS GUILHOTINA UNIDIRECIONAIS\" class=\"wp-image-40917\" srcset=\"https:\/\/klinger.pt\/wp-content\/uploads\/2023\/04\/EK-pag.webp 200w, https:\/\/klinger.pt\/wp-content\/uploads\/2023\/04\/EK-pag-124x300.webp 124w\" sizes=\"(max-width: 200px) 100vw, 200px\" \/><\/figure>\n<\/div><\/div>\n\n\n\n<div class=\"wp-block-column is-layout-flow wp-block-column-is-layout-flow\" style=\"flex-basis:700px\">\n<h2 class=\"wp-block-heading\">Modelo EK<\/h2>\n\n\n\n<p class=\"intro-text\">V\u00e1lvula guilhotina unidirecional tipo wafer de alta performance de uso geral.<\/p>\n\n\n\n<p>O modelo EK \u00e9 uma v\u00e1lvula de uso geral para flu\u00eddos carregados com s\u00f3lidos em suspens\u00e3o, de aplica\u00e7\u00e3o principal nos setores:<\/p>\n\n\n\n<ul class=\"wp-block-list\">\n<li>Papel e celulose<\/li>\n\n\n\n<li>Tratamento de \u00e1guas<\/li>\n\n\n\n<li>Energ\u00e9tico<\/li>\n\n\n\n<li>Agroaliment\u00edcio<\/li>\n\n\n\n<li>Explora\u00e7\u00e3o mineira<\/li>\n\n\n\n<li>Qu\u00edmico<\/li>\n\n\n\n<li>etc.<\/li>\n<\/ul>\n\n\n\n<h3 class=\"wp-block-heading\">Dimens\u00f5es:<\/h3>\n\n\n\n<p>DN 50 a DN 1200 (DN superiores&nbsp;sob consulta).<\/p>\n\n\n\n<h3 class=\"wp-block-heading\">Press\u00f5es:<\/h3>\n\n\n\n<ul class=\"wp-block-list\">\n<li>DN 50 a DN 125: 16 bar<\/li>\n\n\n\n<li>DN 150 a DN 250: 10 bar<\/li>\n\n\n\n<li>DN 300 a DN 400: 6 bar<\/li>\n\n\n\n<li>DN 450: 5 bar&nbsp;<sup>(1)<\/sup><\/li>\n\n\n\n<li>DN 500 a DN 600: 4 bar<sup>(1)<\/sup><\/li>\n\n\n\n<li>DN 700 a DN 1200: 2 bar<\/li>\n<\/ul>\n\n\n\n<p><sup>(1)<\/sup>6 bar com faca em duplex<\/p>\n\n\n\n<h3 class=\"wp-block-heading\">Flanges padr\u00e3o:<\/h3>\n\n\n\n<p>EN1092 PN10&nbsp;<br>ASME B16.5 (classe 150)<\/p>\n\n\n\n<h3 class=\"wp-block-heading\">Outras flanges (sob consulta):<\/h3>\n\n\n\n<p>EN1092 PN6\/16\/25<br>BS \u201cD\u201d&nbsp;e \u201cE\u201d<br>ASME 125<br>Outras&nbsp;sob consulta.<\/p>\n\n\n\n<h5 class=\"wp-block-heading\">\u00bb CONSULTAR <a href=\"https:\/\/klinger.pt\/wp-content\/uploads\/2023\/04\/EK-VALVULA-GUILHOTINA-PT_compressed.pdf\" target=\"_blank\" rel=\"noopener\" title=\"\">FICHA T\u00c9CNICA<\/a> MODELO EK<\/h5>\n<\/div>\n<\/div>\n<\/div><\/div>\n\n\n\n<div class=\"wp-block-group\"><div class=\"wp-block-group__inner-container is-layout-constrained wp-block-group-is-layout-constrained\">\n<div class=\"wp-block-columns is-layout-flex wp-container-core-columns-is-layout-9d6595d7 wp-block-columns-is-layout-flex\">\n<div class=\"wp-block-column is-layout-flow wp-block-column-is-layout-flow\" style=\"flex-basis:300px\"><div class=\"wp-block-image\">\n<figure class=\"aligncenter size-full\"><img decoding=\"async\" width=\"320\" height=\"483\" src=\"https:\/\/klinger.pt\/wp-content\/uploads\/2023\/04\/KP-pag.webp\" alt=\"V\u00c1LVULAS GUILHOTINA UNIDIRECIONAIS\" class=\"wp-image-40931\" srcset=\"https:\/\/klinger.pt\/wp-content\/uploads\/2023\/04\/KP-pag.webp 320w, https:\/\/klinger.pt\/wp-content\/uploads\/2023\/04\/KP-pag-199x300.webp 199w\" sizes=\"(max-width: 320px) 100vw, 320px\" \/><\/figure>\n<\/div><\/div>\n\n\n\n<div class=\"wp-block-column is-layout-flow wp-block-column-is-layout-flow\" style=\"flex-basis:700px\">\n<h2 class=\"wp-block-heading\">Modelo KP<\/h2>\n\n\n\n<p class=\"intro-text\">V\u00e1lvula guilhotina unidirecional tipo wafer de isolamento de transmissores.<\/p>\n\n\n\n<p>A v\u00e1lvula KP permite o isolamento do&nbsp;transmissor de n\u00edvel de um tanque de armazenamento. A instala\u00e7\u00e3o desta v\u00e1lvula permite realizar a substitui\u00e7\u00e3o e a manuten\u00e7\u00e3o sem interromper o processo ou e n\u00e3o ser necess\u00e1ria a drenagem do tanque.<\/p>\n\n\n\n<h3 class=\"wp-block-heading\">Dimens\u00f5es:<\/h3>\n\n\n\n<p>DN80<\/p>\n\n\n\n<h3 class=\"wp-block-heading\">Press\u00e3o:<\/h3>\n\n\n\n<p>DN80: 10 bar<\/p>\n\n\n\n<h3 class=\"wp-block-heading\">Flanges padr\u00e3o:<\/h3>\n\n\n\n<p>PN10 \/ ASME 150<\/p>\n\n\n\n<h5 class=\"wp-block-heading\">\u00bb CONSULTAR <a href=\"https:\/\/klinger.pt\/wp-content\/uploads\/2023\/04\/KP-KNIFE-GATE-VALVE-EN_compressed.pdf\" target=\"_blank\" rel=\"noopener\" title=\"\">FICHA T\u00c9CNICA<\/a> MODELO KP<\/h5>\n<\/div>\n<\/div>\n<\/div><\/div>\n\n\n\n<div class=\"wp-block-group\"><div class=\"wp-block-group__inner-container is-layout-constrained wp-block-group-is-layout-constrained\">\n<div class=\"wp-block-columns is-layout-flex wp-container-core-columns-is-layout-9d6595d7 wp-block-columns-is-layout-flex\">\n<div class=\"wp-block-column is-layout-flow wp-block-column-is-layout-flow\" style=\"flex-basis:300px\"><div class=\"wp-block-image\">\n<figure class=\"aligncenter size-full\"><img loading=\"lazy\" decoding=\"async\" width=\"150\" height=\"483\" src=\"https:\/\/klinger.pt\/wp-content\/uploads\/2023\/04\/CX-pag.webp\" alt=\"V\u00c1LVULAS GUILHOTINA UNIDIRECIONAIS\" class=\"wp-image-40925\" srcset=\"https:\/\/klinger.pt\/wp-content\/uploads\/2023\/04\/CX-pag.webp 150w, https:\/\/klinger.pt\/wp-content\/uploads\/2023\/04\/CX-pag-93x300.webp 93w\" sizes=\"(max-width: 150px) 100vw, 150px\" \/><\/figure>\n<\/div><\/div>\n\n\n\n<div class=\"wp-block-column is-layout-flow wp-block-column-is-layout-flow\" style=\"flex-basis:700px\">\n<h2 class=\"wp-block-heading\">Modelo CX<\/h2>\n\n\n\n<p class=\"intro-text\">V\u00e1lvula guilhotina unidirecional flangeada para isolamento de queimadores de carv\u00e3o conforme norma NFPA.<\/p>\n\n\n\n<p>O modelo CX \u00e9 uma v\u00e1lvula guilhotina unidirecional flangeada especialmente projetada para isolar as linhas de carv\u00e3o pulverizado em unidades t\u00e9rmicas de carv\u00e3o. Esta v\u00e1lvula est\u00e1 projetada segundo a  norma NFPA 85.<\/p>\n\n\n\n<h3 class=\"wp-block-heading\">Dimens\u00f5es:<\/h3>\n\n\n\n<p>DN 200\/8&#8243; a DN 900\/36&#8243;<\/p>\n\n\n\n<h3 class=\"wp-block-heading\">Press\u00f5es:<\/h3>\n\n\n\n<p>Superiores a 3,5 bar (50 psi) conforme NFPA85<\/p>\n\n\n\n<h3 class=\"wp-block-heading\">Flanges padr\u00e3o:<\/h3>\n\n\n\n<p>DIN PN10<br>ASME B16.5 (classe 150)<\/p>\n\n\n\n<h5 class=\"wp-block-heading\">\u00bb CONSULTAR <a href=\"https:\/\/klinger.pt\/wp-content\/uploads\/2023\/04\/CX-BURNER-SHUT-OFF-KNIFE-GATE-VALVE-EN_compressed.pdf\" target=\"_blank\" rel=\"noopener\" title=\"\">FICHA T\u00c9CNICA <\/a>MODELO CX<\/h5>\n<\/div>\n<\/div>\n<\/div><\/div>\n","protected":false},"excerpt":{"rendered":"<p>V\u00c1LVULAS GUILHOTINA UNIDIRECIONAIS As v\u00e1lvulas de guilhotina unidirecionais s\u00e3o dispositivos mec\u00e2nicos utilizados em processos industriais para controlar o fluxo de fluidos, como l\u00edquidos ou gases.Estas v\u00e1lvulas possuem uma l\u00e2mina em forma de guilhotina posicionada perpendicularmente \u00e0 dire\u00e7\u00e3o do fluxo que pode ser elevada ou descida para controlar o fluxo do meio. A v\u00e1lvula guilhotina unidirecional [&hellip;]<\/p>\n","protected":false},"author":1,"featured_media":0,"parent":23804,"menu_order":0,"comment_status":"closed","ping_status":"closed","template":"page-templates\/servicios.php","meta":{"_eb_attr":"","footnotes":""},"class_list":["post-23812","page","type-page","status-publish","hentry"],"aioseo_notices":[],"_links":{"self":[{"href":"https:\/\/klinger.pt\/es\/wp-json\/wp\/v2\/pages\/23812","targetHints":{"allow":["GET"]}}],"collection":[{"href":"https:\/\/klinger.pt\/es\/wp-json\/wp\/v2\/pages"}],"about":[{"href":"https:\/\/klinger.pt\/es\/wp-json\/wp\/v2\/types\/page"}],"author":[{"embeddable":true,"href":"https:\/\/klinger.pt\/es\/wp-json\/wp\/v2\/users\/1"}],"replies":[{"embeddable":true,"href":"https:\/\/klinger.pt\/es\/wp-json\/wp\/v2\/comments?post=23812"}],"version-history":[{"count":14,"href":"https:\/\/klinger.pt\/es\/wp-json\/wp\/v2\/pages\/23812\/revisions"}],"predecessor-version":[{"id":46321,"href":"https:\/\/klinger.pt\/es\/wp-json\/wp\/v2\/pages\/23812\/revisions\/46321"}],"up":[{"embeddable":true,"href":"https:\/\/klinger.pt\/es\/wp-json\/wp\/v2\/pages\/23804"}],"wp:attachment":[{"href":"https:\/\/klinger.pt\/es\/wp-json\/wp\/v2\/media?parent=23812"}],"curies":[{"name":"wp","href":"https:\/\/api.w.org\/{rel}","templated":true}]}}