{"id":23804,"date":"2022-08-18T13:50:06","date_gmt":"2022-08-18T12:50:06","guid":{"rendered":"https:\/\/m5j0n6nk9p.onrocket.site\/?page_id=23804"},"modified":"2023-04-13T16:12:29","modified_gmt":"2023-04-13T15:12:29","slug":"valvulas-de-guilhotina","status":"publish","type":"page","link":"https:\/\/klinger.pt\/es\/produtos\/valvulas\/valvulas-de-guilhotina\/","title":{"rendered":"V\u00c1LVULAS DE GUILHOTINA"},"content":{"rendered":"\n<h1 class=\"wp-block-heading\">V\u00c1LVULAS DE GUILHOTINA<\/h1>\n\n\n\n<p>As v\u00e1lvulas de guilhotina s\u00e3o dispositivos mec\u00e2nicos utilizados em processos industriais para controlar o fluxo de fluidos, como l\u00edquidos ou gases.<br>Estas v\u00e1lvulas possuem uma l\u00e2mina em forma de guilhotina posicionada perpendicularmente \u00e0 dire\u00e7\u00e3o do fluxo que pode ser elevada ou descida para controlar o fluxo do meio.<\/p>\n\n\n\n<p>As v\u00e1lvulas de guilhotina s\u00e3o amplamente utilizadas em aplica\u00e7\u00f5es onde \u00e9 necess\u00e1rio um controle preciso do fluxo, como em sistemas de tratamento de \u00e1gua, ind\u00fastrias qu\u00edmicas, de explora\u00e7\u00e3o mineira e papel e celulose.<br>Al\u00e9m disso, estas v\u00e1lvulas s\u00e3o resistentes e dur\u00e1veis, o que as torna uma escolha popular para ambientes industriais adversos.<\/p>\n\n\n\n<div style=\"height:25px\" aria-hidden=\"true\" class=\"wp-block-spacer\"><\/div>\n\n\n\n<div class=\"wp-block-columns is-layout-flex wp-container-core-columns-is-layout-9d6595d7 wp-block-columns-is-layout-flex\">\n<div class=\"wp-block-column is-layout-flow wp-block-column-is-layout-flow\">\n<figure class=\"wp-block-table\"><table><tbody><tr><td><img fetchpriority=\"high\" decoding=\"async\" width=\"270\" height=\"270\" class=\"wp-image-41061\" style=\"width: 270px;\" src=\"https:\/\/klinger.pt\/wp-content\/uploads\/2023\/04\/Unidirecionais-mini.webp\" alt=\"\" srcset=\"https:\/\/klinger.pt\/wp-content\/uploads\/2023\/04\/Unidirecionais-mini.webp 270w, https:\/\/klinger.pt\/wp-content\/uploads\/2023\/04\/Unidirecionais-mini-150x150.webp 150w\" sizes=\"(max-width: 270px) 100vw, 270px\" \/><\/td><td><strong><a href=\"https:\/\/klinger.pt\/produtos\/valvulas\/valvulas-de-guilhotina\/modelo-ex-ser-10\/\">V\u00c1LVULAS GUILHOTINA UNIDIRECIONAIS<\/a><\/strong><br><br><a href=\"https:\/\/klinger.pt\/produtos\/valvulas\/valvulas-de-guilhotina\/modelo-ex-ser-10\/\"><img decoding=\"async\" width=\"18\" height=\"18\" class=\"wp-image-16262\" style=\"width: 18px;\" src=\"https:\/\/klinger.pt\/wp-content\/uploads\/2022\/06\/icon-arrow-blue-double.png\" alt=\"\"><\/a><\/td><\/tr><\/tbody><\/table><\/figure>\n<\/div>\n\n\n\n<div class=\"wp-block-column is-layout-flow wp-block-column-is-layout-flow\">\n<figure class=\"wp-block-table\"><table><tbody><tr><td>    <img decoding=\"async\" width=\"270\" height=\"270\" class=\"wp-image-41063\" style=\"width: 270px;\" src=\"https:\/\/klinger.pt\/wp-content\/uploads\/2023\/04\/Bidirecionais-mini.webp\" alt=\"\" srcset=\"https:\/\/klinger.pt\/wp-content\/uploads\/2023\/04\/Bidirecionais-mini.webp 270w, https:\/\/klinger.pt\/wp-content\/uploads\/2023\/04\/Bidirecionais-mini-150x150.webp 150w\" sizes=\"(max-width: 270px) 100vw, 270px\" \/><\/td><td><strong><a href=\"https:\/\/klinger.pt\/produtos\/valvulas\/valvulas-de-guilhotina\/modelo-br\/\">V\u00c1LVULAS GUILHOTINA BIDIRECIONAIS<\/a><\/strong><br><br><a href=\"https:\/\/klinger.pt\/produtos\/valvulas\/valvulas-de-guilhotina\/modelo-br\/\"><img decoding=\"async\" width=\"18\" height=\"18\" class=\"wp-image-16262\" style=\"width: 18px;\" src=\"https:\/\/klinger.pt\/wp-content\/uploads\/2022\/06\/icon-arrow-blue-double.png\" alt=\"\"><\/a><\/td><\/tr><\/tbody><\/table><\/figure>\n<\/div>\n<\/div>\n\n\n\n<div class=\"wp-block-columns is-layout-flex wp-container-core-columns-is-layout-9d6595d7 wp-block-columns-is-layout-flex\">\n<div class=\"wp-block-column is-layout-flow wp-block-column-is-layout-flow\">\n<figure class=\"wp-block-table\"><table><tbody><tr><td>        <img loading=\"lazy\" decoding=\"async\" width=\"270\" height=\"270\" class=\"wp-image-41065\" style=\"width: 270px;\" src=\"https:\/\/klinger.pt\/wp-content\/uploads\/2023\/04\/Pulp-and-Paper-mini.webp\" alt=\"\" srcset=\"https:\/\/klinger.pt\/wp-content\/uploads\/2023\/04\/Pulp-and-Paper-mini.webp 270w, https:\/\/klinger.pt\/wp-content\/uploads\/2023\/04\/Pulp-and-Paper-mini-150x150.webp 150w\" sizes=\"(max-width: 270px) 100vw, 270px\" \/><\/td><td><strong><a href=\"https:\/\/klinger.pt\/produtos\/valvulas\/valvulas-de-guilhotina\/modelo-th\/\">V\u00c1LVULAS GUILHOTINA ESPECIAIS PULP &amp; PAPER<\/a><\/strong><br><br><a href=\"https:\/\/klinger.pt\/produtos\/valvulas\/valvulas-de-guilhotina\/modelo-th\/\"><img decoding=\"async\" width=\"18\" height=\"18\" class=\"wp-image-16262\" style=\"width: 18px;\" src=\"https:\/\/klinger.pt\/wp-content\/uploads\/2022\/06\/icon-arrow-blue-double.png\" alt=\"\"><\/a><\/td><\/tr><\/tbody><\/table><\/figure>\n<\/div>\n\n\n\n<div class=\"wp-block-column is-layout-flow wp-block-column-is-layout-flow\">\n<figure class=\"wp-block-table\"><table><tbody><tr><td>     <img loading=\"lazy\" decoding=\"async\" width=\"270\" height=\"270\" class=\"wp-image-41067\" style=\"width: 270px;\" src=\"https:\/\/klinger.pt\/wp-content\/uploads\/2023\/04\/Fluidos-abrasivos.webp\" alt=\"\" srcset=\"https:\/\/klinger.pt\/wp-content\/uploads\/2023\/04\/Fluidos-abrasivos.webp 270w, https:\/\/klinger.pt\/wp-content\/uploads\/2023\/04\/Fluidos-abrasivos-150x150.webp 150w\" sizes=\"(max-width: 270px) 100vw, 270px\" \/><\/td><td><strong><a href=\"https:\/\/klinger.pt\/produtos\/valvulas\/valvulas-de-guilhotina\/modelo-wg-ser-65\/\">V\u00c1LVULAS GUILHOTINA PARA FLUIDOS ABRASIVOS<\/a><\/strong><br><br><a href=\"https:\/\/klinger.pt\/produtos\/valvulas\/valvulas-de-guilhotina\/modelo-wg-ser-65\/\"><img decoding=\"async\" width=\"18\" height=\"18\" class=\"wp-image-16262\" style=\"width: 18px;\" src=\"https:\/\/klinger.pt\/wp-content\/uploads\/2022\/06\/icon-arrow-blue-double.png\" alt=\"\"><\/a><\/td><\/tr><\/tbody><\/table><\/figure>\n<\/div>\n<\/div>\n\n\n\n<div class=\"wp-block-columns is-layout-flex wp-container-core-columns-is-layout-9d6595d7 wp-block-columns-is-layout-flex\">\n<div class=\"wp-block-column is-layout-flow wp-block-column-is-layout-flow\">\n<figure class=\"wp-block-table\"><table><tbody><tr><td>     <img loading=\"lazy\" decoding=\"async\" width=\"270\" height=\"270\" class=\"wp-image-41069\" style=\"width: 270px;\" src=\"https:\/\/klinger.pt\/wp-content\/uploads\/2023\/04\/Solidos-mini.webp\" alt=\"\" srcset=\"https:\/\/klinger.pt\/wp-content\/uploads\/2023\/04\/Solidos-mini.webp 270w, https:\/\/klinger.pt\/wp-content\/uploads\/2023\/04\/Solidos-mini-150x150.webp 150w\" sizes=\"(max-width: 270px) 100vw, 270px\" \/><\/td><td><strong><a href=\"https:\/\/klinger.pt\/produtos\/valvulas\/valvulas-de-guilhotina\/modelo-xc-ser-14\/\">V\u00c1LVULAS GUILHOTINA PARA S\u00d3LIDOS<\/a><\/strong><br><br><a href=\"https:\/\/klinger.pt\/produtos\/valvulas\/valvulas-de-guilhotina\/modelo-xc-ser-14\/\"><img decoding=\"async\" width=\"18\" height=\"18\" class=\"wp-image-16262\" style=\"width: 18px;\" src=\"https:\/\/klinger.pt\/wp-content\/uploads\/2022\/06\/icon-arrow-blue-double.png\" alt=\"\"><\/a><\/td><\/tr><\/tbody><\/table><\/figure>\n<\/div>\n\n\n\n<div class=\"wp-block-column transparente is-layout-flow wp-block-column-is-layout-flow\"><\/div>\n<\/div>\n","protected":false},"excerpt":{"rendered":"<p>V\u00c1LVULAS DE GUILHOTINA As v\u00e1lvulas de guilhotina s\u00e3o dispositivos mec\u00e2nicos utilizados em processos industriais para controlar o fluxo de fluidos, como l\u00edquidos ou gases.Estas v\u00e1lvulas possuem uma l\u00e2mina em forma de guilhotina posicionada perpendicularmente \u00e0 dire\u00e7\u00e3o do fluxo que pode ser elevada ou descida para controlar o fluxo do meio. As v\u00e1lvulas de guilhotina s\u00e3o [&hellip;]<\/p>\n","protected":false},"author":1,"featured_media":16265,"parent":22559,"menu_order":0,"comment_status":"closed","ping_status":"closed","template":"page-templates\/secciones-principales.php","meta":{"_eb_attr":"","footnotes":""},"class_list":["post-23804","page","type-page","status-publish","has-post-thumbnail","hentry"],"aioseo_notices":[],"_links":{"self":[{"href":"https:\/\/klinger.pt\/es\/wp-json\/wp\/v2\/pages\/23804","targetHints":{"allow":["GET"]}}],"collection":[{"href":"https:\/\/klinger.pt\/es\/wp-json\/wp\/v2\/pages"}],"about":[{"href":"https:\/\/klinger.pt\/es\/wp-json\/wp\/v2\/types\/page"}],"author":[{"embeddable":true,"href":"https:\/\/klinger.pt\/es\/wp-json\/wp\/v2\/users\/1"}],"replies":[{"embeddable":true,"href":"https:\/\/klinger.pt\/es\/wp-json\/wp\/v2\/comments?post=23804"}],"version-history":[{"count":5,"href":"https:\/\/klinger.pt\/es\/wp-json\/wp\/v2\/pages\/23804\/revisions"}],"predecessor-version":[{"id":41093,"href":"https:\/\/klinger.pt\/es\/wp-json\/wp\/v2\/pages\/23804\/revisions\/41093"}],"up":[{"embeddable":true,"href":"https:\/\/klinger.pt\/es\/wp-json\/wp\/v2\/pages\/22559"}],"wp:featuredmedia":[{"embeddable":true,"href":"https:\/\/klinger.pt\/es\/wp-json\/wp\/v2\/media\/16265"}],"wp:attachment":[{"href":"https:\/\/klinger.pt\/es\/wp-json\/wp\/v2\/media?parent=23804"}],"curies":[{"name":"wp","href":"https:\/\/api.w.org\/{rel}","templated":true}]}}