{"id":23797,"date":"2022-08-18T13:16:30","date_gmt":"2022-08-18T12:16:30","guid":{"rendered":"https:\/\/m5j0n6nk9p.onrocket.site\/?page_id=23797"},"modified":"2023-03-16T10:47:45","modified_gmt":"2023-03-16T10:47:45","slug":"valvulas-pinch","status":"publish","type":"page","link":"https:\/\/klinger.pt\/es\/produtos\/valvulas\/valvulas-diafragma-pinch\/valvulas-pinch\/","title":{"rendered":"V\u00c1LVULAS HOSE PINCH &#038; PINCH"},"content":{"rendered":"\n<h1 class=\"wp-block-heading\">V\u00c1LVULAS HOSE PINCH &amp; PINCH<\/h1>\n\n\n\n<div style=\"height:25px\" aria-hidden=\"true\" class=\"wp-block-spacer\"><\/div>\n\n\n\n<div class=\"wp-block-columns is-layout-flex wp-container-core-columns-is-layout-9d6595d7 wp-block-columns-is-layout-flex\">\n<div class=\"wp-block-column is-layout-flow wp-block-column-is-layout-flow\">\n<figure class=\"wp-block-table aligncenter\"><table><tbody><tr><td><img decoding=\"async\" width=\"200\" height=\"200\" class=\"wp-image-25236\" style=\"width: 200px;\" src=\"https:\/\/klinger.pt\/wp-content\/uploads\/2022\/08\/Valvulas-hose-pinch-KLINGER.png\" alt=\"\" srcset=\"https:\/\/klinger.pt\/wp-content\/uploads\/2022\/08\/Valvulas-hose-pinch-KLINGER.png 252w, https:\/\/klinger.pt\/wp-content\/uploads\/2022\/08\/Valvulas-hose-pinch-KLINGER-150x150.png 150w\" sizes=\"(max-width: 200px) 100vw, 200px\" \/><\/td><td><strong><a href=\"https:\/\/klinger.pt\/produtos\/valvulas\/valvulas-diafragma-pinch\/valvulas-pinch\/valvula-hose-pinch\/\" title=\"\">V\u00c1LVULA HOSE PINCH<\/a><\/strong><br><br><a href=\"https:\/\/klinger.pt\/produtos\/valvulas\/valvulas-diafragma-pinch\/valvulas-pinch\/valvula-hose-pinch\/\" title=\"\ufffc\"><img decoding=\"async\" width=\"18\" height=\"18\" class=\"wp-image-16262\" style=\"width: 18px;\" src=\"https:\/\/klinger.pt\/wp-content\/uploads\/2022\/06\/icon-arrow-blue-double.png\" alt=\"\"><\/a><\/td><\/tr><\/tbody><\/table><\/figure>\n<\/div>\n\n\n\n<div class=\"wp-block-column is-layout-flow wp-block-column-is-layout-flow\">\n<figure class=\"wp-block-table aligncenter\"><table><tbody><tr><td class=\"has-text-align-center\" data-align=\"center\"><img decoding=\"async\" width=\"200\" height=\"200\" class=\"wp-image-25234\" style=\"width: 200px;\" src=\"https:\/\/klinger.pt\/wp-content\/uploads\/2022\/08\/pinch-thumbnail.png\" alt=\"\" srcset=\"https:\/\/klinger.pt\/wp-content\/uploads\/2022\/08\/pinch-thumbnail.png 252w, https:\/\/klinger.pt\/wp-content\/uploads\/2022\/08\/pinch-thumbnail-150x150.png 150w\" sizes=\"(max-width: 200px) 100vw, 200px\" \/><\/td><td><strong><a href=\"https:\/\/klinger.pt\/produtos\/valvulas\/valvulas-diafragma-pinch\/valvulas-pinch\/valvulas-pinch\/\" title=\"\">V\u00c1LVULA PINCH<\/a><\/strong><br><br><a href=\"https:\/\/klinger.pt\/produtos\/valvulas\/valvulas-diafragma-pinch\/valvulas-pinch\/valvulas-pinch\/\" title=\"\ufffc\"><img decoding=\"async\" width=\"18\" height=\"18\" class=\"wp-image-16262\" style=\"width: 18px;\" src=\"https:\/\/klinger.pt\/wp-content\/uploads\/2022\/06\/icon-arrow-blue-double.png\" alt=\"\"><\/a><\/td><\/tr><\/tbody><\/table><\/figure>\n<\/div>\n<\/div>\n","protected":false},"excerpt":{"rendered":"<p>V\u00c1LVULAS HOSE PINCH &amp; PINCH V\u00c1LVULA HOSE PINCH V\u00c1LVULA PINCH<\/p>\n","protected":false},"author":1,"featured_media":16265,"parent":31109,"menu_order":0,"comment_status":"closed","ping_status":"closed","template":"page-templates\/secciones-principales.php","meta":{"_eb_attr":"","footnotes":""},"class_list":["post-23797","page","type-page","status-publish","has-post-thumbnail","hentry"],"aioseo_notices":[],"_links":{"self":[{"href":"https:\/\/klinger.pt\/es\/wp-json\/wp\/v2\/pages\/23797","targetHints":{"allow":["GET"]}}],"collection":[{"href":"https:\/\/klinger.pt\/es\/wp-json\/wp\/v2\/pages"}],"about":[{"href":"https:\/\/klinger.pt\/es\/wp-json\/wp\/v2\/types\/page"}],"author":[{"embeddable":true,"href":"https:\/\/klinger.pt\/es\/wp-json\/wp\/v2\/users\/1"}],"replies":[{"embeddable":true,"href":"https:\/\/klinger.pt\/es\/wp-json\/wp\/v2\/comments?post=23797"}],"version-history":[{"count":8,"href":"https:\/\/klinger.pt\/es\/wp-json\/wp\/v2\/pages\/23797\/revisions"}],"predecessor-version":[{"id":39468,"href":"https:\/\/klinger.pt\/es\/wp-json\/wp\/v2\/pages\/23797\/revisions\/39468"}],"up":[{"embeddable":true,"href":"https:\/\/klinger.pt\/es\/wp-json\/wp\/v2\/pages\/31109"}],"wp:featuredmedia":[{"embeddable":true,"href":"https:\/\/klinger.pt\/es\/wp-json\/wp\/v2\/media\/16265"}],"wp:attachment":[{"href":"https:\/\/klinger.pt\/es\/wp-json\/wp\/v2\/media?parent=23797"}],"curies":[{"name":"wp","href":"https:\/\/api.w.org\/{rel}","templated":true}]}}