{"id":23794,"date":"2022-08-18T13:10:47","date_gmt":"2022-08-18T12:10:47","guid":{"rendered":"https:\/\/m5j0n6nk9p.onrocket.site\/?page_id=23794"},"modified":"2023-02-27T12:18:51","modified_gmt":"2023-02-27T12:18:51","slug":"modelo-kb","status":"publish","type":"page","link":"https:\/\/klinger.pt\/es\/produtos\/valvulas\/valvulas-diafragma-pinch\/valvulas-de-diafragma\/modelo-kb\/","title":{"rendered":"MODELO KB"},"content":{"rendered":"\n<div class=\"wp-block-columns is-layout-flex wp-container-core-columns-is-layout-9d6595d7 wp-block-columns-is-layout-flex\">\n<div class=\"wp-block-column is-layout-flow wp-block-column-is-layout-flow\" style=\"flex-basis:400px\"><div class=\"wp-block-image\">\n<figure class=\"aligncenter size-full is-resized\"><img fetchpriority=\"high\" decoding=\"async\" src=\"https:\/\/klinger.pt\/wp-content\/uploads\/2022\/07\/type-KB_B.png\" alt=\"\" class=\"wp-image-23030\" width=\"333\" height=\"333\" srcset=\"https:\/\/klinger.pt\/wp-content\/uploads\/2022\/07\/type-KB_B.png 500w, https:\/\/klinger.pt\/wp-content\/uploads\/2022\/07\/type-KB_B-300x300.png 300w, https:\/\/klinger.pt\/wp-content\/uploads\/2022\/07\/type-KB_B-150x150.png 150w\" sizes=\"(max-width: 333px) 100vw, 333px\" \/><\/figure>\n<\/div>\n\n<div class=\"wp-block-image\">\n<figure class=\"aligncenter size-full is-resized\"><img decoding=\"async\" src=\"https:\/\/klinger.pt\/wp-content\/uploads\/2022\/09\/MODEL-KB.png\" alt=\"\" class=\"wp-image-29152\" width=\"399\" height=\"327\" srcset=\"https:\/\/klinger.pt\/wp-content\/uploads\/2022\/09\/MODEL-KB.png 826w, https:\/\/klinger.pt\/wp-content\/uploads\/2022\/09\/MODEL-KB-300x246.png 300w, https:\/\/klinger.pt\/wp-content\/uploads\/2022\/09\/MODEL-KB-768x630.png 768w\" sizes=\"(max-width: 399px) 100vw, 399px\" \/><\/figure>\n<\/div><\/div>\n\n\n\n<div class=\"wp-block-column is-layout-flow wp-block-column-is-layout-flow\" style=\"flex-basis:700px\">\n<h1 class=\"wp-block-heading\">MODELO KB<\/h1>\n\n\n\n<p><strong>Projetos diretos tipo KB e K para manuseio de s\u00f3lidos<\/strong><\/p>\n\n\n\n<p>\u2022 Design suave e direto<br>\u2022 Elevada capacidade em termos de caudal<br>\u2022 Compat\u00edvel com fluidos altamente abrasivos com at\u00e9 100% de teor de s\u00f3lidos<\/p>\n\n\n\n<h2 class=\"wp-block-heading\">CARACTER\u00cdSTICAS<\/h2>\n\n\n\n<ul class=\"wp-block-list\">\n<li>Volante dimensionado para manuseio confort\u00e1vel e f\u00e1cil opera\u00e7\u00e3o<\/li>\n\n\n\n<li>Lubrifica\u00e7\u00e3o para um longo per\u00edodo de tempo e protegido contra poeira, sujidade e contaminantes atmosf\u00e9ricos<\/li>\n\n\n\n<li>Haste de rosca dupla reduzindo o numero de voltas do volante<\/li>\n\n\n\n<li>Diafragma substitu\u00edvel com v\u00e1lvula instalada em linha<\/li>\n\n\n\n<li>Acabamento de pintura resistente ao ataque ambiental<\/li>\n\n\n\n<li>Diafragma resiliente compat\u00edvel com fluidos abrasivos e com s\u00f3lidos suspensos part\u00edculas na linha, mas ainda fornece desligamento positivo e isola todas as pe\u00e7as de trabalho do cap\u00f4 do fluido da linha<\/li>\n\n\n\n<li>Diafragmas refor\u00e7ados proporcionam elevada durabilidade sem fuga durante o funcionamento<\/li>\n\n\n\n<li>Liga\u00e7\u00f5es roscadas e flangeadas est\u00e3o dispon\u00edveis numa ampla gama de materiais de constru\u00e7\u00e3o do corpo<\/li>\n\n\n\n<li>Revestimento do corpo incluindo revestimento a vidro e uma ampla gama de elast\u00f4meros<\/li>\n\n\n\n<li>Design de corpo suave e n\u00e3o turbulento para caudal irrestrito, garantindo a m\u00ednima queda de press\u00e3o \u00bb O indicador amarelo da v\u00e1lvula fornece indica\u00e7\u00e3o visual da posi\u00e7\u00e3o da v\u00e1lvula<\/li>\n<\/ul>\n\n\n\n<p><\/p>\n<\/div>\n<\/div>\n","protected":false},"excerpt":{"rendered":"<p>MODELO KB Projetos diretos tipo KB e K para manuseio de s\u00f3lidos \u2022 Design suave e direto\u2022 Elevada capacidade em termos de caudal\u2022 Compat\u00edvel com fluidos altamente abrasivos com at\u00e9 100% de teor de s\u00f3lidos CARACTER\u00cdSTICAS<\/p>\n","protected":false},"author":1,"featured_media":0,"parent":22695,"menu_order":0,"comment_status":"closed","ping_status":"closed","template":"page-templates\/servicios.php","meta":{"_eb_attr":"","footnotes":""},"class_list":["post-23794","page","type-page","status-publish","hentry"],"aioseo_notices":[],"_links":{"self":[{"href":"https:\/\/klinger.pt\/es\/wp-json\/wp\/v2\/pages\/23794","targetHints":{"allow":["GET"]}}],"collection":[{"href":"https:\/\/klinger.pt\/es\/wp-json\/wp\/v2\/pages"}],"about":[{"href":"https:\/\/klinger.pt\/es\/wp-json\/wp\/v2\/types\/page"}],"author":[{"embeddable":true,"href":"https:\/\/klinger.pt\/es\/wp-json\/wp\/v2\/users\/1"}],"replies":[{"embeddable":true,"href":"https:\/\/klinger.pt\/es\/wp-json\/wp\/v2\/comments?post=23794"}],"version-history":[{"count":3,"href":"https:\/\/klinger.pt\/es\/wp-json\/wp\/v2\/pages\/23794\/revisions"}],"predecessor-version":[{"id":38418,"href":"https:\/\/klinger.pt\/es\/wp-json\/wp\/v2\/pages\/23794\/revisions\/38418"}],"up":[{"embeddable":true,"href":"https:\/\/klinger.pt\/es\/wp-json\/wp\/v2\/pages\/22695"}],"wp:attachment":[{"href":"https:\/\/klinger.pt\/es\/wp-json\/wp\/v2\/media?parent=23794"}],"curies":[{"name":"wp","href":"https:\/\/api.w.org\/{rel}","templated":true}]}}