{"id":23791,"date":"2022-08-18T13:08:43","date_gmt":"2022-08-18T12:08:43","guid":{"rendered":"https:\/\/m5j0n6nk9p.onrocket.site\/?page_id=23791"},"modified":"2023-05-11T11:48:12","modified_gmt":"2023-05-11T10:48:12","slug":"valvula-diafragma-revestida","status":"publish","type":"page","link":"https:\/\/klinger.pt\/es\/produtos\/valvulas\/valvulas-revestidas\/valvula-diafragma-revestida\/","title":{"rendered":"V\u00c1LVULA DIAFRAGMA REVESTIDA"},"content":{"rendered":"\n<div class=\"wp-block-columns is-layout-flex wp-container-core-columns-is-layout-9d6595d7 wp-block-columns-is-layout-flex\">\n<div class=\"wp-block-column is-layout-flow wp-block-column-is-layout-flow\" style=\"flex-basis:400px\"><div class=\"wp-block-image\">\n<figure class=\"aligncenter size-full\"><img fetchpriority=\"high\" decoding=\"async\" width=\"700\" height=\"800\" src=\"https:\/\/klinger.pt\/wp-content\/uploads\/2023\/02\/Valvulas-Revestidas-Diafragma-1.webp\" alt=\"V\u00c1LVULA DIAFRAGMA REVESTIDA\" class=\"wp-image-37212\" srcset=\"https:\/\/klinger.pt\/wp-content\/uploads\/2023\/02\/Valvulas-Revestidas-Diafragma-1.webp 700w, https:\/\/klinger.pt\/wp-content\/uploads\/2023\/02\/Valvulas-Revestidas-Diafragma-1-263x300.webp 263w\" sizes=\"(max-width: 700px) 100vw, 700px\" \/><\/figure>\n<\/div>\n\n<div class=\"wp-block-image\">\n<figure class=\"aligncenter size-full\"><img decoding=\"async\" width=\"700\" height=\"200\" src=\"https:\/\/klinger.pt\/wp-content\/uploads\/2023\/02\/Valvulas-revestidas-diafragma-2.webp\" alt=\"V\u00c1LVULA DIAFRAGMA REVESTIDA\" class=\"wp-image-37214\" srcset=\"https:\/\/klinger.pt\/wp-content\/uploads\/2023\/02\/Valvulas-revestidas-diafragma-2.webp 700w, https:\/\/klinger.pt\/wp-content\/uploads\/2023\/02\/Valvulas-revestidas-diafragma-2-300x86.webp 300w\" sizes=\"(max-width: 700px) 100vw, 700px\" \/><\/figure>\n<\/div>\n\n\n<div style=\"height:132px\" aria-hidden=\"true\" class=\"wp-block-spacer\"><\/div>\n\n\n<div class=\"wp-block-image\">\n<figure class=\"aligncenter size-full is-resized\"><img decoding=\"async\" src=\"https:\/\/klinger.pt\/wp-content\/uploads\/2023\/02\/Grafico.webp\" alt=\"V\u00c1LVULA DIAFRAGMA REVESTIDA\" class=\"wp-image-37216\" width=\"302\" height=\"311\" srcset=\"https:\/\/klinger.pt\/wp-content\/uploads\/2023\/02\/Grafico.webp 541w, https:\/\/klinger.pt\/wp-content\/uploads\/2023\/02\/Grafico-292x300.webp 292w\" sizes=\"(max-width: 302px) 100vw, 302px\" \/><\/figure>\n<\/div><\/div>\n\n\n\n<div class=\"wp-block-column is-layout-flow wp-block-column-is-layout-flow\" style=\"flex-basis:700px\">\n<h1 class=\"wp-block-heading\">V\u00c1LVULA DIAFRAGMA REVESTIDA<\/h1>\n\n\n\n<p>V\u00e1lvula Diafragma Revestida Modelo A para meios e utilit\u00e1rios corrosivos. Vers\u00e1til e amplamente utilizado em aplica\u00e7\u00f5es industriais. Pode lidar com at\u00e9 15% de s\u00f3lidos (dependendo das condi\u00e7\u00f5es do processo).  V\u00e1lvula perfeita para aplica\u00e7\u00f5es on\/off ou de controlo em processos corrosivos.<\/p>\n\n\n\n<div style=\"height:1px\" aria-hidden=\"true\" class=\"wp-block-spacer\"><\/div>\n\n\n\n<h2 class=\"wp-block-heading\">REVESTIMENTO PL\u00c1STICO<\/h2>\n\n\n\n<ul class=\"wp-block-list\">\n<li><strong>PFA Perfluoroalkoxy Ferro SG (branco):<\/strong> Excelente aptid\u00e3o para \u00e1cidos fortes concentrados a alta temperatura, solventes arom\u00e1ticos, alif\u00e1ticos e clorados.<\/li>\n\n\n\n<li><strong>PFA Perfluoroalkoxy A\u00e7o Inoxid\u00e1vel (branco):<\/strong> Ideal para aplica\u00e7\u00f5es de alta pureza, demonstram a mais alta resist\u00eancia qu\u00edmica de todos os revestimentos Saunders<\/li>\n\n\n\n<li><strong>ETFE Etileno Tetrafluoroetileno (vermelho): <\/strong>Adequado para \u00e1cidos fortes, sais na \u00e1gua, solventes no meio temperatura. O ETFE tem a maior resist\u00eancia \u00e0 abras\u00e3o de todos os revestimentos de fluorocarbono.<\/li>\n\n\n\n<li><strong>PP Polipropileno (cinzento claro): <\/strong>Solu\u00e7\u00e3o econ\u00f3mica para minerais \u00e1cidos, sais na \u00e1gua, \u00e1gua desionizada e efluentes qu\u00edmicos de tratamento.<\/li>\n\n\n\n<li><strong>Fluoreto de polivinilideno PVDF<\/strong> <strong>(preto):<\/strong> Adequado para \u00e1cidos minerais, sais na \u00e1gua, \u00e1gua e efluentes tratamento, al\u00e9m disso, \u00e9 a melhor solu\u00e7\u00e3o para g\u00e1s cloro h\u00famido ou cloro na \u00e1gua.<\/li>\n<\/ul>\n\n\n\n<figure class=\"wp-block-image size-large\"><img loading=\"lazy\" decoding=\"async\" width=\"1024\" height=\"422\" src=\"https:\/\/klinger.pt\/wp-content\/uploads\/2023\/02\/Revestimento-Plastico-copiar-1-1024x422.webp\" alt=\"V\u00c1LVULA DIAFRAGMA REVESTIDA\" class=\"wp-image-37330\" srcset=\"https:\/\/klinger.pt\/wp-content\/uploads\/2023\/02\/Revestimento-Plastico-copiar-1-1024x422.webp 1024w, https:\/\/klinger.pt\/wp-content\/uploads\/2023\/02\/Revestimento-Plastico-copiar-1-300x124.webp 300w, https:\/\/klinger.pt\/wp-content\/uploads\/2023\/02\/Revestimento-Plastico-copiar-1-768x317.webp 768w, https:\/\/klinger.pt\/wp-content\/uploads\/2023\/02\/Revestimento-Plastico-copiar-1-1536x634.webp 1536w, https:\/\/klinger.pt\/wp-content\/uploads\/2023\/02\/Revestimento-Plastico-copiar-1-2048x845.webp 2048w, https:\/\/klinger.pt\/wp-content\/uploads\/2023\/02\/Revestimento-Plastico-copiar-1-1400x578.webp 1400w\" sizes=\"(max-width: 1024px) 100vw, 1024px\" \/><\/figure>\n\n\n\n<div style=\"height:15px\" aria-hidden=\"true\" class=\"wp-block-spacer\"><\/div>\n\n\n\n<h2 class=\"wp-block-heading\">REVESTIMENTO EM VIDRO (AZUL)<\/h2>\n\n\n\n<ul class=\"wp-block-list\">\n<li>Utilizado em muitas aplica\u00e7\u00f5es diferentes, incluindo \u00e1cidos fortes. Resist\u00eancia muito elevada \u00e0 corros\u00e3o e \u00e0 abras\u00e3o dentro de uma vasta gama de temperaturas. Note-se que o vidro n\u00e3o \u00e9 adequado para aplica\u00e7\u00f5es onde o ciclismo t\u00e9rmico ocorre.<\/li>\n<\/ul>\n\n\n\n<figure class=\"wp-block-image size-large\"><img loading=\"lazy\" decoding=\"async\" width=\"1024\" height=\"167\" src=\"https:\/\/klinger.pt\/wp-content\/uploads\/2023\/02\/Revestimento-Vidro-copiar-1024x167.webp\" alt=\"\" class=\"wp-image-37202\" srcset=\"https:\/\/klinger.pt\/wp-content\/uploads\/2023\/02\/Revestimento-Vidro-copiar-1024x167.webp 1024w, https:\/\/klinger.pt\/wp-content\/uploads\/2023\/02\/Revestimento-Vidro-copiar-300x49.webp 300w, https:\/\/klinger.pt\/wp-content\/uploads\/2023\/02\/Revestimento-Vidro-copiar-768x126.webp 768w, https:\/\/klinger.pt\/wp-content\/uploads\/2023\/02\/Revestimento-Vidro-copiar-1536x251.webp 1536w, https:\/\/klinger.pt\/wp-content\/uploads\/2023\/02\/Revestimento-Vidro-copiar-2048x335.webp 2048w, https:\/\/klinger.pt\/wp-content\/uploads\/2023\/02\/Revestimento-Vidro-copiar-1400x229.webp 1400w\" sizes=\"(max-width: 1024px) 100vw, 1024px\" \/><\/figure>\n\n\n\n<div style=\"height:15px\" aria-hidden=\"true\" class=\"wp-block-spacer\"><\/div>\n\n\n\n<h2 class=\"wp-block-heading\">REVESTIMENTO EM BORRACHA (PRETO)<\/h2>\n\n\n\n<ul class=\"wp-block-list\">\n<li><strong>HRL Borracha natural dura &#8211; Ebonite: <\/strong>Utilizada para sais em \u00e1gua, \u00e1cidos dilu\u00eddos, \u00e1gua de-ionizada, solu\u00e7\u00f5es de chapeamento e \u00e1gua pot\u00e1vel. O HRL tem melhor resist\u00eancia qu\u00edmica do que o SRL.<\/li>\n\n\n\n<li><strong>Butyl Isobutylene Isoprene:<\/strong> \u00d3ptimo para slurries corrosivos e abrasivos, e slurries \u00e1cidos. Aplica\u00e7\u00f5es adicionais s\u00e3o sais em \u00e1gua, \u00e1cidos dilu\u00eddos e \u00e1lcalis, e cal.<\/li>\n\n\n\n<li><strong>Neopreno Policloropreno: <\/strong>Solu\u00e7\u00e3o perfeita para uma combina\u00e7\u00e3o de chorumes abrasivos contendo hidrocarbonetos, \u00f3leos de lama e tamb\u00e9m mar \u00e1gua.<\/li>\n<\/ul>\n\n\n\n<figure class=\"wp-block-image size-large\"><img loading=\"lazy\" decoding=\"async\" width=\"1024\" height=\"495\" src=\"https:\/\/klinger.pt\/wp-content\/uploads\/2023\/02\/Revestimento-Borracha-copiar-1024x495.webp\" alt=\"\" class=\"wp-image-37204\" srcset=\"https:\/\/klinger.pt\/wp-content\/uploads\/2023\/02\/Revestimento-Borracha-copiar-1024x495.webp 1024w, https:\/\/klinger.pt\/wp-content\/uploads\/2023\/02\/Revestimento-Borracha-copiar-300x145.webp 300w, https:\/\/klinger.pt\/wp-content\/uploads\/2023\/02\/Revestimento-Borracha-copiar-768x372.webp 768w, https:\/\/klinger.pt\/wp-content\/uploads\/2023\/02\/Revestimento-Borracha-copiar-1536x743.webp 1536w, https:\/\/klinger.pt\/wp-content\/uploads\/2023\/02\/Revestimento-Borracha-copiar-2048x991.webp 2048w, https:\/\/klinger.pt\/wp-content\/uploads\/2023\/02\/Revestimento-Borracha-copiar-1400x677.webp 1400w\" sizes=\"(max-width: 1024px) 100vw, 1024px\" \/><\/figure>\n<\/div>\n<\/div>\n\n\n\n<h5 class=\"wp-block-heading\"><a href=\"https:\/\/klinger.pt\/wp-content\/uploads\/2023\/04\/A-Type-Datasheet_compressed.pdf\" target=\"_blank\" rel=\"noopener\" title=\"FICHA T\u00c9CNICA V\u00c1LVULA DIAFRAGMA REVESTIDA (EN)\">FICHA T\u00c9CNICA V\u00c1LVULA DIAFRAGMA REVESTIDA (EN)<\/a><\/h5>\n\n\n\n<h5 class=\"wp-block-heading\"><a href=\"https:\/\/klinger.pt\/wp-content\/uploads\/2023\/05\/Catalogo-Valvulas-Revestidas-PT-11.05.23_compressed.pdf\" target=\"_blank\" rel=\"noopener\" title=\"\">CAT\u00c1LOGO V\u00c1LVULAS REVESTIDAS (PT)<\/a><\/h5>\n","protected":false},"excerpt":{"rendered":"<p>V\u00c1LVULA DIAFRAGMA REVESTIDA V\u00e1lvula Diafragma Revestida Modelo A para meios e utilit\u00e1rios corrosivos. Vers\u00e1til e amplamente utilizado em aplica\u00e7\u00f5es industriais. Pode lidar com at\u00e9 15% de s\u00f3lidos (dependendo das condi\u00e7\u00f5es do processo). V\u00e1lvula perfeita para aplica\u00e7\u00f5es on\/off ou de controlo em processos corrosivos. REVESTIMENTO PL\u00c1STICO REVESTIMENTO EM VIDRO (AZUL) REVESTIMENTO EM BORRACHA (PRETO) FICHA T\u00c9CNICA [&hellip;]<\/p>\n","protected":false},"author":1,"featured_media":0,"parent":37015,"menu_order":0,"comment_status":"closed","ping_status":"closed","template":"page-templates\/servicios.php","meta":{"_eb_attr":"","footnotes":""},"class_list":["post-23791","page","type-page","status-publish","hentry"],"aioseo_notices":[],"_links":{"self":[{"href":"https:\/\/klinger.pt\/es\/wp-json\/wp\/v2\/pages\/23791","targetHints":{"allow":["GET"]}}],"collection":[{"href":"https:\/\/klinger.pt\/es\/wp-json\/wp\/v2\/pages"}],"about":[{"href":"https:\/\/klinger.pt\/es\/wp-json\/wp\/v2\/types\/page"}],"author":[{"embeddable":true,"href":"https:\/\/klinger.pt\/es\/wp-json\/wp\/v2\/users\/1"}],"replies":[{"embeddable":true,"href":"https:\/\/klinger.pt\/es\/wp-json\/wp\/v2\/comments?post=23791"}],"version-history":[{"count":20,"href":"https:\/\/klinger.pt\/es\/wp-json\/wp\/v2\/pages\/23791\/revisions"}],"predecessor-version":[{"id":42516,"href":"https:\/\/klinger.pt\/es\/wp-json\/wp\/v2\/pages\/23791\/revisions\/42516"}],"up":[{"embeddable":true,"href":"https:\/\/klinger.pt\/es\/wp-json\/wp\/v2\/pages\/37015"}],"wp:attachment":[{"href":"https:\/\/klinger.pt\/es\/wp-json\/wp\/v2\/media?parent=23791"}],"curies":[{"name":"wp","href":"https:\/\/api.w.org\/{rel}","templated":true}]}}