{"id":23783,"date":"2022-08-18T13:00:47","date_gmt":"2022-08-18T12:00:47","guid":{"rendered":"https:\/\/m5j0n6nk9p.onrocket.site\/?page_id=23783"},"modified":"2025-06-16T13:54:30","modified_gmt":"2025-06-16T12:54:30","slug":"valvulas-borboleta-kkd-81","status":"publish","type":"page","link":"https:\/\/klinger.pt\/es\/produtos\/valvulas\/valvulas-de-borboleta\/serie-industrial\/valvulas-borboleta-kkd-81\/","title":{"rendered":"V\u00c1LVULA BORBOLETA DISCO CONC\u00caNTRICO"},"content":{"rendered":"\n<h1 class=\"wp-block-heading\">V\u00c1LVULA BORBOLETA DISCO CONC\u00caNTRICO<\/h1>\n\n\n\n<p>V\u00e1lvula Borboleta Disco Conc\u00eantrico: concebida para aplica\u00e7\u00f5es industriais em geral, com diferentes tipos de configura\u00e7\u00e3o e constru\u00e7\u00e3o, de acordo com as necessidades da aplica\u00e7\u00e3o. Constru\u00e7\u00e3o tipo wafer para montagem entre flanges, tipo LUG e flangeada de acordo com os diferentes tipos de normas de flanges existentes (DIN, ANSI, BS, JIS).<\/p>\n\n\n\n<div class=\"wp-block-columns is-layout-flex wp-container-core-columns-is-layout-9d6595d7 wp-block-columns-is-layout-flex\">\n<div class=\"wp-block-column is-layout-flow wp-block-column-is-layout-flow\" style=\"flex-basis:300px\">\n<div style=\"height:20px\" aria-hidden=\"true\" class=\"wp-block-spacer\"><\/div>\n\n\n<div class=\"wp-block-image\">\n<figure class=\"aligncenter size-large\"><img fetchpriority=\"high\" decoding=\"async\" width=\"384\" height=\"1024\" src=\"https:\/\/klinger.pt\/wp-content\/uploads\/2023\/04\/Concentricas-pag3-384x1024.webp\" alt=\"\" class=\"wp-image-41342\" srcset=\"https:\/\/klinger.pt\/wp-content\/uploads\/2023\/04\/Concentricas-pag3-384x1024.webp 384w, https:\/\/klinger.pt\/wp-content\/uploads\/2023\/04\/Concentricas-pag3-113x300.webp 113w, https:\/\/klinger.pt\/wp-content\/uploads\/2023\/04\/Concentricas-pag3-576x1536.webp 576w, https:\/\/klinger.pt\/wp-content\/uploads\/2023\/04\/Concentricas-pag3.webp 720w\" sizes=\"(max-width: 384px) 100vw, 384px\" \/><\/figure>\n<\/div><\/div>\n\n\n\n<div class=\"wp-block-column is-layout-flow wp-block-column-is-layout-flow\" style=\"flex-basis:700px\">\n<h2 class=\"wp-block-heading\">Caracter\u00edsticas<\/h2>\n\n\n\n<ul class=\"wp-block-list\">\n<li>Adequado para utiliza\u00e7\u00e3o em AVAC, irriga\u00e7\u00e3o, aplica\u00e7\u00f5es industriais onde \u00e9 necess\u00e1rio um deslocamento positivo<\/li>\n\n\n\n<li>Eixo de passagem \u00fanica fornece o pre\u00e7o mais econ\u00f3mico<\/li>\n\n\n\n<li>10 posi\u00e7\u00f5es de alavanca ou opera\u00e7\u00e3o por caixa redutora e volante<\/li>\n\n\n\n<li>Material de liga dispon\u00edvel sob pedido<\/li>\n<\/ul>\n\n\n\n<h2 class=\"wp-block-heading\">Normas<\/h2>\n\n\n\n<ul class=\"wp-block-list\">\n<li>Dimens\u00f5es de acordo com DIN2633<\/li>\n\n\n\n<li>Teste de inspe\u00e7\u00e3o de acordo com a norma EN12266<\/li>\n<\/ul>\n\n\n\n<h2 class=\"wp-block-heading\">Limita\u00e7\u00f5es<\/h2>\n\n\n\n<ul class=\"wp-block-list\">\n<li>N\u00e3o utilizar EPDM quando estiverem presentes hidrocarbonetos.<\/li>\n\n\n\n<li>Prever gentilmente o aumento do torque para disco revestido de PTFE + op\u00e7\u00e3o de sede em PTFE; recomenda-se o funcionamento com caixa redutora e volante para dimens\u00f5es de 4&#8243;.<\/li>\n\n\n\n<li>Servi\u00e7o de fim de linha a meia classifica\u00e7\u00e3o<\/li>\n<\/ul>\n\n\n\n<h2 class=\"wp-block-heading\">Op\u00e7\u00f5es<\/h2>\n\n\n\n<ul class=\"wp-block-list\">\n<li>Duplo estilo \u00abmeio pino\u00bb dispon\u00edvel para aumentar o desempenho e o ciclo de vida<\/li>\n\n\n\n<li>Disco revestido dispon\u00edvel em: Borracha, PTFE, Nylon<\/li>\n<\/ul>\n<\/div>\n<\/div>\n\n\n\n<h5 class=\"wp-block-heading\"><a href=\"https:\/\/klinger.pt\/wp-content\/uploads\/2023\/04\/Butterfly-Valve_KKD-81L_DataSheet_compressed.pdf\" target=\"_blank\" rel=\"noopener\" title=\"FICHA T\u00c9CNICA V\u00c1LVULA BORBOLETA DISCO CONC\u00caNTRICO (EN)\">FICHA T\u00c9CNICA V\u00c1LVULA BORBOLETA DISCO CONC\u00caNTRICO 81L (EN)<\/a><\/h5>\n\n\n\n<h5 class=\"wp-block-heading\"><a href=\"https:\/\/klinger.pt\/wp-content\/uploads\/2025\/06\/Butterfly-Valve_KKD-81Wafer_DataSheet-atualizada-3.pdf\" target=\"_blank\" rel=\"noopener\" title=\"\">FICHA T\u00c9CNICA V\u00c1LVULA BORBOLETA DISCO CONC\u00caNTRICO 81W (EN)<\/a><\/h5>\n\n\n\n<h5 class=\"wp-block-heading\"><a href=\"https:\/\/klinger.pt\/wp-content\/uploads\/2023\/04\/Technical-sheet-81F_compressed-1.pdf\" target=\"_blank\" rel=\"noopener\" title=\"\">FICHA T\u00c9CNICA V\u00c1LVULA BORBOLETA DISCO CONC\u00caNTRICO 81F (EN)<\/a><\/h5>\n\n\n\n<p><\/p>\n","protected":false},"excerpt":{"rendered":"<p>V\u00c1LVULA BORBOLETA DISCO CONC\u00caNTRICO V\u00e1lvula Borboleta Disco Conc\u00eantrico: concebida para aplica\u00e7\u00f5es industriais em geral, com diferentes tipos de configura\u00e7\u00e3o e constru\u00e7\u00e3o, de acordo com as necessidades da aplica\u00e7\u00e3o. Constru\u00e7\u00e3o tipo wafer para montagem entre flanges, tipo LUG e flangeada de acordo com os diferentes tipos de normas de flanges existentes (DIN, ANSI, BS, JIS). Caracter\u00edsticas [&hellip;]<\/p>\n","protected":false},"author":1,"featured_media":41746,"parent":22680,"menu_order":0,"comment_status":"closed","ping_status":"closed","template":"page-templates\/servicios.php","meta":{"_eb_attr":"","footnotes":""},"class_list":["post-23783","page","type-page","status-publish","has-post-thumbnail","hentry"],"aioseo_notices":[],"_links":{"self":[{"href":"https:\/\/klinger.pt\/es\/wp-json\/wp\/v2\/pages\/23783","targetHints":{"allow":["GET"]}}],"collection":[{"href":"https:\/\/klinger.pt\/es\/wp-json\/wp\/v2\/pages"}],"about":[{"href":"https:\/\/klinger.pt\/es\/wp-json\/wp\/v2\/types\/page"}],"author":[{"embeddable":true,"href":"https:\/\/klinger.pt\/es\/wp-json\/wp\/v2\/users\/1"}],"replies":[{"embeddable":true,"href":"https:\/\/klinger.pt\/es\/wp-json\/wp\/v2\/comments?post=23783"}],"version-history":[{"count":24,"href":"https:\/\/klinger.pt\/es\/wp-json\/wp\/v2\/pages\/23783\/revisions"}],"predecessor-version":[{"id":47006,"href":"https:\/\/klinger.pt\/es\/wp-json\/wp\/v2\/pages\/23783\/revisions\/47006"}],"up":[{"embeddable":true,"href":"https:\/\/klinger.pt\/es\/wp-json\/wp\/v2\/pages\/22680"}],"wp:featuredmedia":[{"embeddable":true,"href":"https:\/\/klinger.pt\/es\/wp-json\/wp\/v2\/media\/41746"}],"wp:attachment":[{"href":"https:\/\/klinger.pt\/es\/wp-json\/wp\/v2\/media?parent=23783"}],"curies":[{"name":"wp","href":"https:\/\/api.w.org\/{rel}","templated":true}]}}