{"id":23776,"date":"2022-08-18T12:58:01","date_gmt":"2022-08-18T11:58:01","guid":{"rendered":"https:\/\/m5j0n6nk9p.onrocket.site\/?page_id=23776"},"modified":"2023-04-28T14:00:54","modified_gmt":"2023-04-28T13:00:54","slug":"valvula-borboleta-kkd-ms-82","status":"publish","type":"page","link":"https:\/\/klinger.pt\/es\/produtos\/valvulas\/valvulas-de-borboleta\/serie-industrial\/valvula-borboleta-kkd-ms-82\/","title":{"rendered":"V\u00c1LVULAS BORBOLETA DISCO EXC\u00caNTRICO"},"content":{"rendered":"\n<h1 class=\"wp-block-heading\">V\u00c1LVULAS BORBOLETA DISCO EXC\u00caNTRICO<\/h1>\n\n\n\n<div class=\"wp-block-group\"><div class=\"wp-block-group__inner-container is-layout-constrained wp-block-group-is-layout-constrained\">\n<div class=\"wp-block-columns is-layout-flex wp-container-core-columns-is-layout-9d6595d7 wp-block-columns-is-layout-flex\">\n<div class=\"wp-block-column is-layout-flow wp-block-column-is-layout-flow\" style=\"flex-basis:300px\">\n<figure class=\"wp-block-image size-full\"><img fetchpriority=\"high\" decoding=\"async\" width=\"250\" height=\"483\" src=\"https:\/\/klinger.pt\/wp-content\/uploads\/2023\/04\/KKD-MS82-PAG.webp\" alt=\"V\u00c1LVULAS BORBOLETA DISCO EXC\u00caNTRICO\" class=\"wp-image-40818\" srcset=\"https:\/\/klinger.pt\/wp-content\/uploads\/2023\/04\/KKD-MS82-PAG.webp 250w, https:\/\/klinger.pt\/wp-content\/uploads\/2023\/04\/KKD-MS82-PAG-155x300.webp 155w\" sizes=\"(max-width: 250px) 100vw, 250px\" \/><\/figure>\n<\/div>\n\n\n\n<div class=\"wp-block-column is-layout-flow wp-block-column-is-layout-flow\" style=\"flex-basis:700px\">\n<h2 class=\"wp-block-heading\">V\u00e1lvula Borboleta Disco Exc\u00eantrico KKD-MS 82<\/h2>\n\n\n\n<p>A V\u00e1lvula Borboleta KKD-MS 82 Dupla Excentricidade \u00e9 composta por duas partes no centro do corpo da v\u00e1lvula. Isto cria uma a\u00e7\u00e3o no disco e na sede, o que reduz o torque necess\u00e1rio para operar a v\u00e1lvula. A v\u00e1lvula borboleta de \u201cdouble offset\u201d foi desenhada para ser utilizada em aplica\u00e7\u00f5es que requerem maior resist\u00eancia \u00e0 press\u00e3o.<br>Em geral, as sedes met\u00e1licas incorporam uma veda\u00e7\u00e3o metal-metal entre as sedes e o disco do conjunto da v\u00e1lvula. Na pr\u00e1tica, as sedes met\u00e1licas podem suportar flashing extremo, choques hidr\u00e1ulicos, fluido de processo abrasivos e altas temperaturas.<br>Estas v\u00e1lvulas s\u00e3o ideais para aplica\u00e7\u00f5es de alta eros\u00e3o ou corros\u00e3o.<\/p>\n\n\n\n<h3 class=\"wp-block-heading\">Caracter\u00edsticas:<\/h3>\n\n\n\n<ul class=\"wp-block-list\">\n<li>Haste Anti-Blow-Out: Desenho de haste r\u00edgida de uma s\u00f3 pe\u00e7a revestida de cromo duro garantindo maior resist\u00eancia. Os componentes da haste s\u00e3o conforme a norma ISO 5211. O material da haste e a posi\u00e7\u00e3o do disco s\u00e3o marcados na parte superior da haste.<\/li>\n\n\n\n<li>Bucim de veda\u00e7\u00e3o: bucim ajust\u00e1vel de duas pe\u00e7as garante uma carga no empanque uniforme.<\/li>\n\n\n\n<li>Empanque: composto por 5 sistemas de empanque para se adequar a diferentes aplica\u00e7\u00f5es.<\/li>\n\n\n\n<li>Casquilho Auto lubrificante: Arbusto em material RPTFE+S.S.316L reduz o factor de fric\u00e7\u00e3o do caule.<\/li>\n\n\n\n<li>Sede da V\u00e1lvula: Zero fugas bidirecionais com sede macia. FCI 70-2 Classe IV-V com sede met\u00e1lica resistente ao desgaste. API 607 com sede fire safe<\/li>\n\n\n\n<li>Disco de V\u00e1lvula: Disco cromado duro com desenho aerodin\u00e2mico que reduz o ru\u00eddo e a turbul\u00eancia.<\/li>\n\n\n\n<li>Corpo da V\u00e1lvula: conforme API 609 &amp; ASME B16.34.<\/li>\n\n\n\n<li>Anel retentor flutuante: Desenho sem parafusos flutuantes que proporciona uma veda\u00e7\u00e3o positiva e estanque da sede. Fixando este anel no dente interno do corpo da v\u00e1lvula, a mola e o pino de bloqueio ir\u00e3o aparecer e fixar o anel de reten\u00e7\u00e3o e o corpo da v\u00e1lvula na posi\u00e7\u00e3o correta. A rugosidade da superf\u00edcie \u00e9 de 125-200AARH.<\/li>\n\n\n\n<li>Anel de veda\u00e7\u00e3o: O anel r\u00edgido S316L mant\u00e9m a haste na posi\u00e7\u00e3o correta.<\/li>\n<\/ul>\n\n\n\n<h3 class=\"wp-block-heading\">Normas:<\/h3>\n\n\n\n<ul class=\"wp-block-list\">\n<li>Desenho: API 609, ASME B16.34, MSS-SP-68<\/li>\n\n\n\n<li>Atravancamento: API 609, ISO 5752, EN-558<\/li>\n\n\n\n<li>Dimens\u00e3o de flange: ASME B16.5, DIN 2632\/2633, DIN 2634\/2635<\/li>\n\n\n\n<li>Liga\u00e7\u00e3o: Wafer, Lug, Flangeada<\/li>\n\n\n\n<li>Teste API 607<\/li>\n\n\n\n<li>Temperatura: sede met\u00e1lica -29\u00b0C ~ 260\u00b0C<\/li>\n<\/ul>\n\n\n\n<h5 class=\"wp-block-heading\"><a href=\"https:\/\/klinger.pt\/wp-content\/uploads\/2023\/04\/Butterfly-Valve_KKD-82_KKD-MS82_Data-Sheet-1_compressed-1.pdf\" target=\"_blank\" rel=\"noopener\" title=\"FICHA T\u00c9CNICA 2280 (EN)\">FICHA T\u00c9CNICA V\u00c1LVULA BORBOLETA EXC\u00caNTRICA KKD-MS 82 (EN)<\/a><\/h5>\n<\/div>\n<\/div>\n<\/div><\/div>\n\n\n\n<div class=\"wp-block-group\"><div class=\"wp-block-group__inner-container is-layout-constrained wp-block-group-is-layout-constrained\">\n<div class=\"wp-block-columns is-layout-flex wp-container-core-columns-is-layout-9d6595d7 wp-block-columns-is-layout-flex\">\n<div class=\"wp-block-column is-layout-flow wp-block-column-is-layout-flow\" style=\"flex-basis:300px\">\n<figure class=\"wp-block-image size-full\"><img decoding=\"async\" width=\"250\" height=\"483\" src=\"https:\/\/klinger.pt\/wp-content\/uploads\/2023\/04\/KKD-83-PAG.webp\" alt=\"V\u00c1LVULAS BORBOLETA DISCO EXC\u00caNTRICO\" class=\"wp-image-40820\" srcset=\"https:\/\/klinger.pt\/wp-content\/uploads\/2023\/04\/KKD-83-PAG.webp 250w, https:\/\/klinger.pt\/wp-content\/uploads\/2023\/04\/KKD-83-PAG-155x300.webp 155w\" sizes=\"(max-width: 250px) 100vw, 250px\" \/><\/figure>\n<\/div>\n\n\n\n<div class=\"wp-block-column is-layout-flow wp-block-column-is-layout-flow\" style=\"flex-basis:700px\">\n<h2 class=\"wp-block-heading\">V\u00e1lvula Borboleta Disco Exc\u00eantrico KKD-83<\/h2>\n\n\n\n<p>A V\u00e1lvula Borboleta KKD-83 de tripla excentricidade sede macia possui uma haste central que se desvia do centro do corpo.<br>O desenho da veda\u00e7\u00e3o c\u00f3nica assegura que os componentes met\u00e1licos de veda\u00e7\u00e3o n\u00e3o se toquem at\u00e9 que a v\u00e1lvula seja finalmente fechada.<br>Isto resulta numa veda\u00e7\u00e3o repet\u00edvel e num aumento significativo da vida \u00fatil da v\u00e1lvula.<br>As v\u00e1lvulas tri-exc\u00eantricas s\u00e3o geralmente utilizadas em aplica\u00e7\u00f5es semelhantes \u00e0s v\u00e1lvulas de cunha, onde se deseja um fecho e um acionamento exigentes.<\/p>\n\n\n\n<h3 class=\"wp-block-heading\">Caracter\u00edsticas:<\/h3>\n\n\n\n<ul class=\"wp-block-list\">\n<li>Veda\u00e7\u00e3o exigente: A classe de veda\u00e7\u00e3o IV a VI est\u00e3o dispon\u00edveis para satisfazer os requisitos do cliente. O material standard da sede \u00e9 o anel de veda\u00e7\u00e3o PTFE\/RPTFE, ou 304 + multi-camadas de grafite para aplica\u00e7\u00f5es com elevadas temperaturas.<\/li>\n\n\n\n<li>Face de veda\u00e7\u00e3o: A face de veda\u00e7\u00e3o \u00e9 fixada firmemente no disco da v\u00e1lvula. Dependendo das condi\u00e7\u00f5es de servi\u00e7o, o material de veda\u00e7\u00e3o pode ser escolhido de sede macia em PTFE para aplica\u00e7\u00f5es geairs, 316+Graphite para aplica\u00e7\u00f5es com elevadas temperaturas, e face de veda\u00e7\u00e3o de metal-metal para aplica\u00e7\u00f5es com fluidos abrasivos.<\/li>\n\n\n\n<li>Desenho da haste: O eixo forte de pe\u00e7a \u00fanica minimiza a deflex\u00e3o da haste, e permite um efeito de veda\u00e7\u00e3o bidireccional com uma taxa de fuga estanque \u00e0 bolha. Outra caracter\u00edstica da haste \u00e9 o desenho \u00e0 prova de explos\u00e3o, que melhora a seguran\u00e7a de opera\u00e7\u00e3o.<\/li>\n\n\n\n<li>Desenho Fire-safe: Face de veda\u00e7\u00e3o metal-metal com veda\u00e7\u00e3o de grafite e empanque, permite fun\u00e7\u00f5es de veda\u00e7\u00e3o fire-safe<\/li>\n\n\n\n<li>Veda\u00e7\u00e3o Uni e Bi-direccional: A KLINGER die Erste oferece um efeito de veda\u00e7\u00e3o unidirecional no fornecimento de v\u00e1lvulas borboleta s. Quando necess\u00e1rio, o anel de sede bidirecional est\u00e1 dispon\u00edvel com um novo anel de sede completamente independente e auto-ajust\u00e1vel, que est\u00e1 em contacto com o disco.<\/li>\n<\/ul>\n\n\n\n<h3 class=\"wp-block-heading\">Normas:<\/h3>\n\n\n\n<ul class=\"wp-block-list\">\n<li>Desenho: API 609, ASME B16.34, PT 593<\/li>\n\n\n\n<li>Inspec\u00e7\u00e3o: API 598, EN 12266-1<\/li>\n\n\n\n<li>Liga\u00e7\u00e3o final: Wafer, Lug, Flange, ASME B16.5, EN1092 -1<\/li>\n\n\n\n<li>Atravancamento: API 609 B Padr\u00e3o Curto, ISO5752 S\u00e9rie 13, EN 558, EN 593<\/li>\n\n\n\n<li>Dimens\u00e3o da flange: ASME B16.5, DIN 2632\/2633, DIN 2634\/2635<\/li>\n\n\n\n<li>Classe de Press\u00e3o: ANSI CL150\/300\/600\/900, PN16\/40\/63<\/li>\n<\/ul>\n\n\n\n<h3 class=\"wp-block-heading\">Temperatura:<\/h3>\n\n\n\n<ul class=\"wp-block-list\">\n<li>PTFE: at\u00e9 200\u00b0C<\/li>\n\n\n\n<li>Grafite: at\u00e9 400\u00b0C<\/li>\n\n\n\n<li>Metal: at\u00e9 600\u00b0C Testado ao API 607)<\/li>\n<\/ul>\n\n\n\n<h5 class=\"wp-block-heading\"><a href=\"https:\/\/klinger.pt\/wp-content\/uploads\/2023\/04\/Butterfly-Valve_KKD-83_Data-Sheet_compressed-1.pdf\" target=\"_blank\" rel=\"noopener\" title=\"\">FICHA T\u00c9CNICA V\u00c1LVULA BORBOLETA EXC\u00caNTRICA KKD-83 (EN)(EN)<\/a><\/h5>\n<\/div>\n<\/div>\n<\/div><\/div>\n","protected":false},"excerpt":{"rendered":"<p>V\u00c1LVULAS BORBOLETA DISCO EXC\u00caNTRICO V\u00e1lvula Borboleta Disco Exc\u00eantrico KKD-MS 82 A V\u00e1lvula Borboleta KKD-MS 82 Dupla Excentricidade \u00e9 composta por duas partes no centro do corpo da v\u00e1lvula. Isto cria uma a\u00e7\u00e3o no disco e na sede, o que reduz o torque necess\u00e1rio para operar a v\u00e1lvula. A v\u00e1lvula borboleta de \u201cdouble offset\u201d foi desenhada [&hellip;]<\/p>\n","protected":false},"author":1,"featured_media":41873,"parent":22680,"menu_order":0,"comment_status":"closed","ping_status":"closed","template":"page-templates\/servicios.php","meta":{"_eb_attr":"","footnotes":""},"class_list":["post-23776","page","type-page","status-publish","has-post-thumbnail","hentry"],"aioseo_notices":[],"_links":{"self":[{"href":"https:\/\/klinger.pt\/es\/wp-json\/wp\/v2\/pages\/23776","targetHints":{"allow":["GET"]}}],"collection":[{"href":"https:\/\/klinger.pt\/es\/wp-json\/wp\/v2\/pages"}],"about":[{"href":"https:\/\/klinger.pt\/es\/wp-json\/wp\/v2\/types\/page"}],"author":[{"embeddable":true,"href":"https:\/\/klinger.pt\/es\/wp-json\/wp\/v2\/users\/1"}],"replies":[{"embeddable":true,"href":"https:\/\/klinger.pt\/es\/wp-json\/wp\/v2\/comments?post=23776"}],"version-history":[{"count":5,"href":"https:\/\/klinger.pt\/es\/wp-json\/wp\/v2\/pages\/23776\/revisions"}],"predecessor-version":[{"id":40864,"href":"https:\/\/klinger.pt\/es\/wp-json\/wp\/v2\/pages\/23776\/revisions\/40864"}],"up":[{"embeddable":true,"href":"https:\/\/klinger.pt\/es\/wp-json\/wp\/v2\/pages\/22680"}],"wp:featuredmedia":[{"embeddable":true,"href":"https:\/\/klinger.pt\/es\/wp-json\/wp\/v2\/media\/41873"}],"wp:attachment":[{"href":"https:\/\/klinger.pt\/es\/wp-json\/wp\/v2\/media?parent=23776"}],"curies":[{"name":"wp","href":"https:\/\/api.w.org\/{rel}","templated":true}]}}