{"id":23757,"date":"2022-08-18T11:46:45","date_gmt":"2022-08-18T10:46:45","guid":{"rendered":"https:\/\/m5j0n6nk9p.onrocket.site\/?page_id=23757"},"modified":"2023-05-12T11:58:57","modified_gmt":"2023-05-12T10:58:57","slug":"valvula-de-esfera-revestida-khd-lb","status":"publish","type":"page","link":"https:\/\/klinger.pt\/es\/produtos\/valvulas\/valvulas-revestidas\/valvula-de-esfera-revestida-khd-lb\/","title":{"rendered":"V\u00c1LVULA DE ESFERA REVESTIDA KHD-LB | LBTB"},"content":{"rendered":"\n<div class=\"wp-block-columns is-layout-flex wp-container-core-columns-is-layout-9d6595d7 wp-block-columns-is-layout-flex\">\n<div class=\"wp-block-column is-layout-flow wp-block-column-is-layout-flow\" style=\"flex-basis:300px\">\n<figure class=\"wp-block-image size-full\"><img fetchpriority=\"high\" decoding=\"async\" width=\"700\" height=\"483\" src=\"https:\/\/klinger.pt\/wp-content\/uploads\/2023\/03\/KHD-pag.webp\" alt=\"V\u00c1LVULA DE ESFERA REVESTIDA KHD-LB | LBTB\" class=\"wp-image-39877\" srcset=\"https:\/\/klinger.pt\/wp-content\/uploads\/2023\/03\/KHD-pag.webp 700w, https:\/\/klinger.pt\/wp-content\/uploads\/2023\/03\/KHD-pag-300x207.webp 300w\" sizes=\"(max-width: 700px) 100vw, 700px\" \/><\/figure>\n\n\n\n<figure class=\"wp-block-gallery has-nested-images columns-default is-cropped wp-block-gallery-1 is-layout-flex wp-block-gallery-is-layout-flex\">\n<figure class=\"wp-block-image size-large\"><img decoding=\"async\" width=\"353\" height=\"353\" data-id=\"24774\" src=\"https:\/\/klinger.pt\/wp-content\/uploads\/2022\/08\/KHD-LB.png\" alt=\"V\u00c1LVULA DE ESFERA REVESTIDA KHD-LB | LBTB\" class=\"wp-image-24774\" srcset=\"https:\/\/klinger.pt\/wp-content\/uploads\/2022\/08\/KHD-LB.png 353w, https:\/\/klinger.pt\/wp-content\/uploads\/2022\/08\/KHD-LB-300x300.png 300w, https:\/\/klinger.pt\/wp-content\/uploads\/2022\/08\/KHD-LB-150x150.png 150w\" sizes=\"(max-width: 353px) 100vw, 353px\" \/><\/figure>\n<\/figure>\n<\/div>\n\n\n\n<div class=\"wp-block-column is-layout-flow wp-block-column-is-layout-flow\" style=\"flex-basis:700px\">\n<h1 class=\"wp-block-heading\">V\u00c1LVULA DE ESFERA REVESTIDA KHD-LB | LBTB<\/h1>\n\n\n\n<p>A v\u00e1lvula de esfera revestida KHD-LB | LBTB de PFA de sede macia \u00e9 adequada para meios altamente corrosivos na ind\u00fastria qu\u00edmica, tais como \u00e1cido sulf\u00farico, \u00e1cido clor\u00eddrico, c\u00e1usticos, aplica\u00e7\u00f5es farmac\u00eauticas, e aplica\u00e7\u00f5es de semicondutores com \u00e1gua ultrapura.<br>Devido \u00e0 sua natureza de conce\u00e7\u00e3o, as v\u00e1lvulas de esfera revestidas tamb\u00e9m podem ser utilizadas em aplica\u00e7\u00f5es de v\u00e1cuo.<br>Com estas caracter\u00edsticas, as v\u00e1lvulas de esfera revestidas exibem substitui\u00e7\u00e3o por v\u00e1lvulas de liga especial em aplica\u00e7\u00f5es altamente corrosivas.<br>Em geral, as sedes macias s\u00e3o feitas de materiais termopl\u00e1sticos como o PTFE.<br>S\u00e3o ideais para aplica\u00e7\u00f5es onde a compatibilidade qu\u00edmica \u00e9 importante e onde a veda\u00e7\u00e3o o mais apertada poss\u00edvel \u00e9 essencial.<br>Contudo, os assentos macios n\u00e3o s\u00e3o recomendados para fluidos de processo sujos ou abrasivos.<br>As sedes macias podem partir-se sob estas condi\u00e7\u00f5es, causando fugas na v\u00e1lvula.<\/p>\n\n\n\n<h2 class=\"wp-block-heading\">KHD-LB v\u00e1lvula de esfera revestida &#8211; ISO montagem direta \/ ISO montagem regular<\/h2>\n\n\n\n<p>Uma flange de montagem direta de acordo com a norma ISO 5211 \u00e9 a norma para estas v\u00e1lvulas de esfera.<br>Esta caracter\u00edstica permite a montagem de um atuador sem a necessidade de um suporte de montagem e adaptador de acionamento.<br>Isto resulta numa redu\u00e7\u00e3o de custos significativa, uma unidade automatizada compacta, e um n\u00edvel de seguran\u00e7a mais elevado para os operadores.<br>O bloco de montagem regular ISO aceita a montagem direta de atuadores pneum\u00e1ticos e el\u00e9tricos.<br>A ISO 5211 \u00e9 uma norma europeia que especifica os requisitos para a montagem de atuadores de volta parcial, com ou sem caixa de velocidades, \u00e0s v\u00e1lvulas industriais.<\/p>\n\n\n\n<h3 class=\"wp-block-heading\">Caracter\u00edsticas<\/h3>\n\n\n\n<ul class=\"wp-block-list\">\n<li>O fecho estanque \u00e0 bolha, a esfera e as sedes maquinadas com precis\u00e3o garantem uma v\u00e1lvula absolutamente livre de fugas.<\/li>\n\n\n\n<li>O furo total oferece um valor KV elevado igual ao do gasoduto.<\/li>\n\n\n\n<li>Desenho de uma pe\u00e7a de haste esf\u00e9rica, sem possibilidade de danificar o revestimento de PFA na esfera devido ao movimento da haste.<\/li>\n\n\n\n<li>Todas as pe\u00e7as de revestimento devem passar o teste de fa\u00edsca com 15KV de alta voltagem, para assegurar que n\u00e3o h\u00e1 passagem de ar dentro das pe\u00e7as de revestimento.<\/li>\n\n\n\n<li>O desenho integral da almofada de montagem assegura que nenhuma for\u00e7a externa seja exercida sobre a posi\u00e7\u00e3o da embalagem ou da tampa superior da v\u00e1lvula, o que leva ao alargamento e inconsist\u00eancia do torque de sa\u00edda das v\u00e1lvulas.<\/li>\n\n\n\n<li>Constru\u00e7\u00e3o de corpos de fundi\u00e7\u00e3o por in fundi\u00e7\u00e3o, assegurar uma superf\u00edcie de corpo lisa com um m\u00ednimo de trabalho de maquina\u00e7\u00e3o.<\/li>\n<\/ul>\n\n\n\n<h3 class=\"wp-block-heading\">Dados t\u00e9cnicos<\/h3>\n\n\n\n<ul class=\"wp-block-list\">\n<li>Temperatura: -29\u00b0C A +180\u00b0C<\/li>\n\n\n\n<li>Gama de press\u00e3o: ANSI CLASSE 150 \/ DIN PN16<\/li>\n\n\n\n<li>Liga\u00e7\u00f5es de flange: ANSI CLASSE 150 \/ DIN PN16<\/li>\n\n\n\n<li>Operador: alavanca \/ engrenagem \/ atuadores pneum\u00e1ticos \/ el\u00e9tricos<\/li>\n<\/ul>\n\n\n\n<h3 class=\"wp-block-heading\">Normas<\/h3>\n\n\n\n<ul class=\"wp-block-list\">\n<li>EN10204- 3.1 certificado de material dispon\u00edvel.<\/li>\n<\/ul>\n<\/div>\n<\/div>\n\n\n\n<h5 class=\"wp-block-heading\" style=\"font-style:normal;font-weight:700\"><a href=\"https:\/\/klinger.pt\/wp-content\/uploads\/2023\/03\/Ball-Valve_KHD-LB_Data-Sheetcompressed_compressed.pdf\" target=\"_blank\" rel=\"noopener\" title=\"\">FICHA T\u00c9CNICA V\u00c1LVULA DE ESFERA REVESTIDA KHD-LB | LBTB (EN)<\/a><\/h5>\n\n\n\n<h5 class=\"wp-block-heading\"><a href=\"https:\/\/klinger.pt\/wp-content\/uploads\/2023\/05\/Catalogo-Valvulas-Revestidas-PT-11.05.23_compressed.pdf\" target=\"_blank\" rel=\"noopener\" title=\"CATALOGUE LINED VALVES (EN)\">CAT\u00c1LOGO V\u00c1LVULAS REVESTIDAS (PT)<\/a><\/h5>\n\n\n\n<p><\/p>\n","protected":false},"excerpt":{"rendered":"<p>V\u00c1LVULA DE ESFERA REVESTIDA KHD-LB | LBTB A v\u00e1lvula de esfera revestida KHD-LB | LBTB de PFA de sede macia \u00e9 adequada para meios altamente corrosivos na ind\u00fastria qu\u00edmica, tais como \u00e1cido sulf\u00farico, \u00e1cido clor\u00eddrico, c\u00e1usticos, aplica\u00e7\u00f5es farmac\u00eauticas, e aplica\u00e7\u00f5es de semicondutores com \u00e1gua ultrapura.Devido \u00e0 sua natureza de conce\u00e7\u00e3o, as v\u00e1lvulas de esfera revestidas [&hellip;]<\/p>\n","protected":false},"author":1,"featured_media":42538,"parent":37015,"menu_order":0,"comment_status":"closed","ping_status":"closed","template":"page-templates\/servicios.php","meta":{"_eb_attr":"","footnotes":""},"class_list":["post-23757","page","type-page","status-publish","has-post-thumbnail","hentry"],"aioseo_notices":[],"_links":{"self":[{"href":"https:\/\/klinger.pt\/es\/wp-json\/wp\/v2\/pages\/23757","targetHints":{"allow":["GET"]}}],"collection":[{"href":"https:\/\/klinger.pt\/es\/wp-json\/wp\/v2\/pages"}],"about":[{"href":"https:\/\/klinger.pt\/es\/wp-json\/wp\/v2\/types\/page"}],"author":[{"embeddable":true,"href":"https:\/\/klinger.pt\/es\/wp-json\/wp\/v2\/users\/1"}],"replies":[{"embeddable":true,"href":"https:\/\/klinger.pt\/es\/wp-json\/wp\/v2\/comments?post=23757"}],"version-history":[{"count":9,"href":"https:\/\/klinger.pt\/es\/wp-json\/wp\/v2\/pages\/23757\/revisions"}],"predecessor-version":[{"id":42511,"href":"https:\/\/klinger.pt\/es\/wp-json\/wp\/v2\/pages\/23757\/revisions\/42511"}],"up":[{"embeddable":true,"href":"https:\/\/klinger.pt\/es\/wp-json\/wp\/v2\/pages\/37015"}],"wp:featuredmedia":[{"embeddable":true,"href":"https:\/\/klinger.pt\/es\/wp-json\/wp\/v2\/media\/42538"}],"wp:attachment":[{"href":"https:\/\/klinger.pt\/es\/wp-json\/wp\/v2\/media?parent=23757"}],"curies":[{"name":"wp","href":"https:\/\/api.w.org\/{rel}","templated":true}]}}