{"id":23754,"date":"2022-08-18T11:43:03","date_gmt":"2022-08-18T10:43:03","guid":{"rendered":"https:\/\/m5j0n6nk9p.onrocket.site\/?page_id=23754"},"modified":"2023-04-28T09:26:57","modified_gmt":"2023-04-28T08:26:57","slug":"modelo-khd-tb","status":"publish","type":"page","link":"https:\/\/klinger.pt\/es\/produtos\/valvulas\/valvulas-de-esfera\/serie-khd\/modelo-khd-tb\/","title":{"rendered":"V\u00c1LVULAS DE ESFERA WAFER E FUNDO DE TANQUE"},"content":{"rendered":"\n<h1 class=\"wp-block-heading\">V\u00c1LVULAS DE ESFERA WAFER E FUNDO DE TANQUE<\/h1>\n\n\n\n<div class=\"wp-block-group\"><div class=\"wp-block-group__inner-container is-layout-constrained wp-block-group-is-layout-constrained\">\n<div class=\"wp-block-columns is-layout-flex wp-container-core-columns-is-layout-9d6595d7 wp-block-columns-is-layout-flex\">\n<div class=\"wp-block-column is-layout-flow wp-block-column-is-layout-flow\" style=\"flex-basis:300px\"><div class=\"wp-block-image\">\n<figure class=\"aligncenter size-full is-resized\"><img fetchpriority=\"high\" decoding=\"async\" src=\"https:\/\/klinger.pt\/wp-content\/uploads\/2023\/04\/KHD-FSB1D-pag.webp\" alt=\"\" class=\"wp-image-41797\" width=\"391\" height=\"376\"\/><\/figure>\n<\/div><\/div>\n\n\n\n<div class=\"wp-block-column is-layout-flow wp-block-column-is-layout-flow\" style=\"flex-basis:700px\">\n<h2 class=\"wp-block-heading\">V\u00e1lvula de Esfera Wafer KHD-FSB1D<\/h2>\n\n\n\n<p>Uma v\u00e1lvula de esfera tipo wafer \u00e9 definida como um desenho sem flange. As v\u00e1lvulas de esfera do tipo wafer apresentam um disco articulado em forma de aba (o wafer) que \u00e9 utilizado para permitir e restringir o fluxo de l\u00edquido.<\/p>\n\n\n\n<h5 class=\"wp-block-heading\"><a href=\"https:\/\/klinger.pt\/wp-content\/uploads\/2023\/04\/Ball-Valve_KHD-FSB_Data-Sheet-1_compressed-2.pdf\" target=\"_blank\" rel=\"noopener\" title=\"FICHA T\u00c9CNICA V\u00c1LVULA DE ESFERA WAFER KHD-FSB1D (EN)\">FICHA T\u00c9CNICA V\u00c1LVULA DE ESFERA WAFER KHD-FSB1D (EN)<\/a><\/h5>\n<\/div>\n<\/div>\n<\/div><\/div>\n\n\n\n<div style=\"height:39px\" aria-hidden=\"true\" class=\"wp-block-spacer\"><\/div>\n\n\n\n<div class=\"wp-block-group\"><div class=\"wp-block-group__inner-container is-layout-constrained wp-block-group-is-layout-constrained\">\n<div class=\"wp-block-columns is-layout-flex wp-container-core-columns-is-layout-9d6595d7 wp-block-columns-is-layout-flex\">\n<div class=\"wp-block-column is-layout-flow wp-block-column-is-layout-flow\" style=\"flex-basis:300px\"><div class=\"wp-block-image\">\n<figure class=\"aligncenter size-full is-resized\"><img decoding=\"async\" src=\"https:\/\/klinger.pt\/wp-content\/uploads\/2023\/04\/KHD-TB-pag.webp\" alt=\"\" class=\"wp-image-41799\" width=\"204\" height=\"218\" srcset=\"https:\/\/klinger.pt\/wp-content\/uploads\/2023\/04\/KHD-TB-pag.webp 450w, https:\/\/klinger.pt\/wp-content\/uploads\/2023\/04\/KHD-TB-pag-280x300.webp 280w\" sizes=\"(max-width: 204px) 100vw, 204px\" \/><\/figure>\n<\/div><\/div>\n\n\n\n<div class=\"wp-block-column is-layout-flow wp-block-column-is-layout-flow\" style=\"flex-basis:700px\">\n<h2 class=\"wp-block-heading\">V\u00e1lvula de Esfera Fundo de Tanque KHD-TB<\/h2>\n\n\n\n<p>A v\u00e1lvula de esfera tipo fundo de tanque est\u00e1 equipada com uma conex\u00e3o de flange especial para soldar ao fundo de um tanque ou recipiente. O perfil final e o raio t\u00eam um efeito de descarga por gravidade eficaz. Furos c\u00f3nicos lisos e bolas ultra-fecho no tanque impedem o empilhamento do meio na entrada da v\u00e1lvula e asseguram uma descarga suave.<\/p>\n\n\n\n<h5 class=\"wp-block-heading\"><a href=\"https:\/\/klinger.pt\/wp-content\/uploads\/2023\/04\/Ball-Valve_KHD-TB_Data-Sheet.pdf\" target=\"_blank\" rel=\"noopener\" title=\"\">FICHA T\u00c9CNICA V\u00c1LVULA DE ESFERA FUNDO DE TANQUE KHD-TB (EN)<\/a><\/h5>\n<\/div>\n<\/div>\n<\/div><\/div>\n","protected":false},"excerpt":{"rendered":"<p>V\u00c1LVULAS DE ESFERA WAFER E FUNDO DE TANQUE V\u00e1lvula de Esfera Wafer KHD-FSB1D Uma v\u00e1lvula de esfera tipo wafer \u00e9 definida como um desenho sem flange. As v\u00e1lvulas de esfera do tipo wafer apresentam um disco articulado em forma de aba (o wafer) que \u00e9 utilizado para permitir e restringir o fluxo de l\u00edquido. FICHA [&hellip;]<\/p>\n","protected":false},"author":1,"featured_media":41717,"parent":22647,"menu_order":0,"comment_status":"closed","ping_status":"closed","template":"page-templates\/servicios.php","meta":{"_eb_attr":"","footnotes":""},"class_list":["post-23754","page","type-page","status-publish","has-post-thumbnail","hentry"],"aioseo_notices":[],"_links":{"self":[{"href":"https:\/\/klinger.pt\/es\/wp-json\/wp\/v2\/pages\/23754","targetHints":{"allow":["GET"]}}],"collection":[{"href":"https:\/\/klinger.pt\/es\/wp-json\/wp\/v2\/pages"}],"about":[{"href":"https:\/\/klinger.pt\/es\/wp-json\/wp\/v2\/types\/page"}],"author":[{"embeddable":true,"href":"https:\/\/klinger.pt\/es\/wp-json\/wp\/v2\/users\/1"}],"replies":[{"embeddable":true,"href":"https:\/\/klinger.pt\/es\/wp-json\/wp\/v2\/comments?post=23754"}],"version-history":[{"count":6,"href":"https:\/\/klinger.pt\/es\/wp-json\/wp\/v2\/pages\/23754\/revisions"}],"predecessor-version":[{"id":41812,"href":"https:\/\/klinger.pt\/es\/wp-json\/wp\/v2\/pages\/23754\/revisions\/41812"}],"up":[{"embeddable":true,"href":"https:\/\/klinger.pt\/es\/wp-json\/wp\/v2\/pages\/22647"}],"wp:featuredmedia":[{"embeddable":true,"href":"https:\/\/klinger.pt\/es\/wp-json\/wp\/v2\/media\/41717"}],"wp:attachment":[{"href":"https:\/\/klinger.pt\/es\/wp-json\/wp\/v2\/media?parent=23754"}],"curies":[{"name":"wp","href":"https:\/\/api.w.org\/{rel}","templated":true}]}}