{"id":23747,"date":"2022-08-18T11:07:17","date_gmt":"2022-08-18T10:07:17","guid":{"rendered":"https:\/\/m5j0n6nk9p.onrocket.site\/?page_id=23747"},"modified":"2023-05-02T14:13:36","modified_gmt":"2023-05-02T13:13:36","slug":"modelo-khd-sgf","status":"publish","type":"page","link":"https:\/\/klinger.pt\/es\/produtos\/valvulas\/valvulas-de-esfera\/serie-khd\/modelo-khd-sgf\/","title":{"rendered":"V\u00c1LVULAS DE ESFERA SEGMENTADA KHD"},"content":{"rendered":"\n<div class=\"wp-block-columns is-layout-flex wp-container-core-columns-is-layout-9d6595d7 wp-block-columns-is-layout-flex\">\n<div class=\"wp-block-column is-layout-flow wp-block-column-is-layout-flow\" style=\"flex-basis:300px\"><div class=\"wp-block-image\">\n<figure class=\"aligncenter size-full\"><img fetchpriority=\"high\" decoding=\"async\" width=\"300\" height=\"483\" src=\"https:\/\/klinger.pt\/wp-content\/uploads\/2023\/04\/Valvula-esfera-segmentada-pag-ok.webp\" alt=\"\" class=\"wp-image-41762\" srcset=\"https:\/\/klinger.pt\/wp-content\/uploads\/2023\/04\/Valvula-esfera-segmentada-pag-ok.webp 300w, https:\/\/klinger.pt\/wp-content\/uploads\/2023\/04\/Valvula-esfera-segmentada-pag-ok-186x300.webp 186w\" sizes=\"(max-width: 300px) 100vw, 300px\" \/><\/figure>\n<\/div><\/div>\n\n\n\n<div class=\"wp-block-column is-layout-flow wp-block-column-is-layout-flow\" style=\"flex-basis:700px\">\n<h1 class=\"wp-block-heading\">V\u00c1LVULAS DE ESFERA SEGMENTADA KHD<\/h1>\n\n\n\n<p>As <strong>V\u00e1lvulas de Esfera Segmentada KHD<\/strong> s\u00e3o tamb\u00e9m conhecidas como v\u00e1lvulas de esfera de porta V. O n\u00facleo da v\u00e1lvula de esfera \u00e9 concebido com um entalhe especial em forma de V. Isto contribui para uma forte for\u00e7a de corte e um controlo preciso do fluxo.<\/p>\n\n\n\n<p>S\u00e3o comuns as v\u00e1lvulas de esfera segmentadas do tipo <strong>wafer<\/strong> e <strong>flangeadas<\/strong>.<\/p>\n\n\n\n<p>As <strong>v\u00e1lvulas de esfera flangeadas<\/strong> proporcionam um controlo eficaz das opera\u00e7\u00f5es de petr\u00f3leo e g\u00e1s. A sua principal caracter\u00edstica s\u00e3o as extremidades flangeadas que s\u00e3o aparafusadas \u00e0 tubagem de petr\u00f3leo e g\u00e1s.<\/p>\n\n\n\n<p>Uma <strong>v\u00e1lvula de esfera do tipo wafer<\/strong> \u00e9 definida como um desenho sem flange e apresentam um disco articulado em forma de aba (a bolacha) que \u00e9 utilizado para permitir e restringir o fluxo de l\u00edquido.<\/p>\n\n\n\n<p><strong>Sedes macias<\/strong>: feitas de materiais termopl\u00e1sticos, tais como PTFE. S\u00e3o ideais para aplica\u00e7\u00f5es onde a compatibilidade qu\u00edmica \u00e9 importante e onde \u00e9 essencial uma veda\u00e7\u00e3o o mais apertada poss\u00edvel. Contudo, os assentos macios n\u00e3o s\u00e3o recomendados para fluidos de processo sujos ou abrasivos. As sedes macias podem partir-se sob estas condi\u00e7\u00f5es, causando fugas na v\u00e1lvula.<\/p>\n\n\n\n<p><strong>Sedes met\u00e1licas<\/strong>: incorporam uma veda\u00e7\u00e3o metal-metal entre as sedes e a esfera do conjunto da v\u00e1lvula. Na pr\u00e1tica geral, as sedes met\u00e1licas podem resistir a um piscar extremo, choque hidr\u00e1ulico, fluido de processo abrasivo, e altas temperaturas. S\u00e3o tamb\u00e9m ideais para aplica\u00e7\u00f5es de alta eros\u00e3o ou corros\u00e3o.<\/p>\n<\/div>\n<\/div>\n\n\n\n<h5 class=\"wp-block-heading\"><a href=\"https:\/\/klinger.pt\/wp-content\/uploads\/2023\/04\/Ball-Valve_KHD-SGF_Data-Sheet-1_compressed.pdf\" target=\"_blank\" rel=\"noopener\" title=\"FICHA T\u00c9CNICA V\u00c1LVULA ESFERA SEGMENTADA KHD-SGF\/SGW (EN)\">FICHA T\u00c9CNICA V\u00c1LVULA ESFERA SEGMENTADA KHD-SGF\/SGW (EN)<\/a><\/h5>\n","protected":false},"excerpt":{"rendered":"<p>V\u00c1LVULAS DE ESFERA SEGMENTADA KHD As V\u00e1lvulas de Esfera Segmentada KHD s\u00e3o tamb\u00e9m conhecidas como v\u00e1lvulas de esfera de porta V. O n\u00facleo da v\u00e1lvula de esfera \u00e9 concebido com um entalhe especial em forma de V. Isto contribui para uma forte for\u00e7a de corte e um controlo preciso do fluxo. S\u00e3o comuns as v\u00e1lvulas [&hellip;]<\/p>\n","protected":false},"author":1,"featured_media":41760,"parent":22647,"menu_order":0,"comment_status":"closed","ping_status":"closed","template":"page-templates\/servicios.php","meta":{"_eb_attr":"","footnotes":""},"class_list":["post-23747","page","type-page","status-publish","has-post-thumbnail","hentry"],"aioseo_notices":[],"_links":{"self":[{"href":"https:\/\/klinger.pt\/es\/wp-json\/wp\/v2\/pages\/23747","targetHints":{"allow":["GET"]}}],"collection":[{"href":"https:\/\/klinger.pt\/es\/wp-json\/wp\/v2\/pages"}],"about":[{"href":"https:\/\/klinger.pt\/es\/wp-json\/wp\/v2\/types\/page"}],"author":[{"embeddable":true,"href":"https:\/\/klinger.pt\/es\/wp-json\/wp\/v2\/users\/1"}],"replies":[{"embeddable":true,"href":"https:\/\/klinger.pt\/es\/wp-json\/wp\/v2\/comments?post=23747"}],"version-history":[{"count":5,"href":"https:\/\/klinger.pt\/es\/wp-json\/wp\/v2\/pages\/23747\/revisions"}],"predecessor-version":[{"id":41967,"href":"https:\/\/klinger.pt\/es\/wp-json\/wp\/v2\/pages\/23747\/revisions\/41967"}],"up":[{"embeddable":true,"href":"https:\/\/klinger.pt\/es\/wp-json\/wp\/v2\/pages\/22647"}],"wp:featuredmedia":[{"embeddable":true,"href":"https:\/\/klinger.pt\/es\/wp-json\/wp\/v2\/media\/41760"}],"wp:attachment":[{"href":"https:\/\/klinger.pt\/es\/wp-json\/wp\/v2\/media?parent=23747"}],"curies":[{"name":"wp","href":"https:\/\/api.w.org\/{rel}","templated":true}]}}