{"id":23728,"date":"2022-08-17T13:38:14","date_gmt":"2022-08-17T12:38:14","guid":{"rendered":"https:\/\/m5j0n6nk9p.onrocket.site\/?page_id=23728"},"modified":"2023-04-26T16:30:35","modified_gmt":"2023-04-26T15:30:35","slug":"modelo-khd-31-khd-35","status":"publish","type":"page","link":"https:\/\/klinger.pt\/es\/produtos\/valvulas\/valvulas-de-esfera\/serie-khd\/modelo-khd-31-khd-35\/","title":{"rendered":"V\u00c1LVULAS DE ESFERA ROSCADAS\/SOLDADAS KHD"},"content":{"rendered":"\n<div class=\"wp-block-columns is-layout-flex wp-container-core-columns-is-layout-9d6595d7 wp-block-columns-is-layout-flex\">\n<div class=\"wp-block-column is-layout-flow wp-block-column-is-layout-flow\" style=\"flex-basis:300px\">\n<figure class=\"wp-block-image size-full\"><img fetchpriority=\"high\" decoding=\"async\" width=\"500\" height=\"483\" src=\"https:\/\/klinger.pt\/wp-content\/uploads\/2023\/04\/Roscada-soldada-pag.webp\" alt=\"\" class=\"wp-image-41658\" srcset=\"https:\/\/klinger.pt\/wp-content\/uploads\/2023\/04\/Roscada-soldada-pag.webp 500w, https:\/\/klinger.pt\/wp-content\/uploads\/2023\/04\/Roscada-soldada-pag-300x290.webp 300w\" sizes=\"(max-width: 500px) 100vw, 500px\" \/><\/figure>\n\n\n\n<figure class=\"wp-block-image size-full\"><img decoding=\"async\" width=\"834\" height=\"420\" src=\"https:\/\/klinger.pt\/wp-content\/uploads\/2023\/04\/Roscada-soldada-opcoes-pag.webp\" alt=\"\" class=\"wp-image-41660\" srcset=\"https:\/\/klinger.pt\/wp-content\/uploads\/2023\/04\/Roscada-soldada-opcoes-pag.webp 834w, https:\/\/klinger.pt\/wp-content\/uploads\/2023\/04\/Roscada-soldada-opcoes-pag-300x151.webp 300w, https:\/\/klinger.pt\/wp-content\/uploads\/2023\/04\/Roscada-soldada-opcoes-pag-768x387.webp 768w\" sizes=\"(max-width: 834px) 100vw, 834px\" \/><\/figure>\n<\/div>\n\n\n\n<div class=\"wp-block-column is-layout-flow wp-block-column-is-layout-flow\" style=\"flex-basis:700px\">\n<h1 class=\"wp-block-heading\">V\u00c1LVULAS DE ESFERA ROSCADAS\/SOLDADAS KHD<\/h1>\n\n\n\n<p>Uma v\u00e1lvula de esfera de soldadura topo a topo cont\u00e9m uma conex\u00e3o do tamanho de uma soldadura topo a topo para conex\u00e3o de entrada e sa\u00edda. A v\u00e1lvula com conex\u00e3o de extremidade de soldadura topo a topo assegura a aus\u00eancia de fugas acidentais.<\/p>\n\n\n\n<p>As v\u00e1lvulas de esfera roscadas cont\u00eam roscas internas e externas para facilitar as conex\u00f5es de entrada e sa\u00edda. <\/p>\n\n\n\n<p>Em geral, as sedes macias s\u00e3o feitas de materiais termopl\u00e1sticos, tais como PTFE. S\u00e3o ideais para aplica\u00e7\u00f5es onde a compatibilidade qu\u00edmica \u00e9 importante e onde \u00e9 essencial uma veda\u00e7\u00e3o o mais apertada poss\u00edvel. Contudo, os assentos macios n\u00e3o s\u00e3o recomendados para fluidos de processo sujos ou abrasivos. As sedes macias podem partir-se sob estas condi\u00e7\u00f5es, causando fugas na v\u00e1lvula.<\/p>\n\n\n\n<p>Uma v\u00e1lvula de tipo bloco tem a capacidade de bloquear o movimento em uma ou mais dire\u00e7\u00f5es. Na pr\u00e1tica, uma v\u00e1lvula de bloco pode impedir o movimento ou permitir que o movimento aconte\u00e7a sem restri\u00e7\u00f5es.<\/p>\n\n\n\n<p>As v\u00e1lvulas de esfera com seguran\u00e7a contra inc\u00eandio s\u00e3o concebidas para minimizar emiss\u00f5es fugitivas e fugas a jusante quando expostas a altas temperaturas durante os inc\u00eandios. Diferenciam-se de outras v\u00e1lvulas de esfera industriais por permanecerem operacionais, ou pelo menos falharem de forma previs\u00edvel, quando expostas a temperaturas elevadas.<\/p>\n<\/div>\n<\/div>\n\n\n\n<h5 class=\"wp-block-heading\"><a href=\"https:\/\/klinger.pt\/wp-content\/uploads\/2023\/04\/Ball-Valve_KHD-11_Data-Sheet.pdf\" target=\"_blank\" rel=\"noopener\" title=\"FICHA T\u00c9CNICA V\u00c1LVULA DE ESFERA ROSCADA\/SOLDADA KHD-11 (EN)\">FICHA T\u00c9CNICA V\u00c1LVULA DE ESFERA ROSCADA\/SOLDADA KHD-11 (EN)<\/a><\/h5>\n\n\n\n<h5 class=\"wp-block-heading\"><a href=\"https:\/\/klinger.pt\/wp-content\/uploads\/2023\/04\/Ball-Valve_KHD-15_Data-Sheet.pdf\" target=\"_blank\" rel=\"noopener\" title=\"FICHA T\u00c9CNICA V\u00c1LVULA DE ESFERA ROSCADA\/SOLDADA KHD-15 (EN)\">FICHA T\u00c9CNICA V\u00c1LVULA DE ESFERA ROSCADA\/SOLDADA KHD-15 (EN)<\/a><\/h5>\n\n\n\n<h5 class=\"wp-block-heading\"><a href=\"https:\/\/klinger.pt\/wp-content\/uploads\/2023\/04\/Ball-Valve_KHD-21E_Data-Sheet.pdf\" target=\"_blank\" rel=\"noopener\" title=\"FICHA T\u00c9CNICA V\u00c1LVULA DE ESFERA ROSCADA\/SOLDADA KHD-21E (EN)\">FICHA T\u00c9CNICA V\u00c1LVULA DE ESFERA ROSCADA\/SOLDADA KHD-21E (EN)<\/a><\/h5>\n\n\n\n<h5 class=\"wp-block-heading\"><a href=\"https:\/\/klinger.pt\/wp-content\/uploads\/2023\/04\/Ball-Valve_KHD-25_Data-Sheet.pdf\" target=\"_blank\" rel=\"noopener\" title=\"FICHA T\u00c9CNICA V\u00c1LVULA DE ESFERA ROSCADA\/SOLDADA KHD-25 (EN)\">FICHA T\u00c9CNICA V\u00c1LVULA DE ESFERA ROSCADA\/SOLDADA KHD-25 (EN)<\/a><\/h5>\n\n\n\n<h5 class=\"wp-block-heading\"><a href=\"https:\/\/klinger.pt\/wp-content\/uploads\/2023\/04\/Ball-Valve_KHD-31_Data-Sheet_compressed.pdf\" target=\"_blank\" rel=\"noopener\" title=\"FICHA T\u00c9CNICA V\u00c1LVULA DE ESFERA ROSCADA\/SOLDADA KHD-31 (EN)\">FICHA T\u00c9CNICA V\u00c1LVULA DE ESFERA ROSCADA\/SOLDADA KHD-31 (EN)<\/a><\/h5>\n\n\n\n<h5 class=\"wp-block-heading\"><a href=\"https:\/\/klinger.pt\/wp-content\/uploads\/2023\/04\/Ball-Valve_KHD-35_Data-Sheet_compressed.pdf\" target=\"_blank\" rel=\"noopener\" title=\"FICHA T\u00c9CNICA V\u00c1LVULA DE ESFERA ROSCADA\/SOLDADA KHD-35 (EN)\">FICHA T\u00c9CNICA V\u00c1LVULA DE ESFERA ROSCADA\/SOLDADA KHD-35 (EN)<\/a><\/h5>\n\n\n\n<h5 class=\"wp-block-heading\"><a href=\"https:\/\/klinger.pt\/wp-content\/uploads\/2023\/04\/Ball-Valve_KHD-FSB_Data-Sheet-1_compressed-1.pdf\" target=\"_blank\" rel=\"noopener\" title=\"FICHAS T\u00c9CNICAS V\u00c1LVULAS DE ESFERA ROSCADA\/SOLDADA KHD-FSB (EN)\">FICHAS T\u00c9CNICAS V\u00c1LVULAS DE ESFERA ROSCADA\/SOLDADA KHD-FSB (EN)<\/a><\/h5>\n\n\n\n<h5 class=\"wp-block-heading\"><a href=\"https:\/\/klinger.pt\/wp-content\/uploads\/2023\/04\/Ball-Valve_KHD-M4_Data-Sheet_compressed.pdf\" target=\"_blank\" rel=\"noopener\" title=\"FICHA T\u00c9CNICA V\u00c1LVULA DE ESFERA ROSCADA\/SOLDADA KHD-M4 (EN)\">FICHA T\u00c9CNICA V\u00c1LVULA DE ESFERA ROSCADA\/SOLDADA KHD-M4 (EN)<\/a><\/h5>\n","protected":false},"excerpt":{"rendered":"<p>V\u00c1LVULAS DE ESFERA ROSCADAS\/SOLDADAS KHD Uma v\u00e1lvula de esfera de soldadura topo a topo cont\u00e9m uma conex\u00e3o do tamanho de uma soldadura topo a topo para conex\u00e3o de entrada e sa\u00edda. A v\u00e1lvula com conex\u00e3o de extremidade de soldadura topo a topo assegura a aus\u00eancia de fugas acidentais. As v\u00e1lvulas de esfera roscadas cont\u00eam roscas [&hellip;]<\/p>\n","protected":false},"author":1,"featured_media":41721,"parent":22647,"menu_order":0,"comment_status":"closed","ping_status":"closed","template":"page-templates\/servicios.php","meta":{"_eb_attr":"","footnotes":""},"class_list":["post-23728","page","type-page","status-publish","has-post-thumbnail","hentry"],"aioseo_notices":[],"_links":{"self":[{"href":"https:\/\/klinger.pt\/es\/wp-json\/wp\/v2\/pages\/23728","targetHints":{"allow":["GET"]}}],"collection":[{"href":"https:\/\/klinger.pt\/es\/wp-json\/wp\/v2\/pages"}],"about":[{"href":"https:\/\/klinger.pt\/es\/wp-json\/wp\/v2\/types\/page"}],"author":[{"embeddable":true,"href":"https:\/\/klinger.pt\/es\/wp-json\/wp\/v2\/users\/1"}],"replies":[{"embeddable":true,"href":"https:\/\/klinger.pt\/es\/wp-json\/wp\/v2\/comments?post=23728"}],"version-history":[{"count":5,"href":"https:\/\/klinger.pt\/es\/wp-json\/wp\/v2\/pages\/23728\/revisions"}],"predecessor-version":[{"id":41675,"href":"https:\/\/klinger.pt\/es\/wp-json\/wp\/v2\/pages\/23728\/revisions\/41675"}],"up":[{"embeddable":true,"href":"https:\/\/klinger.pt\/es\/wp-json\/wp\/v2\/pages\/22647"}],"wp:featuredmedia":[{"embeddable":true,"href":"https:\/\/klinger.pt\/es\/wp-json\/wp\/v2\/media\/41721"}],"wp:attachment":[{"href":"https:\/\/klinger.pt\/es\/wp-json\/wp\/v2\/media?parent=23728"}],"curies":[{"name":"wp","href":"https:\/\/api.w.org\/{rel}","templated":true}]}}