{"id":23713,"date":"2022-08-17T13:24:46","date_gmt":"2022-08-17T12:24:46","guid":{"rendered":"https:\/\/m5j0n6nk9p.onrocket.site\/?page_id=23713"},"modified":"2023-04-27T10:15:55","modified_gmt":"2023-04-27T09:15:55","slug":"modelo-khd-2e-khd-2f-khd-2d","status":"publish","type":"page","link":"https:\/\/klinger.pt\/es\/produtos\/valvulas\/valvulas-de-esfera\/serie-khd\/modelo-khd-2e-khd-2f-khd-2d\/","title":{"rendered":"V\u00c1LVULAS DE ESFERA FLANGEADAS KHD"},"content":{"rendered":"\n<div class=\"wp-block-columns is-layout-flex wp-container-core-columns-is-layout-9d6595d7 wp-block-columns-is-layout-flex\">\n<div class=\"wp-block-column is-layout-flow wp-block-column-is-layout-flow\" style=\"flex-basis:300px\"><div class=\"wp-block-image\">\n<figure class=\"aligncenter size-full\"><img fetchpriority=\"high\" decoding=\"async\" width=\"480\" height=\"483\" src=\"https:\/\/klinger.pt\/wp-content\/uploads\/2023\/04\/KHD-FSB2D-pag.webp\" alt=\"\" class=\"wp-image-41738\" srcset=\"https:\/\/klinger.pt\/wp-content\/uploads\/2023\/04\/KHD-FSB2D-pag.webp 480w, https:\/\/klinger.pt\/wp-content\/uploads\/2023\/04\/KHD-FSB2D-pag-298x300.webp 298w, https:\/\/klinger.pt\/wp-content\/uploads\/2023\/04\/KHD-FSB2D-pag-150x150.webp 150w\" sizes=\"(max-width: 480px) 100vw, 480px\" \/><\/figure>\n<\/div>\n\n\n<figure class=\"wp-block-gallery has-nested-images columns-default is-cropped wp-block-gallery-1 is-layout-flex wp-block-gallery-is-layout-flex\">\n<figure class=\"wp-block-image size-full\"><img decoding=\"async\" width=\"834\" height=\"420\" data-id=\"41740\" src=\"https:\/\/klinger.pt\/wp-content\/uploads\/2023\/04\/QUADRO-KHD-ESFERA-FLANGEADA.webp\" alt=\"\" class=\"wp-image-41740\" srcset=\"https:\/\/klinger.pt\/wp-content\/uploads\/2023\/04\/QUADRO-KHD-ESFERA-FLANGEADA.webp 834w, https:\/\/klinger.pt\/wp-content\/uploads\/2023\/04\/QUADRO-KHD-ESFERA-FLANGEADA-300x151.webp 300w, https:\/\/klinger.pt\/wp-content\/uploads\/2023\/04\/QUADRO-KHD-ESFERA-FLANGEADA-768x387.webp 768w\" sizes=\"(max-width: 834px) 100vw, 834px\" \/><\/figure>\n<\/figure>\n<\/div>\n\n\n\n<div class=\"wp-block-column is-layout-flow wp-block-column-is-layout-flow\" style=\"flex-basis:700px\">\n<h1 class=\"wp-block-heading\">V\u00c1LVULAS DE ESFERA FLANGEADAS KHD<\/h1>\n\n\n\n<p>As v\u00e1lvulas de esfera flangeadas KHD proporcionam um controlo eficaz das opera\u00e7\u00f5es de petr\u00f3leo e g\u00e1s. A sua caracter\u00edstica s\u00e3o as extremidades flangeadas que s\u00e3o aparafusadas \u00e0 tubagem de petr\u00f3leo e g\u00e1s.<\/p>\n\n\n\n<p>Em geral, as sedes met\u00e1licas incorporam uma veda\u00e7\u00e3o metal-metal entre as sedes e a esfera do conjunto de v\u00e1lvulas. Na pr\u00e1tica geral, as sedes met\u00e1licas podem resistir a um piscar extremo, choque hidr\u00e1ulico, fluido de processo abrasivo, e altas temperaturas. S\u00e3o tamb\u00e9m ideais para aplica\u00e7\u00f5es de alta eros\u00e3o ou corros\u00e3o.<\/p>\n\n\n\n<p>J\u00e1 os assentos macios s\u00e3o feitos de materiais termopl\u00e1sticos como o PTFE. S\u00e3o ideais para aplica\u00e7\u00f5es onde a compatibilidade qu\u00edmica \u00e9 importante e onde a veda\u00e7\u00e3o o mais apertada poss\u00edvel \u00e9 essencial.<br>Contudo, os assentos macios n\u00e3o s\u00e3o recomendados para fluidos de processo sujos ou abrasivos. As sedes macias podem partir-se sob estas condi\u00e7\u00f5es, causando fugas na v\u00e1lvula.<\/p>\n<\/div>\n<\/div>\n\n\n\n<h5 class=\"wp-block-heading\"><a href=\"https:\/\/klinger.pt\/wp-content\/uploads\/2023\/04\/Ball-Valve_KHD-1DF_Data-Sheet.pdf\" target=\"_blank\" rel=\"noopener\" title=\"FICHA T\u00c9CNICA V\u00c1LVULA DE ESFERA FLANGEADA KHD-1DF (EN)\">FICHA T\u00c9CNICA V\u00c1LVULA DE ESFERA FLANGEADA KHD-1DF (EN)<\/a><\/h5>\n\n\n\n<h5 class=\"wp-block-heading\"><a href=\"https:\/\/klinger.pt\/wp-content\/uploads\/2023\/04\/Ball-Valve_KHD-1F_Data-Sheet.pdf\" target=\"_blank\" rel=\"noopener\" title=\"FICHA T\u00c9CNICA V\u00c1LVULA DE ESFERA FLANGEADA KHD-1F (EN)\">FICHA T\u00c9CNICA V\u00c1LVULA DE ESFERA FLANGEADA KHD-1F (EN)<\/a> <\/h5>\n\n\n\n<h5 class=\"wp-block-heading\"><a href=\"https:\/\/klinger.pt\/wp-content\/uploads\/2023\/04\/Ball-Valve_KHD-2D_Data-Sheet_compressed.pdf\" target=\"_blank\" rel=\"noopener\" title=\"FICHA T\u00c9CNICA V\u00c1LVULA DE ESFERA FLANGEADA KHD-2D (EN)\">FICHA T\u00c9CNICA V\u00c1LVULA DE ESFERA FLANGEADA KHD-2D (EN)<\/a><\/h5>\n\n\n\n<h5 class=\"wp-block-heading\"><a href=\"https:\/\/klinger.pt\/wp-content\/uploads\/2023\/04\/Ball-Valve_KHD-2E_Data-Sheet.pdf\" target=\"_blank\" rel=\"noopener\" title=\"FICHA T\u00c9CNICA V\u00c1LVULA DE ESFERA FLANGEADA KHD-2E (EN)\">FICHA T\u00c9CNICA V\u00c1LVULA DE ESFERA FLANGEADA KHD-2E (EN)<\/a><\/h5>\n\n\n\n<h5 class=\"wp-block-heading\"><a href=\"https:\/\/klinger.pt\/wp-content\/uploads\/2023\/04\/Ball-Valve_KHD-2F_Data-Sheet_compressed.pdf\" target=\"_blank\" rel=\"noopener\" title=\"FICHA T\u00c9CNICA V\u00c1LVULA DE ESFERA FLANGEADA KHD-2F (EN)\">FICHA T\u00c9CNICA V\u00c1LVULA DE ESFERA FLANGEADA KHD-2F (EN)<\/a><\/h5>\n\n\n\n<h5 class=\"wp-block-heading\"><a href=\"https:\/\/klinger.pt\/wp-content\/uploads\/2023\/04\/Ball-Valve_KHD-FSB_Data-Sheet-1_compressed.pdf\" target=\"_blank\" rel=\"noopener\" title=\"FICHA T\u00c9CNICA V\u00c1LVULA DE ESFERA FLANGEADA KHD-FSB2D (EN)\">FICHA T\u00c9CNICA V\u00c1LVULA DE ESFERA FLANGEADA KHD-FSB2D (EN)<\/a><\/h5>\n\n\n\n<h5 class=\"wp-block-heading\"><a href=\"https:\/\/klinger.pt\/wp-content\/uploads\/2023\/04\/Ball-Valve_KHD-M4F_Data-Sheet_compressed.pdf\" target=\"_blank\" rel=\"noopener\" title=\"FICHA T\u00c9CNICA V\u00c1LVULA DE ESFERA FLANGEADA KHD-M4F (EN)\">FICHA T\u00c9CNICA V\u00c1LVULA DE ESFERA FLANGEADA KHD-M4F (EN)<\/a><\/h5>\n\n\n\n<h5 class=\"wp-block-heading\"><a href=\"https:\/\/klinger.pt\/wp-content\/uploads\/2023\/04\/Ball-Valve_KHD-MS2D_Data-Sheet_compressed.pdf\" target=\"_blank\" rel=\"noopener\" title=\"FICHA T\u00c9CNICA V\u00c1LVULA DE ESFERA FLANGEADA KHD-MS2D (EN)\">FICHA T\u00c9CNICA V\u00c1LVULA DE ESFERA FLANGEADA KHD-MS2D (EN)<\/a><\/h5>\n","protected":false},"excerpt":{"rendered":"<p>V\u00c1LVULAS DE ESFERA FLANGEADAS KHD As v\u00e1lvulas de esfera flangeadas KHD proporcionam um controlo eficaz das opera\u00e7\u00f5es de petr\u00f3leo e g\u00e1s. A sua caracter\u00edstica s\u00e3o as extremidades flangeadas que s\u00e3o aparafusadas \u00e0 tubagem de petr\u00f3leo e g\u00e1s. Em geral, as sedes met\u00e1licas incorporam uma veda\u00e7\u00e3o metal-metal entre as sedes e a esfera do conjunto de [&hellip;]<\/p>\n","protected":false},"author":1,"featured_media":41743,"parent":22647,"menu_order":0,"comment_status":"closed","ping_status":"closed","template":"page-templates\/servicios.php","meta":{"_eb_attr":"","footnotes":""},"class_list":["post-23713","page","type-page","status-publish","has-post-thumbnail","hentry"],"aioseo_notices":[],"_links":{"self":[{"href":"https:\/\/klinger.pt\/es\/wp-json\/wp\/v2\/pages\/23713","targetHints":{"allow":["GET"]}}],"collection":[{"href":"https:\/\/klinger.pt\/es\/wp-json\/wp\/v2\/pages"}],"about":[{"href":"https:\/\/klinger.pt\/es\/wp-json\/wp\/v2\/types\/page"}],"author":[{"embeddable":true,"href":"https:\/\/klinger.pt\/es\/wp-json\/wp\/v2\/users\/1"}],"replies":[{"embeddable":true,"href":"https:\/\/klinger.pt\/es\/wp-json\/wp\/v2\/comments?post=23713"}],"version-history":[{"count":5,"href":"https:\/\/klinger.pt\/es\/wp-json\/wp\/v2\/pages\/23713\/revisions"}],"predecessor-version":[{"id":41742,"href":"https:\/\/klinger.pt\/es\/wp-json\/wp\/v2\/pages\/23713\/revisions\/41742"}],"up":[{"embeddable":true,"href":"https:\/\/klinger.pt\/es\/wp-json\/wp\/v2\/pages\/22647"}],"wp:featuredmedia":[{"embeddable":true,"href":"https:\/\/klinger.pt\/es\/wp-json\/wp\/v2\/media\/41743"}],"wp:attachment":[{"href":"https:\/\/klinger.pt\/es\/wp-json\/wp\/v2\/media?parent=23713"}],"curies":[{"name":"wp","href":"https:\/\/api.w.org\/{rel}","templated":true}]}}