{"id":23707,"date":"2022-08-17T13:18:29","date_gmt":"2022-08-17T12:18:29","guid":{"rendered":"https:\/\/m5j0n6nk9p.onrocket.site\/?page_id=23707"},"modified":"2023-05-09T08:32:10","modified_gmt":"2023-05-09T07:32:10","slug":"retencoes-de-mare","status":"publish","type":"page","link":"https:\/\/klinger.pt\/es\/produtos\/valvulas\/valvulas-especiais-aplicacoes-em-aguas\/retencoes-de-mare\/","title":{"rendered":"V\u00c1LVULAS RETEN\u00c7\u00c3O DE MAR\u00c9"},"content":{"rendered":"\n<h1 class=\"wp-block-heading\">V\u00c1LVULAS RETEN\u00c7\u00c3O DE MAR\u00c9<\/h1>\n\n\n\n<p>V\u00e1lvulas reten\u00e7\u00e3o de mar\u00e9: comporta circular, quadrada e retangular e v\u00e1lvulas de reten\u00e7\u00e3o bico de pato. Tratamento de esgoto, emiss\u00e1rios e opera\u00e7\u00f5es de mar\u00e9.<\/p>\n\n\n\n<div class=\"wp-block-group\"><div class=\"wp-block-group__inner-container is-layout-constrained wp-block-group-is-layout-constrained\">\n<div class=\"wp-block-columns is-layout-flex wp-container-core-columns-is-layout-9d6595d7 wp-block-columns-is-layout-flex\">\n<div class=\"wp-block-column is-layout-flow wp-block-column-is-layout-flow\" style=\"flex-basis:300px\"><div class=\"wp-block-image\">\n<figure class=\"aligncenter size-full\"><img fetchpriority=\"high\" decoding=\"async\" width=\"375\" height=\"375\" src=\"https:\/\/klinger.pt\/wp-content\/uploads\/2022\/11\/comportaretencaocircular.gif\" alt=\"V\u00c1LVULAS RETEN\u00c7\u00c3O DE MAR\u00c9\" class=\"wp-image-32658\"\/><\/figure>\n<\/div><\/div>\n\n\n\n<div class=\"wp-block-column is-layout-flow wp-block-column-is-layout-flow\" style=\"flex-basis:700px\">\n<h2 class=\"wp-block-heading\">COMPORTA RETEN\u00c7\u00c3O CIRCULAR OU RETANGULAR<\/h2>\n\n\n\n<p>Comporta Reten\u00e7\u00e3o Circular ou Retangular, de montagem em parede ou flange, destinada a evitar o retorno do fluxo, utilizada como reten\u00e7\u00e3o fim de linha. V\u00e1lvula flap.<br>Constru\u00e7\u00e3o mecanosoldada em a\u00e7o inoxid\u00e1vel ou carbono com fechamento estanque, mediante junta de elastom\u00e9rica.<br>Ampla possibilidade de fabrica\u00e7\u00e3o de medidas e cargas de \u00e1gua.<br>Possibilidade de incorporar contrapeso para regulagem do equil\u00edbrio do ponto de abertura.<\/p>\n\n\n\n<h5 class=\"wp-block-heading\"><a href=\"https:\/\/klinger.pt\/wp-content\/uploads\/2023\/05\/Ficha-Tecnica-Comporta-Retencao-Circular-1.pdf\" target=\"_blank\" rel=\"noopener\" title=\"\">FICHA T\u00c9CNICA COMPORTA RETEN\u00c7\u00c3O CIRCULAR (PT)<\/a><\/h5>\n\n\n\n<h5 class=\"wp-block-heading\"><a href=\"https:\/\/klinger.pt\/wp-content\/uploads\/2023\/05\/Ficha-Tecnica-Comporta-Retencao-Retangular-1.pdf\" target=\"_blank\" rel=\"noopener\" title=\"\">FICHA T\u00c9CNICA COMPORTA RETEN\u00c7\u00c3O RETANGULAR (PT)<\/a><\/h5>\n<\/div>\n<\/div>\n\n\n\n<div style=\"height:50px\" aria-hidden=\"true\" class=\"wp-block-spacer\"><\/div>\n<\/div><\/div>\n\n\n\n<div class=\"wp-block-group\"><div class=\"wp-block-group__inner-container is-layout-constrained wp-block-group-is-layout-constrained\">\n<div class=\"wp-block-columns is-layout-flex wp-container-core-columns-is-layout-9d6595d7 wp-block-columns-is-layout-flex\">\n<div class=\"wp-block-column is-layout-flow wp-block-column-is-layout-flow\" style=\"flex-basis:300px\">\n<figure class=\"wp-block-image size-full\"><img decoding=\"async\" width=\"375\" height=\"750\" src=\"https:\/\/klinger.pt\/wp-content\/uploads\/2023\/05\/Bico-de-pato-pag.webp\" alt=\"V\u00c1LVULAS RETEN\u00c7\u00c3O DE MAR\u00c9\" class=\"wp-image-42457\" srcset=\"https:\/\/klinger.pt\/wp-content\/uploads\/2023\/05\/Bico-de-pato-pag.webp 375w, https:\/\/klinger.pt\/wp-content\/uploads\/2023\/05\/Bico-de-pato-pag-150x300.webp 150w\" sizes=\"(max-width: 375px) 100vw, 375px\" \/><\/figure>\n<\/div>\n\n\n\n<div class=\"wp-block-column is-layout-flow wp-block-column-is-layout-flow\" style=\"flex-basis:700px\">\n<h2 class=\"wp-block-heading\">V\u00c1LVULAS DE RETEN\u00c7\u00c3O BICO DE PATO<\/h2>\n\n\n\n<p>As v\u00e1lvulas de reten\u00e7\u00e3o bico de pato de borracha PROCO S\u00e9rie 700 <em>ProFlex<\/em> s\u00e3o projetadas especificamente para uso em esta\u00e7\u00f5es de tratamento de esgoto, emiss\u00e1rios e opera\u00e7\u00f5es de mar\u00e9. Elas s\u00e3o uma solu\u00e7\u00e3o econ\u00f4mica para controlar contrapress\u00f5es e s\u00e3o um dispositivo de fluxo totalmente passivo, sem necessidade de manuten\u00e7\u00e3o, fontes externas de energia ou assist\u00eancia manual para operar.<\/p>\n\n\n\n<p>Estas v\u00e1lvulas de reten\u00e7\u00e3o bico de pato de borracha s\u00e3o recomendadas como substitui\u00e7\u00f5es diretas para v\u00e1lvulas de reten\u00e7\u00e3o ineficazes e sujeitas a manuten\u00e7\u00e3o, conhecidas por agarrar, enferrujar ou emperrar em posi\u00e7\u00f5es indesejadas. As v\u00e1lvulas de reten\u00e7\u00e3o bico de pato de borracha <em>ProFlex<\/em> S\u00e9rie 700 lidam com grandes obstru\u00e7\u00f5es sem emperrar ou ter port\u00f5es girat\u00f3rios abertos.<\/p>\n\n\n\n<p>Nossas v\u00e1lvulas fornecem prote\u00e7\u00e3o contra refluxo contra ocorr\u00eancias, incluindo:<\/p>\n\n\n\n<p><strong>\u00bb<\/strong> Lamas de esgoto<br><strong>\u00bb<\/strong> Emiss\u00e1rios para frentes oce\u00e2nicas de chuvas fortes<br><strong>\u00bb<\/strong> Eros\u00e3o da terra devido a condi\u00e7\u00f5es de refluxo<br><strong>\u00bb<\/strong> Invas\u00e3o de \u00e1gua salgada para lagoa de \u00e1gua doce<\/p>\n\n\n\n<h3 class=\"wp-block-heading has-medium-font-size\">V\u00e1lvulas de reten\u00e7\u00e3o bico de pato Proco Style 710\/711 Pro Flex:<\/h3>\n\n\n\n<p>V\u00e1lvulas de reten\u00e7\u00e3o flangeadas. Projetadas para serem aparafusadas diretamente em flanges existentes ou em novas instala\u00e7\u00f5es. As flanges s\u00e3o perfurados de acordo com a norma ANSI 125\/150#. Outros padr\u00f5es de perfura\u00e7\u00e3o tamb\u00e9m est\u00e3o dispon\u00edveis mediante solicita\u00e7\u00e3o. Pode ser instalado em aplica\u00e7\u00f5es verticais ou horizontais. O modelo 711 foi projetado para utiliza\u00e7\u00e3o onde a sa\u00edda invertida do tubo est\u00e1 pr\u00f3xima ao piso do bueiro ou emiss\u00e1rio.<\/p>\n\n\n\n<h3 class=\"wp-block-heading has-medium-font-size\">V\u00e1lvulas de reten\u00e7\u00e3o bico de pato Proco Style 730\/731 Pro Flex:<\/h3>\n\n\n\n<p>V\u00e1lvulas de reten\u00e7\u00e3o em manga. Projetadas para deslizar facilmente sobre um tubo existente e afixado com bra\u00e7adeiras de a\u00e7o inoxid\u00e1vel resistentes. Pode ser instalado em uma aplica\u00e7\u00e3o vertical ou horizontal. O modelo 731 foi projetado para utiliza\u00e7\u00e3o onde a sa\u00edda invertida do tubo est\u00e1 pr\u00f3xima ao piso do bueiro ou emiss\u00e1rio.<\/p>\n\n\n\n<h3 class=\"wp-block-heading has-medium-font-size\">V\u00e1lvulas de reten\u00e7\u00e3o bico de pato Proco Style 720 Pro Flex:<\/h3>\n\n\n\n<p>Flangeado em linha. Projetado para caber diretamente dentro de um tubo. Flange de face plana que permite a instala\u00e7\u00e3o<br>entre flanges de tubos existentes, eliminando a necessidade de um corpo de v\u00e1lvula. As flanges s\u00e3o perfurados de acordo com a norma ANSI 125\/150#. Outros padr\u00f5es de perfura\u00e7\u00e3o tamb\u00e9m est\u00e3o dispon\u00edveis mediante solicita\u00e7\u00e3o.<\/p>\n\n\n\n<h3 class=\"wp-block-heading has-medium-font-size\">V\u00e1lvulas de reten\u00e7\u00e3o bico de pato Proco Style 740 Pro Flex:<\/h3>\n\n\n\n<p>Projetado para deslizar diretamente dentro de um tubo. Fornecido com uma bra\u00e7adeira expans\u00edvel de a\u00e7o inoxid\u00e1vel para fix\u00e1-lo no lugar.<\/p>\n\n\n\n<h5 class=\"wp-block-heading\"><a href=\"https:\/\/klinger.pt\/wp-content\/uploads\/2022\/12\/Catalogo-Proco_compressed.pdf\" target=\"_blank\" rel=\"noopener\" title=\"\">CAT\u00c1LOGO V\u00c1LVULAS DE RETEN\u00c7\u00c3O PROCO (pdf)<\/a><\/h5>\n\n\n\n<h5 class=\"wp-block-heading\"><a href=\"https:\/\/klinger.pt\/wp-content\/uploads\/2022\/12\/Ficha-tecnica-Proco-710_compressed.pdf\" target=\"_blank\" rel=\"noopener\" title=\"\">FICHA T\u00c9CNICA PROCO 710 (pdf)<\/a><\/h5>\n\n\n\n<h5 class=\"wp-block-heading\"><a href=\"https:\/\/klinger.pt\/wp-content\/uploads\/2022\/12\/Ficha-tecnica-Proco-711_compressed.pdf\" target=\"_blank\" rel=\"noopener\" title=\"\">FICHA T\u00c9CNICA PROCO 711 (pdf)<\/a><\/h5>\n\n\n\n<h5 class=\"wp-block-heading\"><a href=\"https:\/\/klinger.pt\/wp-content\/uploads\/2022\/12\/Ficha-tecnica-Proco-720_compressed.pdf\" target=\"_blank\" rel=\"noopener\" title=\"\">FICHA T\u00c9CNICA PROCO 720 (pdf)<\/a><\/h5>\n\n\n\n<h5 class=\"wp-block-heading\"><a href=\"https:\/\/klinger.pt\/wp-content\/uploads\/2022\/12\/Ficha-tecnica-Proco-730_compressed.pdf\" target=\"_blank\" rel=\"noopener\" title=\"\">FICHA T\u00c9CNICA PROCO 730 (pdf)<\/a><\/h5>\n\n\n\n<h5 class=\"wp-block-heading\"><a href=\"https:\/\/klinger.pt\/wp-content\/uploads\/2022\/12\/Ficha-tecnica-Proco-731_compressed.pdf\" target=\"_blank\" rel=\"noopener\" title=\"\">FICHA T\u00c9CNICA PROCO 731 (pdf)<\/a><\/h5>\n\n\n\n<h5 class=\"wp-block-heading\"><a href=\"https:\/\/klinger.pt\/wp-content\/uploads\/2022\/12\/Ficha-tecnica-Proco-740_compressed.pdf\" target=\"_blank\" rel=\"noopener\" title=\"\">FICHA T\u00c9CNICA PROCO 740 (pdf)<\/a><\/h5>\n<\/div>\n<\/div>\n<\/div><\/div>\n","protected":false},"excerpt":{"rendered":"<p>V\u00c1LVULAS RETEN\u00c7\u00c3O DE MAR\u00c9 V\u00e1lvulas reten\u00e7\u00e3o de mar\u00e9: comporta circular, quadrada e retangular e v\u00e1lvulas de reten\u00e7\u00e3o bico de pato. Tratamento de esgoto, emiss\u00e1rios e opera\u00e7\u00f5es de mar\u00e9. COMPORTA RETEN\u00c7\u00c3O CIRCULAR OU RETANGULAR Comporta Reten\u00e7\u00e3o Circular ou Retangular, de montagem em parede ou flange, destinada a evitar o retorno do fluxo, utilizada como reten\u00e7\u00e3o fim [&hellip;]<\/p>\n","protected":false},"author":1,"featured_media":0,"parent":41275,"menu_order":0,"comment_status":"closed","ping_status":"closed","template":"page-templates\/servicios.php","meta":{"_eb_attr":"","footnotes":""},"class_list":["post-23707","page","type-page","status-publish","hentry"],"aioseo_notices":[],"_links":{"self":[{"href":"https:\/\/klinger.pt\/es\/wp-json\/wp\/v2\/pages\/23707","targetHints":{"allow":["GET"]}}],"collection":[{"href":"https:\/\/klinger.pt\/es\/wp-json\/wp\/v2\/pages"}],"about":[{"href":"https:\/\/klinger.pt\/es\/wp-json\/wp\/v2\/types\/page"}],"author":[{"embeddable":true,"href":"https:\/\/klinger.pt\/es\/wp-json\/wp\/v2\/users\/1"}],"replies":[{"embeddable":true,"href":"https:\/\/klinger.pt\/es\/wp-json\/wp\/v2\/comments?post=23707"}],"version-history":[{"count":27,"href":"https:\/\/klinger.pt\/es\/wp-json\/wp\/v2\/pages\/23707\/revisions"}],"predecessor-version":[{"id":42467,"href":"https:\/\/klinger.pt\/es\/wp-json\/wp\/v2\/pages\/23707\/revisions\/42467"}],"up":[{"embeddable":true,"href":"https:\/\/klinger.pt\/es\/wp-json\/wp\/v2\/pages\/41275"}],"wp:attachment":[{"href":"https:\/\/klinger.pt\/es\/wp-json\/wp\/v2\/media?parent=23707"}],"curies":[{"name":"wp","href":"https:\/\/api.w.org\/{rel}","templated":true}]}}