{"id":23699,"date":"2022-08-17T12:58:30","date_gmt":"2022-08-17T11:58:30","guid":{"rendered":"https:\/\/m5j0n6nk9p.onrocket.site\/?page_id=23699"},"modified":"2024-01-16T11:26:54","modified_gmt":"2024-01-16T11:26:54","slug":"modelo-khe","status":"publish","type":"page","link":"https:\/\/klinger.pt\/es\/produtos\/valvulas\/valvulas-de-esfera\/serie-ballostar\/modelo-khe\/","title":{"rendered":"V\u00c1LVULAS DE CORPO BIPARTIDO"},"content":{"rendered":"\n<div class=\"wp-block-columns is-layout-flex wp-container-core-columns-is-layout-9d6595d7 wp-block-columns-is-layout-flex\">\n<div class=\"wp-block-column is-layout-flow wp-block-column-is-layout-flow\" style=\"flex-basis:400px\">\n<figure class=\"wp-block-image size-large is-resized\"><img fetchpriority=\"high\" decoding=\"async\" width=\"1024\" height=\"812\" src=\"https:\/\/klinger.pt\/wp-content\/uploads\/2022\/07\/KHE-Basic-1024x812.png\" alt=\"V\u00c1LVULAS DE CORPO BIPARTIDO\" class=\"wp-image-22774\" srcset=\"https:\/\/klinger.pt\/wp-content\/uploads\/2022\/07\/KHE-Basic-1024x812.png 1024w, https:\/\/klinger.pt\/wp-content\/uploads\/2022\/07\/KHE-Basic-300x238.png 300w, https:\/\/klinger.pt\/wp-content\/uploads\/2022\/07\/KHE-Basic-768x609.png 768w, https:\/\/klinger.pt\/wp-content\/uploads\/2022\/07\/KHE-Basic-1536x1219.png 1536w, https:\/\/klinger.pt\/wp-content\/uploads\/2022\/07\/KHE-Basic-1400x1111.png 1400w, https:\/\/klinger.pt\/wp-content\/uploads\/2022\/07\/KHE-Basic.png 1810w\" sizes=\"(max-width: 1024px) 100vw, 1024px\" \/><\/figure>\n\n\n<div class=\"wp-block-image is-resized\">\n<figure class=\"aligncenter size-full\"><img decoding=\"async\" width=\"919\" height=\"358\" src=\"https:\/\/klinger.pt\/wp-content\/uploads\/2022\/09\/khe.png\" alt=\"V\u00c1LVULAS DE CORPO BIPARTIDO\" class=\"wp-image-29063\" srcset=\"https:\/\/klinger.pt\/wp-content\/uploads\/2022\/09\/khe.png 919w, https:\/\/klinger.pt\/wp-content\/uploads\/2022\/09\/khe-300x117.png 300w, https:\/\/klinger.pt\/wp-content\/uploads\/2022\/09\/khe-768x299.png 768w\" sizes=\"(max-width: 919px) 100vw, 919px\" \/><\/figure>\n<\/div><\/div>\n\n\n\n<div class=\"wp-block-column is-layout-flow wp-block-column-is-layout-flow\" style=\"flex-basis:700px\">\n<h1 class=\"wp-block-heading\">V\u00c1LVULAS DE CORPO BIPARTIDO KHE<\/h1>\n\n\n\n<p>Com as V\u00e1lvulas de Corpo Bipartido, devido ao desenho de constru\u00e7\u00e3o do corpo de 2 pe\u00e7as, o risco de uma fuga externa \u00e9 reduzido, porque existe apenas uma \u00e1rea de veda\u00e7\u00e3o entre o corpo e pe\u00e7a final flangeada. Durante o desenvolvimento do produto foi considerada toda uma gama de v\u00e1lvulas de esfera produzidas de acordo com as normas ANSI (KHE-CL), bem como uma gama completa de v\u00e1lvulas de flange com desenho standard curto. Tamb\u00e9m a v\u00e1lvula de esfera Ballostar KHE oferece componentes modulares de sistema selecion\u00e1veis (haste de funcionamento e elementos de veda\u00e7\u00e3o). Um kit de constru\u00e7\u00e3o que j\u00e1 provou a sua efic\u00e1cia na v\u00e1lvula Ballostar KHA. Assim, as v\u00e1lvulas KHE de corpo dividido est\u00e3o preparadas para uma vasta gama de condi\u00e7\u00f5es de funcionamento.<\/p>\n\n\n\n<h2 class=\"wp-block-heading\">Vantagens do produto<\/h2>\n\n\n\n<ul class=\"wp-block-list\">\n<li>Livre de manuten\u00e7\u00e3o<\/li>\n\n\n\n<li>Suporta press\u00e3o de ambos os lados<\/li>\n\n\n\n<li>Esfera de passagem integral <\/li>\n\n\n\n<li>Veda\u00e7\u00e3o em conformidade com a norma EN 12266-1 &#8211; taxa de fuga A<\/li>\n\n\n\n<li>Sele\u00e7\u00e3o modular dos componentes do sistema<\/li>\n\n\n\n<li>Fire safe<\/li>\n\n\n\n<li>Desenho anti est\u00e1tico em conformidade com a norma ISO 7121 \/ EN 1983<\/li>\n\n\n\n<li>Automatiza\u00e7\u00e3o posterior poss\u00edvel em qualquer altura (flange superior em conformidade com a norma EN ISO 5211)<\/li>\n\n\n\n<li>\u00d3tima disponibilidade de pe\u00e7as sobressalentes (como resultado de pe\u00e7as comuns com a Ballostar\u00ae KHA)<\/li>\n<\/ul>\n\n\n\n<h2 class=\"wp-block-heading\">Tipos especiais<\/h2>\n\n\n\n<ul class=\"wp-block-list\">\n<li>Sede met\u00e1lica para meios abrasivos<\/li>\n\n\n\n<li>Haste operacional selada por an\u00e9is em O<\/li>\n\n\n\n<li>Extens\u00e3o de haste operacional<\/li>\n\n\n\n<li>Vers\u00e3o com oxig\u00e9nio (sem \u00f3leo e sem gordura)<\/li>\n\n\n\n<li>Vers\u00e3o a g\u00e1s<\/li>\n<\/ul>\n<\/div>\n<\/div>\n\n\n\n<h5 class=\"wp-block-heading\"><a href=\"https:\/\/klinger.pt\/wp-content\/uploads\/2024\/01\/KHE_catalogue_EN.pdf\" target=\"_blank\" rel=\"noopener\" title=\"\">CAT\u00c1LOGO KLINGER BALOSTAR KHE (EN)<\/a><\/h5>\n","protected":false},"excerpt":{"rendered":"<p>V\u00c1LVULAS DE CORPO BIPARTIDO KHE Com as V\u00e1lvulas de Corpo Bipartido, devido ao desenho de constru\u00e7\u00e3o do corpo de 2 pe\u00e7as, o risco de uma fuga externa \u00e9 reduzido, porque existe apenas uma \u00e1rea de veda\u00e7\u00e3o entre o corpo e pe\u00e7a final flangeada. Durante o desenvolvimento do produto foi considerada toda uma gama de v\u00e1lvulas [&hellip;]<\/p>\n","protected":false},"author":1,"featured_media":41577,"parent":22637,"menu_order":0,"comment_status":"closed","ping_status":"closed","template":"page-templates\/servicios.php","meta":{"_eb_attr":"","footnotes":""},"class_list":["post-23699","page","type-page","status-publish","has-post-thumbnail","hentry"],"aioseo_notices":[],"_links":{"self":[{"href":"https:\/\/klinger.pt\/es\/wp-json\/wp\/v2\/pages\/23699","targetHints":{"allow":["GET"]}}],"collection":[{"href":"https:\/\/klinger.pt\/es\/wp-json\/wp\/v2\/pages"}],"about":[{"href":"https:\/\/klinger.pt\/es\/wp-json\/wp\/v2\/types\/page"}],"author":[{"embeddable":true,"href":"https:\/\/klinger.pt\/es\/wp-json\/wp\/v2\/users\/1"}],"replies":[{"embeddable":true,"href":"https:\/\/klinger.pt\/es\/wp-json\/wp\/v2\/comments?post=23699"}],"version-history":[{"count":5,"href":"https:\/\/klinger.pt\/es\/wp-json\/wp\/v2\/pages\/23699\/revisions"}],"predecessor-version":[{"id":45547,"href":"https:\/\/klinger.pt\/es\/wp-json\/wp\/v2\/pages\/23699\/revisions\/45547"}],"up":[{"embeddable":true,"href":"https:\/\/klinger.pt\/es\/wp-json\/wp\/v2\/pages\/22637"}],"wp:featuredmedia":[{"embeddable":true,"href":"https:\/\/klinger.pt\/es\/wp-json\/wp\/v2\/media\/41577"}],"wp:attachment":[{"href":"https:\/\/klinger.pt\/es\/wp-json\/wp\/v2\/media?parent=23699"}],"curies":[{"name":"wp","href":"https:\/\/api.w.org\/{rel}","templated":true}]}}