{"id":23696,"date":"2022-08-17T12:56:52","date_gmt":"2022-08-17T11:56:52","guid":{"rendered":"https:\/\/m5j0n6nk9p.onrocket.site\/?page_id=23696"},"modified":"2024-01-16T11:51:33","modified_gmt":"2024-01-16T11:51:33","slug":"modelo-kha","status":"publish","type":"page","link":"https:\/\/klinger.pt\/es\/produtos\/valvulas\/valvulas-de-esfera\/serie-ballostar\/modelo-kha\/","title":{"rendered":"V\u00c1LVULAS DE CORPO TRIPARTIDO"},"content":{"rendered":"\n<div class=\"wp-block-columns is-layout-flex wp-container-core-columns-is-layout-9d6595d7 wp-block-columns-is-layout-flex\">\n<div class=\"wp-block-column is-layout-flow wp-block-column-is-layout-flow\" style=\"flex-basis:400px\"><div class=\"wp-block-image is-resized\">\n<figure class=\"aligncenter size-large\"><img fetchpriority=\"high\" decoding=\"async\" width=\"1024\" height=\"753\" src=\"https:\/\/klinger.pt\/wp-content\/uploads\/2022\/09\/KHA-Basic-1024x753.png\" alt=\"V\u00c1LVULAS DE CORPO TRIPARTIDO\" class=\"wp-image-29135\" srcset=\"https:\/\/klinger.pt\/wp-content\/uploads\/2022\/09\/KHA-Basic-1024x753.png 1024w, https:\/\/klinger.pt\/wp-content\/uploads\/2022\/09\/KHA-Basic-300x221.png 300w, https:\/\/klinger.pt\/wp-content\/uploads\/2022\/09\/KHA-Basic-768x565.png 768w, https:\/\/klinger.pt\/wp-content\/uploads\/2022\/09\/KHA-Basic-1536x1129.png 1536w, https:\/\/klinger.pt\/wp-content\/uploads\/2022\/09\/KHA-Basic-1400x1029.png 1400w, https:\/\/klinger.pt\/wp-content\/uploads\/2022\/09\/KHA-Basic.png 2029w\" sizes=\"(max-width: 1024px) 100vw, 1024px\" \/><\/figure>\n<\/div>\n\n<div class=\"wp-block-image is-resized\">\n<figure class=\"aligncenter size-full\"><img decoding=\"async\" width=\"1187\" height=\"699\" src=\"https:\/\/klinger.pt\/wp-content\/uploads\/2024\/01\/KHA.15.01.24.webp\" alt=\"\" class=\"wp-image-45526\" srcset=\"https:\/\/klinger.pt\/wp-content\/uploads\/2024\/01\/KHA.15.01.24.webp 1187w, https:\/\/klinger.pt\/wp-content\/uploads\/2024\/01\/KHA.15.01.24-300x177.webp 300w, https:\/\/klinger.pt\/wp-content\/uploads\/2024\/01\/KHA.15.01.24-1024x603.webp 1024w, https:\/\/klinger.pt\/wp-content\/uploads\/2024\/01\/KHA.15.01.24-768x452.webp 768w\" sizes=\"(max-width: 1187px) 100vw, 1187px\" \/><\/figure>\n<\/div><\/div>\n\n\n\n<div class=\"wp-block-column is-layout-flow wp-block-column-is-layout-flow\" style=\"flex-basis:700px\">\n<h1 class=\"wp-block-heading\">V\u00c1LVULAS DE CORPO TRIPARTIDO KHA<\/h1>\n\n\n\n<p>As V\u00e1lvulas de Corpo Tripartido KHA apresentam uma vasta gama de tipos devido ao sistema de constru\u00e7\u00e3o modular caracter\u00edstico de de 3 pe\u00e7as.<br>Tr\u00eas tipos de liga\u00e7\u00f5es, seis tipos de elementos de veda\u00e7\u00e3o e tr\u00eas desenhos de caixas de empanque asseguram que as v\u00e1lvulas de  esfera Ballostar KHA s\u00e3o adequadas para muitas condi\u00e7\u00f5es e aplica\u00e7\u00f5es de funcionamento diferentes.<\/p>\n\n\n\n<h2 class=\"wp-block-heading\">Vantagens do produto<\/h2>\n\n\n\n<ul class=\"wp-block-list\">\n<li>Livre de manuten\u00e7\u00e3o<\/li>\n\n\n\n<li>Suporte press\u00e3o de ambos os lados<\/li>\n\n\n\n<li>Fluxo bidirecional<\/li>\n\n\n\n<li>Esfera de passagem integral <\/li>\n\n\n\n<li>Sistema \u00fanico de veda\u00e7\u00e3o pr\u00e9-esfor\u00e7ado e el\u00e1stico<\/li>\n\n\n\n<li>Selagem bidirecional em conformidade com a norma EN 12266 &#8211; taxa de fugas A<\/li>\n\n\n\n<li>Sele\u00e7\u00e3o modular dos componentes do sistema<\/li>\n\n\n\n<li>Possibilidade de repara\u00e7\u00e3o sem remo\u00e7\u00e3o da linha<\/li>\n\n\n\n<li>Desenho anti est\u00e1tico em conformidade com a norma ISO 7121 \/ EN 1983<\/li>\n\n\n\n<li>Automatiza\u00e7\u00e3o posterior poss\u00edvel em qualquer altura (flange superior em conformidade com a norma EN ISO 5211)<\/li>\n<\/ul>\n\n\n\n<h2 class=\"wp-block-heading\">Tipos especiais<\/h2>\n\n\n\n<ul class=\"wp-block-list\">\n<li>Sede met\u00e1lica (at\u00e9 +400 \u00b0C) para meios abrasivos<\/li>\n\n\n\n<li>Haste operacional selada por an\u00e9is<\/li>\n\n\n\n<li>Extens\u00e3o de haste operacional<\/li>\n\n\n\n<li>Vers\u00e3o oxig\u00e9nio (\u00f3leo, graxa e sem silicone)<\/li>\n\n\n\n<li>Vers\u00e3o criog\u00e9nica (at\u00e9 -196 \u00b0C)<\/li>\n\n\n\n<li>Vers\u00e3o Fire-Safe<\/li>\n\n\n\n<li>Vers\u00e3o para v\u00e1cuo<\/li>\n\n\n\n<li>Vers\u00e3o para g\u00e1s<\/li>\n<\/ul>\n<\/div>\n<\/div>\n\n\n\n<h5 class=\"wp-block-heading\"><a href=\"https:\/\/klinger.pt\/wp-content\/uploads\/2024\/01\/KHA-Catalogue-EN_compressed.pdf\" target=\"_blank\" rel=\"noopener\" title=\"\">CAT\u00c1LOGO KLINGER BALLOSTAR KHA (EN)<\/a><\/h5>\n","protected":false},"excerpt":{"rendered":"<p>V\u00c1LVULAS DE CORPO TRIPARTIDO KHA As V\u00e1lvulas de Corpo Tripartido KHA apresentam uma vasta gama de tipos devido ao sistema de constru\u00e7\u00e3o modular caracter\u00edstico de de 3 pe\u00e7as.Tr\u00eas tipos de liga\u00e7\u00f5es, seis tipos de elementos de veda\u00e7\u00e3o e tr\u00eas desenhos de caixas de empanque asseguram que as v\u00e1lvulas de esfera Ballostar KHA s\u00e3o adequadas para [&hellip;]<\/p>\n","protected":false},"author":1,"featured_media":41581,"parent":22637,"menu_order":0,"comment_status":"closed","ping_status":"closed","template":"page-templates\/servicios.php","meta":{"_eb_attr":"","footnotes":""},"class_list":["post-23696","page","type-page","status-publish","has-post-thumbnail","hentry"],"aioseo_notices":[],"_links":{"self":[{"href":"https:\/\/klinger.pt\/es\/wp-json\/wp\/v2\/pages\/23696","targetHints":{"allow":["GET"]}}],"collection":[{"href":"https:\/\/klinger.pt\/es\/wp-json\/wp\/v2\/pages"}],"about":[{"href":"https:\/\/klinger.pt\/es\/wp-json\/wp\/v2\/types\/page"}],"author":[{"embeddable":true,"href":"https:\/\/klinger.pt\/es\/wp-json\/wp\/v2\/users\/1"}],"replies":[{"embeddable":true,"href":"https:\/\/klinger.pt\/es\/wp-json\/wp\/v2\/comments?post=23696"}],"version-history":[{"count":6,"href":"https:\/\/klinger.pt\/es\/wp-json\/wp\/v2\/pages\/23696\/revisions"}],"predecessor-version":[{"id":45552,"href":"https:\/\/klinger.pt\/es\/wp-json\/wp\/v2\/pages\/23696\/revisions\/45552"}],"up":[{"embeddable":true,"href":"https:\/\/klinger.pt\/es\/wp-json\/wp\/v2\/pages\/22637"}],"wp:featuredmedia":[{"embeddable":true,"href":"https:\/\/klinger.pt\/es\/wp-json\/wp\/v2\/media\/41581"}],"wp:attachment":[{"href":"https:\/\/klinger.pt\/es\/wp-json\/wp\/v2\/media?parent=23696"}],"curies":[{"name":"wp","href":"https:\/\/api.w.org\/{rel}","templated":true}]}}