{"id":23687,"date":"2022-08-17T12:54:38","date_gmt":"2022-08-17T11:54:38","guid":{"rendered":"https:\/\/m5j0n6nk9p.onrocket.site\/?page_id=23687"},"modified":"2024-01-16T11:05:27","modified_gmt":"2024-01-16T11:05:27","slug":"modelo-khi","status":"publish","type":"page","link":"https:\/\/klinger.pt\/es\/produtos\/valvulas\/valvulas-de-esfera\/serie-ballostar\/modelo-khi\/","title":{"rendered":"V\u00c1LVULAS DE ESFERA GUIADA &#8211; TRUNNION"},"content":{"rendered":"\n<div class=\"wp-block-columns is-layout-flex wp-container-core-columns-is-layout-9d6595d7 wp-block-columns-is-layout-flex\">\n<div class=\"wp-block-column is-layout-flow wp-block-column-is-layout-flow\" style=\"flex-basis:400px\"><div class=\"wp-block-image\">\n<figure class=\"aligncenter size-full\"><img fetchpriority=\"high\" decoding=\"async\" width=\"270\" height=\"270\" src=\"https:\/\/klinger.pt\/wp-content\/uploads\/2023\/04\/Ballostar-Esfera-Guiada-KHI-mini.webp\" alt=\"V\u00c1LVULAS DE ESFERA GUIADA\" class=\"wp-image-41513\" srcset=\"https:\/\/klinger.pt\/wp-content\/uploads\/2023\/04\/Ballostar-Esfera-Guiada-KHI-mini.webp 270w, https:\/\/klinger.pt\/wp-content\/uploads\/2023\/04\/Ballostar-Esfera-Guiada-KHI-mini-150x150.webp 150w\" sizes=\"(max-width: 270px) 100vw, 270px\" \/><\/figure>\n<\/div>\n\n<div class=\"wp-block-image\">\n<figure class=\"aligncenter size-full\"><img decoding=\"async\" width=\"919\" height=\"726\" src=\"https:\/\/klinger.pt\/wp-content\/uploads\/2023\/04\/KHI-Detail.webp\" alt=\"V\u00c1LVULAS DE ESFERA GUIADA\" class=\"wp-image-41556\" srcset=\"https:\/\/klinger.pt\/wp-content\/uploads\/2023\/04\/KHI-Detail.webp 919w, https:\/\/klinger.pt\/wp-content\/uploads\/2023\/04\/KHI-Detail-300x237.webp 300w, https:\/\/klinger.pt\/wp-content\/uploads\/2023\/04\/KHI-Detail-768x607.webp 768w\" sizes=\"(max-width: 919px) 100vw, 919px\" \/><\/figure>\n<\/div><\/div>\n\n\n\n<div class=\"wp-block-column is-layout-flow wp-block-column-is-layout-flow\" style=\"flex-basis:700px\">\n<h1 class=\"wp-block-heading\">V\u00c1LVULAS DE ESFERA GUIADA &#8211; TRUNNION<\/h1>\n\n\n\n<p>As V\u00e1lvulas de Esfera Guiada KHI (Trunnion) ir\u00e3o acompanhar os requisitos mais rigorosos e t\u00eam a garantia de que j\u00e1 cumprem as normas futuras no que diz respeito \u00e0 tra\u00e7\u00e3o, compress\u00e3o e de flex\u00e3o. O seu sistema \u00fanico de veda\u00e7\u00e3o \u00e9 outra caracter\u00edstica da Ballostar KHI. O teste e o dreno A v\u00e1lvula soldada ao corpo da v\u00e1lvula de esfera permite aliviar a press\u00e3o de forma interm\u00e9dia enquanto a esfera est\u00e1 fechada. O benef\u00edcio chave desta caracter\u00edstica \u00e9 que a Ballostar KHI pode ser testada em qualquer altura sem ter de abrir a tubagem. Estas v\u00e1lvulas de esfera s\u00e3o adequadas para muitas aplica\u00e7\u00f5es diferentes, tais como valas subterr\u00e2neas de aquecimento urbano, condutas enterradas, centrais de co-gera\u00e7\u00e3o, esta\u00e7\u00f5es de bombagem, siderurgias, centrais hidroel\u00e9tricas e m\u00e1quinas de perfura\u00e7\u00e3o de t\u00faneis.<\/p>\n\n\n\n<h2 class=\"wp-block-heading\">Vantagens do produto<\/h2>\n\n\n\n<ul class=\"wp-block-list\">\n<li>Livre de manuten\u00e7\u00e3o<\/li>\n\n\n\n<li>Suporta press\u00e3o em ambos os lados<\/li>\n\n\n\n<li>Esfera guiada (TRUNNION) de passagem integral<\/li>\n\n\n\n<li>Veda\u00e7\u00e3o bidirecional de acordo com a norma EN 12266 &#8211; taxa de fuga A<\/li>\n\n\n\n<li>Elementos de veda\u00e7\u00e3o protegidos contra sobrepress\u00e3o<\/li>\n\n\n\n<li>Duplo bloqueio e dreno com ventila\u00e7\u00e3o interm\u00e9dia (com certifica\u00e7\u00e3o T\u00dcV)<\/li>\n\n\n\n<li>Altamente resistente \u00e0s for\u00e7as da tubagem<\/li>\n\n\n\n<li>Testado e certificado de acordo com a norma EN488:2015 (VVS)<\/li>\n\n\n\n<li>Automatiza\u00e7\u00e3o posterior poss\u00edvel em qualquer altura (flange superior de acordo com a norma EN ISO 5211)<\/li>\n<\/ul>\n\n\n\n<h2 class=\"wp-block-heading\">Tipos especiais<\/h2>\n\n\n\n<ul class=\"wp-block-list\">\n<li>Vers\u00e3o para altas temperaturas (at\u00e9 +260 \u00b0C)<\/li>\n\n\n\n<li>Desenho especial para perfuradoras de t\u00faneis<\/li>\n\n\n\n<li>Conce\u00e7\u00e3o pr\u00e9-isolada para instala\u00e7\u00f5es subterr\u00e2neas (KHSVI VVS)<\/li>\n\n\n\n<li>Revestimentos especiais em bola<\/li>\n\n\n\n<li>Sede met\u00e1lica para meios abrasivos<\/li>\n\n\n\n<li>Vers\u00e3o oxig\u00e9nio<\/li>\n\n\n\n<li>Vers\u00e3o fire safe <\/li>\n\n\n\n<li>Vers\u00e3o para v\u00e1cuo<\/li>\n\n\n\n<li>Vers\u00e3o para g\u00e1s<\/li>\n\n\n\n<li>Sem \u00f3leo, graxa e sil\u00edcio<\/li>\n<\/ul>\n<\/div>\n<\/div>\n\n\n\n<h5 class=\"wp-block-heading\"><a href=\"https:\/\/klinger.pt\/wp-content\/uploads\/2024\/01\/KHI_Catalogue_EN_compressed.pdf\" target=\"_blank\" rel=\"noopener\" title=\"\">CAT\u00c1LOGO KLINGER BALLOSTAR KHI (EN)<\/a><\/h5>\n","protected":false},"excerpt":{"rendered":"<p>V\u00c1LVULAS DE ESFERA GUIADA &#8211; TRUNNION As V\u00e1lvulas de Esfera Guiada KHI (Trunnion) ir\u00e3o acompanhar os requisitos mais rigorosos e t\u00eam a garantia de que j\u00e1 cumprem as normas futuras no que diz respeito \u00e0 tra\u00e7\u00e3o, compress\u00e3o e de flex\u00e3o. O seu sistema \u00fanico de veda\u00e7\u00e3o \u00e9 outra caracter\u00edstica da Ballostar KHI. O teste e [&hellip;]<\/p>\n","protected":false},"author":1,"featured_media":41572,"parent":22637,"menu_order":0,"comment_status":"closed","ping_status":"closed","template":"page-templates\/servicios.php","meta":{"_eb_attr":"","footnotes":""},"class_list":["post-23687","page","type-page","status-publish","has-post-thumbnail","hentry"],"aioseo_notices":[],"_links":{"self":[{"href":"https:\/\/klinger.pt\/es\/wp-json\/wp\/v2\/pages\/23687","targetHints":{"allow":["GET"]}}],"collection":[{"href":"https:\/\/klinger.pt\/es\/wp-json\/wp\/v2\/pages"}],"about":[{"href":"https:\/\/klinger.pt\/es\/wp-json\/wp\/v2\/types\/page"}],"author":[{"embeddable":true,"href":"https:\/\/klinger.pt\/es\/wp-json\/wp\/v2\/users\/1"}],"replies":[{"embeddable":true,"href":"https:\/\/klinger.pt\/es\/wp-json\/wp\/v2\/comments?post=23687"}],"version-history":[{"count":8,"href":"https:\/\/klinger.pt\/es\/wp-json\/wp\/v2\/pages\/23687\/revisions"}],"predecessor-version":[{"id":45539,"href":"https:\/\/klinger.pt\/es\/wp-json\/wp\/v2\/pages\/23687\/revisions\/45539"}],"up":[{"embeddable":true,"href":"https:\/\/klinger.pt\/es\/wp-json\/wp\/v2\/pages\/22637"}],"wp:featuredmedia":[{"embeddable":true,"href":"https:\/\/klinger.pt\/es\/wp-json\/wp\/v2\/media\/41572"}],"wp:attachment":[{"href":"https:\/\/klinger.pt\/es\/wp-json\/wp\/v2\/media?parent=23687"}],"curies":[{"name":"wp","href":"https:\/\/api.w.org\/{rel}","templated":true}]}}