{"id":22701,"date":"2022-07-26T11:57:58","date_gmt":"2022-07-26T10:57:58","guid":{"rendered":"https:\/\/m5j0n6nk9p.onrocket.site\/?page_id=22701"},"modified":"2023-04-18T16:11:23","modified_gmt":"2023-04-18T15:11:23","slug":"serie-asseptica-ft","status":"publish","type":"page","link":"https:\/\/klinger.pt\/es\/produtos\/valvulas\/valvulas-diafragma-pinch\/valvulas-de-diafragma\/serie-asseptica-ft\/","title":{"rendered":"S\u00c9RIE ASS\u00c9PTICA"},"content":{"rendered":"\n<div class=\"wp-block-columns is-layout-flex wp-container-core-columns-is-layout-9d6595d7 wp-block-columns-is-layout-flex\">\n<div class=\"wp-block-column is-layout-flow wp-block-column-is-layout-flow\" style=\"flex-basis:400px\"><div class=\"wp-block-image\">\n<figure class=\"aligncenter size-full is-resized\"><img fetchpriority=\"high\" decoding=\"async\" src=\"https:\/\/klinger.pt\/wp-content\/uploads\/2022\/09\/Asseptica.png\" alt=\"\" class=\"wp-image-29158\" width=\"302\" height=\"302\" srcset=\"https:\/\/klinger.pt\/wp-content\/uploads\/2022\/09\/Asseptica.png 252w, https:\/\/klinger.pt\/wp-content\/uploads\/2022\/09\/Asseptica-150x150.png 150w\" sizes=\"(max-width: 302px) 100vw, 302px\" \/><\/figure>\n<\/div>\n\n<div class=\"wp-block-image\">\n<figure class=\"aligncenter size-full\"><img decoding=\"async\" width=\"826\" height=\"270\" src=\"https:\/\/klinger.pt\/wp-content\/uploads\/2023\/04\/Aseptic-mini.webp\" alt=\"\" class=\"wp-image-41378\" srcset=\"https:\/\/klinger.pt\/wp-content\/uploads\/2023\/04\/Aseptic-mini.webp 826w, https:\/\/klinger.pt\/wp-content\/uploads\/2023\/04\/Aseptic-mini-300x98.webp 300w, https:\/\/klinger.pt\/wp-content\/uploads\/2023\/04\/Aseptic-mini-768x251.webp 768w\" sizes=\"(max-width: 826px) 100vw, 826px\" \/><\/figure>\n<\/div><\/div>\n\n\n\n<div class=\"wp-block-column is-layout-flow wp-block-column-is-layout-flow\" style=\"flex-basis:700px\">\n<h1 class=\"wp-block-heading\">S\u00c9RIE ASS\u00c9PTICA <\/h1>\n\n\n\n<p>As v\u00e1lvulas de diafragma ass\u00e9pticas s\u00e3o fornecidas para aplica\u00e7\u00f5es de<br>processos cr\u00edticos em ind\u00fastrias mais regulamentadas do mundo. O<br>cumprimento total de todas as normas globais relevantes \u00e9 um elemento essencial do produto e n\u00e3o pode ser tomado como certo.<\/p>\n\n\n\n<h2 class=\"wp-block-heading\">CARACTER\u00cdSTICAS<\/h2>\n\n\n\n<ul class=\"wp-block-list\">\n<li>Resist\u00eancia \u00e0 corros\u00e3o<\/li>\n\n\n\n<li>Resist\u00eancia \u00e0 abras\u00e3o<\/li>\n\n\n\n<li>F\u00e1cil Manuten\u00e7\u00e3o<\/li>\n\n\n\n<li>Adequada para controlo<\/li>\n\n\n\n<li>Opera\u00e7\u00e3o linear<\/li>\n\n\n\n<li>Instala\u00e7\u00e3o vers\u00e1til<\/li>\n<\/ul>\n\n\n\n<h2 class=\"wp-block-heading\">VANTAGENS<\/h2>\n\n\n\n<ul class=\"wp-block-list\">\n<li>A tecnologia do diafragma oferece veda\u00e7\u00e3o e controlo<\/li>\n\n\n\n<li>completo de emiss\u00f5es<\/li>\n\n\n\n<li>Experi\u00eancia e inova\u00e7\u00e3o excecionais<\/li>\n\n\n\n<li>Opera\u00e7\u00e3o eficiente<\/li>\n<\/ul>\n\n\n\n<p><\/p>\n<\/div>\n<\/div>\n","protected":false},"excerpt":{"rendered":"<p>S\u00c9RIE ASS\u00c9PTICA As v\u00e1lvulas de diafragma ass\u00e9pticas s\u00e3o fornecidas para aplica\u00e7\u00f5es deprocessos cr\u00edticos em ind\u00fastrias mais regulamentadas do mundo. Ocumprimento total de todas as normas globais relevantes \u00e9 um elemento essencial do produto e n\u00e3o pode ser tomado como certo. CARACTER\u00cdSTICAS VANTAGENS<\/p>\n","protected":false},"author":1,"featured_media":0,"parent":22695,"menu_order":2,"comment_status":"closed","ping_status":"closed","template":"page-templates\/servicios.php","meta":{"_eb_attr":"","footnotes":""},"class_list":["post-22701","page","type-page","status-publish","hentry"],"aioseo_notices":[],"_links":{"self":[{"href":"https:\/\/klinger.pt\/es\/wp-json\/wp\/v2\/pages\/22701","targetHints":{"allow":["GET"]}}],"collection":[{"href":"https:\/\/klinger.pt\/es\/wp-json\/wp\/v2\/pages"}],"about":[{"href":"https:\/\/klinger.pt\/es\/wp-json\/wp\/v2\/types\/page"}],"author":[{"embeddable":true,"href":"https:\/\/klinger.pt\/es\/wp-json\/wp\/v2\/users\/1"}],"replies":[{"embeddable":true,"href":"https:\/\/klinger.pt\/es\/wp-json\/wp\/v2\/comments?post=22701"}],"version-history":[{"count":3,"href":"https:\/\/klinger.pt\/es\/wp-json\/wp\/v2\/pages\/22701\/revisions"}],"predecessor-version":[{"id":41381,"href":"https:\/\/klinger.pt\/es\/wp-json\/wp\/v2\/pages\/22701\/revisions\/41381"}],"up":[{"embeddable":true,"href":"https:\/\/klinger.pt\/es\/wp-json\/wp\/v2\/pages\/22695"}],"wp:attachment":[{"href":"https:\/\/klinger.pt\/es\/wp-json\/wp\/v2\/media?parent=22701"}],"curies":[{"name":"wp","href":"https:\/\/api.w.org\/{rel}","templated":true}]}}