{"id":22695,"date":"2022-07-26T11:51:19","date_gmt":"2022-07-26T10:51:19","guid":{"rendered":"https:\/\/m5j0n6nk9p.onrocket.site\/?page_id=22695"},"modified":"2023-04-19T08:04:52","modified_gmt":"2023-04-19T07:04:52","slug":"valvulas-de-diafragma","status":"publish","type":"page","link":"https:\/\/klinger.pt\/es\/produtos\/valvulas\/valvulas-diafragma-pinch\/valvulas-de-diafragma\/","title":{"rendered":"V\u00c1LVULAS DE DIAFRAGMA"},"content":{"rendered":"\n<h1 class=\"wp-block-heading\">V\u00c1LVULAS DE DIAFRAGMA<\/h1>\n\n\n\n<div style=\"height:25px\" aria-hidden=\"true\" class=\"wp-block-spacer\"><\/div>\n\n\n\n<div class=\"wp-block-columns is-layout-flex wp-container-core-columns-is-layout-9d6595d7 wp-block-columns-is-layout-flex\">\n<div class=\"wp-block-column is-layout-flow wp-block-column-is-layout-flow\">\n<figure class=\"wp-block-table\"><table><tbody><tr><td class=\"has-text-align-center\" data-align=\"center\"><img fetchpriority=\"high\" decoding=\"async\" width=\"270\" height=\"270\" class=\"wp-image-41372\" style=\"width: 270px;\" src=\"https:\/\/klinger.pt\/wp-content\/uploads\/2023\/04\/Tipo-A-mini2.webp\" alt=\"\" srcset=\"https:\/\/klinger.pt\/wp-content\/uploads\/2023\/04\/Tipo-A-mini2.webp 270w, https:\/\/klinger.pt\/wp-content\/uploads\/2023\/04\/Tipo-A-mini2-150x150.webp 150w\" sizes=\"(max-width: 270px) 100vw, 270px\" \/><\/td><td><br><strong><a href=\"https:\/\/klinger.pt\/produtos\/valvulas\/valvulas-diafragma-pinch\/valvulas-de-diafragma\/valvulas-diafragma-serie-industrial\/\" title=\"\">V\u00c1LVULAS DIAFRAGMA S\u00c9RIE INDUSTRIAL<\/a><\/strong><br><a href=\"https:\/\/klinger.pt\/produtos\/valvulas\/valvulas-diafragma-pinch\/valvulas-de-diafragma\/valvulas-diafragma-serie-industrial\/\" title=\"\ufffc\"><img decoding=\"async\" width=\"18\" height=\"18\" class=\"wp-image-16262\" style=\"width: 18px;\" src=\"https:\/\/klinger.pt\/wp-content\/uploads\/2022\/06\/icon-arrow-blue-double.png\" alt=\"\"><\/a><\/td><\/tr><\/tbody><\/table><\/figure>\n<\/div>\n\n\n\n<div class=\"wp-block-column is-layout-flow wp-block-column-is-layout-flow\">\n<figure class=\"wp-block-table\"><table><tbody><tr><td class=\"has-text-align-center\" data-align=\"center\"><img decoding=\"async\" width=\"270\" height=\"270\" class=\"wp-image-23024\" style=\"width: 270px;\" src=\"https:\/\/klinger.pt\/wp-content\/uploads\/2022\/07\/Asseptica.png\" alt=\"\" srcset=\"https:\/\/klinger.pt\/wp-content\/uploads\/2022\/07\/Asseptica.png 252w, https:\/\/klinger.pt\/wp-content\/uploads\/2022\/07\/Asseptica-150x150.png 150w\" sizes=\"(max-width: 270px) 100vw, 270px\" \/><\/td><td><br><strong><a href=\"https:\/\/klinger.pt\/produtos\/valvulas\/valvulas-diafragma-pinch\/valvulas-de-diafragma\/serie-asseptica-ft\/\" title=\"\">V\u00c1LVULAS DIAFRAGMA S\u00c9RIE ASS\u00c9PTICA<\/a><\/strong><br><a href=\"https:\/\/klinger.pt\/produtos\/valvulas\/valvulas-diafragma-pinch\/valvulas-de-diafragma\/serie-asseptica-ft\/\" title=\"\ufffc\"><img decoding=\"async\" width=\"18\" height=\"18\" class=\"wp-image-16262\" style=\"width: 18px;\" src=\"https:\/\/klinger.pt\/wp-content\/uploads\/2022\/06\/icon-arrow-blue-double.png\" alt=\"\"><\/a><\/td><\/tr><\/tbody><\/table><\/figure>\n<\/div>\n<\/div>\n","protected":false},"excerpt":{"rendered":"<p>V\u00c1LVULAS DE DIAFRAGMA V\u00c1LVULAS DIAFRAGMA S\u00c9RIE INDUSTRIAL V\u00c1LVULAS DIAFRAGMA S\u00c9RIE ASS\u00c9PTICA<\/p>\n","protected":false},"author":1,"featured_media":10041,"parent":31109,"menu_order":3,"comment_status":"closed","ping_status":"closed","template":"page-templates\/secciones-principales.php","meta":{"_eb_attr":"","footnotes":""},"class_list":["post-22695","page","type-page","status-publish","has-post-thumbnail","hentry"],"aioseo_notices":[],"_links":{"self":[{"href":"https:\/\/klinger.pt\/es\/wp-json\/wp\/v2\/pages\/22695","targetHints":{"allow":["GET"]}}],"collection":[{"href":"https:\/\/klinger.pt\/es\/wp-json\/wp\/v2\/pages"}],"about":[{"href":"https:\/\/klinger.pt\/es\/wp-json\/wp\/v2\/types\/page"}],"author":[{"embeddable":true,"href":"https:\/\/klinger.pt\/es\/wp-json\/wp\/v2\/users\/1"}],"replies":[{"embeddable":true,"href":"https:\/\/klinger.pt\/es\/wp-json\/wp\/v2\/comments?post=22695"}],"version-history":[{"count":14,"href":"https:\/\/klinger.pt\/es\/wp-json\/wp\/v2\/pages\/22695\/revisions"}],"predecessor-version":[{"id":41374,"href":"https:\/\/klinger.pt\/es\/wp-json\/wp\/v2\/pages\/22695\/revisions\/41374"}],"up":[{"embeddable":true,"href":"https:\/\/klinger.pt\/es\/wp-json\/wp\/v2\/pages\/31109"}],"wp:featuredmedia":[{"embeddable":true,"href":"https:\/\/klinger.pt\/es\/wp-json\/wp\/v2\/media\/10041"}],"wp:attachment":[{"href":"https:\/\/klinger.pt\/es\/wp-json\/wp\/v2\/media?parent=22695"}],"curies":[{"name":"wp","href":"https:\/\/api.w.org\/{rel}","templated":true}]}}