{"id":22685,"date":"2022-07-26T11:47:18","date_gmt":"2022-07-26T10:47:18","guid":{"rendered":"https:\/\/m5j0n6nk9p.onrocket.site\/?page_id=22685"},"modified":"2024-01-16T09:16:59","modified_gmt":"2024-01-16T09:16:59","slug":"serie-aguas","status":"publish","type":"page","link":"https:\/\/klinger.pt\/es\/produtos\/valvulas\/valvulas-de-borboleta\/serie-aguas\/","title":{"rendered":"V\u00c1LVULAS BORBOLETA S\u00c9RIE \u00c1GUAS"},"content":{"rendered":"\n<h1 class=\"wp-block-heading\">V\u00c1LVULAS BORBOLETA S\u00c9RIE \u00c1GUAS<\/h1>\n\n\n\n<p>As V\u00e1lvulas Borboleta S\u00e9rie \u00c1guas possuem caracter\u00edsticas espec\u00edficas para atender \u00e0s normas do sector.<br>Dispon\u00edvel nas vers\u00f5es conc\u00eantrica e exc\u00eantrica.<\/p>\n\n\n\n<div class=\"wp-block-columns is-layout-flex wp-container-core-columns-is-layout-9d6595d7 wp-block-columns-is-layout-flex\">\n<div class=\"wp-block-column is-layout-flow wp-block-column-is-layout-flow\" style=\"flex-basis:100%\">\n<div class=\"wp-block-columns is-layout-flex wp-container-core-columns-is-layout-9d6595d7 wp-block-columns-is-layout-flex\">\n<div class=\"wp-block-column is-layout-flow wp-block-column-is-layout-flow\" style=\"flex-basis:300px\">\n<div class=\"wp-block-group\"><div class=\"wp-block-group__inner-container is-layout-flow wp-block-group-is-layout-flow\"><div class=\"wp-block-image\">\n<figure class=\"aligncenter size-full\"><img fetchpriority=\"high\" decoding=\"async\" width=\"384\" height=\"911\" src=\"https:\/\/klinger.pt\/wp-content\/uploads\/2024\/01\/Concentricas_4.webp\" alt=\"\" class=\"wp-image-45530\" srcset=\"https:\/\/klinger.pt\/wp-content\/uploads\/2024\/01\/Concentricas_4.webp 384w, https:\/\/klinger.pt\/wp-content\/uploads\/2024\/01\/Concentricas_4-126x300.webp 126w\" sizes=\"(max-width: 384px) 100vw, 384px\" \/><\/figure>\n<\/div><\/div><\/div>\n<\/div>\n\n\n\n<div class=\"wp-block-column is-layout-flow wp-block-column-is-layout-flow\" style=\"flex-basis:700px\">\n<h2 class=\"wp-block-heading\">V\u00e1lvula Borboleta Conc\u00eantrica<\/h2>\n\n\n\n<p>V\u00e1lvula borboleta de disco conc\u00eantrico, concebida para aplica\u00e7\u00f5es industriais em geral, com diferentes tipos de configura\u00e7\u00e3o e constru\u00e7\u00e3o, de acordo com as necessidades da aplica\u00e7\u00e3o. Constru\u00e7\u00e3o tipo wafer para montagem entre flanges, tipo LUG e flangeada de acordo com os diferentes tipos de normas de flanges existentes (DIN, ANSI, BS, JIS).<\/p>\n\n\n\n<h3 class=\"wp-block-heading\">ESPECIFICA\u00c7\u00d5ES DO MATERIAL<\/h3>\n\n\n\n<ul class=\"wp-block-list\">\n<li>Corpo \u2013 Ferro fundido nodular, a\u00e7o carbono, a\u00e7o inoxid\u00e1vel<\/li>\n\n\n\n<li>Borboleta \u2013 Ferro fundido nodular, a\u00e7o carbono, a\u00e7o inoxid\u00e1vel, bronze, duplex<\/li>\n\n\n\n<li>Assento \u2013 EPDM \/ NBR \/ Outros materiais dispon\u00edveis<\/li>\n\n\n\n<li>Eixo \u2013 A\u00e7o inoxid\u00e1vel, duplex<\/li>\n\n\n\n<li>Revestimento \u2013 Pintura ep\u00f3xi 250 microns<\/li>\n<\/ul>\n\n\n\n<h3 class=\"wp-block-heading\">NORMAS DE CONSTRU\u00c7\u00c3O<\/h3>\n\n\n\n<ul class=\"wp-block-list\">\n<li>Flanges \u2013 EN1092-2 PN10 \/ PN16<\/li>\n\n\n\n<li>Face to Face \u2013 EN558-1 serie 13 \/ serie 20<\/li>\n\n\n\n<li>Desenho \u2013 EN12266<\/li>\n\n\n\n<li>Montagem \u2013 EN593<\/li>\n\n\n\n<li>Atua\u00e7\u00e3o \u2013 Manual \/ Pneum\u00e1tica \/ El\u00e9trica<\/li>\n\n\n\n<li>Dimens\u00f5es de acordo com DIN2633<\/li>\n\n\n\n<li>Testes \u2013 EN 12266 \/ ISO 5208<\/li>\n<\/ul>\n\n\n\n<h5 class=\"wp-block-heading\"><a href=\"https:\/\/klinger.pt\/wp-content\/uploads\/2023\/04\/Ficha-tecnica-VALVULA-BORBOLETA-CONCENTRICA-_compressed.pdf\" target=\"_blank\" rel=\"noopener\" title=\"\">CAT\u00c1LOGO V\u00c1LVULA BORBOLETA CONC\u00caNTRICA (PT)<\/a><\/h5>\n\n\n\n<h5 class=\"wp-block-heading\"><a href=\"https:\/\/klinger.pt\/wp-content\/uploads\/2023\/04\/Butterfly-Valve_KKD-81L_DataSheet_compressed.pdf\" target=\"_blank\" rel=\"noopener\" title=\"FICHA T\u00c9CNICA V\u00c1LVULA BORBOLETA DISCO CONC\u00caNTRICO (EN)\">FICHA T\u00c9CNICA V\u00c1LVULA BORBOLETA DISCO CONC\u00caNTRICO 81L (EN)<\/a><\/h5>\n\n\n\n<h5 class=\"wp-block-heading\"><a href=\"https:\/\/klinger.pt\/wp-content\/uploads\/2023\/04\/81-W_compressed_merged_compressed.pdf\" target=\"_blank\" rel=\"noopener\" title=\"\">FICHA T\u00c9CNICA V\u00c1LVULA BORBOLETA DISCO CONC\u00caNTRICO 81W (EN)<\/a><\/h5>\n\n\n\n<h5 class=\"wp-block-heading\"><a href=\"https:\/\/klinger.pt\/wp-content\/uploads\/2023\/04\/Technical-sheet-81F_compressed-1.pdf\" target=\"_blank\" rel=\"noopener\" title=\"\">FICHA T\u00c9CNICA V\u00c1LVULA BORBOLETA DISCO CONC\u00caNTRICO 81F (EN)<\/a><\/h5>\n<\/div>\n<\/div>\n\n\n\n<div style=\"height:50px\" aria-hidden=\"true\" class=\"wp-block-spacer\"><\/div>\n<\/div>\n<\/div>\n\n\n\n<div class=\"wp-block-columns is-layout-flex wp-container-core-columns-is-layout-9d6595d7 wp-block-columns-is-layout-flex\">\n<div class=\"wp-block-column is-layout-flow wp-block-column-is-layout-flow\" style=\"flex-basis:300px\">\n<figure class=\"wp-block-image is-resized\"><img decoding=\"async\" src=\"https:\/\/klinger.pt\/wp-content\/uploads\/2019\/12\/borboleta-excentrica-thumbnail.jpg\" alt=\"V\u00c1LVULAS BORBOLETA S\u00c9RIE \u00c1GUAS\"\/><\/figure>\n\n\n\n<figure class=\"wp-block-image size-full\"><img decoding=\"async\" width=\"448\" height=\"294\" src=\"https:\/\/klinger.pt\/wp-content\/uploads\/2022\/07\/QUADRO-1_1.jpg\" alt=\"V\u00c1LVULAS BORBOLETA S\u00c9RIE \u00c1GUAS\" class=\"wp-image-21783\" srcset=\"https:\/\/klinger.pt\/wp-content\/uploads\/2022\/07\/QUADRO-1_1.jpg 448w, https:\/\/klinger.pt\/wp-content\/uploads\/2022\/07\/QUADRO-1_1-300x197.jpg 300w\" sizes=\"(max-width: 448px) 100vw, 448px\" \/><\/figure>\n<\/div>\n\n\n\n<div class=\"wp-block-column is-layout-flow wp-block-column-is-layout-flow\" style=\"flex-basis:700px\">\n<h2 class=\"wp-block-heading\">V\u00e1lvula Borboleta Exc\u00eantrica<\/h2>\n\n\n\n<p>V\u00e1lvula de dupla excentricidade, constru\u00e7\u00e3o de acordo com a norma EN593, garante a veda\u00e7\u00e3o a 100% por uma junta com se\u00e7\u00e3o \u201cT\u201d localizada na parte externa di\u00e2metro do disco e da sede que est\u00e1 soldada ao corpo em inox. Exteriormente e interiormente com revestimento ep\u00f3xi com aprova\u00e7\u00e3o WRAS para \u00e1gua pot\u00e1vel.<\/p>\n\n\n\n<h3 class=\"wp-block-heading\">CARACTER\u00cdSTICAS<\/h3>\n\n\n\n<ul class=\"wp-block-list\">\n<li>Estrutura de dupla exc\u00eantrica garante baixos torques de opera\u00e7\u00e3o sem fugas na atua\u00e7\u00e3o.<\/li>\n\n\n\n<li>As superf\u00edcies interna e externa da v\u00e1lvula s\u00e3o revestidas com espessura m\u00e9dia de 250 m\u00edcrons de ep\u00f3xi ligado por fus\u00e3o. (FBE) min 300micron dispon\u00edvel mediante solicita\u00e7\u00e3o.<\/li>\n\n\n\n<li>Espessuras maiores est\u00e3o dispon\u00edveis mediante solicita\u00e7\u00e3o.<\/li>\n\n\n\n<li>Baixos momentos de a\u00e7\u00e3o s\u00e3o obtidos diminuindo o atrito atrav\u00e9s de bucins auto-lubrificantes.<\/li>\n\n\n\n<li>Pode suportar altas tens\u00f5es de alongamento na tubagem devido ao corpo e disco em ferro d\u00factil<\/li>\n\n\n\n<li>Alta resist\u00eancia ao impacto.<\/li>\n\n\n\n<li>Reduzida perda de press\u00e3o atrav\u00e9s do disco projetado de acordo com a dire\u00e7\u00e3o do fluxo<\/li>\n\n\n\n<li>A perda de press\u00e3o est\u00e1 no n\u00edvel m\u00ednimo pelo projeto de eixo duplo.<\/li>\n\n\n\n<li>Juntas de veda\u00e7\u00e3o em EPDM (standard), NBR ou VITON fornecidas conforme condi\u00e7\u00f5es de opera\u00e7\u00e3o e procura estas v\u00e1lvulas podem ser desmontadas e substitu\u00eddas facilmente em condi\u00e7\u00f5es de campo.<\/li>\n\n\n\n<li>Com os o-rings nas dos rolamento, os orif\u00edcios dos pinos do disco s\u00e3o protegidos contra corros\u00e3o (eixo seco)<\/li>\n\n\n\n<li>O anel de reten\u00e7\u00e3o \u00e9 montado no disco com parafusos imbus, o disco \u00e9 protegido contra corros\u00e3o colocando an\u00e9is de veda\u00e7\u00e3o sob os parafusos.<\/li>\n\n\n\n<li>Atrav\u00e9s do redutor montado no topo, mant\u00e9m a abertura\/fecho da v\u00e1lvula com baix\u00edssimos torques.<\/li>\n\n\n\n<li>Al\u00e7as e p\u00e9s da v\u00e1lvula facilitam o levantamento dado o equil\u00edbrio do peso durante o transporte e instala\u00e7\u00e3o. <\/li>\n\n\n\n<li>Com a solda do a\u00e7o inox, a v\u00e1lvula ter\u00e1 maior resist\u00eancia de veda\u00e7\u00e3o.<\/li>\n<\/ul>\n\n\n\n<h3 class=\"wp-block-heading\">\u00c2MBITO DE APLICA\u00c7\u00c3O<\/h3>\n\n\n\n<ul class=\"wp-block-list\">\n<li>Instala\u00e7\u00e3o em camaras<\/li>\n\n\n\n<li>Instala\u00e7\u00e3o industriais<\/li>\n\n\n\n<li>Oleodutos<\/li>\n\n\n\n<li>Esta\u00e7\u00f5es de tratamento de \u00e1gua<\/li>\n\n\n\n<li>Esta\u00e7\u00f5es de bombeamento<\/li>\n\n\n\n<li>Tanques e dep\u00f3sitos<\/li>\n\n\n\n<li>Aplica\u00e7\u00f5es com \u00e1gua do mar<\/li>\n\n\n\n<li>Centrais de energia (tubagem de \u00e1gua de arrefecimento) <\/li>\n\n\n\n<li>Ind\u00fastrias<\/li>\n<\/ul>\n\n\n\n<h5 class=\"wp-block-heading\"><a href=\"https:\/\/klinger.pt\/wp-content\/uploads\/2020\/09\/Catalogo-valvula-borboleta-excentrica.pdf\" target=\"_blank\" rel=\"noreferrer noopener\">CAT\u00c1LOGO V\u00c1LVULA BORBOLETA EXC\u00caNTRICA (EN)<\/a><\/h5>\n<\/div>\n<\/div>\n","protected":false},"excerpt":{"rendered":"<p>V\u00c1LVULAS BORBOLETA S\u00c9RIE \u00c1GUAS As V\u00e1lvulas Borboleta S\u00e9rie \u00c1guas possuem caracter\u00edsticas espec\u00edficas para atender \u00e0s normas do sector.Dispon\u00edvel nas vers\u00f5es conc\u00eantrica e exc\u00eantrica. V\u00e1lvula Borboleta Conc\u00eantrica V\u00e1lvula borboleta de disco conc\u00eantrico, concebida para aplica\u00e7\u00f5es industriais em geral, com diferentes tipos de configura\u00e7\u00e3o e constru\u00e7\u00e3o, de acordo com as necessidades da aplica\u00e7\u00e3o. Constru\u00e7\u00e3o tipo wafer para [&hellip;]<\/p>\n","protected":false},"author":1,"featured_media":10041,"parent":22677,"menu_order":2,"comment_status":"closed","ping_status":"closed","template":"page-templates\/servicios.php","meta":{"_eb_attr":"","footnotes":""},"class_list":["post-22685","page","type-page","status-publish","has-post-thumbnail","hentry"],"aioseo_notices":[],"_links":{"self":[{"href":"https:\/\/klinger.pt\/es\/wp-json\/wp\/v2\/pages\/22685","targetHints":{"allow":["GET"]}}],"collection":[{"href":"https:\/\/klinger.pt\/es\/wp-json\/wp\/v2\/pages"}],"about":[{"href":"https:\/\/klinger.pt\/es\/wp-json\/wp\/v2\/types\/page"}],"author":[{"embeddable":true,"href":"https:\/\/klinger.pt\/es\/wp-json\/wp\/v2\/users\/1"}],"replies":[{"embeddable":true,"href":"https:\/\/klinger.pt\/es\/wp-json\/wp\/v2\/comments?post=22685"}],"version-history":[{"count":23,"href":"https:\/\/klinger.pt\/es\/wp-json\/wp\/v2\/pages\/22685\/revisions"}],"predecessor-version":[{"id":45532,"href":"https:\/\/klinger.pt\/es\/wp-json\/wp\/v2\/pages\/22685\/revisions\/45532"}],"up":[{"embeddable":true,"href":"https:\/\/klinger.pt\/es\/wp-json\/wp\/v2\/pages\/22677"}],"wp:featuredmedia":[{"embeddable":true,"href":"https:\/\/klinger.pt\/es\/wp-json\/wp\/v2\/media\/10041"}],"wp:attachment":[{"href":"https:\/\/klinger.pt\/es\/wp-json\/wp\/v2\/media?parent=22685"}],"curies":[{"name":"wp","href":"https:\/\/api.w.org\/{rel}","templated":true}]}}