{"id":22680,"date":"2022-07-26T11:44:36","date_gmt":"2022-07-26T10:44:36","guid":{"rendered":"https:\/\/m5j0n6nk9p.onrocket.site\/?page_id=22680"},"modified":"2023-04-18T08:45:08","modified_gmt":"2023-04-18T07:45:08","slug":"serie-industrial","status":"publish","type":"page","link":"https:\/\/klinger.pt\/es\/produtos\/valvulas\/valvulas-de-borboleta\/serie-industrial\/","title":{"rendered":"V\u00c1LVULAS BORBOLETA S\u00c9RIE INDUSTRIAL"},"content":{"rendered":"\n<h1 class=\"wp-block-heading\">V\u00c1LVULAS BORBOLETA S\u00c9RIE INDUSTRIAL<\/h1>\n\n\n\n<div style=\"height:25px\" aria-hidden=\"true\" class=\"wp-block-spacer\"><\/div>\n\n\n\n<div class=\"wp-block-columns is-layout-flex wp-container-core-columns-is-layout-9d6595d7 wp-block-columns-is-layout-flex\">\n<div class=\"wp-block-column is-layout-flow wp-block-column-is-layout-flow\">\n<figure class=\"wp-block-table\"><table><tbody><tr><td class=\"has-text-align-center\" data-align=\"center\"><img fetchpriority=\"high\" decoding=\"async\" width=\"270\" height=\"270\" class=\"wp-image-41244\" style=\"width: 270px;\" src=\"https:\/\/klinger.pt\/wp-content\/uploads\/2023\/04\/Valvula-borboleta-concentrica-mini.webp\" alt=\"\" srcset=\"https:\/\/klinger.pt\/wp-content\/uploads\/2023\/04\/Valvula-borboleta-concentrica-mini.webp 270w, https:\/\/klinger.pt\/wp-content\/uploads\/2023\/04\/Valvula-borboleta-concentrica-mini-150x150.webp 150w\" sizes=\"(max-width: 270px) 100vw, 270px\" \/><\/td><td><strong><a href=\"https:\/\/klinger.pt\/produtos\/valvulas\/valvulas-de-borboleta\/serie-industrial\/valvulas-borboleta-kkd-81\/\" title=\"\">V\u00c1LVULAS DE DISCO CONC\u00caNTRICO<\/a><\/strong><br><br><a href=\"https:\/\/klinger.pt\/produtos\/valvulas\/valvulas-de-borboleta\/serie-industrial\/valvulas-borboleta-kkd-81\/\" title=\"\ufffc\"><img decoding=\"async\" width=\"18\" height=\"18\" class=\"wp-image-16262\" style=\"width: 18px;\" src=\"https:\/\/klinger.pt\/wp-content\/uploads\/2022\/06\/icon-arrow-blue-double.png\" alt=\"\"><\/a><\/td><\/tr><\/tbody><\/table><\/figure>\n<\/div>\n\n\n\n<div class=\"wp-block-column is-layout-flow wp-block-column-is-layout-flow\">\n<figure class=\"wp-block-table\"><table><tbody><tr><td class=\"has-text-align-center\" data-align=\"center\"><img decoding=\"async\" width=\"270\" height=\"270\" class=\"wp-image-41253\" style=\"width: 270px;\" src=\"https:\/\/klinger.pt\/wp-content\/uploads\/2023\/04\/KKD-MS82-MINI-1.webp\" alt=\"\" srcset=\"https:\/\/klinger.pt\/wp-content\/uploads\/2023\/04\/KKD-MS82-MINI-1.webp 270w, https:\/\/klinger.pt\/wp-content\/uploads\/2023\/04\/KKD-MS82-MINI-1-150x150.webp 150w\" sizes=\"(max-width: 270px) 100vw, 270px\" \/><\/td><td><strong><a href=\"https:\/\/klinger.pt\/produtos\/valvulas\/valvulas-de-borboleta\/serie-industrial\/valvula-borboleta-kkd-ms-82\/\" title=\"\">V\u00c1LVULAS DE DISCO EXC\u00caNTRICO<\/a><\/strong><br><br><a href=\"https:\/\/klinger.pt\/produtos\/valvulas\/valvulas-de-borboleta\/serie-industrial\/valvula-borboleta-kkd-ms-82\/\" title=\"\ufffc\"><img decoding=\"async\" width=\"18\" height=\"18\" class=\"wp-image-16262\" style=\"width: 18px;\" src=\"https:\/\/klinger.pt\/wp-content\/uploads\/2022\/06\/icon-arrow-blue-double.png\" alt=\"\"><\/a><\/td><\/tr><\/tbody><\/table><\/figure>\n<\/div>\n<\/div>\n","protected":false},"excerpt":{"rendered":"<p>V\u00c1LVULAS BORBOLETA S\u00c9RIE INDUSTRIAL V\u00c1LVULAS DE DISCO CONC\u00caNTRICO V\u00c1LVULAS DE DISCO EXC\u00caNTRICO<\/p>\n","protected":false},"author":1,"featured_media":10041,"parent":22677,"menu_order":0,"comment_status":"closed","ping_status":"closed","template":"page-templates\/secciones-principales.php","meta":{"_eb_attr":"","footnotes":""},"class_list":["post-22680","page","type-page","status-publish","has-post-thumbnail","hentry"],"aioseo_notices":[],"_links":{"self":[{"href":"https:\/\/klinger.pt\/es\/wp-json\/wp\/v2\/pages\/22680","targetHints":{"allow":["GET"]}}],"collection":[{"href":"https:\/\/klinger.pt\/es\/wp-json\/wp\/v2\/pages"}],"about":[{"href":"https:\/\/klinger.pt\/es\/wp-json\/wp\/v2\/types\/page"}],"author":[{"embeddable":true,"href":"https:\/\/klinger.pt\/es\/wp-json\/wp\/v2\/users\/1"}],"replies":[{"embeddable":true,"href":"https:\/\/klinger.pt\/es\/wp-json\/wp\/v2\/comments?post=22680"}],"version-history":[{"count":14,"href":"https:\/\/klinger.pt\/es\/wp-json\/wp\/v2\/pages\/22680\/revisions"}],"predecessor-version":[{"id":41254,"href":"https:\/\/klinger.pt\/es\/wp-json\/wp\/v2\/pages\/22680\/revisions\/41254"}],"up":[{"embeddable":true,"href":"https:\/\/klinger.pt\/es\/wp-json\/wp\/v2\/pages\/22677"}],"wp:featuredmedia":[{"embeddable":true,"href":"https:\/\/klinger.pt\/es\/wp-json\/wp\/v2\/media\/10041"}],"wp:attachment":[{"href":"https:\/\/klinger.pt\/es\/wp-json\/wp\/v2\/media?parent=22680"}],"curies":[{"name":"wp","href":"https:\/\/api.w.org\/{rel}","templated":true}]}}