{"id":22641,"date":"2022-07-26T10:40:11","date_gmt":"2022-07-26T09:40:11","guid":{"rendered":"https:\/\/m5j0n6nk9p.onrocket.site\/?page_id=22641"},"modified":"2023-04-24T15:40:28","modified_gmt":"2023-04-24T14:40:28","slug":"modelo-kho","status":"publish","type":"page","link":"https:\/\/klinger.pt\/es\/produtos\/valvulas\/valvulas-de-esfera\/serie-ballostar\/modelo-kho\/","title":{"rendered":"V\u00c1LVULAS DE ESFERA CONSTRU\u00c7\u00c3O SOLDADA"},"content":{"rendered":"\n<h1 class=\"wp-block-heading\">V\u00c1LVULAS DE ESFERA CONSTRU\u00c7\u00c3O SOLDADA <\/h1>\n\n\n\n<p>As V\u00e1lvulas de Esfera Constru\u00e7\u00e3o Soldada Ballostar Modelo KHO s\u00e3o modernas e apresentam performance fi\u00e1vel. O orif\u00edcio circular garante uma caracter\u00edstica de fluxo que \u00e9 semelhante a um tubo. Como n\u00e3o h\u00e1 dispositivo de fecho no fluxo, as v\u00e1lvulas de esfera com furo total permitem, a passagem do sistema de limpeza sem qualquer problema.<br>Devido \u00e0 utiliza\u00e7\u00e3o de flanges de montagem normalizadas, \u00e0 optimiza\u00e7\u00e3o dos bin\u00e1rios de funcionamento e \u00e0 elevada compatibilidade com diferentes designs e marcas de actuadores, as nossas v\u00e1lvulas de esfera acompanham o aumento dos processos de produ\u00e7\u00e3o automatizados e a exig\u00eancia de instala\u00e7\u00f5es industriais controladas \u00e0 dist\u00e2ncia.<\/p>\n\n\n\n<div style=\"height:30px\" aria-hidden=\"true\" class=\"wp-block-spacer\"><\/div>\n\n\n\n<div class=\"wp-block-group\"><div class=\"wp-block-group__inner-container is-layout-constrained wp-block-group-is-layout-constrained\">\n<div class=\"wp-block-columns is-layout-flex wp-container-core-columns-is-layout-9d6595d7 wp-block-columns-is-layout-flex\">\n<div class=\"wp-block-column transparente is-layout-flow wp-block-column-is-layout-flow\" style=\"flex-basis:300px\">\n<figure class=\"wp-block-image size-full\"><img fetchpriority=\"high\" decoding=\"async\" width=\"500\" height=\"483\" src=\"https:\/\/klinger.pt\/wp-content\/uploads\/2023\/04\/Monolith-KHO-pag.webp\" alt=\"V\u00c1LVULAS DE ESFERA CONSTRU\u00c7\u00c3O SOLDADA BALLOSTAR MONOLITH KHO \" class=\"wp-image-41532\" srcset=\"https:\/\/klinger.pt\/wp-content\/uploads\/2023\/04\/Monolith-KHO-pag.webp 500w, https:\/\/klinger.pt\/wp-content\/uploads\/2023\/04\/Monolith-KHO-pag-300x290.webp 300w\" sizes=\"(max-width: 500px) 100vw, 500px\" \/><\/figure>\n\n\n\n<figure class=\"wp-block-image size-full\"><img decoding=\"async\" width=\"500\" height=\"400\" src=\"https:\/\/klinger.pt\/wp-content\/uploads\/2023\/04\/Monolith-KHO-detail-pag-1.webp\" alt=\"V\u00c1LVULAS DE ESFERA CONSTRU\u00c7\u00c3O SOLDADA BALLOSTAR MONOLITH KHO \" class=\"wp-image-41538\" srcset=\"https:\/\/klinger.pt\/wp-content\/uploads\/2023\/04\/Monolith-KHO-detail-pag-1.webp 500w, https:\/\/klinger.pt\/wp-content\/uploads\/2023\/04\/Monolith-KHO-detail-pag-1-300x240.webp 300w\" sizes=\"(max-width: 500px) 100vw, 500px\" \/><\/figure>\n<\/div>\n\n\n\n<div class=\"wp-block-column is-layout-flow wp-block-column-is-layout-flow\" style=\"flex-basis:700px\">\n<h2 class=\"wp-block-heading\">V\u00e1lvulas de Esfera Monolith KHO<\/h2>\n\n\n\n<p>A v\u00e1lvula de esfera KLINGER Monolith foi desenvolvida para satisfazer a procura de estanqueidade absoluta, bem como de durabilidade. A v\u00e1lvula de esfera, que foi especialmente concebida tendo em mente aplica\u00e7\u00f5es de aquecimento urbano, caracterizando-se pelo elevado grau de estabilidade do corpo, a sua pequena necessidade de espa\u00e7o de instala\u00e7\u00e3o, estanqueidade garantida, aus\u00eancia de manuten\u00e7\u00e3o e a sua excecional seguran\u00e7a operacional.<\/p>\n\n\n\n<h3 class=\"wp-block-heading\">Vantagens do produto:<\/h3>\n\n\n\n<ul class=\"wp-block-list\">\n<li>Certifica\u00e7\u00e3o EN 488:2015<\/li>\n\n\n\n<li>Livre de manuten\u00e7\u00e3o<\/li>\n\n\n\n<li>Suporta press\u00e3o de ambos os lados<\/li>\n\n\n\n<li>Eixo longo isolante t\u00e9rmico<\/li>\n\n\n\n<li>Montagem TRUNNION e haste operacional \u00e0 prova de explos\u00e3o<\/li>\n\n\n\n<li>Vedante de haste operacional multicamadas e dur\u00e1vel<\/li>\n\n\n\n<li>Alto grau de resili\u00eancia contra as for\u00e7as de tubagem<\/li>\n\n\n\n<li>Cumpre os requisitos da folha de trabalho AGFW FW 401<\/li>\n\n\n\n<li>Elementos de veda\u00e7\u00e3o elasticamente pr\u00e9-tensionados com molas de a\u00e7o inoxid\u00e1vel<\/li>\n\n\n\n<li>Esfera guia (TRUNNION) e esfera flutuante<\/li>\n\n\n\n<li>Constru\u00e7\u00e3o de haste e extremidade da haste em a\u00e7o inoxid\u00e1vel<\/li>\n\n\n\n<li>Imperme\u00e1vel \u00e0 sujidade<\/li>\n<\/ul>\n\n\n\n<h3 class=\"wp-block-heading\">Tipos especiais:<\/h3>\n\n\n\n<ul class=\"wp-block-list\">\n<li>Desenho pr\u00e9-isolado para sistemas de tubos de revestimento de pl\u00e1stico<\/li>\n\n\n\n<li>Dispon\u00edvel em diferentes comprimentos de eixo<\/li>\n\n\n\n<li>Flange superior em conformidade com a norma EN ISO 5211 para automatiza\u00e7\u00e3o<\/li>\n\n\n\n<li>Solu\u00e7\u00e3o completa com extens\u00e3o de isolamento, ventila\u00e7\u00e3o e sangramento, sistema de isolamento e alerta<\/li>\n<\/ul>\n\n\n\n<h5 class=\"wp-block-heading\"><a href=\"https:\/\/klinger.pt\/wp-content\/uploads\/2023\/04\/KLINGER-Ballostar-Monolith-KHO_compressed.pdf\" target=\"_blank\" rel=\"noopener\" title=\"FICHA T\u00c9CNICA V\u00c1LVULA DIAFRAGMA TIPO A (EN)\">CAT\u00c1LOGO V\u00c1LVULAS ESFERA MONOLITH KHO (EN)<\/a><\/h5>\n<\/div>\n<\/div>\n<\/div><\/div>\n\n\n\n<div class=\"wp-block-group\"><div class=\"wp-block-group__inner-container is-layout-constrained wp-block-group-is-layout-constrained\">\n<div class=\"wp-block-columns is-layout-flex wp-container-core-columns-is-layout-9d6595d7 wp-block-columns-is-layout-flex\">\n<div class=\"wp-block-column is-layout-flow wp-block-column-is-layout-flow\" style=\"flex-basis:300px\">\n<figure class=\"wp-block-image size-full\"><img decoding=\"async\" width=\"500\" height=\"483\" src=\"https:\/\/klinger.pt\/wp-content\/uploads\/2023\/04\/Monoball-KHO-pag.webp\" alt=\"V\u00c1LVULAS DE ESFERA CONSTRU\u00c7\u00c3O SOLDADA BALLOSTAR MONOBALL KHO \" class=\"wp-image-41528\" srcset=\"https:\/\/klinger.pt\/wp-content\/uploads\/2023\/04\/Monoball-KHO-pag.webp 500w, https:\/\/klinger.pt\/wp-content\/uploads\/2023\/04\/Monoball-KHO-pag-300x290.webp 300w\" sizes=\"(max-width: 500px) 100vw, 500px\" \/><\/figure>\n\n\n\n<figure class=\"wp-block-image size-full\"><img loading=\"lazy\" decoding=\"async\" width=\"450\" height=\"483\" src=\"https:\/\/klinger.pt\/wp-content\/uploads\/2023\/04\/Monoball-KHO-details-pag-1.webp\" alt=\"V\u00c1LVULAS DE ESFERA CONSTRU\u00c7\u00c3O SOLDADA BALLOSTAR MONOBALL KHO\" class=\"wp-image-41536\" srcset=\"https:\/\/klinger.pt\/wp-content\/uploads\/2023\/04\/Monoball-KHO-details-pag-1.webp 450w, https:\/\/klinger.pt\/wp-content\/uploads\/2023\/04\/Monoball-KHO-details-pag-1-280x300.webp 280w\" sizes=\"(max-width: 450px) 100vw, 450px\" \/><\/figure>\n<\/div>\n\n\n\n<div class=\"wp-block-column is-layout-flow wp-block-column-is-layout-flow\" style=\"flex-basis:700px\">\n<h2 class=\"wp-block-heading\">V\u00e1lvulas de Esfera Monoball KHO<\/h2>\n\n\n\n<p>A V\u00e1lvula de Esfera Monoball KHO \u00e9 totalmente soldada e geralmente utilizada no sector do aquecimento distrital, aquecimento e ar condicionamento e constru\u00e7\u00e3o de instala\u00e7\u00f5es. O produto \u00e9 dur\u00e1vel, funcional, sem manuten\u00e7\u00e3o e de f\u00e1cil utiliza\u00e7\u00e3o.<\/p>\n\n\n\n<h3 class=\"wp-block-heading\">Vantagens do Produto<\/h3>\n\n\n\n<ul class=\"wp-block-list\">\n<li>Livre de manuten\u00e7\u00e3o<\/li>\n\n\n\n<li>Vedante de haste operacional multicamadas e dur\u00e1vel<\/li>\n\n\n\n<li>Certificado de acordo com a certifica\u00e7\u00e3o EN 488:2019 e EHP003<\/li>\n\n\n\n<li>Cumpre os requisitos da folha de trabalho AGFW FW 401<\/li>\n\n\n\n<li>Desenho flutuante<\/li>\n\n\n\n<li>Elementos de veda\u00e7\u00e3o elasticamente pr\u00e9-tensionados com molas de a\u00e7o inoxid\u00e1vel<\/li>\n\n\n\n<li>Eixo longo isolante t\u00e9rmico<\/li>\n\n\n\n<li>Eixo em a\u00e7o inoxid\u00e1vel<\/li>\n\n\n\n<li>Alto grau de resili\u00eancia contra as for\u00e7as da tubagem<\/li>\n\n\n\n<li>Suporta press\u00e3o de ambos os lados<\/li>\n<\/ul>\n\n\n\n<h3 class=\"wp-block-heading\">Tipos especiais<\/h3>\n\n\n\n<ul class=\"wp-block-list\">\n<li>Desenho pr\u00e9-isolado para sistemas de tubos de revestimento de pl\u00e1stico<\/li>\n\n\n\n<li>Drenagem pr\u00e9-isolada e porta de ventila\u00e7\u00e3o com a\u00e7o inoxid\u00e1vel para os sistemas de tubos de revestimento de pl\u00e1stico<\/li>\n\n\n\n<li>Flange superior em conformidade com a norma EN ISO 5211 para automatiza\u00e7\u00e3o<\/li>\n\n\n\n<li>Solu\u00e7\u00e3o completa com ventila\u00e7\u00f5es e drenagem, isolamento e fios de aviso de fugas<\/li>\n<\/ul>\n\n\n\n<h5 class=\"wp-block-heading\"><a href=\"https:\/\/klinger.pt\/wp-content\/uploads\/2023\/04\/KLINGER-Ballostar-Monoball-KHO_compressed_compressed2.pdf\" target=\"_blank\" rel=\"noopener\" title=\"\">CAT\u00c1LOGO V\u00c1LVULAS ESFERA MONOBALL KHO (EN)<\/a><\/h5>\n<\/div>\n<\/div>\n<\/div><\/div>\n","protected":false},"excerpt":{"rendered":"<p>V\u00c1LVULAS DE ESFERA CONSTRU\u00c7\u00c3O SOLDADA As V\u00e1lvulas de Esfera Constru\u00e7\u00e3o Soldada Ballostar Modelo KHO s\u00e3o modernas e apresentam performance fi\u00e1vel. O orif\u00edcio circular garante uma caracter\u00edstica de fluxo que \u00e9 semelhante a um tubo. Como n\u00e3o h\u00e1 dispositivo de fecho no fluxo, as v\u00e1lvulas de esfera com furo total permitem, a passagem do sistema de [&hellip;]<\/p>\n","protected":false},"author":1,"featured_media":41542,"parent":22637,"menu_order":0,"comment_status":"closed","ping_status":"closed","template":"page-templates\/servicios.php","meta":{"_eb_attr":"","footnotes":""},"class_list":["post-22641","page","type-page","status-publish","has-post-thumbnail","hentry"],"aioseo_notices":[],"_links":{"self":[{"href":"https:\/\/klinger.pt\/es\/wp-json\/wp\/v2\/pages\/22641","targetHints":{"allow":["GET"]}}],"collection":[{"href":"https:\/\/klinger.pt\/es\/wp-json\/wp\/v2\/pages"}],"about":[{"href":"https:\/\/klinger.pt\/es\/wp-json\/wp\/v2\/types\/page"}],"author":[{"embeddable":true,"href":"https:\/\/klinger.pt\/es\/wp-json\/wp\/v2\/users\/1"}],"replies":[{"embeddable":true,"href":"https:\/\/klinger.pt\/es\/wp-json\/wp\/v2\/comments?post=22641"}],"version-history":[{"count":8,"href":"https:\/\/klinger.pt\/es\/wp-json\/wp\/v2\/pages\/22641\/revisions"}],"predecessor-version":[{"id":41561,"href":"https:\/\/klinger.pt\/es\/wp-json\/wp\/v2\/pages\/22641\/revisions\/41561"}],"up":[{"embeddable":true,"href":"https:\/\/klinger.pt\/es\/wp-json\/wp\/v2\/pages\/22637"}],"wp:featuredmedia":[{"embeddable":true,"href":"https:\/\/klinger.pt\/es\/wp-json\/wp\/v2\/media\/41542"}],"wp:attachment":[{"href":"https:\/\/klinger.pt\/es\/wp-json\/wp\/v2\/media?parent=22641"}],"curies":[{"name":"wp","href":"https:\/\/api.w.org\/{rel}","templated":true}]}}