{"id":22634,"date":"2022-07-26T10:27:55","date_gmt":"2022-07-26T09:27:55","guid":{"rendered":"https:\/\/m5j0n6nk9p.onrocket.site\/?page_id=22634"},"modified":"2023-04-28T11:01:56","modified_gmt":"2023-04-28T10:01:56","slug":"valvulas-de-esfera","status":"publish","type":"page","link":"https:\/\/klinger.pt\/es\/produtos\/valvulas\/valvulas-de-esfera\/","title":{"rendered":"V\u00c1LVULAS DE ESFERA"},"content":{"rendered":"\n<h1 class=\"wp-block-heading has-large-font-size\">V\u00c1LVULAS DE ESFERA<\/h1>\n\n\n\n<div style=\"height:25px\" aria-hidden=\"true\" class=\"wp-block-spacer\"><\/div>\n\n\n\n<div class=\"wp-block-columns is-layout-flex wp-container-core-columns-is-layout-9d6595d7 wp-block-columns-is-layout-flex\">\n<div class=\"wp-block-column is-layout-flow wp-block-column-is-layout-flow\">\n<figure class=\"wp-block-table\"><table><tbody><tr><td class=\"has-text-align-center\" data-align=\"center\"><a href=\"https:\/\/klinger.pt\/produtos\/valvulas\/valvulas-de-esfera\/serie-ballostar\/\"><img fetchpriority=\"high\" decoding=\"async\" width=\"270\" height=\"278\" class=\"wp-image-23141\" style=\"width: 270px;\" src=\"https:\/\/klinger.pt\/wp-content\/uploads\/2022\/07\/SERIE-BALLOSTAR.png\" alt=\"\" srcset=\"https:\/\/klinger.pt\/wp-content\/uploads\/2022\/07\/SERIE-BALLOSTAR.png 560w, https:\/\/klinger.pt\/wp-content\/uploads\/2022\/07\/SERIE-BALLOSTAR-292x300.png 292w\" sizes=\"(max-width: 270px) 100vw, 270px\" \/><\/a><\/td><td><strong><a data-type=\"page\" data-id=\"22637\" href=\"https:\/\/klinger.pt\/produtos\/valvulas\/valvulas-de-esfera\/serie-ballostar\/\">S\u00c9RIE BALLOSTAR<\/a><\/strong><br><br><a data-type=\"page\" data-id=\"22637\" href=\"https:\/\/klinger.pt\/produtos\/valvulas\/valvulas-de-esfera\/serie-ballostar\/\"><img decoding=\"async\" width=\"18\" height=\"18\" class=\"wp-image-16262\" style=\"width: 18px;\" src=\"https:\/\/klinger.pt\/wp-content\/uploads\/2022\/06\/icon-arrow-blue-double.png\" alt=\"\"><\/a><\/td><\/tr><\/tbody><\/table><\/figure>\n<\/div>\n\n\n\n<div class=\"wp-block-column is-layout-flow wp-block-column-is-layout-flow\">\n<figure class=\"wp-block-table\"><table><tbody><tr><td class=\"has-text-align-center\" data-align=\"center\"><img decoding=\"async\" width=\"270\" height=\"270\" class=\"wp-image-41853\" style=\"width: 270px;\" src=\"https:\/\/klinger.pt\/wp-content\/uploads\/2023\/04\/KHD-mini.webp\" alt=\"\" srcset=\"https:\/\/klinger.pt\/wp-content\/uploads\/2023\/04\/KHD-mini.webp 270w, https:\/\/klinger.pt\/wp-content\/uploads\/2023\/04\/KHD-mini-150x150.webp 150w\" sizes=\"(max-width: 270px) 100vw, 270px\" \/><\/td><td><strong><a href=\"https:\/\/klinger.pt\/produtos\/valvulas\/valvulas-de-esfera\/serie-khd\/\">S\u00c9RIE KHD<\/a><\/strong><br><br><a href=\"https:\/\/klinger.pt\/produtos\/valvulas\/valvulas-de-esfera\/serie-khd\/\"><img decoding=\"async\" width=\"18\" height=\"18\" class=\"wp-image-16262\" style=\"width: 18px;\" src=\"https:\/\/klinger.pt\/wp-content\/uploads\/2022\/06\/icon-arrow-blue-double.png\" alt=\"\"><\/a><\/td><\/tr><\/tbody><\/table><\/figure>\n<\/div>\n<\/div>\n\n\n\n<div class=\"wp-block-columns is-layout-flex wp-container-core-columns-is-layout-9d6595d7 wp-block-columns-is-layout-flex\">\n<div class=\"wp-block-column is-layout-flow wp-block-column-is-layout-flow\">\n<figure class=\"wp-block-table\"><table><tbody><tr><td class=\"has-text-align-center\" data-align=\"center\"><img loading=\"lazy\" decoding=\"async\" width=\"270\" height=\"270\" class=\"wp-image-41848\" style=\"width: 270px;\" src=\"https:\/\/klinger.pt\/wp-content\/uploads\/2023\/04\/Intec-series-mini.webp\" alt=\"\" srcset=\"https:\/\/klinger.pt\/wp-content\/uploads\/2023\/04\/Intec-series-mini.webp 270w, https:\/\/klinger.pt\/wp-content\/uploads\/2023\/04\/Intec-series-mini-150x150.webp 150w\" sizes=\"(max-width: 270px) 100vw, 270px\" \/><\/td><td><br><a href=\"https:\/\/klinger.pt\/produtos\/valvulas\/valvulas-de-esfera\/serie-intec\/\" title=\"S\u00c9RIE INTEC\"><strong>S\u00c9RIE INTEC<\/strong><\/a><br><a href=\"https:\/\/klinger.pt\/produtos\/valvulas\/valvulas-de-macho-conico\/valvulas-de-esfera\/serie-intec\/\"><br><\/a><a href=\"https:\/\/klinger.pt\/produtos\/valvulas\/valvulas-de-esfera\/serie-intec\/\" title=\"S\u00c9RIE INTEC\"><img decoding=\"async\" width=\"18\" height=\"18\" class=\"wp-image-16262\" style=\"width: 18px;\" src=\"https:\/\/klinger.pt\/wp-content\/uploads\/2022\/06\/icon-arrow-blue-double.png\" alt=\"\"><\/a><\/td><\/tr><\/tbody><\/table><\/figure>\n<\/div>\n\n\n\n<div class=\"wp-block-column transparente is-layout-flow wp-block-column-is-layout-flow\"><\/div>\n<\/div>\n","protected":false},"excerpt":{"rendered":"<p>V\u00c1LVULAS DE ESFERA S\u00c9RIE BALLOSTAR S\u00c9RIE KHD S\u00c9RIE INTEC<\/p>\n","protected":false},"author":1,"featured_media":41727,"parent":22559,"menu_order":1,"comment_status":"closed","ping_status":"closed","template":"page-templates\/secciones-principales.php","meta":{"_eb_attr":"","footnotes":""},"class_list":["post-22634","page","type-page","status-publish","has-post-thumbnail","hentry"],"aioseo_notices":[],"_links":{"self":[{"href":"https:\/\/klinger.pt\/es\/wp-json\/wp\/v2\/pages\/22634","targetHints":{"allow":["GET"]}}],"collection":[{"href":"https:\/\/klinger.pt\/es\/wp-json\/wp\/v2\/pages"}],"about":[{"href":"https:\/\/klinger.pt\/es\/wp-json\/wp\/v2\/types\/page"}],"author":[{"embeddable":true,"href":"https:\/\/klinger.pt\/es\/wp-json\/wp\/v2\/users\/1"}],"replies":[{"embeddable":true,"href":"https:\/\/klinger.pt\/es\/wp-json\/wp\/v2\/comments?post=22634"}],"version-history":[{"count":7,"href":"https:\/\/klinger.pt\/es\/wp-json\/wp\/v2\/pages\/22634\/revisions"}],"predecessor-version":[{"id":41855,"href":"https:\/\/klinger.pt\/es\/wp-json\/wp\/v2\/pages\/22634\/revisions\/41855"}],"up":[{"embeddable":true,"href":"https:\/\/klinger.pt\/es\/wp-json\/wp\/v2\/pages\/22559"}],"wp:featuredmedia":[{"embeddable":true,"href":"https:\/\/klinger.pt\/es\/wp-json\/wp\/v2\/media\/41727"}],"wp:attachment":[{"href":"https:\/\/klinger.pt\/es\/wp-json\/wp\/v2\/media?parent=22634"}],"curies":[{"name":"wp","href":"https:\/\/api.w.org\/{rel}","templated":true}]}}