{"id":22575,"date":"2022-07-26T08:08:40","date_gmt":"2022-07-26T07:08:40","guid":{"rendered":"https:\/\/m5j0n6nk9p.onrocket.site\/?page_id=22575"},"modified":"2023-05-09T08:50:31","modified_gmt":"2023-05-09T07:50:31","slug":"comportas","status":"publish","type":"page","link":"https:\/\/klinger.pt\/es\/produtos\/valvulas\/valvulas-especiais-aplicacoes-em-aguas\/comportas\/","title":{"rendered":"V\u00c1LVULAS DE COMPORTA"},"content":{"rendered":"\n<h1 class=\"wp-block-heading\">V\u00c1LVULAS DE COMPORTA<\/h1>\n\n\n\n<p>Completa gama de v\u00e1lvulas de comporta para as mais diversas aplica\u00e7\u00f5es, como planta de tratamento de \u00e1gua, sistemas de irriga\u00e7\u00e3o, tanques de drenagem de \u00e1guas pluviais e controlo de inunda\u00e7\u00e3o.<\/p>\n\n\n\n<div style=\"height:20px\" aria-hidden=\"true\" class=\"wp-block-spacer\"><\/div>\n\n\n\n<div class=\"wp-block-group\"><div class=\"wp-block-group__inner-container is-layout-constrained wp-block-group-is-layout-constrained\">\n<div class=\"wp-block-columns is-layout-flex wp-container-core-columns-is-layout-9d6595d7 wp-block-columns-is-layout-flex\">\n<div class=\"wp-block-column is-layout-flow wp-block-column-is-layout-flow\" style=\"flex-basis:300px\"><div class=\"wp-block-image\">\n<figure class=\"aligncenter size-full\"><img fetchpriority=\"high\" decoding=\"async\" width=\"236\" height=\"375\" src=\"https:\/\/klinger.pt\/wp-content\/uploads\/2022\/07\/COMPORTA-MURAL.png\" alt=\"COMPORTAS\" class=\"wp-image-23165\" srcset=\"https:\/\/klinger.pt\/wp-content\/uploads\/2022\/07\/COMPORTA-MURAL.png 236w, https:\/\/klinger.pt\/wp-content\/uploads\/2022\/07\/COMPORTA-MURAL-189x300.png 189w\" sizes=\"(max-width: 236px) 100vw, 236px\" \/><\/figure>\n<\/div><\/div>\n\n\n\n<div class=\"wp-block-column is-layout-flow wp-block-column-is-layout-flow\" style=\"flex-basis:700px\">\n<h2 class=\"wp-block-heading\">COMPORTA MURAL<\/h2>\n\n\n\n<p class=\"intro-text\">Comporta mural de veda\u00e7\u00e3o em quatro lados, montagem em parede e fundo plano.<\/p>\n\n\n\n<p id=\"tw-target-text\">Deslizante de se\u00e7\u00e3o quadrada ou retangular de montagem em parede e com fechamento nos 4 lados.<br>Utiliza\u00e7\u00e3o para regulagem ou isolamento do flu\u00eddo em po\u00e7os, dep\u00f3sitos, sa\u00eddas de tubula\u00e7\u00e3o.<br>Constru\u00e7\u00e3o mecanosoldada em a\u00e7o inoxid\u00e1vel ou a\u00e7o carbono com fechamento estanque, mediante junta de elast\u00f4mero.<br>Ampla possibilidade de fabrica\u00e7\u00e3o de medidas e cargas de \u00e1gua.<br>Acionamento manual, pneum\u00e1tico, el\u00e9trico ou hidr\u00e1ulico e ampla gama de poss\u00edveis prolongamento de haste para o acionamento.<\/p>\n\n\n\n<h5 class=\"wp-block-heading\"><a href=\"https:\/\/klinger.pt\/wp-content\/uploads\/2023\/05\/Ficha-tecnica-Comporta-Mural-Bidirecional-1300x1300-4000x4000-1.pdf\" target=\"_blank\" rel=\"noopener\" title=\"FICHA T\u00c9CNICA 2280 (EN)\">FICHA T\u00c9CNICA COMPORTA MURAL BIDIRECIONAL 1300&#215;1300 &#8211; 4000&#215;4000 (PT)<\/a><\/h5>\n\n\n\n<h5 class=\"wp-block-heading\"><a href=\"https:\/\/klinger.pt\/wp-content\/uploads\/2023\/05\/Ficha-tecnica-Comporta-Mural-Padrao-200x200-1200x1200-1.pdf\" target=\"_blank\" rel=\"noopener\" title=\"FICHA T\u00c9CNICA 2280 (EN)\">FICHA T\u00c9CNICA COMPORTA MURAL PADR\u00c3O 200&#215;200 &#8211; 1200&#215;1200 (PT)<\/a><\/h5>\n\n\n\n<h5 class=\"wp-block-heading\"><a href=\"https:\/\/klinger.pt\/wp-content\/uploads\/2023\/05\/Ficha-tecnica-Comporta-Mural-Padrao-1300x1300-1500x2000-1.pdf\" target=\"_blank\" rel=\"noopener\" title=\"FICHA T\u00c9CNICA 2280 (EN)\">FICHA T\u00c9CNICA COMPORTA MURAL PADR\u00c3O 1300&#215;1300 &#8211; 1500&#215;2000 (PT)<\/a><\/h5>\n\n\n\n<h5 class=\"wp-block-heading\"><a href=\"https:\/\/klinger.pt\/wp-content\/uploads\/2023\/05\/Ficha-tecnica-Comporta-Mural-Unidirecional-1300x1300-4000x4000-1.pdf\" target=\"_blank\" rel=\"noopener\" title=\"\">FICHA T\u00c9CNICA COMPORTA MURAL UNIDIRECIONAL 1300&#215;1300 &#8211; 4000&#215;4000 (PT)<\/a><\/h5>\n<\/div>\n<\/div>\n<\/div><\/div>\n\n\n\n<div style=\"height:20px\" aria-hidden=\"true\" class=\"wp-block-spacer\"><\/div>\n\n\n\n<div class=\"wp-block-group\"><div class=\"wp-block-group__inner-container is-layout-constrained wp-block-group-is-layout-constrained\">\n<div class=\"wp-block-columns is-layout-flex wp-container-core-columns-is-layout-9d6595d7 wp-block-columns-is-layout-flex\">\n<div class=\"wp-block-column is-layout-flow wp-block-column-is-layout-flow\" style=\"flex-basis:300px\"><div class=\"wp-block-image\">\n<figure class=\"aligncenter size-full\"><img decoding=\"async\" width=\"236\" height=\"375\" src=\"https:\/\/klinger.pt\/wp-content\/uploads\/2022\/07\/COMPORTA-CANAL.png\" alt=\"COMPORTAS\" class=\"wp-image-23167\" srcset=\"https:\/\/klinger.pt\/wp-content\/uploads\/2022\/07\/COMPORTA-CANAL.png 236w, https:\/\/klinger.pt\/wp-content\/uploads\/2022\/07\/COMPORTA-CANAL-189x300.png 189w\" sizes=\"(max-width: 236px) 100vw, 236px\" \/><\/figure>\n<\/div><\/div>\n\n\n\n<div class=\"wp-block-column is-layout-flow wp-block-column-is-layout-flow\" style=\"flex-basis:700px\">\n<h2 class=\"wp-block-heading\">COMPORTA CANAL<\/h2>\n\n\n\n<p class=\"intro-text\">Comporta de canal de veda\u00e7\u00e3o em tr\u00eas lados, montagem em canal aberto e fundo plano.<\/p>\n\n\n\n<p>Comporta deslizante de se\u00e7\u00e3o quadrada ou retangular de montagem em canais com as partes fixas embutidas em concreto e com fechamento de 3 lados.<br>Utiliza\u00e7\u00e3o para regulagem ou isolamento do flu\u00eddo em canais abertos.<br>Constru\u00e7\u00e3o mecanosoldada em a\u00e7o inoxid\u00e1vel ou a\u00e7o&nbsp;carbono com fechamento estanque, mediante junta de elast\u00f4mero.<br>Ampla possibilidade de fabrica\u00e7\u00e3o de medidas e cargas de \u00e1gua.<br>Acionamento manual, pneum\u00e1tico, el\u00e9trico ou hidr\u00e1ulico.<\/p>\n\n\n\n<h5 class=\"wp-block-heading\"><a href=\"https:\/\/klinger.pt\/wp-content\/uploads\/2023\/05\/Ficha-tecnica-Comporta-Canal-PT.pdf\" target=\"_blank\" rel=\"noopener\" title=\"FICHA T\u00c9CNICA 2280 (EN)\">FICHA T\u00c9CNICA COMPORTA CANAL (PT)<\/a><\/h5>\n<\/div>\n<\/div>\n<\/div><\/div>\n\n\n\n<div style=\"height:20px\" aria-hidden=\"true\" class=\"wp-block-spacer\"><\/div>\n\n\n\n<div class=\"wp-block-group\"><div class=\"wp-block-group__inner-container is-layout-constrained wp-block-group-is-layout-constrained\">\n<div class=\"wp-block-columns is-layout-flex wp-container-core-columns-is-layout-9d6595d7 wp-block-columns-is-layout-flex\">\n<div class=\"wp-block-column is-layout-flow wp-block-column-is-layout-flow\" style=\"flex-basis:300px\"><div class=\"wp-block-image\">\n<figure class=\"aligncenter size-full\"><img decoding=\"async\" width=\"236\" height=\"375\" src=\"https:\/\/klinger.pt\/wp-content\/uploads\/2022\/07\/COMPORTA-DESCARREGADORA.png\" alt=\"COMPORTAS\" class=\"wp-image-23170\" srcset=\"https:\/\/klinger.pt\/wp-content\/uploads\/2022\/07\/COMPORTA-DESCARREGADORA.png 236w, https:\/\/klinger.pt\/wp-content\/uploads\/2022\/07\/COMPORTA-DESCARREGADORA-189x300.png 189w\" sizes=\"(max-width: 236px) 100vw, 236px\" \/><\/figure>\n<\/div><\/div>\n\n\n\n<div class=\"wp-block-column is-layout-flow wp-block-column-is-layout-flow\" style=\"flex-basis:700px\">\n<h2 class=\"wp-block-heading\">COMPORTA DESCARREGADORA<\/h2>\n\n\n\n<p class=\"intro-text\">Comporta descarregadora de abertura para baixo de veda\u00e7\u00e3o em tr\u00eas e quatro lados e fundo plano.<\/p>\n\n\n\n<p>A comporta descarregadora \u00e9 projetada para aplica\u00e7\u00f5es que necessitem da abertura da comporta para baixo, onde um controle mais preciso do fluxo seja necess\u00e1rio. A \u00e1gua passa sobre o painel de fechamento permitindo um n\u00edvel constante da \u00e1gua a montante. Dispon\u00edvel nas dimens\u00f5es de 6&#8243;x 6&#8243; (150mm x 150mm) at\u00e9 80&#8243;x 80&#8243; (2000mm x 2000mm).<\/p>\n\n\n\n<p>O sistema de veda\u00e7\u00e3o est\u00e1 incorporado em 3 lados (nas duas lateriais e abaixo), resultando numa perfeita selagem sem a necessidade de cunhas de fechamento. Este exclusivo sistema permite alcan\u00e7ar uma alta performance de estanqueidade tanto a favor do fluxo quanto no sentido contr\u00e1rio ao fluxo (bidirecional). Adicionalmente, est\u00e1 tamb\u00e9m dispon\u00edvel sistema de veda\u00e7\u00e3o nos 4 lados.<\/p>\n\n\n\n<p>A taxa de vazamento deste modelo est\u00e1 abaixo do m\u00e1ximo permitido recomendado pela norma AWWA (C513-5) sob condi\u00e7\u00f5es normais de trabalho. Podemos tamb\u00e9m projetar e fabricar a comporta RB em dimens\u00f5es maiores e condi\u00e7\u00f5es de trabalho mais severas mantendo o limite de vazamento abaixo do permitido pela norma AWWA. Para dimens\u00f5es maiores, por favor contacte-nos.<\/p>\n\n\n\n<h5 class=\"wp-block-heading\"><a href=\"https:\/\/klinger.pt\/wp-content\/uploads\/2023\/05\/Ficha-tecnica-Comporta-Descarregadora-150x150-1200x1200-1.pdf\" target=\"_blank\" rel=\"noopener\" title=\"FICHA T\u00c9CNICA 2280 (EN)\">FICHA T\u00c9CNICA COMPORTA DESCARREGADORA 150&#215;150 1200&#215;1200 (PT)<\/a><\/h5>\n\n\n\n<h5 class=\"wp-block-heading\"><a href=\"https:\/\/klinger.pt\/wp-content\/uploads\/2023\/05\/Ficha-tecnica-Comporta-Descarregadora-1300x1300-6000x2500-1.pdf\" target=\"_blank\" rel=\"noopener\" title=\"FICHA T\u00c9CNICA 2280 (EN)\">FICHA T\u00c9CNICA COMPORTA DESCARREGADORA 1300&#215;1300 6000&#215;2500 (PT)<\/a><\/h5>\n<\/div>\n<\/div>\n<\/div><\/div>\n\n\n\n<div style=\"height:20px\" aria-hidden=\"true\" class=\"wp-block-spacer\"><\/div>\n\n\n\n<div class=\"wp-block-group\"><div class=\"wp-block-group__inner-container is-layout-constrained wp-block-group-is-layout-constrained\">\n<div class=\"wp-block-columns is-layout-flex wp-container-core-columns-is-layout-9d6595d7 wp-block-columns-is-layout-flex\">\n<div class=\"wp-block-column is-layout-flow wp-block-column-is-layout-flow\" style=\"flex-basis:300px\"><div class=\"wp-block-image\">\n<figure class=\"aligncenter size-full is-resized\"><img loading=\"lazy\" decoding=\"async\" src=\"https:\/\/klinger.pt\/wp-content\/uploads\/2022\/07\/COMPORTA-ADUFA.png\" alt=\"COMPORTAS\" class=\"wp-image-23172\" width=\"219\" height=\"348\" srcset=\"https:\/\/klinger.pt\/wp-content\/uploads\/2022\/07\/COMPORTA-ADUFA.png 236w, https:\/\/klinger.pt\/wp-content\/uploads\/2022\/07\/COMPORTA-ADUFA-189x300.png 189w\" sizes=\"(max-width: 219px) 100vw, 219px\" \/><\/figure>\n<\/div><\/div>\n\n\n\n<div class=\"wp-block-column is-layout-flow wp-block-column-is-layout-flow\" style=\"flex-basis:700px\">\n<h2 class=\"wp-block-heading\">COMPORTA STOP LOG DE PAINEL \u00daNICO<\/h2>\n\n\n\n<p class=\"intro-text\">Stop log de veda\u00e7\u00e3o em tr\u00eas lados, montagem em canal aberto, fundo plano e sem atuador.<\/p>\n\n\n\n<p>O Stop Log de painel \u00fanico \u00e9 projetado para instala\u00e7\u00e3o em canal aberto em esta\u00e7\u00f5es de tratamento de esgoto, irriga\u00e7\u00e3o, instala\u00e7\u00f5es hidr\u00e1ulicas e esta\u00e7\u00f5es hidrel\u00e9tricas. O painel deslizante \u00e9 operado manualmente ou por viga pescadora para tamanhos maiores. O sistema de veda\u00e7\u00e3o est\u00e1 incorporado em ambas as laterais e na borda inferior do painel, resultando em uma selagem eficiente sem a necessidade de cunhas de fechamento. De 6&#8243; x 6&#8243; (150mm x 150mm) at\u00e9 140&#8243; x 140&#8243; (3500mm x 3500mm), este modelo possui um exclusivo sistema de veda\u00e7\u00e3o de \u00absimples l\u00e1bio\u00bb. Sua taxa de vazamento  est\u00e1 abaixo do m\u00e1ximo permitido recomendado pela norma AWWA (C561) sob condi\u00e7\u00f5es normais de trabalho. O quadro deste modelo \u00e9 normalmente embutido no canal de concreto, tanto para o modelo unidirecional (a favor do fluxo) quanto o bidirecional (a favor e contra o fluxo).<\/p>\n\n\n\n<p>Oferecemos tamb\u00e9m diferentes op\u00e7\u00f5es de montagem tais como montagem em parede e montagem em um canal existente quando requerido. Esta comporta pode ser projetada e fabricada em dimens\u00f5es maiores e condi\u00e7\u00f5es de trabalho mais severas mantendo o limite de vazamento abaixo do permitido pela norma AWWA. Para maiores informa\u00e7\u00f5es, por favor contacte-nos.<\/p>\n\n\n\n<h5 class=\"wp-block-heading\"><a href=\"https:\/\/klinger.pt\/wp-content\/uploads\/2023\/05\/Ficha-Tecnica-Comporta-Stop-Log-Painel-Unico.pdf\" target=\"_blank\" rel=\"noopener\" title=\"FICHA T\u00c9CNICA 2280 (EN)\">FICHA T\u00c9CNICA COMPORTA STOP LOG DE PAINEL \u00daNICO (PT)<\/a><\/h5>\n<\/div>\n<\/div>\n<\/div><\/div>\n\n\n\n<div style=\"height:20px\" aria-hidden=\"true\" class=\"wp-block-spacer\"><\/div>\n\n\n\n<div class=\"wp-block-group\"><div class=\"wp-block-group__inner-container is-layout-constrained wp-block-group-is-layout-constrained\">\n<div class=\"wp-block-columns is-layout-flex wp-container-core-columns-is-layout-9d6595d7 wp-block-columns-is-layout-flex\">\n<div class=\"wp-block-column is-layout-flow wp-block-column-is-layout-flow\" style=\"flex-basis:300px\"><div class=\"wp-block-image\">\n<figure class=\"aligncenter size-full is-resized\"><img loading=\"lazy\" decoding=\"async\" src=\"https:\/\/klinger.pt\/wp-content\/uploads\/2022\/07\/COMPORTA-STOP-LOG-ACO.png\" alt=\"COMPORTAS\" class=\"wp-image-23174\" width=\"194\" height=\"309\" srcset=\"https:\/\/klinger.pt\/wp-content\/uploads\/2022\/07\/COMPORTA-STOP-LOG-ACO.png 236w, https:\/\/klinger.pt\/wp-content\/uploads\/2022\/07\/COMPORTA-STOP-LOG-ACO-189x300.png 189w\" sizes=\"(max-width: 194px) 100vw, 194px\" \/><\/figure>\n<\/div><\/div>\n\n\n\n<div class=\"wp-block-column is-layout-flow wp-block-column-is-layout-flow\" style=\"flex-basis:700px\">\n<h2 class=\"wp-block-heading\">COMPORTA STOP LOG A\u00c7O INOXID\u00c1VEL<\/h2>\n\n\n\n<p class=\"intro-text\">Comporta stop log de veda\u00e7\u00e3o em tr\u00eas lados de m\u00faltiplos pain\u00e9is de a\u00e7o inoxid\u00e1vel, montagem em canal aberto, fundo plano e sem atuador.<\/p>\n\n\n\n<p>A Comporta tipo Stop Log destina-se a instala\u00e7\u00f5es em canal aberto em plantas de tratamento de esgoto, instala\u00e7\u00f5es de irriga\u00e7\u00e3o, instala\u00e7\u00f5es hidr\u00e1ulicas e usinas geradoras hidrel\u00e9tricas.<\/p>\n\n\n\n<p>O fechamento deslizante \u00e9 formado por v\u00e1rios logs que encaixam um acima do outro na estrutura. Adicionando ou removendo logs, o modelo SL permite controlar o fluxo de um canal de forma econ\u00f4mica.<\/p>\n\n\n\n<p>O sistema de veda\u00e7\u00e3o est\u00e1 incorporado nas duas laterais e a \u00e1rea inferior de cada log resultando em uma veda\u00e7\u00e3o perfeita sem necessidade de uso de cunhas na comporta. Com tamanhos de 6&#8243; x 6&#8243; (150 mm x 150 mm) at\u00e9 80&#8243; x 80&#8243; (2000 mm x 2000 mm). O modelo SL possui um l\u00e1bio de veda\u00e7\u00e3o \u00fanico no g\u00eanero.<\/p>\n\n\n\n<p>A estrutura do modelo SL \u00e9 tipicamente embutida em concreto, por\u00e9m pode ser projetada para ser montada em parede ou na superf\u00edcie de um canal existente.<\/p>\n\n\n\n<h5 class=\"wp-block-heading\"><a href=\"https:\/\/klinger.pt\/wp-content\/uploads\/2023\/05\/Ficha-Tecnica-Comporta-Stop-Log-Aco-inoxidavel.pdf\" target=\"_blank\" rel=\"noopener\" title=\"\">FICHA T\u00c9CNICA COMPORTA STOP LOG A\u00c7O INOXID\u00c1VEL (PT)<\/a><\/h5>\n<\/div>\n<\/div>\n<\/div><\/div>\n\n\n\n<div style=\"height:20px\" aria-hidden=\"true\" class=\"wp-block-spacer\"><\/div>\n\n\n\n<div class=\"wp-block-group\"><div class=\"wp-block-group__inner-container is-layout-constrained wp-block-group-is-layout-constrained\">\n<div class=\"wp-block-columns is-layout-flex wp-container-core-columns-is-layout-9d6595d7 wp-block-columns-is-layout-flex\">\n<div class=\"wp-block-column is-layout-flow wp-block-column-is-layout-flow\" style=\"flex-basis:300px\"><div class=\"wp-block-image\">\n<figure class=\"aligncenter\"><img decoding=\"async\" src=\"https:\/\/klinger.pt\/wp-content\/uploads\/2019\/12\/stop-log-thumbnail.jpg\" alt=\"COMPORTAS\"\/><\/figure>\n<\/div><\/div>\n\n\n\n<div class=\"wp-block-column is-layout-flow wp-block-column-is-layout-flow\" style=\"flex-basis:700px\">\n<h2 class=\"wp-block-heading\">COMPORTA STOP LOG ALUM\u00cdNIO<\/h2>\n\n\n\n<p class=\"intro-text\">Comporta stop log de veda\u00e7\u00e3o em tr\u00eas lados de m\u00faltiplos pain\u00e9is de alum\u00ednio, montagem em canal aberto, fundo plano e sem atuador.<\/p>\n\n\n\n<p>O Stop Log modelo SA de veda\u00e7\u00e3o em 3 lados foi desenvolvido para instala\u00e7\u00f5es em canais abertos para obtura\u00e7\u00e3o tempor\u00e1ria ou controlo de n\u00edvel de \u00e1gua. Os Stop Logs s\u00e3o ideais para servi\u00e7os de manuten\u00e7\u00e3o ou para controle de inunda\u00e7\u00f5es e desvio de fluxo. Os pain\u00e9is (Logs) s\u00e3o fabricados com perfis de alum\u00ednio, possibilitando f\u00e1cil manuseio devido a sua leveza.<\/p>\n\n\n\n<p>Os pain\u00e9is se encaixam um sobre os&nbsp;outros. Desta forma \u00e9 poss\u00edvel controlar o n\u00edvel de \u00e1gua adicionando ou extraindo pain\u00e9is. O sistema de veda\u00e7\u00e3o \u00e9 bidirecional (para fluxo em qualquer sentido) e permite alcan\u00e7ar n\u00edveis de estanqueidade muito altos.<\/p>\n\n\n\n<p>O quadro pode ser fabricado em alum\u00ednio extrudado ou a\u00e7o inoxid\u00e1vel. Al\u00e9m disso, pode ser projetado para montagem em concreto, em parede ou montagem lateral em canal existente.<\/p>\n\n\n\n<h5 class=\"wp-block-heading\"><a href=\"https:\/\/klinger.pt\/wp-content\/uploads\/2023\/05\/Ficha-Tecnica-Comporta-Stop-Log-Aluminio.pdf\" target=\"_blank\" rel=\"noopener\" title=\"\">FICHA T\u00c9CNICA COMPORTA STOP LOG ALUMINIO (PT)<\/a><\/h5>\n<\/div>\n<\/div>\n<\/div><\/div>\n\n\n\n<div style=\"height:20px\" aria-hidden=\"true\" class=\"wp-block-spacer\"><\/div>\n\n\n\n<div class=\"wp-block-group\"><div class=\"wp-block-group__inner-container is-layout-constrained wp-block-group-is-layout-constrained\">\n<div class=\"wp-block-columns is-layout-flex wp-container-core-columns-is-layout-9d6595d7 wp-block-columns-is-layout-flex\">\n<div class=\"wp-block-column is-layout-flow wp-block-column-is-layout-flow\" style=\"flex-basis:300px\"><div class=\"wp-block-image\">\n<figure class=\"aligncenter size-full\"><img loading=\"lazy\" decoding=\"async\" width=\"270\" height=\"270\" src=\"https:\/\/klinger.pt\/wp-content\/uploads\/2023\/05\/image.png\" alt=\"COMPORTAS\" class=\"wp-image-42395\" srcset=\"https:\/\/klinger.pt\/wp-content\/uploads\/2023\/05\/image.png 270w, https:\/\/klinger.pt\/wp-content\/uploads\/2023\/05\/image-150x150.png 150w\" sizes=\"(max-width: 270px) 100vw, 270px\" \/><\/figure>\n<\/div><\/div>\n\n\n\n<div class=\"wp-block-column is-layout-flow wp-block-column-is-layout-flow\" style=\"flex-basis:700px\">\n<h2 class=\"wp-block-heading\">COMPORTA VAG\u00c3O<\/h2>\n\n\n\n<p class=\"intro-text\">Comporta vag\u00e3o com roldanas de sec\u00e7\u00e3o retangular e quadrada para fechamento de condutos de grandes dimens\u00f5es e cargas de \u00e1gua.<\/p>\n\n\n\n<p>&nbsp;Comporta plana de se\u00e7\u00e3o retangular deslizante, mediante sistema de roldanas para reduzir esfor\u00e7os de manobra utilizada em trabalhos com grandes cargas de \u00e1gua e grandes se\u00e7\u00f5es.<\/p>\n\n\n\n<p>Fabrica\u00e7\u00e3o mecanosoldada robusta com ampla possibilidade de fabrica\u00e7\u00e3o de medidas, cargas de \u00e1gua e materiais, conforme as necessidades.<\/p>\n\n\n\n<p>Acionamento hidr\u00e1ulico, el\u00e9trico, manual e diversas possibilidades de extens\u00e3o do acionamento.<\/p>\n\n\n\n<p>Possibilidade de incorporar by-pass para equil\u00edbrio de press\u00f5es.<\/p>\n\n\n\n<h5 class=\"wp-block-heading\"><a href=\"https:\/\/klinger.pt\/wp-content\/uploads\/2023\/05\/Roller-gate-catalogue-EN.pdf\" target=\"_blank\" rel=\"noopener\" title=\"\">CAT\u00c1LOGO COMPORTA VAG\u00c3O (EN)<\/a><\/h5>\n<\/div>\n<\/div>\n<\/div><\/div>\n","protected":false},"excerpt":{"rendered":"<p>V\u00c1LVULAS DE COMPORTA Completa gama de v\u00e1lvulas de comporta para as mais diversas aplica\u00e7\u00f5es, como planta de tratamento de \u00e1gua, sistemas de irriga\u00e7\u00e3o, tanques de drenagem de \u00e1guas pluviais e controlo de inunda\u00e7\u00e3o. COMPORTA MURAL Comporta mural de veda\u00e7\u00e3o em quatro lados, montagem em parede e fundo plano. Deslizante de se\u00e7\u00e3o quadrada ou retangular de [&hellip;]<\/p>\n","protected":false},"author":1,"featured_media":10041,"parent":41275,"menu_order":0,"comment_status":"closed","ping_status":"closed","template":"page-templates\/servicios.php","meta":{"_eb_attr":"","footnotes":""},"class_list":["post-22575","page","type-page","status-publish","has-post-thumbnail","hentry"],"aioseo_notices":[],"_links":{"self":[{"href":"https:\/\/klinger.pt\/es\/wp-json\/wp\/v2\/pages\/22575","targetHints":{"allow":["GET"]}}],"collection":[{"href":"https:\/\/klinger.pt\/es\/wp-json\/wp\/v2\/pages"}],"about":[{"href":"https:\/\/klinger.pt\/es\/wp-json\/wp\/v2\/types\/page"}],"author":[{"embeddable":true,"href":"https:\/\/klinger.pt\/es\/wp-json\/wp\/v2\/users\/1"}],"replies":[{"embeddable":true,"href":"https:\/\/klinger.pt\/es\/wp-json\/wp\/v2\/comments?post=22575"}],"version-history":[{"count":33,"href":"https:\/\/klinger.pt\/es\/wp-json\/wp\/v2\/pages\/22575\/revisions"}],"predecessor-version":[{"id":42471,"href":"https:\/\/klinger.pt\/es\/wp-json\/wp\/v2\/pages\/22575\/revisions\/42471"}],"up":[{"embeddable":true,"href":"https:\/\/klinger.pt\/es\/wp-json\/wp\/v2\/pages\/41275"}],"wp:featuredmedia":[{"embeddable":true,"href":"https:\/\/klinger.pt\/es\/wp-json\/wp\/v2\/media\/10041"}],"wp:attachment":[{"href":"https:\/\/klinger.pt\/es\/wp-json\/wp\/v2\/media?parent=22575"}],"curies":[{"name":"wp","href":"https:\/\/api.w.org\/{rel}","templated":true}]}}