{"id":22559,"date":"2022-07-26T07:44:08","date_gmt":"2022-07-26T06:44:08","guid":{"rendered":"https:\/\/m5j0n6nk9p.onrocket.site\/?page_id=22559"},"modified":"2023-07-13T08:24:53","modified_gmt":"2023-07-13T07:24:53","slug":"valvulas","status":"publish","type":"page","link":"https:\/\/klinger.pt\/es\/produtos\/valvulas\/","title":{"rendered":"V\u00c1LVULAS"},"content":{"rendered":"\n<h1 class=\"wp-block-heading\">V\u00c1LVULAS<\/h1>\n\n\n\n<div style=\"height:25px\" aria-hidden=\"true\" class=\"wp-block-spacer\"><\/div>\n\n\n\n<div class=\"wp-block-columns is-layout-flex wp-container-core-columns-is-layout-9d6595d7 wp-block-columns-is-layout-flex\">\n<div class=\"wp-block-column is-layout-flow wp-block-column-is-layout-flow\">\n<figure class=\"wp-block-table\"><table><tbody><tr><td><img fetchpriority=\"high\" decoding=\"async\" width=\"270\" height=\"270\" class=\"wp-image-42338\" style=\"width: 270px;\" src=\"https:\/\/klinger.pt\/wp-content\/uploads\/2023\/05\/Miniatura-esfera.webp\" alt=\"\" srcset=\"https:\/\/klinger.pt\/wp-content\/uploads\/2023\/05\/Miniatura-esfera.webp 270w, https:\/\/klinger.pt\/wp-content\/uploads\/2023\/05\/Miniatura-esfera-150x150.webp 150w\" sizes=\"(max-width: 270px) 100vw, 270px\" \/><\/td><td><a href=\"https:\/\/klinger.pt\/produtos\/valvulas\/valvulas-de-esfera\/\" data-type=\"page\" data-id=\"22634\"><strong>V\u00c1LVULAS DE ESFERA<\/strong><\/a><br><a href=\"https:\/\/klinger.pt\/produtos\/valvulas\/valvulas-de-esfera\/\" data-type=\"page\" data-id=\"22634\"><img decoding=\"async\" width=\"18\" height=\"18\" class=\"wp-image-16262\" style=\"width: 18px;\" src=\"https:\/\/klinger.pt\/wp-content\/uploads\/2022\/06\/icon-arrow-blue-double.png\" alt=\"\"><\/a><\/td><\/tr><\/tbody><\/table><\/figure>\n<\/div>\n\n\n\n<div class=\"wp-block-column is-layout-flow wp-block-column-is-layout-flow\">\n<figure class=\"wp-block-table\"><table><tbody><tr><td class=\"has-text-align-center\" data-align=\"center\"><img decoding=\"async\" width=\"270\" height=\"270\" class=\"wp-image-41889\" style=\"width: 270px;\" src=\"https:\/\/klinger.pt\/wp-content\/uploads\/2023\/04\/Valvulas-borboleta6.webp\" alt=\"\" srcset=\"https:\/\/klinger.pt\/wp-content\/uploads\/2023\/04\/Valvulas-borboleta6.webp 270w, https:\/\/klinger.pt\/wp-content\/uploads\/2023\/04\/Valvulas-borboleta6-150x150.webp 150w\" sizes=\"(max-width: 270px) 100vw, 270px\" \/><\/td><td><strong><a href=\"https:\/\/klinger.pt\/produtos\/valvulas\/valvulas-de-borboleta\/\" data-type=\"page\" data-id=\"22677\">V\u00c1LVULAS DE BORBOLETA<\/a><\/strong><br><a href=\"https:\/\/klinger.pt\/produtos\/valvulas\/valvulas-de-borboleta\/\" data-type=\"page\" data-id=\"22677\"><img decoding=\"async\" width=\"18\" height=\"18\" class=\"wp-image-16262\" style=\"width: 18px;\" src=\"https:\/\/klinger.pt\/wp-content\/uploads\/2022\/06\/icon-arrow-blue-double.png\" alt=\"\"><\/a><\/td><\/tr><\/tbody><\/table><\/figure>\n<\/div>\n<\/div>\n\n\n\n<div class=\"wp-block-columns is-layout-flex wp-container-core-columns-is-layout-9d6595d7 wp-block-columns-is-layout-flex\">\n<div class=\"wp-block-column is-layout-flow wp-block-column-is-layout-flow\">\n<figure class=\"wp-block-table aligncenter\"><table><tbody><tr><td class=\"has-text-align-center\" data-align=\"center\"><img loading=\"lazy\" decoding=\"async\" width=\"270\" height=\"270\" class=\"wp-image-41357\" style=\"width: 270px;\" src=\"https:\/\/klinger.pt\/wp-content\/uploads\/2023\/04\/Conjunto-diafragma-e-pinch-mini-2.webp\" alt=\"\" srcset=\"https:\/\/klinger.pt\/wp-content\/uploads\/2023\/04\/Conjunto-diafragma-e-pinch-mini-2.webp 270w, https:\/\/klinger.pt\/wp-content\/uploads\/2023\/04\/Conjunto-diafragma-e-pinch-mini-2-150x150.webp 150w\" sizes=\"(max-width: 270px) 100vw, 270px\" \/><\/td><td><strong><a href=\"https:\/\/klinger.pt\/produtos\/valvulas\/valvulas-diafragma-pinch\/\" title=\"\">V\u00c1LVULAS DE DIAFRAGMA &amp; PINCH<\/a><\/strong><br><a href=\"https:\/\/klinger.pt\/produtos\/valvulas\/valvulas-diafragma-pinch\/\" title=\"\ufffc\"><img decoding=\"async\" width=\"18\" height=\"18\" class=\"wp-image-16262\" style=\"width: 18px;\" src=\"https:\/\/klinger.pt\/wp-content\/uploads\/2022\/06\/icon-arrow-blue-double.png\" alt=\"\"><\/a><\/td><\/tr><\/tbody><\/table><\/figure>\n<\/div>\n\n\n\n<div class=\"wp-block-column is-layout-flow wp-block-column-is-layout-flow\">\n<figure class=\"wp-block-table aligncenter\"><table><tbody><tr><td> <img loading=\"lazy\" decoding=\"async\" width=\"270\" height=\"288\" class=\"wp-image-31120\" style=\"width: 270px;\" src=\"https:\/\/klinger.pt\/wp-content\/uploads\/2022\/09\/KNIFE-GATES.png\" alt=\"\">  <\/td><td class=\"has-text-align-left\" data-align=\"left\"><strong><a href=\"https:\/\/klinger.pt\/produtos\/valvulas\/valvulas-de-guilhotina\/\">V\u00c1LVULAS DE GUILHOTINA<\/a><\/strong><br><a href=\"https:\/\/klinger.pt\/produtos\/valvulas\/valvulas-de-guilhotina\/\"><img decoding=\"async\" width=\"18\" height=\"18\" class=\"wp-image-16262\" style=\"width: 18px;\" src=\"https:\/\/klinger.pt\/wp-content\/uploads\/2022\/06\/icon-arrow-blue-double.png\" alt=\"\"><\/a><br><a href=\"https:\/\/klinger.pt\/produtos\/valvulas\/valvulas-pinch-klinger\/\"><\/a><\/td><\/tr><\/tbody><\/table><\/figure>\n<\/div>\n<\/div>\n\n\n\n<div class=\"wp-block-columns is-layout-flex wp-container-core-columns-is-layout-9d6595d7 wp-block-columns-is-layout-flex\">\n<div class=\"wp-block-column is-layout-flow wp-block-column-is-layout-flow\">\n<figure class=\"wp-block-table\"><table><tbody><tr><td class=\"has-text-align-center\" data-align=\"center\"><img loading=\"lazy\" decoding=\"async\" width=\"270\" height=\"270\" class=\"wp-image-39510\" style=\"width: 270px;\" src=\"https:\/\/klinger.pt\/wp-content\/uploads\/2023\/03\/Mini-Valvulas-cunha-e-globo.webp\" alt=\"V\u00e1lvulas cunha e globo\" srcset=\"https:\/\/klinger.pt\/wp-content\/uploads\/2023\/03\/Mini-Valvulas-cunha-e-globo.webp 270w, https:\/\/klinger.pt\/wp-content\/uploads\/2023\/03\/Mini-Valvulas-cunha-e-globo-150x150.webp 150w\" sizes=\"(max-width: 270px) 100vw, 270px\" \/><\/td><td><a href=\"https:\/\/klinger.pt\/produtos\/valvulas\/valvulas-de-guilhotina\/\"><\/a><strong><a href=\"https:\/\/klinger.pt\/produtos\/valvulas\/valvulas-de-cunha-e-globo\/\" title=\"\">V\u00c1LVULAS DE CUNHA E GLOBO<\/a><\/strong><br><a href=\"https:\/\/klinger.pt\/produtos\/valvulas\/valvulas-de-cunha-e-globo\/\" title=\"\ufffc\"><img decoding=\"async\" width=\"18\" height=\"18\" class=\"wp-image-16262\" style=\"width: 18px;\" src=\"https:\/\/klinger.pt\/wp-content\/uploads\/2022\/06\/icon-arrow-blue-double.png\" alt=\"\"><\/a><\/td><\/tr><\/tbody><\/table><\/figure>\n<\/div>\n\n\n\n<div class=\"wp-block-column is-layout-flow wp-block-column-is-layout-flow\">\n<figure class=\"wp-block-table\"><table><tbody><tr><td class=\"has-text-align-center\" data-align=\"center\"><img loading=\"lazy\" decoding=\"async\" width=\"270\" height=\"293\" class=\"wp-image-31132\" style=\"width: 270px;\" src=\"https:\/\/klinger.pt\/wp-content\/uploads\/2022\/09\/KVN-DN-65-200.png\" alt=\"\" srcset=\"https:\/\/klinger.pt\/wp-content\/uploads\/2022\/09\/KVN-DN-65-200.png 900w, https:\/\/klinger.pt\/wp-content\/uploads\/2022\/09\/KVN-DN-65-200-276x300.png 276w, https:\/\/klinger.pt\/wp-content\/uploads\/2022\/09\/KVN-DN-65-200-768x834.png 768w\" sizes=\"(max-width: 270px) 100vw, 270px\" \/><\/td><td><strong><a href=\"https:\/\/klinger.pt\/produtos\/valvulas\/valvulas-de-pistao\/\">V\u00c1LVULAS DE PIST\u00c3O<\/a><\/strong><br><a href=\"https:\/\/klinger.pt\/produtos\/valvulas\/valvulas-de-pistao\/\"><img decoding=\"async\" src=\"https:\/\/klinger.pt\/wp-content\/uploads\/2022\/06\/icon-arrow-blue-double.png\" alt=\"\"><\/a><\/td><\/tr><\/tbody><\/table><\/figure>\n<\/div>\n<\/div>\n\n\n\n<div class=\"wp-block-columns is-layout-flex wp-container-core-columns-is-layout-9d6595d7 wp-block-columns-is-layout-flex\">\n<div class=\"wp-block-column is-layout-flow wp-block-column-is-layout-flow\">\n<figure class=\"wp-block-table has-medium-font-size\"><table><tbody><tr><td class=\"has-text-align-center\" data-align=\"center\"><a href=\"https:\/\/klinger.pt\/produtos\/valvulas\/valvulas-de-retencao\/\"><img loading=\"lazy\" decoding=\"async\" width=\"270\" height=\"261\" class=\"wp-image-22960\" style=\"width: 270px;\" src=\"https:\/\/klinger.pt\/wp-content\/uploads\/2022\/07\/check-valves.png\" alt=\"\" srcset=\"https:\/\/klinger.pt\/wp-content\/uploads\/2022\/07\/check-valves.png 367w, https:\/\/klinger.pt\/wp-content\/uploads\/2022\/07\/check-valves-300x290.png 300w\" sizes=\"(max-width: 270px) 100vw, 270px\" \/><\/a><\/td><td><strong><a href=\"https:\/\/klinger.pt\/produtos\/valvulas\/valvulas-de-retencao\/\" title=\"\">V\u00c1LVULAS DE RETEN\u00c7\u00c3O<\/a><\/strong><br><a href=\"https:\/\/klinger.pt\/produtos\/valvulas\/valvulas-de-retencao\/\" title=\"\ufffc\"><img decoding=\"async\" width=\"18\" height=\"18\" class=\"wp-image-16262\" style=\"width: 18px;\" src=\"https:\/\/klinger.pt\/wp-content\/uploads\/2022\/06\/icon-arrow-blue-double.png\" alt=\"\"><\/a><\/td><\/tr><\/tbody><\/table><\/figure>\n<\/div>\n\n\n\n<div class=\"wp-block-column is-layout-flow wp-block-column-is-layout-flow\">\n<figure class=\"wp-block-table\"><table><tbody><tr><td class=\"has-text-align-center\" data-align=\"center\"><img loading=\"lazy\" decoding=\"async\" width=\"270\" height=\"270\" class=\"wp-image-42333\" style=\"width: 270px;\" src=\"https:\/\/klinger.pt\/wp-content\/uploads\/2023\/05\/Valvulas-controlo-mini.webp\" alt=\"\" srcset=\"https:\/\/klinger.pt\/wp-content\/uploads\/2023\/05\/Valvulas-controlo-mini.webp 270w, https:\/\/klinger.pt\/wp-content\/uploads\/2023\/05\/Valvulas-controlo-mini-150x150.webp 150w\" sizes=\"(max-width: 270px) 100vw, 270px\" \/><\/td><td><strong><a href=\"https:\/\/klinger.pt\/produtos\/valvulas\/valvulas-de-controlo-on-off\/\" title=\"\">V\u00c1LVULAS DE CONTROLO &amp; ON-OFF<\/a><\/strong><br><a href=\"https:\/\/klinger.pt\/produtos\/valvulas\/valvulas-de-controlo-on-off\/\" title=\"\ufffc\"><img decoding=\"async\" width=\"18\" height=\"18\" class=\"wp-image-16262\" style=\"width: 18px;\" src=\"https:\/\/klinger.pt\/wp-content\/uploads\/2022\/06\/icon-arrow-blue-double.png\" alt=\"\"><\/a><\/td><\/tr><\/tbody><\/table><\/figure>\n<\/div>\n<\/div>\n\n\n\n<div class=\"wp-block-columns is-layout-flex wp-container-core-columns-is-layout-9d6595d7 wp-block-columns-is-layout-flex\">\n<div class=\"wp-block-column is-layout-flow wp-block-column-is-layout-flow\">\n<figure class=\"wp-block-table\"><table><tbody><tr><td class=\"has-text-align-center\" data-align=\"center\"><img loading=\"lazy\" decoding=\"async\" width=\"270\" height=\"270\" class=\"wp-image-39950\" style=\"width: 270px;\" src=\"https:\/\/klinger.pt\/wp-content\/uploads\/2023\/03\/Valvulas-Revestidas-MINI.webp\" alt=\"\" srcset=\"https:\/\/klinger.pt\/wp-content\/uploads\/2023\/03\/Valvulas-Revestidas-MINI.webp 270w, https:\/\/klinger.pt\/wp-content\/uploads\/2023\/03\/Valvulas-Revestidas-MINI-150x150.webp 150w\" sizes=\"(max-width: 270px) 100vw, 270px\" \/><\/td><td><strong><a href=\"https:\/\/klinger.pt\/produtos\/valvulas\/valvulas-revestidas\/\" title=\"\">V\u00c1LVULAS REVESTIDAS<\/a><\/strong><br><a href=\"https:\/\/klinger.pt\/produtos\/valvulas\/valvulas-revestidas\/\" title=\"\ufffc\"><img decoding=\"async\" width=\"18\" height=\"18\" class=\"wp-image-16262\" style=\"width: 18px;\" src=\"https:\/\/klinger.pt\/wp-content\/uploads\/2022\/06\/icon-arrow-blue-double.png\" alt=\"\"><\/a><\/td><\/tr><\/tbody><\/table><\/figure>\n<\/div>\n\n\n\n<div class=\"wp-block-column is-layout-flow wp-block-column-is-layout-flow\">\n<figure class=\"wp-block-table\"><table><tbody><tr><td class=\"has-text-align-center\" data-align=\"center\"><img loading=\"lazy\" decoding=\"async\" width=\"270\" height=\"274\" class=\"wp-image-37423\" style=\"width: 270px;\" src=\"https:\/\/klinger.pt\/wp-content\/uploads\/2023\/02\/monifolds.png\" alt=\"manifolds\" srcset=\"https:\/\/klinger.pt\/wp-content\/uploads\/2023\/02\/monifolds.png 308w, https:\/\/klinger.pt\/wp-content\/uploads\/2023\/02\/monifolds-296x300.png 296w\" sizes=\"(max-width: 270px) 100vw, 270px\" \/><\/td><td><strong><a href=\"https:\/\/klinger.pt\/produtos\/valvulas\/coletor-manifolds\/\" title=\"\">MANIFOLDS<\/a><\/strong><br><a href=\"https:\/\/klinger.pt\/produtos\/valvulas\/coletor-manifolds\/\" title=\"\ufffc\"><img decoding=\"async\" width=\"18\" height=\"18\" class=\"wp-image-16262\" style=\"width: 18px;\" src=\"https:\/\/klinger.pt\/wp-content\/uploads\/2022\/06\/icon-arrow-blue-double.png\" alt=\"\"><\/a><\/td><\/tr><\/tbody><\/table><\/figure>\n<\/div>\n<\/div>\n\n\n\n<div class=\"wp-block-columns is-layout-flex wp-container-core-columns-is-layout-9d6595d7 wp-block-columns-is-layout-flex\">\n<div class=\"wp-block-column is-layout-flow wp-block-column-is-layout-flow\">\n<figure class=\"wp-block-table\"><table><tbody><tr><td class=\"has-text-align-center\" data-align=\"center\"><a href=\"https:\/\/klinger.pt\/produtos\/valvulas\/valvulas-de-seguranca\/\"><img loading=\"lazy\" decoding=\"async\" width=\"270\" height=\"294\" class=\"wp-image-22964\" style=\"width: 270px;\" src=\"https:\/\/klinger.pt\/wp-content\/uploads\/2022\/07\/safety-valve.png\" alt=\"\" srcset=\"https:\/\/klinger.pt\/wp-content\/uploads\/2022\/07\/safety-valve.png 307w, https:\/\/klinger.pt\/wp-content\/uploads\/2022\/07\/safety-valve-276x300.png 276w\" sizes=\"(max-width: 270px) 100vw, 270px\" \/><\/a><\/td><td><strong><a href=\"https:\/\/klinger.pt\/produtos\/valvulas\/valvulas-de-seguranca\/\">V\u00c1LVULAS DE SEGURAN\u00c7A<\/a><\/strong><br><a href=\"https:\/\/klinger.pt\/produtos\/valvulas\/valvulas-de-seguranca\/\"><img decoding=\"async\" width=\"18\" height=\"18\" class=\"wp-image-16262\" style=\"width: 18px;\" src=\"https:\/\/klinger.pt\/wp-content\/uploads\/2022\/06\/icon-arrow-blue-double.png\" alt=\"\"><\/a><\/td><\/tr><\/tbody><\/table><\/figure>\n<\/div>\n\n\n\n<div class=\"wp-block-column is-layout-flow wp-block-column-is-layout-flow\">\n<figure class=\"wp-block-table\"><table><tbody><tr><td class=\"has-text-align-center\" data-align=\"center\"><img loading=\"lazy\" decoding=\"async\" width=\"270\" height=\"270\" class=\"wp-image-37166\" style=\"width: 270px;\" src=\"https:\/\/klinger.pt\/wp-content\/uploads\/2023\/02\/Valvulas-Revestidas-Macho-Conico-KPD-PVF-miniatura.webp\" alt=\"V\u00e1lvulas Revestidas Macho Conico KPD PVF\" srcset=\"https:\/\/klinger.pt\/wp-content\/uploads\/2023\/02\/Valvulas-Revestidas-Macho-Conico-KPD-PVF-miniatura.webp 270w, https:\/\/klinger.pt\/wp-content\/uploads\/2023\/02\/Valvulas-Revestidas-Macho-Conico-KPD-PVF-miniatura-150x150.webp 150w\" sizes=\"(max-width: 270px) 100vw, 270px\" \/><\/td><td><strong><a href=\"https:\/\/klinger.pt\/produtos\/valvulas\/valvulas-de-macho-conico\/\">V\u00c1LVULAS DE MACHO C\u00d3NICO<\/a><\/strong><br><a href=\"https:\/\/klinger.pt\/produtos\/valvulas\/valvulas-de-macho-conico\/\"><img decoding=\"async\" width=\"18\" height=\"18\" class=\"wp-image-16262\" style=\"width: 18px;\" src=\"https:\/\/klinger.pt\/wp-content\/uploads\/2022\/06\/icon-arrow-blue-double.png\" alt=\"\"><\/a><\/td><\/tr><\/tbody><\/table><\/figure>\n<\/div>\n<\/div>\n\n\n\n<div class=\"wp-block-columns is-layout-flex wp-container-core-columns-is-layout-9d6595d7 wp-block-columns-is-layout-flex\">\n<div class=\"wp-block-column is-layout-flow wp-block-column-is-layout-flow\">\n<figure class=\"wp-block-table\"><table><tbody><tr><td class=\"has-text-align-center\" data-align=\"center\"><img loading=\"lazy\" decoding=\"async\" width=\"225\" height=\"252\" class=\"wp-image-26152\" style=\"width: 225px;\" src=\"https:\/\/klinger.pt\/wp-content\/uploads\/2022\/08\/dampers.png\" alt=\"\" srcset=\"https:\/\/klinger.pt\/wp-content\/uploads\/2022\/08\/dampers.png 297w, https:\/\/klinger.pt\/wp-content\/uploads\/2022\/08\/dampers-268x300.png 268w\" sizes=\"(max-width: 225px) 100vw, 225px\" \/><\/td><td><strong><a href=\"https:\/\/klinger.pt\/produtos\/valvulas\/dampers\/\">DAMPERS<\/a><\/strong><br><a href=\"https:\/\/klinger.pt\/produtos\/valvulas\/dampers\/\"><img decoding=\"async\" width=\"18\" height=\"18\" class=\"wp-image-16262\" style=\"width: 18px;\" src=\"https:\/\/klinger.pt\/wp-content\/uploads\/2022\/06\/icon-arrow-blue-double.png\" alt=\"\"><\/a><\/td><\/tr><\/tbody><\/table><\/figure>\n<\/div>\n\n\n\n<div class=\"wp-block-column is-layout-flow wp-block-column-is-layout-flow\">\n<figure class=\"wp-block-table\"><table><tbody><tr><td><img loading=\"lazy\" decoding=\"async\" width=\"270\" height=\"270\" class=\"wp-image-41442\" style=\"width: 270px;\" src=\"https:\/\/klinger.pt\/wp-content\/uploads\/2023\/04\/Valvulas-Especiais-Aplicacoes-em-Aguas-mini.webp\" alt=\"\" srcset=\"https:\/\/klinger.pt\/wp-content\/uploads\/2023\/04\/Valvulas-Especiais-Aplicacoes-em-Aguas-mini.webp 270w, https:\/\/klinger.pt\/wp-content\/uploads\/2023\/04\/Valvulas-Especiais-Aplicacoes-em-Aguas-mini-150x150.webp 150w\" sizes=\"(max-width: 270px) 100vw, 270px\" \/><\/td><td><strong><a href=\"https:\/\/klinger.pt\/produtos\/valvulas\/valvulas-especiais-aplicacoes-em-aguas\/\" title=\"\">V\u00c1LVULAS ESPECIAIS APLICA\u00c7\u00d5ES EM \u00c1GUAS<\/a><\/strong><br><a href=\"https:\/\/klinger.pt\/produtos\/valvulas\/valvulas-especiais-aplicacoes-em-aguas\/\" title=\"\ufffc\"><img decoding=\"async\" width=\"18\" height=\"18\" class=\"wp-image-16262\" style=\"width: 18px;\" src=\"https:\/\/klinger.pt\/wp-content\/uploads\/2022\/06\/icon-arrow-blue-double.png\" alt=\"\"><\/a><\/td><\/tr><\/tbody><\/table><\/figure>\n<\/div>\n<\/div>\n","protected":false},"excerpt":{"rendered":"<p>V\u00c1LVULAS V\u00c1LVULAS DE ESFERA V\u00c1LVULAS DE BORBOLETA V\u00c1LVULAS DE DIAFRAGMA &amp; PINCH V\u00c1LVULAS DE GUILHOTINA V\u00c1LVULAS DE CUNHA E GLOBO V\u00c1LVULAS DE PIST\u00c3O V\u00c1LVULAS DE RETEN\u00c7\u00c3O V\u00c1LVULAS DE CONTROLO &amp; ON-OFF V\u00c1LVULAS REVESTIDAS MANIFOLDS V\u00c1LVULAS DE SEGURAN\u00c7A V\u00c1LVULAS DE MACHO C\u00d3NICO DAMPERS V\u00c1LVULAS ESPECIAIS APLICA\u00c7\u00d5ES EM \u00c1GUAS<\/p>\n","protected":false},"author":1,"featured_media":10041,"parent":16266,"menu_order":0,"comment_status":"closed","ping_status":"closed","template":"page-templates\/secciones-principales.php","meta":{"_eb_attr":"","footnotes":""},"class_list":["post-22559","page","type-page","status-publish","has-post-thumbnail","hentry"],"aioseo_notices":[],"_links":{"self":[{"href":"https:\/\/klinger.pt\/es\/wp-json\/wp\/v2\/pages\/22559","targetHints":{"allow":["GET"]}}],"collection":[{"href":"https:\/\/klinger.pt\/es\/wp-json\/wp\/v2\/pages"}],"about":[{"href":"https:\/\/klinger.pt\/es\/wp-json\/wp\/v2\/types\/page"}],"author":[{"embeddable":true,"href":"https:\/\/klinger.pt\/es\/wp-json\/wp\/v2\/users\/1"}],"replies":[{"embeddable":true,"href":"https:\/\/klinger.pt\/es\/wp-json\/wp\/v2\/comments?post=22559"}],"version-history":[{"count":34,"href":"https:\/\/klinger.pt\/es\/wp-json\/wp\/v2\/pages\/22559\/revisions"}],"predecessor-version":[{"id":42340,"href":"https:\/\/klinger.pt\/es\/wp-json\/wp\/v2\/pages\/22559\/revisions\/42340"}],"up":[{"embeddable":true,"href":"https:\/\/klinger.pt\/es\/wp-json\/wp\/v2\/pages\/16266"}],"wp:featuredmedia":[{"embeddable":true,"href":"https:\/\/klinger.pt\/es\/wp-json\/wp\/v2\/media\/10041"}],"wp:attachment":[{"href":"https:\/\/klinger.pt\/es\/wp-json\/wp\/v2\/media?parent=22559"}],"curies":[{"name":"wp","href":"https:\/\/api.w.org\/{rel}","templated":true}]}}