{"id":19520,"date":"2022-06-28T11:12:03","date_gmt":"2022-06-28T10:12:03","guid":{"rendered":"https:\/\/m5j0n6nk9p.onrocket.site\/?page_id=19520"},"modified":"2023-02-28T10:32:17","modified_gmt":"2023-02-28T10:32:17","slug":"parafusos-transportadores","status":"publish","type":"page","link":"https:\/\/klinger.pt\/es\/water-solutions\/equipamentos-compactos-pre-tratamento\/transporte-e-compactacao\/parafusos-transportadores\/","title":{"rendered":"PARAFUSOS TRANSPORTADORES"},"content":{"rendered":"\n<div class=\"wp-block-columns is-layout-flex wp-container-core-columns-is-layout-9d6595d7 wp-block-columns-is-layout-flex\">\n<div class=\"wp-block-column is-layout-flow wp-block-column-is-layout-flow\" style=\"flex-basis:300px\">\n<figure class=\"wp-block-image size-full\"><img fetchpriority=\"high\" decoding=\"async\" width=\"300\" height=\"300\" src=\"https:\/\/klinger.pt\/wp-content\/uploads\/2020\/07\/Parafusos-Transportadores-KLINGER.webp\" alt=\"Parafusos Transportadores KLINGER\" class=\"wp-image-10706\" srcset=\"https:\/\/klinger.pt\/wp-content\/uploads\/2020\/07\/Parafusos-Transportadores-KLINGER.webp 300w, https:\/\/klinger.pt\/wp-content\/uploads\/2020\/07\/Parafusos-Transportadores-KLINGER-150x150.webp 150w\" sizes=\"(max-width: 300px) 100vw, 300px\" \/><\/figure>\n<\/div>\n\n\n\n<div class=\"wp-block-column is-layout-flow wp-block-column-is-layout-flow\" style=\"flex-basis:700px\">\n<h1 class=\"wp-block-heading\">PARAFUSOS TRANSPORTADORES<\/h1>\n\n\n\n<p>Desenhamos os nossos parafusos transportadores a \u201cPUXAR\u201d ou a \u201cEMPURRAR\u201d, dependendo da disposi\u00e7\u00e3o geral da instala\u00e7\u00e3o adaptando tamb\u00e9m cumprimento e inclina\u00e7\u00e3o as necessidades.<\/p>\n\n\n\n<h2 class=\"wp-block-heading\">CARACTER\u00cdSTICAS<\/h2>\n\n\n\n<ul class=\"wp-block-list\">\n<li>Parafuso inclinado sem veio<\/li>\n\n\n\n<li>Parafuso inclinado com veio<\/li>\n\n\n\n<li>Parafuso vertical sem veio<\/li>\n\n\n\n<li>Parafuso vertical com veio<\/li>\n<\/ul>\n\n\n\n<h2 class=\"wp-block-heading\">VANTAGENS<\/h2>\n\n\n\n<ul class=\"wp-block-list\">\n<li>Aus\u00eancia de bloqueios, mesmo no caso de materiais fibrosos<\/li>\n\n\n\n<li>Manuten\u00e7\u00e3o simples e baixa<\/li>\n\n\n\n<li>Sec\u00e7\u00e3o de transporte completamente fechada e sem odor<\/li>\n\n\n\n<li>Velocidade de rota\u00e7\u00e3o reduzida e aus\u00eancia de suportes intermedi\u00e1rios<\/li>\n\n\n\n<li>Possibilidade de transportar diferentes tipos de s\u00f3lidos<\/li>\n<\/ul>\n<\/div>\n<\/div>\n","protected":false},"excerpt":{"rendered":"<p>PARAFUSOS TRANSPORTADORES Desenhamos os nossos parafusos transportadores a \u201cPUXAR\u201d ou a \u201cEMPURRAR\u201d, dependendo da disposi\u00e7\u00e3o geral da instala\u00e7\u00e3o adaptando tamb\u00e9m cumprimento e inclina\u00e7\u00e3o as necessidades. CARACTER\u00cdSTICAS VANTAGENS<\/p>\n","protected":false},"author":1,"featured_media":0,"parent":19517,"menu_order":0,"comment_status":"closed","ping_status":"closed","template":"page-templates\/servicios.php","meta":{"_eb_attr":"","footnotes":""},"class_list":["post-19520","page","type-page","status-publish","hentry"],"aioseo_notices":[],"_links":{"self":[{"href":"https:\/\/klinger.pt\/es\/wp-json\/wp\/v2\/pages\/19520","targetHints":{"allow":["GET"]}}],"collection":[{"href":"https:\/\/klinger.pt\/es\/wp-json\/wp\/v2\/pages"}],"about":[{"href":"https:\/\/klinger.pt\/es\/wp-json\/wp\/v2\/types\/page"}],"author":[{"embeddable":true,"href":"https:\/\/klinger.pt\/es\/wp-json\/wp\/v2\/users\/1"}],"replies":[{"embeddable":true,"href":"https:\/\/klinger.pt\/es\/wp-json\/wp\/v2\/comments?post=19520"}],"version-history":[{"count":2,"href":"https:\/\/klinger.pt\/es\/wp-json\/wp\/v2\/pages\/19520\/revisions"}],"predecessor-version":[{"id":38530,"href":"https:\/\/klinger.pt\/es\/wp-json\/wp\/v2\/pages\/19520\/revisions\/38530"}],"up":[{"embeddable":true,"href":"https:\/\/klinger.pt\/es\/wp-json\/wp\/v2\/pages\/19517"}],"wp:attachment":[{"href":"https:\/\/klinger.pt\/es\/wp-json\/wp\/v2\/media?parent=19520"}],"curies":[{"name":"wp","href":"https:\/\/api.w.org\/{rel}","templated":true}]}}