{"id":16414,"date":"2022-06-09T08:30:26","date_gmt":"2022-06-09T07:30:26","guid":{"rendered":"https:\/\/m5j0n6nk9p.onrocket.site\/?page_id=16414"},"modified":"2023-07-25T08:31:25","modified_gmt":"2023-07-25T07:31:25","slug":"equipamentos-compactos-pre-tratamento","status":"publish","type":"page","link":"https:\/\/klinger.pt\/es\/water-solutions\/equipamentos-compactos-pre-tratamento\/","title":{"rendered":"EQUIPAMENTOS COMPACTOS"},"content":{"rendered":"\n<h1 class=\"wp-block-heading\">EQUIPAMENTOS COMPACTOS<\/h1>\n\n\n\n<h3 class=\"wp-block-heading\"> <\/h3>\n\n\n\n<div style=\"height:25px\" aria-hidden=\"true\" class=\"wp-block-spacer\"><\/div>\n\n\n\n<div class=\"wp-block-columns has-2-columns is-layout-flex wp-container-core-columns-is-layout-9d6595d7 wp-block-columns-is-layout-flex\">\n<div class=\"wp-block-column is-layout-flow wp-block-column-is-layout-flow\">\n<figure class=\"wp-block-table flecha\"><table><tbody><tr><td><img fetchpriority=\"high\" decoding=\"async\" width=\"270\" height=\"270\" class=\"wp-image-27464\" style=\"width: 270px;\" src=\"https:\/\/klinger.pt\/wp-content\/uploads\/2022\/08\/Concentrador-de-Gorduras-250px-1-1.png\" alt=\"\" srcset=\"https:\/\/klinger.pt\/wp-content\/uploads\/2022\/08\/Concentrador-de-Gorduras-250px-1-1.png 250w, https:\/\/klinger.pt\/wp-content\/uploads\/2022\/08\/Concentrador-de-Gorduras-250px-1-1-150x150.png 150w\" sizes=\"(max-width: 270px) 100vw, 270px\" \/><\/td><td><strong><a href=\"https:\/\/klinger.pt\/water-solutions\/equipamentos-compactos-pre-tratamento\/concentradores-de-gorduras\/\">CONCENTRADORES DE GORDURAS<\/a><\/strong><br><a href=\"https:\/\/klinger.pt\/water-solutions\/equipamentos-compactos-pre-tratamento\/concentradores-de-gorduras\/\"><img decoding=\"async\" class=\"wp-image-2704\" style=\"width: 18px;\" src=\"https:\/\/www.klinger.es\/wp-content\/uploads\/2019\/11\/icon-arrow-blue-double.png\" alt=\"\"><\/a><\/td><\/tr><\/tbody><\/table><\/figure>\n<\/div>\n\n\n\n<div class=\"wp-block-column is-layout-flow wp-block-column-is-layout-flow\">\n<figure class=\"wp-block-table flecha\"><table><tbody><tr><td><img decoding=\"async\" width=\"270\" height=\"214\" class=\"wp-image-27460\" style=\"width: 270px;\" src=\"https:\/\/klinger.pt\/wp-content\/uploads\/2022\/08\/Parafusos-Transportadores-KLINGER-2.webp\" alt=\"\"><\/td><td><a href=\"https:\/\/klinger.pt\/water-solutions\/equipamentos-compactos-pre-tratamento\/transporte-e-compactacao\/\"><strong>TRANSPORTE E COMPACTA\u00c7\u00c3O<\/strong><\/a><br><a href=\"https:\/\/klinger.pt\/water-solutions\/equipamentos-compactos-pre-tratamento\/transporte-e-compactacao\/\"><img decoding=\"async\" class=\"wp-image-2704\" style=\"width: 18px;\" src=\"https:\/\/www.klinger.es\/wp-content\/uploads\/2019\/11\/icon-arrow-blue-double.png\" alt=\"\"><\/a><\/td><\/tr><\/tbody><\/table><\/figure>\n<\/div>\n<\/div>\n\n\n\n<div class=\"wp-block-columns has-2-columns is-layout-flex wp-container-core-columns-is-layout-9d6595d7 wp-block-columns-is-layout-flex\">\n<div class=\"wp-block-column is-layout-flow wp-block-column-is-layout-flow\">\n<figure class=\"wp-block-table flecha\"><table><tbody><tr><td><img decoding=\"async\" width=\"270\" height=\"270\" class=\"wp-image-27149\" style=\"width: 270px;\" src=\"https:\/\/klinger.pt\/wp-content\/uploads\/2022\/08\/unidades-thumbnail.png\" alt=\"\" srcset=\"https:\/\/klinger.pt\/wp-content\/uploads\/2022\/08\/unidades-thumbnail.png 252w, https:\/\/klinger.pt\/wp-content\/uploads\/2022\/08\/unidades-thumbnail-150x150.png 150w\" sizes=\"(max-width: 270px) 100vw, 270px\" \/><\/td><td><strong><a href=\"https:\/\/klinger.pt\/water-solutions\/equipamentos-compactos-pre-tratamento\/unidades-combinada\/\">UNIDADES COMBINADAS<\/a><\/strong><br><a href=\"https:\/\/klinger.pt\/water-solutions\/equipamentos-compactos-pre-tratamento\/unidades-combinada\/\"><img decoding=\"async\" class=\"wp-image-2704\" style=\"width: 18px;\" src=\"https:\/\/www.klinger.es\/wp-content\/uploads\/2019\/11\/icon-arrow-blue-double.png\" alt=\"\"><\/a><\/td><\/tr><\/tbody><\/table><\/figure>\n<\/div>\n\n\n\n<div class=\"wp-block-column is-layout-flow wp-block-column-is-layout-flow\">\n<figure class=\"wp-block-table flecha\"><table><tbody><tr><td><img loading=\"lazy\" decoding=\"async\" width=\"270\" height=\"243\" class=\"wp-image-27145\" style=\"width: 270px;\" src=\"https:\/\/klinger.pt\/wp-content\/uploads\/2022\/08\/separador-de-areias.png\" alt=\"\" srcset=\"https:\/\/klinger.pt\/wp-content\/uploads\/2022\/08\/separador-de-areias.png 329w, https:\/\/klinger.pt\/wp-content\/uploads\/2022\/08\/separador-de-areias-300x270.png 300w\" sizes=\"(max-width: 270px) 100vw, 270px\" \/><\/td><td><strong><a href=\"https:\/\/klinger.pt\/water-solutions\/equipamentos-compactos-pre-tratamento\/classificadores-areias\/\">CLASSIFICADORES DE AREIAS<\/a><\/strong><br><a href=\"https:\/\/klinger.pt\/water-solutions\/equipamentos-compactos-pre-tratamento\/classificadores-areias\/\"><img decoding=\"async\" class=\"wp-image-2704\" style=\"width: 18px;\" src=\"https:\/\/www.klinger.es\/wp-content\/uploads\/2019\/11\/icon-arrow-blue-double.png\" alt=\"\"><\/a><\/td><\/tr><\/tbody><\/table><\/figure>\n<\/div>\n<\/div>\n\n\n\n<div class=\"wp-block-columns has-2-columns is-layout-flex wp-container-core-columns-is-layout-9d6595d7 wp-block-columns-is-layout-flex\">\n<div class=\"wp-block-column is-layout-flow wp-block-column-is-layout-flow\">\n<figure class=\"wp-block-table flecha\"><table><tbody><tr><td><img loading=\"lazy\" decoding=\"async\" width=\"270\" height=\"270\" class=\"wp-image-27143\" style=\"width: 270px;\" src=\"https:\/\/klinger.pt\/wp-content\/uploads\/2022\/08\/tamisador-fossa-septica-thumbail.png\" alt=\"\" srcset=\"https:\/\/klinger.pt\/wp-content\/uploads\/2022\/08\/tamisador-fossa-septica-thumbail.png 252w, https:\/\/klinger.pt\/wp-content\/uploads\/2022\/08\/tamisador-fossa-septica-thumbail-150x150.png 150w\" sizes=\"(max-width: 270px) 100vw, 270px\" \/><\/td><td><strong><a href=\"https:\/\/klinger.pt\/water-solutions\/equipamentos-compactos-pre-tratamento\/unidade-compacta-fossa-septica\/\" title=\"\">UNIDADE COMPACTA FOSSA S\u00c9PTICA<\/a><\/strong><br><a href=\"https:\/\/klinger.pt\/water-solutions\/equipamentos-compactos-pre-tratamento\/unidade-compacta-fossa-septica\/\" title=\"\ufffc\"><img decoding=\"async\" class=\"wp-image-2704\" style=\"width: 18px;\" src=\"https:\/\/www.klinger.es\/wp-content\/uploads\/2019\/11\/icon-arrow-blue-double.png\" alt=\"\"><\/a><\/td><\/tr><\/tbody><\/table><\/figure>\n<\/div>\n\n\n\n<div class=\"wp-block-column transparente is-layout-flow wp-block-column-is-layout-flow\"><\/div>\n<\/div>\n","protected":false},"excerpt":{"rendered":"<p>EQUIPAMENTOS COMPACTOS CONCENTRADORES DE GORDURAS TRANSPORTE E COMPACTA\u00c7\u00c3O UNIDADES COMBINADAS CLASSIFICADORES DE AREIAS UNIDADE COMPACTA FOSSA S\u00c9PTICA<\/p>\n","protected":false},"author":1,"featured_media":16335,"parent":16322,"menu_order":0,"comment_status":"closed","ping_status":"closed","template":"page-templates\/secciones-principales.php","meta":{"_eb_attr":"","footnotes":""},"class_list":["post-16414","page","type-page","status-publish","has-post-thumbnail","hentry"],"aioseo_notices":[],"_links":{"self":[{"href":"https:\/\/klinger.pt\/es\/wp-json\/wp\/v2\/pages\/16414","targetHints":{"allow":["GET"]}}],"collection":[{"href":"https:\/\/klinger.pt\/es\/wp-json\/wp\/v2\/pages"}],"about":[{"href":"https:\/\/klinger.pt\/es\/wp-json\/wp\/v2\/types\/page"}],"author":[{"embeddable":true,"href":"https:\/\/klinger.pt\/es\/wp-json\/wp\/v2\/users\/1"}],"replies":[{"embeddable":true,"href":"https:\/\/klinger.pt\/es\/wp-json\/wp\/v2\/comments?post=16414"}],"version-history":[{"count":4,"href":"https:\/\/klinger.pt\/es\/wp-json\/wp\/v2\/pages\/16414\/revisions"}],"predecessor-version":[{"id":44437,"href":"https:\/\/klinger.pt\/es\/wp-json\/wp\/v2\/pages\/16414\/revisions\/44437"}],"up":[{"embeddable":true,"href":"https:\/\/klinger.pt\/es\/wp-json\/wp\/v2\/pages\/16322"}],"wp:featuredmedia":[{"embeddable":true,"href":"https:\/\/klinger.pt\/es\/wp-json\/wp\/v2\/media\/16335"}],"wp:attachment":[{"href":"https:\/\/klinger.pt\/es\/wp-json\/wp\/v2\/media?parent=16414"}],"curies":[{"name":"wp","href":"https:\/\/api.w.org\/{rel}","templated":true}]}}