{"id":16370,"date":"2022-06-08T13:49:11","date_gmt":"2022-06-08T12:49:11","guid":{"rendered":"https:\/\/m5j0n6nk9p.onrocket.site\/?page_id=16370"},"modified":"2023-02-28T11:14:23","modified_gmt":"2023-02-28T11:14:23","slug":"tamisador-espiral-vertical","status":"publish","type":"page","link":"https:\/\/klinger.pt\/es\/water-solutions\/tamisadores\/tamisador-espiral\/tamisador-espiral-vertical\/","title":{"rendered":"TAMISADOR ESPIRAL VERTICAL"},"content":{"rendered":"\n<div class=\"wp-block-columns is-layout-flex wp-container-core-columns-is-layout-9d6595d7 wp-block-columns-is-layout-flex\">\n<div class=\"wp-block-column is-layout-flow wp-block-column-is-layout-flow\" style=\"flex-basis:300px\">\n<figure class=\"wp-block-image size-full is-resized\"><img fetchpriority=\"high\" decoding=\"async\" src=\"https:\/\/klinger.pt\/wp-content\/uploads\/2020\/07\/Tamisador-Espiral-Vertical-KLINGER.webp\" alt=\"Tamisador Espiral Vertical KLINGER\" class=\"wp-image-10821\" width=\"349\" height=\"349\" srcset=\"https:\/\/klinger.pt\/wp-content\/uploads\/2020\/07\/Tamisador-Espiral-Vertical-KLINGER.webp 300w, https:\/\/klinger.pt\/wp-content\/uploads\/2020\/07\/Tamisador-Espiral-Vertical-KLINGER-150x150.webp 150w\" sizes=\"(max-width: 349px) 100vw, 349px\" \/><\/figure>\n<\/div>\n\n\n\n<div class=\"wp-block-column is-layout-flow wp-block-column-is-layout-flow\" style=\"flex-basis:700px\">\n<h1 class=\"wp-block-heading\">TAMISADOR ESPIRAL VERTICAL<\/h1>\n\n\n\n<p>O Tamisador Espiral Vertical \u00e9 uma m\u00e1quina para remo\u00e7\u00e3o, eleva\u00e7\u00e3o e compacta\u00e7\u00e3o dos s\u00f3lidos presentes nas \u00e1guas residuais<\/p>\n\n\n\n<h2 class=\"wp-block-heading\">CARACTER\u00cdSTICAS<\/h2>\n\n\n\n<ul class=\"wp-block-list\">\n<li>Caudal de entrada at\u00e9 1277 m3\/h<\/li>\n\n\n\n<li>Limpeza do cesto de tamisagem mediante escovas aparafusadas na espiral<\/li>\n\n\n\n<li>Comprimento de transporte: Vari\u00e1vel<\/li>\n\n\n\n<li>Op\u00e7\u00f5es de filtra\u00e7\u00e3o:<\/li>\n\n\n\n<li>Por chapa perfurada de \u00f8 2 \u00f7 10 mm<\/li>\n\n\n\n<li>Por perfis laminares de 0,25 \u00f7 3 mm<\/li>\n<\/ul>\n\n\n\n<h2 class=\"wp-block-heading\">VANTAGENS<\/h2>\n\n\n\n<ul class=\"wp-block-list\">\n<li>Baixa velocidade de rota\u00e7\u00e3o e sem suportes intermedi\u00e1rios<\/li>\n\n\n\n<li>Auto-limpeza com escovas aparafusadas na espiral<\/li>\n\n\n\n<li>Baixa manuten\u00e7\u00e3o e baixo investimento inicial<\/li>\n\n\n\n<li>Redu\u00e7\u00e3o consider\u00e1vel de volume e peso no final do processamento (at\u00e9 35-40%)<\/li>\n\n\n\n<li>Alta percentagem de s\u00f3lidos removidos<\/li>\n<\/ul>\n<\/div>\n<\/div>\n","protected":false},"excerpt":{"rendered":"<p>TAMISADOR ESPIRAL VERTICAL O Tamisador Espiral Vertical \u00e9 uma m\u00e1quina para remo\u00e7\u00e3o, eleva\u00e7\u00e3o e compacta\u00e7\u00e3o dos s\u00f3lidos presentes nas \u00e1guas residuais CARACTER\u00cdSTICAS VANTAGENS<\/p>\n","protected":false},"author":1,"featured_media":0,"parent":16360,"menu_order":0,"comment_status":"closed","ping_status":"closed","template":"page-templates\/servicios.php","meta":{"_eb_attr":"","footnotes":""},"class_list":["post-16370","page","type-page","status-publish","hentry"],"aioseo_notices":[],"_links":{"self":[{"href":"https:\/\/klinger.pt\/es\/wp-json\/wp\/v2\/pages\/16370","targetHints":{"allow":["GET"]}}],"collection":[{"href":"https:\/\/klinger.pt\/es\/wp-json\/wp\/v2\/pages"}],"about":[{"href":"https:\/\/klinger.pt\/es\/wp-json\/wp\/v2\/types\/page"}],"author":[{"embeddable":true,"href":"https:\/\/klinger.pt\/es\/wp-json\/wp\/v2\/users\/1"}],"replies":[{"embeddable":true,"href":"https:\/\/klinger.pt\/es\/wp-json\/wp\/v2\/comments?post=16370"}],"version-history":[{"count":2,"href":"https:\/\/klinger.pt\/es\/wp-json\/wp\/v2\/pages\/16370\/revisions"}],"predecessor-version":[{"id":38605,"href":"https:\/\/klinger.pt\/es\/wp-json\/wp\/v2\/pages\/16370\/revisions\/38605"}],"up":[{"embeddable":true,"href":"https:\/\/klinger.pt\/es\/wp-json\/wp\/v2\/pages\/16360"}],"wp:attachment":[{"href":"https:\/\/klinger.pt\/es\/wp-json\/wp\/v2\/media?parent=16370"}],"curies":[{"name":"wp","href":"https:\/\/api.w.org\/{rel}","templated":true}]}}