{"id":16366,"date":"2022-06-08T13:45:53","date_gmt":"2022-06-08T12:45:53","guid":{"rendered":"https:\/\/m5j0n6nk9p.onrocket.site\/?page_id=16366"},"modified":"2023-02-28T11:13:56","modified_gmt":"2023-02-28T11:13:56","slug":"tamisador-espiral-inclinado-com-tanque","status":"publish","type":"page","link":"https:\/\/klinger.pt\/es\/water-solutions\/tamisadores\/tamisador-espiral\/tamisador-espiral-inclinado-com-tanque\/","title":{"rendered":"TAMISADOR ESPIRAL INCLINADO COM TANQUE"},"content":{"rendered":"\n<div class=\"wp-block-columns is-layout-flex wp-container-core-columns-is-layout-9d6595d7 wp-block-columns-is-layout-flex\">\n<div class=\"wp-block-column is-layout-flow wp-block-column-is-layout-flow\" style=\"flex-basis:300px\">\n<figure class=\"wp-block-image size-full\"><img fetchpriority=\"high\" decoding=\"async\" width=\"300\" height=\"300\" src=\"https:\/\/klinger.pt\/wp-content\/uploads\/2020\/07\/Tamisador-Espiral-Tanque-KLINGER.webp\" alt=\"Tamisador Espiral Inclinado com Tanque KLINGER\" class=\"wp-image-10797\" srcset=\"https:\/\/klinger.pt\/wp-content\/uploads\/2020\/07\/Tamisador-Espiral-Tanque-KLINGER.webp 300w, https:\/\/klinger.pt\/wp-content\/uploads\/2020\/07\/Tamisador-Espiral-Tanque-KLINGER-150x150.webp 150w\" sizes=\"(max-width: 300px) 100vw, 300px\" \/><\/figure>\n<\/div>\n\n\n\n<div class=\"wp-block-column is-layout-flow wp-block-column-is-layout-flow\" style=\"flex-basis:700px\">\n<h1 class=\"wp-block-heading\">TAMISADOR ESPIRAL INCLINADO COM TANQUE<\/h1>\n\n\n\n<p>O Tamisador Espiral Inclinado com Tanque tem o mesmo principio de opera\u00e7\u00e3o que o modelo TP.Equipado com um tanque de a\u00e7o inoxid\u00e1vel totalmente vedado para permitir a instala\u00e7\u00e3o onde n\u00e3o h\u00e1 canal de bet\u00e3o.<\/p>\n\n\n\n<h2 class=\"wp-block-heading\">CARACTER\u00cdSTICAS<\/h2>\n\n\n\n<ul class=\"wp-block-list\">\n<li>Caudal de entrada at\u00e9 1277 m3\/h<\/li>\n\n\n\n<li>Limpeza do cesto de tamisagem mediante escovas aparafusadas na espiral<\/li>\n\n\n\n<li>Comprimento de transporte: Vari\u00e1vel<\/li>\n\n\n\n<li>Op\u00e7\u00f5es de filtra\u00e7\u00e3o:<\/li>\n\n\n\n<li>Por chapa perfurada de \u00f8 2 \u00f7 10 mm<\/li>\n\n\n\n<li>Por perfis laminares de 0,25 \u00f7 3 mm<\/li>\n<\/ul>\n\n\n\n<h2 class=\"wp-block-heading\">VANTAGENS<\/h2>\n\n\n\n<ul class=\"wp-block-list\">\n<li>Baixa velocidade de rota\u00e7\u00e3o e sem suportes intermedi\u00e1rios<\/li>\n\n\n\n<li>Auto-limpeza com escovas aparafusadas na espiral<\/li>\n\n\n\n<li>Baixa manuten\u00e7\u00e3o e baixo investimento inicial<\/li>\n\n\n\n<li>Redu\u00e7\u00e3o consider\u00e1vel de volume e peso no final do processamento (at\u00e9 50%)<\/li>\n\n\n\n<li>Alta percentagem de s\u00f3lidos removidos<\/li>\n<\/ul>\n<\/div>\n<\/div>\n","protected":false},"excerpt":{"rendered":"<p>TAMISADOR ESPIRAL INCLINADO COM TANQUE O Tamisador Espiral Inclinado com Tanque tem o mesmo principio de opera\u00e7\u00e3o que o modelo TP.Equipado com um tanque de a\u00e7o inoxid\u00e1vel totalmente vedado para permitir a instala\u00e7\u00e3o onde n\u00e3o h\u00e1 canal de bet\u00e3o. CARACTER\u00cdSTICAS VANTAGENS<\/p>\n","protected":false},"author":1,"featured_media":0,"parent":16360,"menu_order":0,"comment_status":"closed","ping_status":"closed","template":"page-templates\/servicios.php","meta":{"_eb_attr":"","footnotes":""},"class_list":["post-16366","page","type-page","status-publish","hentry"],"aioseo_notices":[],"_links":{"self":[{"href":"https:\/\/klinger.pt\/es\/wp-json\/wp\/v2\/pages\/16366","targetHints":{"allow":["GET"]}}],"collection":[{"href":"https:\/\/klinger.pt\/es\/wp-json\/wp\/v2\/pages"}],"about":[{"href":"https:\/\/klinger.pt\/es\/wp-json\/wp\/v2\/types\/page"}],"author":[{"embeddable":true,"href":"https:\/\/klinger.pt\/es\/wp-json\/wp\/v2\/users\/1"}],"replies":[{"embeddable":true,"href":"https:\/\/klinger.pt\/es\/wp-json\/wp\/v2\/comments?post=16366"}],"version-history":[{"count":2,"href":"https:\/\/klinger.pt\/es\/wp-json\/wp\/v2\/pages\/16366\/revisions"}],"predecessor-version":[{"id":38603,"href":"https:\/\/klinger.pt\/es\/wp-json\/wp\/v2\/pages\/16366\/revisions\/38603"}],"up":[{"embeddable":true,"href":"https:\/\/klinger.pt\/es\/wp-json\/wp\/v2\/pages\/16360"}],"wp:attachment":[{"href":"https:\/\/klinger.pt\/es\/wp-json\/wp\/v2\/media?parent=16366"}],"curies":[{"name":"wp","href":"https:\/\/api.w.org\/{rel}","templated":true}]}}