{"id":16363,"date":"2022-06-08T13:42:31","date_gmt":"2022-06-08T12:42:31","guid":{"rendered":"https:\/\/m5j0n6nk9p.onrocket.site\/?page_id=16363"},"modified":"2023-05-10T11:36:07","modified_gmt":"2023-05-10T10:36:07","slug":"tamisador-espiral-inclinado","status":"publish","type":"page","link":"https:\/\/klinger.pt\/es\/water-solutions\/tamisadores\/tamisador-espiral\/tamisador-espiral-inclinado\/","title":{"rendered":"TAMISADOR ESPIRAL INCLINADO"},"content":{"rendered":"\n<div class=\"wp-block-columns is-layout-flex wp-container-core-columns-is-layout-9d6595d7 wp-block-columns-is-layout-flex\">\n<div class=\"wp-block-column is-layout-flow wp-block-column-is-layout-flow\" style=\"flex-basis:300px\"><div class=\"wp-block-image\">\n<figure class=\"alignleft size-full is-resized\"><img fetchpriority=\"high\" decoding=\"async\" src=\"https:\/\/klinger.pt\/wp-content\/uploads\/2019\/12\/eng-408.png\" alt=\"Spiral Screw Screen KLINGER\" class=\"wp-image-3235\" width=\"296\" height=\"296\" srcset=\"https:\/\/klinger.pt\/wp-content\/uploads\/2019\/12\/eng-408.png 300w, https:\/\/klinger.pt\/wp-content\/uploads\/2019\/12\/eng-408-150x150.png 150w\" sizes=\"(max-width: 296px) 100vw, 296px\" \/><\/figure>\n<\/div><\/div>\n\n\n\n<div class=\"wp-block-column is-layout-flow wp-block-column-is-layout-flow\" style=\"flex-basis:700px\">\n<h1 class=\"wp-block-heading\">TAMISADOR ESPIRAL INCLINADO<\/h1>\n\n\n\n<p>O tamisador espiral inclinado \u00e9 a solu\u00e7\u00e3o econ\u00f3mica e simples para a separa\u00e7\u00e3o de s\u00f3lidos presentes nas \u00e1guas residuais provenientes de instala\u00e7\u00f5es municipais e industriais de v\u00e1rios tipos.<\/p>\n\n\n\n<h2 class=\"wp-block-heading\">Caracter\u00edsticas<\/h2>\n\n\n\n<ul class=\"wp-block-list\">\n<li>Caudal de entrada at\u00e9 1558 m3\/h<\/li>\n\n\n\n<li>Limpeza do cesto de tamisagem mediante escovas aparafusadas na espiral<\/li>\n\n\n\n<li>Comprimento de transporte: Vari\u00e1vel<\/li>\n\n\n\n<li>Op\u00e7\u00f5es de filtra\u00e7\u00e3o:<\/li>\n\n\n\n<li>Por chapa perfurada de \u00f8 2 \u00f7 10 mm<\/li>\n\n\n\n<li>Por perfis laminares de 0,25 \u00f7 3 mm<\/li>\n<\/ul>\n\n\n\n<h2 class=\"wp-block-heading\">Vantagens<\/h2>\n\n\n\n<ul class=\"wp-block-list\">\n<li>Instala\u00e7\u00e3o diretamente no canal<\/li>\n\n\n\n<li>Baixa velocidade de rota\u00e7\u00e3o e nenhum suporte intermedi\u00e1rio<\/li>\n\n\n\n<li>Auto-limpeza com escovas aparafusadas na espiral<\/li>\n\n\n\n<li>Baixa manuten\u00e7\u00e3o e baixo investimento inicial<\/li>\n\n\n\n<li>Alta percentagem de s\u00f3lidos removidos<\/li>\n<\/ul>\n<\/div>\n<\/div>\n\n\n\n<h5 class=\"wp-block-heading\"><a href=\"https:\/\/klinger.pt\/wp-content\/uploads\/2023\/05\/Catalogo-_Tamisador_Inclinado_TPC.pdf\" target=\"_blank\" rel=\"noopener\" title=\"FICHA T\u00c9CNICA TAMISADOR ESPIRAL INCLINADO (PT\/EN)\">FICHA T\u00c9CNICA TAMISADOR ESPIRAL INCLINADO (PT\/EN)<\/a><\/h5>\n","protected":false},"excerpt":{"rendered":"<p>TAMISADOR ESPIRAL INCLINADO O tamisador espiral inclinado \u00e9 a solu\u00e7\u00e3o econ\u00f3mica e simples para a separa\u00e7\u00e3o de s\u00f3lidos presentes nas \u00e1guas residuais provenientes de instala\u00e7\u00f5es municipais e industriais de v\u00e1rios tipos. Caracter\u00edsticas Vantagens FICHA T\u00c9CNICA TAMISADOR ESPIRAL INCLINADO (PT\/EN)<\/p>\n","protected":false},"author":1,"featured_media":0,"parent":16360,"menu_order":0,"comment_status":"closed","ping_status":"closed","template":"page-templates\/servicios.php","meta":{"_eb_attr":"","footnotes":""},"class_list":["post-16363","page","type-page","status-publish","hentry"],"aioseo_notices":[],"_links":{"self":[{"href":"https:\/\/klinger.pt\/es\/wp-json\/wp\/v2\/pages\/16363","targetHints":{"allow":["GET"]}}],"collection":[{"href":"https:\/\/klinger.pt\/es\/wp-json\/wp\/v2\/pages"}],"about":[{"href":"https:\/\/klinger.pt\/es\/wp-json\/wp\/v2\/types\/page"}],"author":[{"embeddable":true,"href":"https:\/\/klinger.pt\/es\/wp-json\/wp\/v2\/users\/1"}],"replies":[{"embeddable":true,"href":"https:\/\/klinger.pt\/es\/wp-json\/wp\/v2\/comments?post=16363"}],"version-history":[{"count":3,"href":"https:\/\/klinger.pt\/es\/wp-json\/wp\/v2\/pages\/16363\/revisions"}],"predecessor-version":[{"id":42506,"href":"https:\/\/klinger.pt\/es\/wp-json\/wp\/v2\/pages\/16363\/revisions\/42506"}],"up":[{"embeddable":true,"href":"https:\/\/klinger.pt\/es\/wp-json\/wp\/v2\/pages\/16360"}],"wp:attachment":[{"href":"https:\/\/klinger.pt\/es\/wp-json\/wp\/v2\/media?parent=16363"}],"curies":[{"name":"wp","href":"https:\/\/api.w.org\/{rel}","templated":true}]}}