{"id":16351,"date":"2022-06-08T10:17:16","date_gmt":"2022-06-08T09:17:16","guid":{"rendered":"https:\/\/m5j0n6nk9p.onrocket.site\/?page_id=16351"},"modified":"2023-02-27T09:16:42","modified_gmt":"2023-02-27T09:16:42","slug":"grade-inclinada","status":"publish","type":"page","link":"https:\/\/klinger.pt\/es\/water-solutions\/grades-automaticas\/grade-inclinada\/","title":{"rendered":"GRADE INCLINADA"},"content":{"rendered":"\n<div class=\"wp-block-columns is-layout-flex wp-container-core-columns-is-layout-9d6595d7 wp-block-columns-is-layout-flex\">\n<div class=\"wp-block-column is-layout-flow wp-block-column-is-layout-flow\" style=\"flex-basis:300px\"><div class=\"wp-block-image\">\n<figure class=\"aligncenter size-full is-resized\"><img fetchpriority=\"high\" decoding=\"async\" src=\"https:\/\/klinger.pt\/wp-content\/uploads\/2022\/06\/grade-convencinais-thumbnail.png\" alt=\"\" class=\"wp-image-16337\" width=\"278\" height=\"278\" srcset=\"https:\/\/klinger.pt\/wp-content\/uploads\/2022\/06\/grade-convencinais-thumbnail.png 250w, https:\/\/klinger.pt\/wp-content\/uploads\/2022\/06\/grade-convencinais-thumbnail-150x150.png 150w\" sizes=\"(max-width: 278px) 100vw, 278px\" \/><\/figure>\n<\/div><\/div>\n\n\n\n<div class=\"wp-block-column is-layout-flow wp-block-column-is-layout-flow\" style=\"flex-basis:700px\">\n<h1 class=\"wp-block-heading\">GRADE INCLINADA<\/h1>\n\n\n\n<p>A grade autom\u00e1tica inclinada e utilizada para a gradagem grossa de \u00e1guas residuais ou para prote\u00e7\u00e3o de equipamentos de filtra\u00e7\u00e3o fina.<\/p>\n\n\n\n<h2 class=\"wp-block-heading\">APLICA\u00c7\u00d5ES<\/h2>\n\n\n\n<ul class=\"wp-block-list\">\n<li>Esta\u00e7\u00f5es municipais de tratamento de \u00e1guas residuais<\/li>\n\n\n\n<li>Esta\u00e7\u00f5es de tratamento de \u00e1guas residuais industriais<\/li>\n\n\n\n<li>F\u00e1bricas de papel<\/li>\n\n\n\n<li>Industria t\u00eaxtil<\/li>\n\n\n\n<li>Ind\u00fastria alimentar<\/li>\n\n\n\n<li>Ind\u00fastria qu\u00edmica<\/li>\n<\/ul>\n\n\n\n<p><\/p>\n<\/div>\n<\/div>\n","protected":false},"excerpt":{"rendered":"<p>GRADE INCLINADA A grade autom\u00e1tica inclinada e utilizada para a gradagem grossa de \u00e1guas residuais ou para prote\u00e7\u00e3o de equipamentos de filtra\u00e7\u00e3o fina. APLICA\u00c7\u00d5ES<\/p>\n","protected":false},"author":1,"featured_media":0,"parent":16334,"menu_order":1,"comment_status":"closed","ping_status":"closed","template":"page-templates\/servicios.php","meta":{"_eb_attr":"","footnotes":""},"class_list":["post-16351","page","type-page","status-publish","hentry"],"aioseo_notices":[],"_links":{"self":[{"href":"https:\/\/klinger.pt\/es\/wp-json\/wp\/v2\/pages\/16351","targetHints":{"allow":["GET"]}}],"collection":[{"href":"https:\/\/klinger.pt\/es\/wp-json\/wp\/v2\/pages"}],"about":[{"href":"https:\/\/klinger.pt\/es\/wp-json\/wp\/v2\/types\/page"}],"author":[{"embeddable":true,"href":"https:\/\/klinger.pt\/es\/wp-json\/wp\/v2\/users\/1"}],"replies":[{"embeddable":true,"href":"https:\/\/klinger.pt\/es\/wp-json\/wp\/v2\/comments?post=16351"}],"version-history":[{"count":2,"href":"https:\/\/klinger.pt\/es\/wp-json\/wp\/v2\/pages\/16351\/revisions"}],"predecessor-version":[{"id":38267,"href":"https:\/\/klinger.pt\/es\/wp-json\/wp\/v2\/pages\/16351\/revisions\/38267"}],"up":[{"embeddable":true,"href":"https:\/\/klinger.pt\/es\/wp-json\/wp\/v2\/pages\/16334"}],"wp:attachment":[{"href":"https:\/\/klinger.pt\/es\/wp-json\/wp\/v2\/media?parent=16351"}],"curies":[{"name":"wp","href":"https:\/\/api.w.org\/{rel}","templated":true}]}}