{"id":16342,"date":"2022-06-08T09:41:28","date_gmt":"2022-06-08T08:41:28","guid":{"rendered":"https:\/\/m5j0n6nk9p.onrocket.site\/?page_id=16342"},"modified":"2023-02-27T09:17:52","modified_gmt":"2023-02-27T09:17:52","slug":"grade-vertical-tracao-por-cinta","status":"publish","type":"page","link":"https:\/\/klinger.pt\/es\/water-solutions\/grades-automaticas\/grade-vertical-tracao-por-cinta\/","title":{"rendered":"GRADE VERTICAL TRA\u00c7\u00c3O POR CINTA"},"content":{"rendered":"\n<div class=\"wp-block-columns is-layout-flex wp-container-core-columns-is-layout-9d6595d7 wp-block-columns-is-layout-flex\">\n<div class=\"wp-block-column is-layout-flow wp-block-column-is-layout-flow\" style=\"flex-basis:300px\"><div class=\"wp-block-image\">\n<figure class=\"aligncenter size-full is-resized\"><img fetchpriority=\"high\" decoding=\"async\" src=\"https:\/\/klinger.pt\/wp-content\/uploads\/2022\/06\/grade-thumbnail.jpg\" alt=\"\" class=\"wp-image-16336\" width=\"364\" height=\"364\" srcset=\"https:\/\/klinger.pt\/wp-content\/uploads\/2022\/06\/grade-thumbnail.jpg 252w, https:\/\/klinger.pt\/wp-content\/uploads\/2022\/06\/grade-thumbnail-150x150.jpg 150w\" sizes=\"(max-width: 364px) 100vw, 364px\" \/><\/figure>\n<\/div><\/div>\n\n\n\n<div class=\"wp-block-column is-layout-flow wp-block-column-is-layout-flow\" style=\"flex-basis:700px\">\n<h1 class=\"wp-block-heading\">GRADE VERTICAL TRA\u00c7\u00c3O POR CINTA<\/h1>\n\n\n\n<p><strong>Grade Vertical Tra\u00e7\u00e3o por Cinta: Solu\u00e7\u00e3o ideal para instala\u00e7\u00e3o em esta\u00e7\u00f5es elevat\u00f3rias de \u00e1guas residuais. Os s\u00f3lidos s\u00e3o arrastados por uma colher com garras mediante a tra\u00e7\u00e3o de uma cinta em poli\u00e9ster.<\/strong><\/p>\n\n\n\n<h2 class=\"wp-block-heading\">CARACTER\u00cdSTICAS \/ VANTAGENS<\/h2>\n\n\n\n<ul class=\"wp-block-list\">\n<li>Descarga de res\u00edduos a montante (modelo SG400 e NG) a jusante (modelo XG)<\/li>\n\n\n\n<li>Adapta-se a todas as obras civis<\/li>\n\n\n\n<li>Possibilidade de serem fornecidas em v\u00e1rias partes que ser\u00e3o facilmente montadas em obra (exceto modelo SI350), permitindo facilitar o transporte, manuseamento e a instala\u00e7\u00e3o de m\u00e1quinas em locais sem claraboias;<\/li>\n\n\n\n<li>Design simples = fi\u00e1vel e dur\u00e1vel;<\/li>\n\n\n\n<li>Baixo custo operacional e f\u00e1cil manuten\u00e7\u00e3o;<\/li>\n\n\n\n<li>Pe\u00e7as sujeitas a desgaste e equipamentos el\u00e9tri\u00adcos est\u00e3o fora de \u00e1gua;<\/li>\n\n\n\n<li>Inexist\u00eancia de rolamentos, correntes ou elemento em contacto com o efluente que necessite de lubrifica\u00e7\u00e3o, ou inspe\u00e7\u00e3o regular, o que minimiza o desgaste, ataque qu\u00edmico e necessidade de interven\u00e7\u00e3o.<\/li>\n\n\n\n<li>Garante uma maior efici\u00eancia que a solu\u00e7\u00e3o tradicional de gradagem por correntes ou cabos, atendendo ao sistema utilizado, perante a presen\u00e7a de s\u00f3lidos de grandes dimens\u00f5es a grade n\u00e3o encrava, continua efetuando a recolha no n\u00edvel superior dos s\u00f3lidos de grande dimens\u00e3o.<\/li>\n\n\n\n<li>O sistema garante um funcionamento simples e eficaz imune a encravamentos.<\/li>\n\n\n\n<li>Cinta de poli\u00e9ster resistente a todos os produtos qu\u00edmicos e ao congelamento (resistente \u00e0 rutura = 3 s 12 toneladas dependendo do modelo), f\u00e1cil substitui\u00e7\u00e3o e baixo custo.<\/li>\n\n\n\n<li>O sistema de remo\u00e7\u00e3o de s\u00f3lidos das barras \u00e9 efetuado com recurso a uma colher de garras, de elevada efici\u00eancia. Sendo esta insens\u00edvel a pequena quantidade de areias, pequenas pedras ou outros objetos.<\/li>\n\n\n\n<li>Inexist\u00eancia de consumo de \u00e1gua para lavagem<\/li>\n\n\n\n<li>Reduzido consumo energ\u00e9tico<\/li>\n\n\n\n<li>Conforme as normas CE<\/li>\n<\/ul>\n<\/div>\n<\/div>\n\n\n\n<h5 class=\"wp-block-heading\"><a href=\"https:\/\/klinger.pt\/wp-content\/uploads\/2020\/09\/Grades-automaticas-Klinger-2019.pdf\" data-type=\"URL\" data-id=\"https:\/\/klinger.pt\/wp-content\/uploads\/2020\/09\/Grades-automaticas-Klinger-2019.pdf\" target=\"_blank\" rel=\"noreferrer noopener\">FICHA T\u00c9CNICA_PT (pdf)<\/a><\/h5>\n","protected":false},"excerpt":{"rendered":"<p>GRADE VERTICAL TRA\u00c7\u00c3O POR CINTA Grade Vertical Tra\u00e7\u00e3o por Cinta: Solu\u00e7\u00e3o ideal para instala\u00e7\u00e3o em esta\u00e7\u00f5es elevat\u00f3rias de \u00e1guas residuais. Os s\u00f3lidos s\u00e3o arrastados por uma colher com garras mediante a tra\u00e7\u00e3o de uma cinta em poli\u00e9ster. CARACTER\u00cdSTICAS \/ VANTAGENS FICHA T\u00c9CNICA_PT (pdf)<\/p>\n","protected":false},"author":1,"featured_media":0,"parent":16334,"menu_order":0,"comment_status":"closed","ping_status":"closed","template":"page-templates\/servicios.php","meta":{"_eb_attr":"","footnotes":""},"class_list":["post-16342","page","type-page","status-publish","hentry"],"aioseo_notices":[],"_links":{"self":[{"href":"https:\/\/klinger.pt\/es\/wp-json\/wp\/v2\/pages\/16342","targetHints":{"allow":["GET"]}}],"collection":[{"href":"https:\/\/klinger.pt\/es\/wp-json\/wp\/v2\/pages"}],"about":[{"href":"https:\/\/klinger.pt\/es\/wp-json\/wp\/v2\/types\/page"}],"author":[{"embeddable":true,"href":"https:\/\/klinger.pt\/es\/wp-json\/wp\/v2\/users\/1"}],"replies":[{"embeddable":true,"href":"https:\/\/klinger.pt\/es\/wp-json\/wp\/v2\/comments?post=16342"}],"version-history":[{"count":2,"href":"https:\/\/klinger.pt\/es\/wp-json\/wp\/v2\/pages\/16342\/revisions"}],"predecessor-version":[{"id":38269,"href":"https:\/\/klinger.pt\/es\/wp-json\/wp\/v2\/pages\/16342\/revisions\/38269"}],"up":[{"embeddable":true,"href":"https:\/\/klinger.pt\/es\/wp-json\/wp\/v2\/pages\/16334"}],"wp:attachment":[{"href":"https:\/\/klinger.pt\/es\/wp-json\/wp\/v2\/media?parent=16342"}],"curies":[{"name":"wp","href":"https:\/\/api.w.org\/{rel}","templated":true}]}}