{"id":16334,"date":"2022-06-08T09:20:41","date_gmt":"2022-06-08T08:20:41","guid":{"rendered":"https:\/\/m5j0n6nk9p.onrocket.site\/?page_id=16334"},"modified":"2023-05-19T15:44:22","modified_gmt":"2023-05-19T14:44:22","slug":"grades-automaticas","status":"publish","type":"page","link":"https:\/\/klinger.pt\/es\/water-solutions\/grades-automaticas\/","title":{"rendered":"GRADES AUTOM\u00c1TICAS"},"content":{"rendered":"\n<h1 class=\"wp-block-heading\">GRADES AUTOM\u00c1TICAS<\/h1>\n\n\n\n<div style=\"height:25px\" aria-hidden=\"true\" class=\"wp-block-spacer\"><\/div>\n\n\n\n<div class=\"wp-block-columns has-2-columns is-layout-flex wp-container-core-columns-is-layout-9d6595d7 wp-block-columns-is-layout-flex\">\n<div class=\"wp-block-column is-layout-flow wp-block-column-is-layout-flow\">\n<figure class=\"wp-block-table flecha\"><table><tbody><tr><td><img fetchpriority=\"high\" decoding=\"async\" width=\"270\" height=\"270\" class=\"wp-image-27212\" style=\"width: 270px;\" src=\"https:\/\/klinger.pt\/wp-content\/uploads\/2022\/08\/grades-thumbnail.png\" alt=\"\" srcset=\"https:\/\/klinger.pt\/wp-content\/uploads\/2022\/08\/grades-thumbnail.png 252w, https:\/\/klinger.pt\/wp-content\/uploads\/2022\/08\/grades-thumbnail-150x150.png 150w\" sizes=\"(max-width: 270px) 100vw, 270px\" \/><\/td><td><a href=\"https:\/\/klinger.pt\/water-solutions\/grades-automaticas\/grade-vertical-tracao-por-cinta\/\" data-type=\"page\" data-id=\"16342\"><strong>GRADE VERTICAL TRA\u00c7\u00c3O POR CINTA<\/strong><\/a><br><a href=\"https:\/\/klinger.pt\/water-solutions\/grades-automaticas\/grade-vertical-tracao-por-cinta\/\" data-type=\"page\" data-id=\"16342\"><img decoding=\"async\" class=\"wp-image-2704\" style=\"width: 18px;\" src=\"https:\/\/www.klinger.es\/wp-content\/uploads\/2019\/11\/icon-arrow-blue-double.png\" alt=\"\"><\/a><\/td><\/tr><\/tbody><\/table><\/figure>\n<\/div>\n\n\n\n<div class=\"wp-block-column is-layout-flow wp-block-column-is-layout-flow\">\n<figure class=\"wp-block-table flecha\"><table><tbody><tr><td><img decoding=\"async\" width=\"270\" height=\"270\" class=\"wp-image-27215\" style=\"width: 270px;\" src=\"https:\/\/klinger.pt\/wp-content\/uploads\/2022\/08\/grade-convencinais-thumbnail.png\" alt=\"\" srcset=\"https:\/\/klinger.pt\/wp-content\/uploads\/2022\/08\/grade-convencinais-thumbnail.png 250w, https:\/\/klinger.pt\/wp-content\/uploads\/2022\/08\/grade-convencinais-thumbnail-150x150.png 150w\" sizes=\"(max-width: 270px) 100vw, 270px\" \/><\/td><td><a href=\"https:\/\/klinger.pt\/water-solutions\/grades-automaticas\/grade-inclinada\/\" data-type=\"page\" data-id=\"16351\"><strong>GRADE INCLINADA<\/strong><\/a><br><a href=\"https:\/\/klinger.pt\/water-solutions\/grades-automaticas\/grade-inclinada\/\" data-type=\"page\" data-id=\"16351\"><img decoding=\"async\" class=\"wp-image-2704\" style=\"width: 18px;\" src=\"https:\/\/www.klinger.es\/wp-content\/uploads\/2019\/11\/icon-arrow-blue-double.png\" alt=\"\"><\/a><\/td><\/tr><\/tbody><\/table><\/figure>\n<\/div>\n<\/div>\n","protected":false},"excerpt":{"rendered":"<p>GRADES AUTOM\u00c1TICAS GRADE VERTICAL TRA\u00c7\u00c3O POR CINTA GRADE INCLINADA<\/p>\n","protected":false},"author":1,"featured_media":16335,"parent":16322,"menu_order":0,"comment_status":"closed","ping_status":"closed","template":"page-templates\/secciones-principales.php","meta":{"_eb_attr":"","footnotes":""},"class_list":["post-16334","page","type-page","status-publish","has-post-thumbnail","hentry"],"aioseo_notices":[],"_links":{"self":[{"href":"https:\/\/klinger.pt\/es\/wp-json\/wp\/v2\/pages\/16334","targetHints":{"allow":["GET"]}}],"collection":[{"href":"https:\/\/klinger.pt\/es\/wp-json\/wp\/v2\/pages"}],"about":[{"href":"https:\/\/klinger.pt\/es\/wp-json\/wp\/v2\/types\/page"}],"author":[{"embeddable":true,"href":"https:\/\/klinger.pt\/es\/wp-json\/wp\/v2\/users\/1"}],"replies":[{"embeddable":true,"href":"https:\/\/klinger.pt\/es\/wp-json\/wp\/v2\/comments?post=16334"}],"version-history":[{"count":3,"href":"https:\/\/klinger.pt\/es\/wp-json\/wp\/v2\/pages\/16334\/revisions"}],"predecessor-version":[{"id":42670,"href":"https:\/\/klinger.pt\/es\/wp-json\/wp\/v2\/pages\/16334\/revisions\/42670"}],"up":[{"embeddable":true,"href":"https:\/\/klinger.pt\/es\/wp-json\/wp\/v2\/pages\/16322"}],"wp:featuredmedia":[{"embeddable":true,"href":"https:\/\/klinger.pt\/es\/wp-json\/wp\/v2\/media\/16335"}],"wp:attachment":[{"href":"https:\/\/klinger.pt\/es\/wp-json\/wp\/v2\/media?parent=16334"}],"curies":[{"name":"wp","href":"https:\/\/api.w.org\/{rel}","templated":true}]}}