{"id":16322,"date":"2022-06-07T13:42:09","date_gmt":"2022-06-07T12:42:09","guid":{"rendered":"https:\/\/m5j0n6nk9p.onrocket.site\/?page_id=16322"},"modified":"2023-06-19T15:44:52","modified_gmt":"2023-06-19T14:44:52","slug":"water-solutions","status":"publish","type":"page","link":"https:\/\/klinger.pt\/es\/water-solutions\/","title":{"rendered":"TRATAMENTO DE \u00c1GUAS E LAMAS"},"content":{"rendered":"\n<h1 class=\"wp-block-heading\">\u00c1GUAS RESIDUAIS MUNICIPAIS<\/h1>\n\n\n\n<div style=\"height:25px\" aria-hidden=\"true\" class=\"wp-block-spacer\"><\/div>\n\n\n\n<div class=\"wp-block-columns has-2-columns is-layout-flex wp-container-core-columns-is-layout-9d6595d7 wp-block-columns-is-layout-flex\">\n<div class=\"wp-block-column is-layout-flow wp-block-column-is-layout-flow\">\n<figure class=\"wp-block-table flecha\"><table><tbody><tr><td class=\"has-text-align-center\" data-align=\"center\"><img fetchpriority=\"high\" decoding=\"async\" width=\"270\" height=\"270\" class=\"wp-image-27212\" style=\"width: 270px;\" src=\"https:\/\/klinger.pt\/wp-content\/uploads\/2022\/08\/grades-thumbnail.png\" alt=\"\" srcset=\"https:\/\/klinger.pt\/wp-content\/uploads\/2022\/08\/grades-thumbnail.png 252w, https:\/\/klinger.pt\/wp-content\/uploads\/2022\/08\/grades-thumbnail-150x150.png 150w\" sizes=\"(max-width: 270px) 100vw, 270px\" \/><\/td><td><a href=\"https:\/\/klinger.pt\/water-solutions\/grades-automaticas\/\" data-type=\"page\" data-id=\"16334\"><strong>GRADES AUTOM\u00c1TICAS<\/strong><\/a><br><a href=\"https:\/\/klinger.pt\/water-solutions\/grades-automaticas\/\" data-type=\"page\" data-id=\"16334\"><img decoding=\"async\" class=\"wp-image-2704\" style=\"width: 18px;\" src=\"https:\/\/www.klinger.es\/wp-content\/uploads\/2019\/11\/icon-arrow-blue-double.png\" alt=\"\"><\/a><\/td><\/tr><\/tbody><\/table><\/figure>\n<\/div>\n\n\n\n<div class=\"wp-block-column is-layout-flow wp-block-column-is-layout-flow\">\n<figure class=\"wp-block-table flecha\"><table><tbody><tr><td class=\"has-text-align-center\" data-align=\"center\"><img decoding=\"async\" width=\"270\" height=\"304\" class=\"wp-image-27275\" style=\"width: 270px;\" src=\"https:\/\/klinger.pt\/wp-content\/uploads\/2022\/08\/Tamisador-Espiral-Inclinado-1.png\" alt=\"\"><\/td><td><a href=\"https:\/\/klinger.pt\/water-solutions\/tamisadores\/\" data-type=\"page\" data-id=\"16356\"><strong>TAMISADORES<\/strong><\/a><br><a href=\"https:\/\/klinger.pt\/water-solutions\/tamisadores\/\" data-type=\"page\" data-id=\"16356\"><img decoding=\"async\" class=\"wp-image-2704\" style=\"width: 18px;\" src=\"https:\/\/www.klinger.es\/wp-content\/uploads\/2019\/11\/icon-arrow-blue-double.png\" alt=\"\"><\/a><\/td><\/tr><\/tbody><\/table><\/figure>\n<\/div>\n<\/div>\n\n\n\n<div class=\"wp-block-columns has-2-columns is-layout-flex wp-container-core-columns-is-layout-9d6595d7 wp-block-columns-is-layout-flex\">\n<div class=\"wp-block-column is-layout-flow wp-block-column-is-layout-flow\">\n<figure class=\"wp-block-table flecha\"><table><tbody><tr><td><img decoding=\"async\" width=\"270\" height=\"270\" class=\"wp-image-27425\" style=\"width: 270px;\" src=\"https:\/\/klinger.pt\/wp-content\/uploads\/2022\/08\/unidades-thumbnail-1.png\" alt=\"\" srcset=\"https:\/\/klinger.pt\/wp-content\/uploads\/2022\/08\/unidades-thumbnail-1.png 252w, https:\/\/klinger.pt\/wp-content\/uploads\/2022\/08\/unidades-thumbnail-1-150x150.png 150w\" sizes=\"(max-width: 270px) 100vw, 270px\" \/><\/td><td><a href=\"https:\/\/klinger.pt\/water-solutions\/equipamentos-compactos-pre-tratamento\/\" data-type=\"page\" data-id=\"16414\"><strong>EQUIPAMENTOS COMPACTOS<\/strong><\/a><br><a href=\"https:\/\/klinger.pt\/water-solutions\/equipamentos-compactos-pre-tratamento\/\" data-type=\"page\" data-id=\"16414\"><img decoding=\"async\" class=\"wp-image-2704\" style=\"width: 18px;\" src=\"https:\/\/www.klinger.es\/wp-content\/uploads\/2019\/11\/icon-arrow-blue-double.png\" alt=\"\"><\/a><\/td><\/tr><\/tbody><\/table><\/figure>\n<\/div>\n\n\n\n<div class=\"wp-block-column is-layout-flow wp-block-column-is-layout-flow\">\n<figure class=\"wp-block-table aligncenter flecha\"><table><tbody><tr><td><img loading=\"lazy\" decoding=\"async\" width=\"270\" height=\"270\" class=\"wp-image-27428\" style=\"width: 270px;\" src=\"https:\/\/klinger.pt\/wp-content\/uploads\/2022\/08\/26-1.png\" alt=\"\" srcset=\"https:\/\/klinger.pt\/wp-content\/uploads\/2022\/08\/26-1.png 500w, https:\/\/klinger.pt\/wp-content\/uploads\/2022\/08\/26-1-300x300.png 300w, https:\/\/klinger.pt\/wp-content\/uploads\/2022\/08\/26-1-150x150.png 150w\" sizes=\"(max-width: 270px) 100vw, 270px\" \/><\/td><td><a href=\"https:\/\/klinger.pt\/water-solutions\/scraper-bridge\/\"><strong>PONTES RASPADORAS<\/strong><br><img decoding=\"async\" class=\"wp-image-2704\" style=\"width: 18px;\" src=\"https:\/\/www.klinger.es\/wp-content\/uploads\/2019\/11\/icon-arrow-blue-double.png\" alt=\"\"><\/a><\/td><\/tr><\/tbody><\/table><\/figure>\n<\/div>\n<\/div>\n\n\n\n<div class=\"wp-block-columns is-layout-flex wp-container-core-columns-is-layout-9d6595d7 wp-block-columns-is-layout-flex\">\n<div class=\"wp-block-column is-layout-flow wp-block-column-is-layout-flow\">\n<figure class=\"wp-block-table\"><table><tbody><tr><td><img loading=\"lazy\" decoding=\"async\" width=\"270\" height=\"157\" class=\"wp-image-31005\" style=\"width: 270px;\" src=\"https:\/\/klinger.pt\/wp-content\/uploads\/2022\/09\/MiniSystem_3_SIN_FONDO.png\" alt=\"\" srcset=\"https:\/\/klinger.pt\/wp-content\/uploads\/2022\/09\/MiniSystem_3_SIN_FONDO.png 849w, https:\/\/klinger.pt\/wp-content\/uploads\/2022\/09\/MiniSystem_3_SIN_FONDO-300x175.png 300w, https:\/\/klinger.pt\/wp-content\/uploads\/2022\/09\/MiniSystem_3_SIN_FONDO-768x448.png 768w\" sizes=\"(max-width: 270px) 100vw, 270px\" \/><\/td><td><strong><a href=\"https:\/\/klinger.pt\/water-solutions\/tratamento-biologico\/\">TRATAMENTO BIOL\u00d3GICO<\/a><\/strong><br><a href=\"https:\/\/klinger.pt\/water-solutions\/tratamento-biologico\/\"><img decoding=\"async\" class=\"wp-image-2704\" style=\"width: 18px;\" src=\"https:\/\/www.klinger.es\/wp-content\/uploads\/2019\/11\/icon-arrow-blue-double.png\" alt=\"\"><\/a><\/td><\/tr><\/tbody><\/table><\/figure>\n<\/div>\n\n\n\n<div class=\"wp-block-column is-layout-flow wp-block-column-is-layout-flow\">\n<figure class=\"wp-block-table\"><table><tbody><tr><td><img decoding=\"async\" class=\"wp-image-31014\" style=\"width: 270px;\" src=\"https:\/\/klinger.pt\/wp-content\/uploads\/2022\/09\/IMG_0873-2.png\" alt=\"\"><\/td><td><strong><a href=\"https:\/\/klinger.pt\/water-solutions\/preparadores-de-polimero\/\" title=\"\">PREPARADORES DE POL\u00cdMERO<\/a><\/strong><br><a href=\"https:\/\/klinger.pt\/water-solutions\/preparadores-de-polimero\/\" title=\"\ufffc\"><img decoding=\"async\" class=\"wp-image-2704\" style=\"width: 18px;\" src=\"https:\/\/www.klinger.es\/wp-content\/uploads\/2019\/11\/icon-arrow-blue-double.png\" alt=\"\"><\/a><\/td><\/tr><\/tbody><\/table><\/figure>\n<\/div>\n<\/div>\n\n\n\n<div class=\"wp-block-columns has-2-columns is-layout-flex wp-container-core-columns-is-layout-9d6595d7 wp-block-columns-is-layout-flex\">\n<div class=\"wp-block-column is-layout-flow wp-block-column-is-layout-flow\">\n<figure class=\"wp-block-table flecha\"><table><tbody><tr><td><img loading=\"lazy\" decoding=\"async\" width=\"270\" height=\"270\" class=\"wp-image-28944\" style=\"width: 270px;\" src=\"https:\/\/klinger.pt\/wp-content\/uploads\/2022\/09\/conj-compressores.png\" alt=\"\" srcset=\"https:\/\/klinger.pt\/wp-content\/uploads\/2022\/09\/conj-compressores.png 252w, https:\/\/klinger.pt\/wp-content\/uploads\/2022\/09\/conj-compressores-150x150.png 150w\" sizes=\"(max-width: 270px) 100vw, 270px\" \/><\/td><td><strong><a href=\"https:\/\/klinger.pt\/compresors\/compressores-sopradores-e-bombas-vacuo-de-deslocamento-positivo\/\" title=\"\">COMPRESSORES, SOPRADORES E BOMBAS V\u00c1CUO<\/a><\/strong><br><a href=\"https:\/\/klinger.pt\/compresors\/compressores-sopradores-e-bombas-vacuo-de-deslocamento-positivo\/\" title=\"\ufffc\"><img decoding=\"async\" class=\"wp-image-2704\" style=\"width: 18px;\" src=\"https:\/\/www.klinger.es\/wp-content\/uploads\/2019\/11\/icon-arrow-blue-double.png\" alt=\"\"><\/a><\/td><\/tr><\/tbody><\/table><\/figure>\n<\/div>\n\n\n\n<div class=\"wp-block-column is-layout-flow wp-block-column-is-layout-flow\">\n<figure class=\"wp-block-table\"><table><tbody><tr><td><img loading=\"lazy\" decoding=\"async\" width=\"270\" height=\"270\" class=\"wp-image-36692\" style=\"width: 270px;\" src=\"https:\/\/klinger.pt\/wp-content\/uploads\/2023\/02\/Difusores.webp\" alt=\"\" srcset=\"https:\/\/klinger.pt\/wp-content\/uploads\/2023\/02\/Difusores.webp 252w, https:\/\/klinger.pt\/wp-content\/uploads\/2023\/02\/Difusores-150x150.webp 150w\" sizes=\"(max-width: 270px) 100vw, 270px\" \/><\/td><td><a href=\"https:\/\/klinger.pt\/water-solutions\/discos-e-tubos-difusores\/\" title=\"\"><strong>DISCOS E TUBOS DIFUSORES<\/strong><br><\/a><a href=\"https:\/\/klinger.pt\/water-solutions\/discos-e-tubos-difusores\/\" title=\"\ufffc\"><img decoding=\"async\" class=\"wp-image-2704\" style=\"width: 18px;\" src=\"https:\/\/www.klinger.es\/wp-content\/uploads\/2019\/11\/icon-arrow-blue-double.png\" alt=\"\"><\/a><\/td><\/tr><\/tbody><\/table><\/figure>\n<\/div>\n<\/div>\n","protected":false},"excerpt":{"rendered":"<p>\u00c1GUAS RESIDUAIS MUNICIPAIS GRADES AUTOM\u00c1TICAS TAMISADORES EQUIPAMENTOS COMPACTOS PONTES RASPADORAS TRATAMENTO BIOL\u00d3GICO PREPARADORES DE POL\u00cdMERO COMPRESSORES, SOPRADORES E BOMBAS V\u00c1CUO DISCOS E TUBOS DIFUSORES<\/p>\n","protected":false},"author":1,"featured_media":9888,"parent":0,"menu_order":0,"comment_status":"closed","ping_status":"closed","template":"page-templates\/secciones-principales.php","meta":{"_eb_attr":"","footnotes":""},"class_list":["post-16322","page","type-page","status-publish","has-post-thumbnail","hentry"],"aioseo_notices":[],"_links":{"self":[{"href":"https:\/\/klinger.pt\/es\/wp-json\/wp\/v2\/pages\/16322","targetHints":{"allow":["GET"]}}],"collection":[{"href":"https:\/\/klinger.pt\/es\/wp-json\/wp\/v2\/pages"}],"about":[{"href":"https:\/\/klinger.pt\/es\/wp-json\/wp\/v2\/types\/page"}],"author":[{"embeddable":true,"href":"https:\/\/klinger.pt\/es\/wp-json\/wp\/v2\/users\/1"}],"replies":[{"embeddable":true,"href":"https:\/\/klinger.pt\/es\/wp-json\/wp\/v2\/comments?post=16322"}],"version-history":[{"count":16,"href":"https:\/\/klinger.pt\/es\/wp-json\/wp\/v2\/pages\/16322\/revisions"}],"predecessor-version":[{"id":43503,"href":"https:\/\/klinger.pt\/es\/wp-json\/wp\/v2\/pages\/16322\/revisions\/43503"}],"wp:featuredmedia":[{"embeddable":true,"href":"https:\/\/klinger.pt\/es\/wp-json\/wp\/v2\/media\/9888"}],"wp:attachment":[{"href":"https:\/\/klinger.pt\/es\/wp-json\/wp\/v2\/media?parent=16322"}],"curies":[{"name":"wp","href":"https:\/\/api.w.org\/{rel}","templated":true}]}}