{"id":16283,"date":"2022-06-07T11:43:59","date_gmt":"2022-06-07T10:43:59","guid":{"rendered":"https:\/\/m5j0n6nk9p.onrocket.site\/?page_id=16283"},"modified":"2023-02-27T09:27:38","modified_gmt":"2023-02-27T09:27:38","slug":"industrias","status":"publish","type":"page","link":"https:\/\/klinger.pt\/es\/industrias\/","title":{"rendered":"IND\u00daSTRIAS"},"content":{"rendered":"\n<h1 class=\"has-large-font-size wp-block-heading\">IND\u00daSTRIAS<\/h1>\n\n\n\n<div style=\"height:50px\" aria-hidden=\"true\" class=\"wp-block-spacer\"><\/div>\n\n\n\n<div class=\"wp-block-columns has-2-columns is-layout-flex wp-container-core-columns-is-layout-9d6595d7 wp-block-columns-is-layout-flex\">\n<div class=\"wp-block-column is-layout-flow wp-block-column-is-layout-flow\">\n<figure class=\"wp-block-table\"><table><tbody><tr><td><img fetchpriority=\"high\" decoding=\"async\" width=\"270\" height=\"231\" class=\"wp-image-16284\" style=\"width: 270px;\" src=\"https:\/\/klinger.pt\/wp-content\/uploads\/2022\/06\/1.png\" alt=\"\"><\/td><td><strong>IND\u00daSTRIA <\/strong><br>A produ\u00e7\u00e3o cont\u00ednua \u00e9 um fator chave de sucesso na ind\u00fastria de transforma\u00e7\u00e3o. Os nossos produtos revolucion\u00e1rios e de alta qualidade em tecnologia de veda\u00e7\u00e3o reduzem drasticamente o risco de paragens indesejadas.<br><\/td><\/tr><\/tbody><\/table><\/figure>\n<\/div>\n\n\n\n<div class=\"wp-block-column is-layout-flow wp-block-column-is-layout-flow\">\n<figure class=\"wp-block-table\"><table><tbody><tr><td><img decoding=\"async\" width=\"270\" height=\"231\" class=\"wp-image-16285\" style=\"width: 270px;\" src=\"https:\/\/klinger.pt\/wp-content\/uploads\/2022\/06\/2.png\" alt=\"\"><\/td><td><strong>QU\u00cdMICA<\/strong><br>A tecnologia de veda\u00e7\u00e3o da KLINGER atende aos altos requisitos da ind\u00fastria qu\u00edmica e petroqu\u00edmica. O nosso foco \u00e9 garantir a seguran\u00e7a da planta e do meio ambiente, fornecendo produtos dur\u00e1veis e de alta qualidade. <br><\/td><\/tr><\/tbody><\/table><\/figure>\n<\/div>\n<\/div>\n\n\n\n<div class=\"wp-block-columns is-layout-flex wp-container-core-columns-is-layout-9d6595d7 wp-block-columns-is-layout-flex\">\n<div class=\"wp-block-column is-layout-flow wp-block-column-is-layout-flow\">\n<figure class=\"wp-block-table\"><table><tbody><tr><td><img decoding=\"async\" width=\"270\" height=\"231\" class=\"wp-image-16286\" style=\"width: 270px;\" src=\"https:\/\/klinger.pt\/wp-content\/uploads\/2022\/06\/3.png\" alt=\"\"><\/td><td><strong>PETR\u00d3LEO E G\u00c1S<\/strong><br>Os requisitos da ind\u00fastria de petr\u00f3leo e g\u00e1s em rela\u00e7\u00e3o \u00e0s solu\u00e7\u00f5es de tecnologia de veda\u00e7\u00e3o s\u00e3o diversos e extremamente exigentes. Somos a primeira escolha em termos de seguran\u00e7a e confian\u00e7a, fornecendo o melhor produto para cada aplica\u00e7\u00e3o.<br><\/td><\/tr><\/tbody><\/table><\/figure>\n<\/div>\n\n\n\n<div class=\"wp-block-column is-layout-flow wp-block-column-is-layout-flow\">\n<figure class=\"wp-block-table\"><table><tbody><tr><td><img loading=\"lazy\" decoding=\"async\" width=\"270\" height=\"231\" class=\"wp-image-16287\" style=\"width: 270px;\" src=\"https:\/\/klinger.pt\/wp-content\/uploads\/2022\/06\/4.png\" alt=\"\"><\/td><td><strong>TRATAMENTO DE \u00c1GUAS<br><\/strong>A nossa equipa com know-how no sector de tratamento de \u00e1gua residual e pot\u00e1vel, disponibiliza solu\u00e7\u00f5es para aplica\u00e7\u00f5es em controlo de flu\u00eddos, veda\u00e7\u00e3o, sistemas de dosagem, bombagem, instrumenta\u00e7\u00e3o anal\u00edtica e de medida, pr\u00e9-tratamento, arejamento, filtra\u00e7\u00e3o e desinfe\u00e7\u00e3o UV.<br><\/td><\/tr><\/tbody><\/table><\/figure>\n<\/div>\n<\/div>\n\n\n\n<div class=\"wp-block-columns is-layout-flex wp-container-core-columns-is-layout-9d6595d7 wp-block-columns-is-layout-flex\">\n<div class=\"wp-block-column is-layout-flow wp-block-column-is-layout-flow\">\n<figure class=\"wp-block-table\"><table><tbody><tr><td><img loading=\"lazy\" decoding=\"async\" width=\"270\" height=\"231\" class=\"wp-image-16288\" style=\"width: 270px;\" src=\"https:\/\/klinger.pt\/wp-content\/uploads\/2022\/06\/5.png\" alt=\"\"><\/td><td><strong>ENERGIA<\/strong><br>Produtos de tecnologia de veda\u00e7\u00e3o de alta qualidade s\u00e3o essenciais para a seguran\u00e7a do processo no setor de energia. A KLINGER oferece uma ampla gama de solu\u00e7\u00f5es seguras e confi\u00e1veis para ciclos de energia combinados, e\u00f3lica, solar, hidrel\u00e9trica, nuclear e t\u00e9rmica.<br><\/td><\/tr><\/tbody><\/table><\/figure>\n<\/div>\n\n\n\n<div class=\"wp-block-column is-layout-flow wp-block-column-is-layout-flow\">\n<figure class=\"wp-block-table\"><table><tbody><tr><td><img loading=\"lazy\" decoding=\"async\" width=\"270\" height=\"231\" class=\"wp-image-16289\" style=\"width: 270px;\" src=\"https:\/\/klinger.pt\/wp-content\/uploads\/2022\/06\/6.png\" alt=\"\"><\/td><td><strong>PAPEL E CELULOSE<\/strong><br>A KLINGER apoia significativamente a ind\u00fastria de celulose e papel na redu\u00e7\u00e3o de paragens e na preven\u00e7\u00e3o de emiss\u00f5es. Os nossos produtos de tecnologia de veda\u00e7\u00e3o representam processos otimizados e maior efici\u00eancia<br><\/td><\/tr><\/tbody><\/table><\/figure>\n<\/div>\n<\/div>\n\n\n\n<div class=\"wp-block-columns is-layout-flex wp-container-core-columns-is-layout-9d6595d7 wp-block-columns-is-layout-flex\">\n<div class=\"wp-block-column is-layout-flow wp-block-column-is-layout-flow\">\n<figure class=\"wp-block-table aligncenter\"><table><tbody><tr><td class=\"has-text-align-center\" data-align=\"center\"><img loading=\"lazy\" decoding=\"async\" width=\"270\" height=\"231\" class=\"wp-image-35731\" style=\"width: 270px;\" src=\"https:\/\/klinger.pt\/wp-content\/uploads\/2023\/01\/mineracao.png\" alt=\"\" srcset=\"https:\/\/klinger.pt\/wp-content\/uploads\/2023\/01\/mineracao.png 925w, https:\/\/klinger.pt\/wp-content\/uploads\/2023\/01\/mineracao-300x257.png 300w, https:\/\/klinger.pt\/wp-content\/uploads\/2023\/01\/mineracao-768x657.png 768w\" sizes=\"(max-width: 270px) 100vw, 270px\" \/><\/td><td><strong>MINERA\u00c7\u00c3O<\/strong><br>Ind\u00fastria altamente exigente com produtos diversificados e que passa por servi\u00e7os severos e cr\u00edticos. Requer uma gama de itens de alta qualidade e variados que possam satisfazer as exig\u00eancias e regulamentos. Desde a produ\u00e7\u00e3o e extrac\u00e7\u00e3o at\u00e9 aos servi\u00e7os auxiliares, temos elementos de selagem e controlo de fluidos para cada necessidade.<br><\/td><\/tr><\/tbody><\/table><\/figure>\n<\/div>\n\n\n\n<div class=\"wp-block-column is-layout-flow wp-block-column-is-layout-flow\">\n<figure class=\"wp-block-table\"><table><tbody><tr><td><img loading=\"lazy\" decoding=\"async\" width=\"270\" height=\"231\" class=\"wp-image-16291\" style=\"width: 270px;\" src=\"https:\/\/klinger.pt\/wp-content\/uploads\/2022\/06\/8-1.png\" alt=\"\"><\/td><td><strong>FARMAC\u00caUTICA<\/strong><br>Limpeza e higiene s\u00e3o fatores n\u00e3o negoci\u00e1veis na ind\u00fastria farmac\u00eautica. Os nossos produtos est\u00e3o em total conformidade com os regulamentos rigorosos e exigentes do setor e destacam-se gra\u00e7as \u00e0 sua vida \u00fatil longa.<br><\/td><\/tr><\/tbody><\/table><\/figure>\n<\/div>\n<\/div>\n\n\n\n<div class=\"wp-block-columns has-2-columns is-layout-flex wp-container-core-columns-is-layout-9d6595d7 wp-block-columns-is-layout-flex\">\n<div class=\"wp-block-column is-layout-flow wp-block-column-is-layout-flow\">\n<figure class=\"wp-block-table aligncenter\"><table><tbody><tr><td><img loading=\"lazy\" decoding=\"async\" width=\"270\" height=\"231\" class=\"wp-image-16292\" style=\"width: 270px;\" src=\"https:\/\/klinger.pt\/wp-content\/uploads\/2022\/06\/9-1.png\" alt=\"\"><\/td><td><strong>ALIMENTA\u00c7\u00c3O<\/strong><br>A KLINGER est\u00e1 em total conformidade com os requisitos e restri\u00e7\u00f5es especificados da ind\u00fastria de alimentos e bebidas. Oferecemos solu\u00e7\u00f5es seguras e confi\u00e1veis para todas as aplica\u00e7\u00f5es.<br><\/td><\/tr><\/tbody><\/table><\/figure>\n<\/div>\n\n\n\n<div class=\"wp-block-column is-layout-flow wp-block-column-is-layout-flow\">\n<figure class=\"wp-block-table\"><table><tbody><tr><td><img loading=\"lazy\" decoding=\"async\" width=\"270\" height=\"231\" class=\"wp-image-16290\" style=\"width: 270px;\" src=\"https:\/\/klinger.pt\/wp-content\/uploads\/2022\/06\/7-1.png\" alt=\"\"><\/td><td><strong>TRANSPORTE<\/strong><br>O setor de transporte beneficia dos nossos produtos inovadores de alta qualidade e vida \u00fatil longa. Fornecemos solu\u00e7\u00f5es t\u00e9cnicas e produtos certificados que tamb\u00e9m podem operar totalmente sob condi\u00e7\u00f5es extremas.<br><\/td><\/tr><\/tbody><\/table><\/figure>\n<\/div>\n<\/div>\n","protected":false},"excerpt":{"rendered":"<p>IND\u00daSTRIAS IND\u00daSTRIA A produ\u00e7\u00e3o cont\u00ednua \u00e9 um fator chave de sucesso na ind\u00fastria de transforma\u00e7\u00e3o. Os nossos produtos revolucion\u00e1rios e de alta qualidade em tecnologia de veda\u00e7\u00e3o reduzem drasticamente o risco de paragens indesejadas. QU\u00cdMICAA tecnologia de veda\u00e7\u00e3o da KLINGER atende aos altos requisitos da ind\u00fastria qu\u00edmica e petroqu\u00edmica. O nosso foco \u00e9 garantir a [&hellip;]<\/p>\n","protected":false},"author":1,"featured_media":16293,"parent":0,"menu_order":0,"comment_status":"closed","ping_status":"closed","template":"page-templates\/secciones-principales.php","meta":{"_eb_attr":"","footnotes":""},"class_list":["post-16283","page","type-page","status-publish","has-post-thumbnail","hentry"],"aioseo_notices":[],"_links":{"self":[{"href":"https:\/\/klinger.pt\/es\/wp-json\/wp\/v2\/pages\/16283","targetHints":{"allow":["GET"]}}],"collection":[{"href":"https:\/\/klinger.pt\/es\/wp-json\/wp\/v2\/pages"}],"about":[{"href":"https:\/\/klinger.pt\/es\/wp-json\/wp\/v2\/types\/page"}],"author":[{"embeddable":true,"href":"https:\/\/klinger.pt\/es\/wp-json\/wp\/v2\/users\/1"}],"replies":[{"embeddable":true,"href":"https:\/\/klinger.pt\/es\/wp-json\/wp\/v2\/comments?post=16283"}],"version-history":[{"count":9,"href":"https:\/\/klinger.pt\/es\/wp-json\/wp\/v2\/pages\/16283\/revisions"}],"predecessor-version":[{"id":38281,"href":"https:\/\/klinger.pt\/es\/wp-json\/wp\/v2\/pages\/16283\/revisions\/38281"}],"wp:featuredmedia":[{"embeddable":true,"href":"https:\/\/klinger.pt\/es\/wp-json\/wp\/v2\/media\/16293"}],"wp:attachment":[{"href":"https:\/\/klinger.pt\/es\/wp-json\/wp\/v2\/media?parent=16283"}],"curies":[{"name":"wp","href":"https:\/\/api.w.org\/{rel}","templated":true}]}}