{"id":16266,"date":"2022-06-06T13:22:25","date_gmt":"2022-06-06T12:22:25","guid":{"rendered":"https:\/\/m5j0n6nk9p.onrocket.site\/?page_id=16266"},"modified":"2023-09-05T15:58:40","modified_gmt":"2023-09-05T14:58:40","slug":"produtos","status":"publish","type":"page","link":"https:\/\/klinger.pt\/es\/produtos\/","title":{"rendered":"PRODUTOS"},"content":{"rendered":"\n<h1 class=\"wp-block-heading\">INDUSTRIAL SOLUTIONS<\/h1>\n\n\n\n<p>A KLINGER Portugal \u00e9, nos dias de hoje, uma empresa de refer\u00eancia no setor industrial. Somos reconhecidos como o parceiro de confian\u00e7a para veda\u00e7\u00e3o global e solu\u00e7\u00f5es de controlo e tratamento de fluidos. Nossa linha de produtos exclusiva oferece solu\u00e7\u00f5es diversificadas para casos \u00fanicos: v\u00e1lvulas, bombas e agita\u00e7\u00e3o, veda\u00e7\u00e3o, instrumenta\u00e7\u00e3o e outros equipamentos t\u00e9cnicos.<br>Trabalhamos sob a certifica\u00e7\u00e3o ISO 9001 para salvaguardar os n\u00edveis de exig\u00eancia dos nossos clientes, sendo a nossa prioridade manter a qualidade dos nossos servi\u00e7os.<\/p>\n\n\n\n<div class=\"wp-block-columns is-layout-flex wp-container-core-columns-is-layout-9d6595d7 wp-block-columns-is-layout-flex\">\n<div class=\"wp-block-column is-layout-flow wp-block-column-is-layout-flow\">\n<figure class=\"wp-block-table\"><table><tbody><tr><td><img fetchpriority=\"high\" decoding=\"async\" width=\"270\" height=\"281\" class=\"wp-image-42712\" style=\"width: 270px;\" src=\"https:\/\/klinger.pt\/wp-content\/uploads\/2023\/05\/categoria-valvulas-2.png\" alt=\"\" srcset=\"https:\/\/klinger.pt\/wp-content\/uploads\/2023\/05\/categoria-valvulas-2.png 460w, https:\/\/klinger.pt\/wp-content\/uploads\/2023\/05\/categoria-valvulas-2-289x300.png 289w\" sizes=\"(max-width: 270px) 100vw, 270px\" \/><\/td><td><a href=\"https:\/\/klinger.pt\/produtos\/valvulas\/\"><strong>V\u00c1LVULAS<\/strong><\/a><br><a href=\"https:\/\/klinger.pt\/produtos\/valvulas\/\"><img decoding=\"async\" width=\"18\" height=\"18\" class=\"wp-image-16262\" style=\"width: 18px;\" src=\"https:\/\/klinger.pt\/wp-content\/uploads\/2022\/06\/icon-arrow-blue-double.png\" alt=\"\"><\/a><\/td><\/tr><\/tbody><\/table><\/figure>\n<\/div>\n\n\n\n<div class=\"wp-block-column is-layout-flow wp-block-column-is-layout-flow\">\n<figure class=\"wp-block-table\"><table><tbody><tr><td><img decoding=\"async\" width=\"270\" height=\"281\" class=\"wp-image-42710\" style=\"width: 270px;\" src=\"https:\/\/klinger.pt\/wp-content\/uploads\/2023\/05\/categoria-bombas-2.png\" alt=\"\" srcset=\"https:\/\/klinger.pt\/wp-content\/uploads\/2023\/05\/categoria-bombas-2.png 460w, https:\/\/klinger.pt\/wp-content\/uploads\/2023\/05\/categoria-bombas-2-289x300.png 289w\" sizes=\"(max-width: 270px) 100vw, 270px\" \/><\/td><td><strong><a href=\"https:\/\/klinger.pt\/produtos\/bombas-e-agitacao\/\" title=\"\">BOMBAS &amp; AGITA\u00c7\u00c3O<\/a><\/strong><br><br><a href=\"https:\/\/klinger.pt\/produtos\/bombas-e-agitacao\/\" title=\"\ufffc\"><img decoding=\"async\" class=\"wp-image-2704\" style=\"width: 18px;\" src=\"https:\/\/www.klinger.es\/wp-content\/uploads\/2019\/11\/icon-arrow-blue-double.png\" alt=\"\"><\/a><br><a href=\"https:\/\/klinger.pt\/category\/instrumentacao\/\"><\/a><\/td><\/tr><\/tbody><\/table><\/figure>\n<\/div>\n<\/div>\n\n\n\n<div class=\"wp-block-columns is-layout-flex wp-container-core-columns-is-layout-9d6595d7 wp-block-columns-is-layout-flex\">\n<div class=\"wp-block-column is-layout-flow wp-block-column-is-layout-flow\">\n<figure class=\"wp-block-table\"><table><tbody><tr><td><img loading=\"lazy\" decoding=\"async\" width=\"270\" height=\"281\" class=\"wp-image-42714\" style=\"width: 270px;\" src=\"https:\/\/klinger.pt\/wp-content\/uploads\/2023\/05\/categoria-Vedacao-2.png\" alt=\"\" srcset=\"https:\/\/klinger.pt\/wp-content\/uploads\/2023\/05\/categoria-Vedacao-2.png 460w, https:\/\/klinger.pt\/wp-content\/uploads\/2023\/05\/categoria-Vedacao-2-289x300.png 289w\" sizes=\"(max-width: 270px) 100vw, 270px\" \/><\/td><td><a href=\"https:\/\/klinger.pt\/produtos\/vedacao\/\" title=\"\"><strong>VEDA\u00c7\u00c3O<\/strong><\/a><br><a href=\"https:\/\/klinger.pt\/produtos\/vedacao\/\" title=\"\ufffc\"><img decoding=\"async\" width=\"18\" height=\"18\" class=\"wp-image-16262\" style=\"width: 18px;\" src=\"https:\/\/klinger.pt\/wp-content\/uploads\/2022\/06\/icon-arrow-blue-double.png\" alt=\"\"><\/a><\/td><\/tr><\/tbody><\/table><\/figure>\n<\/div>\n\n\n\n<div class=\"wp-block-column is-layout-flow wp-block-column-is-layout-flow\">\n<figure class=\"wp-block-table\"><table><tbody><tr><td><img loading=\"lazy\" decoding=\"async\" width=\"270\" height=\"272\" class=\"wp-image-42716\" style=\"width: 270px;\" src=\"https:\/\/klinger.pt\/wp-content\/uploads\/2023\/05\/conj-instrumentacao-1.png\" alt=\"\" srcset=\"https:\/\/klinger.pt\/wp-content\/uploads\/2023\/05\/conj-instrumentacao-1.png 347w, https:\/\/klinger.pt\/wp-content\/uploads\/2023\/05\/conj-instrumentacao-1-298x300.png 298w, https:\/\/klinger.pt\/wp-content\/uploads\/2023\/05\/conj-instrumentacao-1-150x150.png 150w\" sizes=\"(max-width: 270px) 100vw, 270px\" \/><\/td><td><a href=\"https:\/\/klinger.pt\/produtos\/instrumentacao\/\" title=\"\"><strong>INSTRUMENTA\u00c7\u00c3O<\/strong><br><\/a><br><a href=\"https:\/\/klinger.pt\/produtos\/instrumentacao\/\" title=\"\ufffc\"><img decoding=\"async\" width=\"18\" height=\"18\" class=\"wp-image-16262\" style=\"width: 18px;\" src=\"https:\/\/klinger.pt\/wp-content\/uploads\/2022\/06\/icon-arrow-blue-double.png\" alt=\"\"><\/a><\/td><\/tr><\/tbody><\/table><\/figure>\n<\/div>\n<\/div>\n\n\n\n<div class=\"wp-block-columns is-layout-flex wp-container-core-columns-is-layout-9d6595d7 wp-block-columns-is-layout-flex\">\n<div class=\"wp-block-column is-layout-flow wp-block-column-is-layout-flow\">\n<figure class=\"wp-block-table\"><table><tbody><tr><td><img loading=\"lazy\" decoding=\"async\" width=\"270\" height=\"270\" class=\"wp-image-42718\" style=\"width: 270px;\" src=\"https:\/\/klinger.pt\/wp-content\/uploads\/2023\/05\/Outros-equipamentos-mini-1.webp\" alt=\"\" srcset=\"https:\/\/klinger.pt\/wp-content\/uploads\/2023\/05\/Outros-equipamentos-mini-1.webp 270w, https:\/\/klinger.pt\/wp-content\/uploads\/2023\/05\/Outros-equipamentos-mini-1-150x150.webp 150w\" sizes=\"(max-width: 270px) 100vw, 270px\" \/><\/td><td><strong><a href=\"https:\/\/klinger.pt\/produtos\/outros-equipamentos-tecnicos\/\" title=\"\">OUTROS EQUIPAMENTOS T\u00c9CNICOS<\/a><\/strong><br><br><a href=\"https:\/\/klinger.pt\/produtos\/outros-equipamentos-tecnicos\/\" title=\"\ufffc\"><img decoding=\"async\" width=\"18\" height=\"18\" class=\"wp-image-16262\" style=\"width: 18px;\" src=\"https:\/\/klinger.pt\/wp-content\/uploads\/2022\/06\/icon-arrow-blue-double.png\" alt=\"\"><\/a><br><a data-type=\"page\" data-id=\"16322\" href=\"https:\/\/klinger.pt\/water-solutions\/\"><\/a><\/td><\/tr><\/tbody><\/table><\/figure>\n<\/div>\n\n\n\n<div class=\"wp-block-column transparente is-layout-flow wp-block-column-is-layout-flow\"><\/div>\n<\/div>\n","protected":false},"excerpt":{"rendered":"<p>INDUSTRIAL SOLUTIONS A KLINGER Portugal \u00e9, nos dias de hoje, uma empresa de refer\u00eancia no setor industrial. Somos reconhecidos como o parceiro de confian\u00e7a para veda\u00e7\u00e3o global e solu\u00e7\u00f5es de controlo e tratamento de fluidos. Nossa linha de produtos exclusiva oferece solu\u00e7\u00f5es diversificadas para casos \u00fanicos: v\u00e1lvulas, bombas e agita\u00e7\u00e3o, veda\u00e7\u00e3o, instrumenta\u00e7\u00e3o e outros equipamentos [&hellip;]<\/p>\n","protected":false},"author":1,"featured_media":16265,"parent":0,"menu_order":0,"comment_status":"closed","ping_status":"closed","template":"page-templates\/secciones-principales.php","meta":{"_eb_attr":"","footnotes":""},"class_list":["post-16266","page","type-page","status-publish","has-post-thumbnail","hentry"],"aioseo_notices":[],"_links":{"self":[{"href":"https:\/\/klinger.pt\/es\/wp-json\/wp\/v2\/pages\/16266","targetHints":{"allow":["GET"]}}],"collection":[{"href":"https:\/\/klinger.pt\/es\/wp-json\/wp\/v2\/pages"}],"about":[{"href":"https:\/\/klinger.pt\/es\/wp-json\/wp\/v2\/types\/page"}],"author":[{"embeddable":true,"href":"https:\/\/klinger.pt\/es\/wp-json\/wp\/v2\/users\/1"}],"replies":[{"embeddable":true,"href":"https:\/\/klinger.pt\/es\/wp-json\/wp\/v2\/comments?post=16266"}],"version-history":[{"count":27,"href":"https:\/\/klinger.pt\/es\/wp-json\/wp\/v2\/pages\/16266\/revisions"}],"predecessor-version":[{"id":45329,"href":"https:\/\/klinger.pt\/es\/wp-json\/wp\/v2\/pages\/16266\/revisions\/45329"}],"wp:featuredmedia":[{"embeddable":true,"href":"https:\/\/klinger.pt\/es\/wp-json\/wp\/v2\/media\/16265"}],"wp:attachment":[{"href":"https:\/\/klinger.pt\/es\/wp-json\/wp\/v2\/media?parent=16266"}],"curies":[{"name":"wp","href":"https:\/\/api.w.org\/{rel}","templated":true}]}}