{"id":16248,"date":"2022-06-06T11:38:10","date_gmt":"2022-06-06T10:38:10","guid":{"rendered":"https:\/\/m5j0n6nk9p.onrocket.site\/?page_id=16248"},"modified":"2023-10-10T08:18:17","modified_gmt":"2023-10-10T07:18:17","slug":"sobre-nos-2","status":"publish","type":"page","link":"https:\/\/klinger.pt\/es\/sobre-nos-2\/","title":{"rendered":"SOBRE N\u00d3S"},"content":{"rendered":"\n<h1 class=\"wp-block-heading\">SOBRE N\u00d3S<\/h1>\n\n\n\n<div class=\"wp-block-columns is-layout-flex wp-container-core-columns-is-layout-9d6595d7 wp-block-columns-is-layout-flex\">\n<div class=\"wp-block-column is-layout-flow wp-block-column-is-layout-flow\">\n<figure class=\"wp-block-table\"><table><tbody><tr><td><a href=\"https:\/\/klinger.pt\/historia-klinger-portugal\/\" data-type=\"page\" data-id=\"12454\"><img fetchpriority=\"high\" decoding=\"async\" width=\"270\" height=\"270\" class=\"wp-image-16250\" style=\"width: 270px;\" src=\"https:\/\/klinger.pt\/wp-content\/uploads\/2022\/06\/2019-copy-e1654513985739.webp\" alt=\"\" srcset=\"https:\/\/klinger.pt\/wp-content\/uploads\/2022\/06\/2019-copy-e1654513985739.webp 300w, https:\/\/klinger.pt\/wp-content\/uploads\/2022\/06\/2019-copy-e1654513985739-150x150.webp 150w\" sizes=\"(max-width: 270px) 100vw, 270px\" \/><\/a><\/td><td><a href=\"https:\/\/klinger.pt\/historia-klinger-portugal\/\" data-type=\"page\" data-id=\"12454\"><strong>KLINGER PORTUGAL<\/strong><br>HIST\u00d3RIA 1993 Atrav\u00e9s da sua filial em Espanha SAIDI, KLINGER inicia a sua atividade em Portugal com a denomina\u00e7\u00e3o SAIDILUSA L&#8230;<\/a><br><br><a href=\"https:\/\/klinger.pt\/historia-klinger-portugal\/\" data-type=\"page\" data-id=\"12454\"><img decoding=\"async\" width=\"18\" height=\"18\" class=\"wp-image-16262\" style=\"width: 18px;\" src=\"https:\/\/klinger.pt\/wp-content\/uploads\/2022\/06\/icon-arrow-blue-double.png\" alt=\"\"><\/a><\/td><\/tr><\/tbody><\/table><\/figure>\n<\/div>\n\n\n\n<div class=\"wp-block-column is-layout-flow wp-block-column-is-layout-flow\">\n<figure class=\"wp-block-table\"><table><tbody><tr><td><a href=\"https:\/\/klinger.pt\/grupo-klinger\/\" data-type=\"page\" data-id=\"12522\"><img decoding=\"async\" width=\"270\" height=\"270\" class=\"wp-image-16258\" style=\"width: 270px;\" src=\"https:\/\/klinger.pt\/wp-content\/uploads\/2022\/06\/Header-KLINGER-Holding-1c9e5677-1-e1654513927389.webp\" alt=\"\" srcset=\"https:\/\/klinger.pt\/wp-content\/uploads\/2022\/06\/Header-KLINGER-Holding-1c9e5677-1-e1654513927389.webp 332w, https:\/\/klinger.pt\/wp-content\/uploads\/2022\/06\/Header-KLINGER-Holding-1c9e5677-1-e1654513927389-300x300.webp 300w, https:\/\/klinger.pt\/wp-content\/uploads\/2022\/06\/Header-KLINGER-Holding-1c9e5677-1-e1654513927389-150x150.webp 150w\" sizes=\"(max-width: 270px) 100vw, 270px\" \/><\/a><\/td><td><a href=\"https:\/\/klinger.pt\/sobre-nos-2\/historia-do-grupo-klinger\/\" title=\"\"><strong>GRUPO KLINGER<\/strong><br>HIST\u00d3RIA DO GRUPO KLINGER Pioneira na tecnologia de veda\u00e7\u00f5es, a KLINGER \u00e9 hoje o principal fornecedor mundial de veda\u00e7\u00f5es e v\u00e1lvu&#8230;<\/a><br><br><a data-type=\"page\" data-id=\"12522\" href=\"https:\/\/klinger.pt\/grupo-klinger\/\"><img decoding=\"async\" width=\"18\" height=\"18\" class=\"wp-image-16262\" style=\"width: 18px;\" src=\"https:\/\/klinger.pt\/wp-content\/uploads\/2022\/06\/icon-arrow-blue-double.png\" alt=\"\"><\/a><\/td><\/tr><\/tbody><\/table><\/figure>\n<\/div>\n<\/div>\n","protected":false},"excerpt":{"rendered":"<p>SOBRE N\u00d3S KLINGER PORTUGALHIST\u00d3RIA 1993 Atrav\u00e9s da sua filial em Espanha SAIDI, KLINGER inicia a sua atividade em Portugal com a denomina\u00e7\u00e3o SAIDILUSA L&#8230; GRUPO KLINGERHIST\u00d3RIA DO GRUPO KLINGER Pioneira na tecnologia de veda\u00e7\u00f5es, a KLINGER \u00e9 hoje o principal fornecedor mundial de veda\u00e7\u00f5es e v\u00e1lvu&#8230;<\/p>\n","protected":false},"author":1,"featured_media":16249,"parent":0,"menu_order":0,"comment_status":"closed","ping_status":"closed","template":"page-templates\/secciones-principales.php","meta":{"_eb_attr":"","footnotes":""},"class_list":["post-16248","page","type-page","status-publish","has-post-thumbnail","hentry"],"aioseo_notices":[],"_links":{"self":[{"href":"https:\/\/klinger.pt\/es\/wp-json\/wp\/v2\/pages\/16248","targetHints":{"allow":["GET"]}}],"collection":[{"href":"https:\/\/klinger.pt\/es\/wp-json\/wp\/v2\/pages"}],"about":[{"href":"https:\/\/klinger.pt\/es\/wp-json\/wp\/v2\/types\/page"}],"author":[{"embeddable":true,"href":"https:\/\/klinger.pt\/es\/wp-json\/wp\/v2\/users\/1"}],"replies":[{"embeddable":true,"href":"https:\/\/klinger.pt\/es\/wp-json\/wp\/v2\/comments?post=16248"}],"version-history":[{"count":4,"href":"https:\/\/klinger.pt\/es\/wp-json\/wp\/v2\/pages\/16248\/revisions"}],"predecessor-version":[{"id":45346,"href":"https:\/\/klinger.pt\/es\/wp-json\/wp\/v2\/pages\/16248\/revisions\/45346"}],"wp:featuredmedia":[{"embeddable":true,"href":"https:\/\/klinger.pt\/es\/wp-json\/wp\/v2\/media\/16249"}],"wp:attachment":[{"href":"https:\/\/klinger.pt\/es\/wp-json\/wp\/v2\/media?parent=16248"}],"curies":[{"name":"wp","href":"https:\/\/api.w.org\/{rel}","templated":true}]}}