{"id":15630,"date":"2022-04-26T20:32:37","date_gmt":"2022-04-26T19:32:37","guid":{"rendered":"https:\/\/m5j0n6nk9p.onrocket.site\/?p=15630"},"modified":"2023-02-28T11:09:47","modified_gmt":"2023-02-28T11:09:47","slug":"serie-tg-trituradores","status":"publish","type":"page","link":"https:\/\/klinger.pt\/es\/produtos\/bombas-e-agitacao\/bombas\/bombas-de-cavidade-progressiva\/serie-tg-trituradores\/","title":{"rendered":"S\u00c9RIE TG TRITURADORES"},"content":{"rendered":"\t\t<div data-elementor-type=\"wp-post\" data-elementor-id=\"15630\" class=\"elementor elementor-15630\">\n\t\t\t\t\t\t<section class=\"elementor-section elementor-top-section elementor-element elementor-element-f5799c8 elementor-section-boxed elementor-section-height-default elementor-section-height-default\" data-id=\"f5799c8\" data-element_type=\"section\" data-e-type=\"section\">\n\t\t\t\t\t\t<div class=\"elementor-container elementor-column-gap-default\">\n\t\t\t\t\t<div class=\"elementor-column elementor-col-100 elementor-top-column elementor-element elementor-element-b76541b\" data-id=\"b76541b\" data-element_type=\"column\" data-e-type=\"column\">\n\t\t\t<div class=\"elementor-widget-wrap elementor-element-populated\">\n\t\t\t\t\t\t<div class=\"elementor-element elementor-element-a77bf5c elementor-widget elementor-widget-breadcrumbs\" data-id=\"a77bf5c\" data-element_type=\"widget\" data-e-type=\"widget\" data-widget_type=\"breadcrumbs.default\">\n\t\t\t\t<div class=\"elementor-widget-container\">\n\t\t\t\t\t \t\t\t\t<\/div>\n\t\t\t\t<\/div>\n\t\t\t\t\t<\/div>\n\t\t<\/div>\n\t\t\t\t\t<\/div>\n\t\t<\/section>\n\t\t\t\t<section class=\"elementor-section elementor-top-section elementor-element elementor-element-38060d9 elementor-section-stretched elementor-section-boxed elementor-section-height-default elementor-section-height-default\" data-id=\"38060d9\" data-element_type=\"section\" data-e-type=\"section\" data-settings=\"{&quot;stretch_section&quot;:&quot;section-stretched&quot;}\">\n\t\t\t\t\t\t<div class=\"elementor-container elementor-column-gap-no\">\n\t\t\t\t\t<div class=\"elementor-column elementor-col-33 elementor-top-column elementor-element elementor-element-0d78c68\" data-id=\"0d78c68\" data-element_type=\"column\" data-e-type=\"column\">\n\t\t\t<div class=\"elementor-widget-wrap elementor-element-populated\">\n\t\t\t\t\t\t<div class=\"elementor-element elementor-element-8cf5bd7 elementor-widget elementor-widget-image\" data-id=\"8cf5bd7\" data-element_type=\"widget\" data-e-type=\"widget\" data-widget_type=\"image.default\">\n\t\t\t\t<div class=\"elementor-widget-container\">\n\t\t\t\t\t\t\t\t\t\t\t\t\t\t\t<img fetchpriority=\"high\" decoding=\"async\" width=\"500\" height=\"500\" src=\"https:\/\/klinger.pt\/wp-content\/uploads\/2022\/04\/TG-Grinder-500px-1.webp\" class=\"attachment-full size-full wp-image-15634\" alt=\"TG Grinder series\" srcset=\"https:\/\/klinger.pt\/wp-content\/uploads\/2022\/04\/TG-Grinder-500px-1.webp 500w, https:\/\/klinger.pt\/wp-content\/uploads\/2022\/04\/TG-Grinder-500px-1-300x300.webp 300w, https:\/\/klinger.pt\/wp-content\/uploads\/2022\/04\/TG-Grinder-500px-1-150x150.webp 150w\" sizes=\"(max-width: 500px) 100vw, 500px\" \/>\t\t\t\t\t\t\t\t\t\t\t\t\t\t\t<\/div>\n\t\t\t\t<\/div>\n\t\t\t\t<section class=\"elementor-section elementor-inner-section elementor-element elementor-element-e9ecab0 elementor-section-full_width elementor-section-height-default elementor-section-height-default\" data-id=\"e9ecab0\" data-element_type=\"section\" data-e-type=\"section\">\n\t\t\t\t\t\t<div class=\"elementor-container elementor-column-gap-default\">\n\t\t\t\t\t<div class=\"elementor-column elementor-col-33 elementor-inner-column elementor-element elementor-element-78fd0b8\" data-id=\"78fd0b8\" data-element_type=\"column\" data-e-type=\"column\">\n\t\t\t<div class=\"elementor-widget-wrap elementor-element-populated\">\n\t\t\t\t\t\t<div class=\"elementor-element elementor-element-2850017 elementor-widget elementor-widget-image\" data-id=\"2850017\" data-element_type=\"widget\" data-e-type=\"widget\" data-widget_type=\"image.default\">\n\t\t\t\t<div class=\"elementor-widget-container\">\n\t\t\t\t\t\t\t\t\t\t\t\t\t\t\t<img decoding=\"async\" width=\"300\" height=\"300\" src=\"https:\/\/klinger.pt\/wp-content\/uploads\/2022\/04\/TG-Grinder-galery2.webp\" class=\"elementor-animation-grow attachment-full size-full wp-image-15636\" alt=\"TG Grinder series\" srcset=\"https:\/\/klinger.pt\/wp-content\/uploads\/2022\/04\/TG-Grinder-galery2.webp 300w, https:\/\/klinger.pt\/wp-content\/uploads\/2022\/04\/TG-Grinder-galery2-150x150.webp 150w\" sizes=\"(max-width: 300px) 100vw, 300px\" \/>\t\t\t\t\t\t\t\t\t\t\t\t\t\t\t<\/div>\n\t\t\t\t<\/div>\n\t\t\t\t\t<\/div>\n\t\t<\/div>\n\t\t\t\t<div class=\"elementor-column elementor-col-33 elementor-inner-column elementor-element elementor-element-8f73c5b\" data-id=\"8f73c5b\" data-element_type=\"column\" data-e-type=\"column\">\n\t\t\t<div class=\"elementor-widget-wrap elementor-element-populated\">\n\t\t\t\t\t\t<div class=\"elementor-element elementor-element-99a23e7 elementor-widget elementor-widget-image\" data-id=\"99a23e7\" data-element_type=\"widget\" data-e-type=\"widget\" data-widget_type=\"image.default\">\n\t\t\t\t<div class=\"elementor-widget-container\">\n\t\t\t\t\t\t\t\t\t\t\t\t\t\t\t<img decoding=\"async\" width=\"300\" height=\"300\" src=\"https:\/\/klinger.pt\/wp-content\/uploads\/2022\/04\/TG-Grinder-galery1.webp\" class=\"elementor-animation-grow attachment-full size-full wp-image-15635\" alt=\"TG Grinder series\" srcset=\"https:\/\/klinger.pt\/wp-content\/uploads\/2022\/04\/TG-Grinder-galery1.webp 300w, https:\/\/klinger.pt\/wp-content\/uploads\/2022\/04\/TG-Grinder-galery1-150x150.webp 150w\" sizes=\"(max-width: 300px) 100vw, 300px\" \/>\t\t\t\t\t\t\t\t\t\t\t\t\t\t\t<\/div>\n\t\t\t\t<\/div>\n\t\t\t\t\t<\/div>\n\t\t<\/div>\n\t\t\t\t<div class=\"elementor-column elementor-col-33 elementor-inner-column elementor-element elementor-element-54344d3\" data-id=\"54344d3\" data-element_type=\"column\" data-e-type=\"column\">\n\t\t\t<div class=\"elementor-widget-wrap elementor-element-populated\">\n\t\t\t\t\t\t<div class=\"elementor-element elementor-element-54fb3d5 elementor-widget elementor-widget-image\" data-id=\"54fb3d5\" data-element_type=\"widget\" data-e-type=\"widget\" data-widget_type=\"image.default\">\n\t\t\t\t<div class=\"elementor-widget-container\">\n\t\t\t\t\t\t\t\t\t\t\t\t\t\t\t<img loading=\"lazy\" decoding=\"async\" width=\"300\" height=\"300\" src=\"https:\/\/klinger.pt\/wp-content\/uploads\/2022\/04\/TG-Grinder-galery3.webp\" class=\"elementor-animation-grow attachment-full size-full wp-image-15648\" alt=\"TG Grinder series\" srcset=\"https:\/\/klinger.pt\/wp-content\/uploads\/2022\/04\/TG-Grinder-galery3.webp 300w, https:\/\/klinger.pt\/wp-content\/uploads\/2022\/04\/TG-Grinder-galery3-150x150.webp 150w\" sizes=\"(max-width: 300px) 100vw, 300px\" \/>\t\t\t\t\t\t\t\t\t\t\t\t\t\t\t<\/div>\n\t\t\t\t<\/div>\n\t\t\t\t\t<\/div>\n\t\t<\/div>\n\t\t\t\t\t<\/div>\n\t\t<\/section>\n\t\t\t\t\t<\/div>\n\t\t<\/div>\n\t\t\t\t<div class=\"elementor-column elementor-col-33 elementor-top-column elementor-element elementor-element-e7f610c\" data-id=\"e7f610c\" data-element_type=\"column\" data-e-type=\"column\">\n\t\t\t<div class=\"elementor-widget-wrap elementor-element-populated\">\n\t\t\t\t\t\t<div class=\"elementor-element elementor-element-1b889ce elementor-widget elementor-widget-heading\" data-id=\"1b889ce\" data-element_type=\"widget\" data-e-type=\"widget\" data-widget_type=\"heading.default\">\n\t\t\t\t<div class=\"elementor-widget-container\">\n\t\t\t\t\t<h1 class=\"elementor-heading-title elementor-size-default\">TG GRINDER SERIES<\/h1>\t\t\t\t<\/div>\n\t\t\t\t<\/div>\n\t\t\t\t<div class=\"elementor-element elementor-element-2b484ba elementor-widget elementor-widget-heading\" data-id=\"2b484ba\" data-element_type=\"widget\" data-e-type=\"widget\" data-widget_type=\"heading.default\">\n\t\t\t\t<div class=\"elementor-widget-container\">\n\t\t\t\t\t<h2 class=\"elementor-heading-title elementor-size-default\">Hopper Industrial Series<\/h2>\t\t\t\t<\/div>\n\t\t\t\t<\/div>\n\t\t\t\t<div class=\"elementor-element elementor-element-207e8a0 elementor-widget elementor-widget-text-editor\" data-id=\"207e8a0\" data-element_type=\"widget\" data-e-type=\"widget\" data-widget_type=\"text-editor.default\">\n\t\t\t\t<div class=\"elementor-widget-container\">\n\t\t\t\t\t\t\t\t\tAn uniform and correct treatment of solids is necessary in wastewater\napplication and sludge handling system. However, it is often difficult to choose\nthe right solution at the right cost. Our TG series for solids size reduction it is\none of the most innovative solutions that you can found in the market. We are\nproud for the extremely tough design combined with a flexible internal\ncomponent configuration. This is the best approach to achieve benefits while\npreserving savings. Furthermore, the accessories and options that we\ndesigned allow us to create YOUR shredder.<br><br>\nThe main features and benefits of the grinders are:<br>\n&#8211; Equipment protection<br>\n&#8211; Protect your pumps from the solids part<br>\n&#8211; Increases the lifetime of components subject to wear<br>\n&#8211; Protect your critical equipment from damages due to tough solids<br>\n&#8211; Your unforeseen shutdown will significant decrease<br>\n&#8211; Proper treatment operations<br>\n&#8211; We block the inorganic material, organic stay in the process<br>\n&#8211; More material processed means less waste compared to screening<br>\n&#8211; Reduction of the organic material improve the quality of your process<br>\n&#8211; Operating cost decrease<br>\n&#8211; Choose a smaller piping and pumps<br>\n&#8211; Shorter pump run cycles and lower electrical power consumption<br>\n&#8211; Better cleaning of the plants\t\t\t\t\t\t\t\t<\/div>\n\t\t\t\t<\/div>\n\t\t\t\t\t<\/div>\n\t\t<\/div>\n\t\t\t\t<div class=\"elementor-column elementor-col-33 elementor-top-column elementor-element elementor-element-413b5cd\" data-id=\"413b5cd\" data-element_type=\"column\" data-e-type=\"column\">\n\t\t\t<div class=\"elementor-widget-wrap\">\n\t\t\t\t\t\t\t<\/div>\n\t\t<\/div>\n\t\t\t\t\t<\/div>\n\t\t<\/section>\n\t\t\t\t<\/div>\n\t\t","protected":false},"excerpt":{"rendered":"<p>S\u00c9RIE TG TRITURADORES S\u00e9rie TG Trituradores: a nova era de trituradores. \u00c9 necess\u00e1rio um tratamento uniforme e correto dos s\u00f3lidos nas aplica\u00e7\u00f5es em \u00e1guas residuais e no sistema de tratamento de lamas. No entanto, \u00e9 muitas vezes dif\u00edcil escolher a correta solu\u00e7\u00e3o ao custo certo. A nossa s\u00e9rie TG para redu\u00e7\u00e3o do tamanho de s\u00f3lidos [&hellip;]<\/p>\n","protected":false},"author":1,"featured_media":0,"parent":26470,"menu_order":1,"comment_status":"closed","ping_status":"closed","template":"page-templates\/servicios.php","meta":{"_eb_attr":"","footnotes":""},"class_list":["post-15630","page","type-page","status-publish","hentry"],"aioseo_notices":[],"_links":{"self":[{"href":"https:\/\/klinger.pt\/es\/wp-json\/wp\/v2\/pages\/15630","targetHints":{"allow":["GET"]}}],"collection":[{"href":"https:\/\/klinger.pt\/es\/wp-json\/wp\/v2\/pages"}],"about":[{"href":"https:\/\/klinger.pt\/es\/wp-json\/wp\/v2\/types\/page"}],"author":[{"embeddable":true,"href":"https:\/\/klinger.pt\/es\/wp-json\/wp\/v2\/users\/1"}],"replies":[{"embeddable":true,"href":"https:\/\/klinger.pt\/es\/wp-json\/wp\/v2\/comments?post=15630"}],"version-history":[{"count":2,"href":"https:\/\/klinger.pt\/es\/wp-json\/wp\/v2\/pages\/15630\/revisions"}],"predecessor-version":[{"id":38590,"href":"https:\/\/klinger.pt\/es\/wp-json\/wp\/v2\/pages\/15630\/revisions\/38590"}],"up":[{"embeddable":true,"href":"https:\/\/klinger.pt\/es\/wp-json\/wp\/v2\/pages\/26470"}],"wp:attachment":[{"href":"https:\/\/klinger.pt\/es\/wp-json\/wp\/v2\/media?parent=15630"}],"curies":[{"name":"wp","href":"https:\/\/api.w.org\/{rel}","templated":true}]}}