{"id":15574,"date":"2022-04-26T16:59:30","date_gmt":"2022-04-26T15:59:30","guid":{"rendered":"https:\/\/m5j0n6nk9p.onrocket.site\/?p=15574"},"modified":"2023-02-28T11:01:31","modified_gmt":"2023-02-28T11:01:31","slug":"serie-dhp-jhp-diamond","status":"publish","type":"page","link":"https:\/\/klinger.pt\/es\/produtos\/bombas-e-agitacao\/bombas\/bombas-de-cavidade-progressiva\/serie-dhp-jhp-diamond\/","title":{"rendered":"S\u00c9RIE DHP-JHP DIAMOND"},"content":{"rendered":"\t\t<div data-elementor-type=\"wp-post\" data-elementor-id=\"15574\" class=\"elementor elementor-15574\">\n\t\t\t\t\t\t<section class=\"elementor-section elementor-top-section elementor-element elementor-element-f5799c8 elementor-section-boxed elementor-section-height-default elementor-section-height-default\" data-id=\"f5799c8\" data-element_type=\"section\" data-e-type=\"section\">\n\t\t\t\t\t\t<div class=\"elementor-container elementor-column-gap-default\">\n\t\t\t\t\t<div class=\"elementor-column elementor-col-100 elementor-top-column elementor-element elementor-element-b76541b\" data-id=\"b76541b\" data-element_type=\"column\" data-e-type=\"column\">\n\t\t\t<div class=\"elementor-widget-wrap elementor-element-populated\">\n\t\t\t\t\t\t<div class=\"elementor-element elementor-element-a77bf5c elementor-widget elementor-widget-breadcrumbs\" data-id=\"a77bf5c\" data-element_type=\"widget\" data-e-type=\"widget\" data-widget_type=\"breadcrumbs.default\">\n\t\t\t\t<div class=\"elementor-widget-container\">\n\t\t\t\t\t \t\t\t\t<\/div>\n\t\t\t\t<\/div>\n\t\t\t\t\t<\/div>\n\t\t<\/div>\n\t\t\t\t\t<\/div>\n\t\t<\/section>\n\t\t\t\t<section class=\"elementor-section elementor-top-section elementor-element elementor-element-38060d9 elementor-section-stretched elementor-section-boxed elementor-section-height-default elementor-section-height-default\" data-id=\"38060d9\" data-element_type=\"section\" data-e-type=\"section\" data-settings=\"{&quot;stretch_section&quot;:&quot;section-stretched&quot;}\">\n\t\t\t\t\t\t<div class=\"elementor-container elementor-column-gap-no\">\n\t\t\t\t\t<div class=\"elementor-column elementor-col-33 elementor-top-column elementor-element elementor-element-0d78c68\" data-id=\"0d78c68\" data-element_type=\"column\" data-e-type=\"column\">\n\t\t\t<div class=\"elementor-widget-wrap elementor-element-populated\">\n\t\t\t\t\t\t<div class=\"elementor-element elementor-element-8cf5bd7 elementor-widget elementor-widget-image\" data-id=\"8cf5bd7\" data-element_type=\"widget\" data-e-type=\"widget\" data-widget_type=\"image.default\">\n\t\t\t\t<div class=\"elementor-widget-container\">\n\t\t\t\t\t\t\t\t\t\t\t\t\t\t\t<img fetchpriority=\"high\" decoding=\"async\" width=\"640\" height=\"141\" src=\"https:\/\/klinger.pt\/wp-content\/uploads\/2022\/04\/DHP-JHP-Diamond-Series-single.webp\" class=\"attachment-full size-full wp-image-15579\" alt=\"DHP-JHP Diamond Series\" srcset=\"https:\/\/klinger.pt\/wp-content\/uploads\/2022\/04\/DHP-JHP-Diamond-Series-single.webp 640w, https:\/\/klinger.pt\/wp-content\/uploads\/2022\/04\/DHP-JHP-Diamond-Series-single-300x66.webp 300w\" sizes=\"(max-width: 640px) 100vw, 640px\" \/>\t\t\t\t\t\t\t\t\t\t\t\t\t\t\t<\/div>\n\t\t\t\t<\/div>\n\t\t\t\t<div class=\"elementor-element elementor-element-cb07105 elementor-widget elementor-widget-image\" data-id=\"cb07105\" data-element_type=\"widget\" data-e-type=\"widget\" data-widget_type=\"image.default\">\n\t\t\t\t<div class=\"elementor-widget-container\">\n\t\t\t\t\t\t\t\t\t\t\t\t\t\t\t<img decoding=\"async\" width=\"640\" height=\"176\" src=\"https:\/\/klinger.pt\/wp-content\/uploads\/2022\/04\/DHP-series-progressive-cavity-pump.webp\" class=\"attachment-full size-full wp-image-15580\" alt=\"DHP series progressive cavity pump\" srcset=\"https:\/\/klinger.pt\/wp-content\/uploads\/2022\/04\/DHP-series-progressive-cavity-pump.webp 640w, https:\/\/klinger.pt\/wp-content\/uploads\/2022\/04\/DHP-series-progressive-cavity-pump-300x83.webp 300w\" sizes=\"(max-width: 640px) 100vw, 640px\" \/>\t\t\t\t\t\t\t\t\t\t\t\t\t\t\t<\/div>\n\t\t\t\t<\/div>\n\t\t\t\t<div class=\"elementor-element elementor-element-53ea115 elementor-widget elementor-widget-heading\" data-id=\"53ea115\" data-element_type=\"widget\" data-e-type=\"widget\" data-widget_type=\"heading.default\">\n\t\t\t\t<div class=\"elementor-widget-container\">\n\t\t\t\t\t<h6 class=\"elementor-heading-title elementor-size-default\">DHP SERIES<\/h6>\t\t\t\t<\/div>\n\t\t\t\t<\/div>\n\t\t\t\t<div class=\"elementor-element elementor-element-1dd768c elementor-widget elementor-widget-image\" data-id=\"1dd768c\" data-element_type=\"widget\" data-e-type=\"widget\" data-widget_type=\"image.default\">\n\t\t\t\t<div class=\"elementor-widget-container\">\n\t\t\t\t\t\t\t\t\t\t\t\t\t\t\t<img decoding=\"async\" width=\"640\" height=\"158\" src=\"https:\/\/klinger.pt\/wp-content\/uploads\/2022\/04\/JHP-series-progressive-cavity-pump.webp\" class=\"attachment-full size-full wp-image-15581\" alt=\"JHP series progressive cavity pump\" srcset=\"https:\/\/klinger.pt\/wp-content\/uploads\/2022\/04\/JHP-series-progressive-cavity-pump.webp 640w, https:\/\/klinger.pt\/wp-content\/uploads\/2022\/04\/JHP-series-progressive-cavity-pump-300x74.webp 300w\" sizes=\"(max-width: 640px) 100vw, 640px\" \/>\t\t\t\t\t\t\t\t\t\t\t\t\t\t\t<\/div>\n\t\t\t\t<\/div>\n\t\t\t\t<div class=\"elementor-element elementor-element-aba2418 elementor-widget elementor-widget-heading\" data-id=\"aba2418\" data-element_type=\"widget\" data-e-type=\"widget\" data-widget_type=\"heading.default\">\n\t\t\t\t<div class=\"elementor-widget-container\">\n\t\t\t\t\t<h6 class=\"elementor-heading-title elementor-size-default\">JHP SERIES<\/h6>\t\t\t\t<\/div>\n\t\t\t\t<\/div>\n\t\t\t\t\t<\/div>\n\t\t<\/div>\n\t\t\t\t<div class=\"elementor-column elementor-col-33 elementor-top-column elementor-element elementor-element-e7f610c\" data-id=\"e7f610c\" data-element_type=\"column\" data-e-type=\"column\">\n\t\t\t<div class=\"elementor-widget-wrap elementor-element-populated\">\n\t\t\t\t\t\t<div class=\"elementor-element elementor-element-1b889ce elementor-widget elementor-widget-heading\" data-id=\"1b889ce\" data-element_type=\"widget\" data-e-type=\"widget\" data-widget_type=\"heading.default\">\n\t\t\t\t<div class=\"elementor-widget-container\">\n\t\t\t\t\t<h1 class=\"elementor-heading-title elementor-size-default\">DHP-JHP DIAMOND SERIES<\/h1>\t\t\t\t<\/div>\n\t\t\t\t<\/div>\n\t\t\t\t<div class=\"elementor-element elementor-element-2b484ba elementor-widget elementor-widget-heading\" data-id=\"2b484ba\" data-element_type=\"widget\" data-e-type=\"widget\" data-widget_type=\"heading.default\">\n\t\t\t\t<div class=\"elementor-widget-container\">\n\t\t\t\t\t<h2 class=\"elementor-heading-title elementor-size-default\">Hopper Industrial Series<\/h2>\t\t\t\t<\/div>\n\t\t\t\t<\/div>\n\t\t\t\t<div class=\"elementor-element elementor-element-207e8a0 elementor-widget elementor-widget-text-editor\" data-id=\"207e8a0\" data-element_type=\"widget\" data-e-type=\"widget\" data-widget_type=\"text-editor.default\">\n\t\t\t\t<div class=\"elementor-widget-container\">\n\t\t\t\t\t\t\t\t\tThe Diamond Series with hopper an auger feed screw to convey directly the product to hydraulic part, are the\nideal machines for pumping viscous and non-flowing, with a very high solids content.<br>\nDH and JH Series is the basic version with rectangular hopper and auger feed the hydraulics. The length is\ncustomizable depending on application. Suitable for pumping substances poorly flowing up to 18% of dry\nsubstance which does not tend to form a bridge. The DH and JN series are distinguished for the type of fitting of\nthe pump to the drive.<br><br>\nDHP Series: the drive is coupled directly to the pump via a flange. This solution is extremely cheap and compact,\nconsiderably reducing installation costs and simplifying maintenance. The stress generated by the hydraulic part\nis supported by the drive itself. Each drive used is adequately selected based on their specific technical parameters\nand are subject to numerous duration tests with heavy load.<br><br>\nJHP Series: the drive is connected to the shaft inlet via a coupling joint. This configuration is the best solution in\nterms of performance and durability. All the stress generated by the pump is absorbed by the bearings in the\nhousing. These bearings have very high resistance against loads. They are assembled with extreme precision on\nthe highest quality manufactured parts. It is the best solution when you want to guarantee duration and reliability,\nyet with greater installation space requirements. The bearing housing designed by us is modular and can be\ninstalled after a pump with the JX series block housing. It is state of the art for this type of installation\t\t\t\t\t\t\t\t<\/div>\n\t\t\t\t<\/div>\n\t\t\t\t\t<\/div>\n\t\t<\/div>\n\t\t\t\t<div class=\"elementor-column elementor-col-33 elementor-top-column elementor-element elementor-element-413b5cd\" data-id=\"413b5cd\" data-element_type=\"column\" data-e-type=\"column\">\n\t\t\t<div class=\"elementor-widget-wrap\">\n\t\t\t\t\t\t\t<\/div>\n\t\t<\/div>\n\t\t\t\t\t<\/div>\n\t\t<\/section>\n\t\t\t\t<\/div>\n\t\t","protected":false},"excerpt":{"rendered":"<p>S\u00c9RIE DHP S\u00c9RIE JHP S\u00c9RIE DHP-JHP DIAMOND S\u00e9rie Industrial com Tremonha S\u00e9rie com tremonha e parafuso de alimenta\u00e7\u00e3o para transportar diretamente o produto para a parte hidr\u00e1ulica, s\u00e3o as m\u00e1quinas ideais para bombear l\u00edquidos viscosos e n\u00e3o-flu\u00eddos, com um teor de s\u00f3lidos muito elevado. As s\u00e9ries DHP e JHP s\u00e3o a vers\u00e3o com tremonha grande [&hellip;]<\/p>\n","protected":false},"author":1,"featured_media":0,"parent":26470,"menu_order":5,"comment_status":"closed","ping_status":"closed","template":"page-templates\/servicios.php","meta":{"_eb_attr":"","footnotes":""},"class_list":["post-15574","page","type-page","status-publish","hentry"],"aioseo_notices":[],"_links":{"self":[{"href":"https:\/\/klinger.pt\/es\/wp-json\/wp\/v2\/pages\/15574","targetHints":{"allow":["GET"]}}],"collection":[{"href":"https:\/\/klinger.pt\/es\/wp-json\/wp\/v2\/pages"}],"about":[{"href":"https:\/\/klinger.pt\/es\/wp-json\/wp\/v2\/types\/page"}],"author":[{"embeddable":true,"href":"https:\/\/klinger.pt\/es\/wp-json\/wp\/v2\/users\/1"}],"replies":[{"embeddable":true,"href":"https:\/\/klinger.pt\/es\/wp-json\/wp\/v2\/comments?post=15574"}],"version-history":[{"count":2,"href":"https:\/\/klinger.pt\/es\/wp-json\/wp\/v2\/pages\/15574\/revisions"}],"predecessor-version":[{"id":38572,"href":"https:\/\/klinger.pt\/es\/wp-json\/wp\/v2\/pages\/15574\/revisions\/38572"}],"up":[{"embeddable":true,"href":"https:\/\/klinger.pt\/es\/wp-json\/wp\/v2\/pages\/26470"}],"wp:attachment":[{"href":"https:\/\/klinger.pt\/es\/wp-json\/wp\/v2\/media?parent=15574"}],"curies":[{"name":"wp","href":"https:\/\/api.w.org\/{rel}","templated":true}]}}