{"id":15431,"date":"2022-04-26T14:43:37","date_gmt":"2022-04-26T13:43:37","guid":{"rendered":"https:\/\/m5j0n6nk9p.onrocket.site\/?p=15431"},"modified":"2023-02-27T10:23:42","modified_gmt":"2023-02-27T10:23:42","slug":"model-c28","status":"publish","type":"page","link":"https:\/\/klinger.pt\/es\/produtos\/bombas-e-agitacao\/bombas\/bombas-peristalticas\/model-c28\/","title":{"rendered":"MODELO C28"},"content":{"rendered":"\t\t<div data-elementor-type=\"wp-post\" data-elementor-id=\"15431\" class=\"elementor elementor-15431\">\n\t\t\t\t\t\t<section class=\"elementor-section elementor-top-section elementor-element elementor-element-1263a93 elementor-section-boxed elementor-section-height-default elementor-section-height-default\" data-id=\"1263a93\" data-element_type=\"section\" data-e-type=\"section\">\n\t\t\t\t\t\t<div class=\"elementor-container elementor-column-gap-default\">\n\t\t\t\t\t<div class=\"elementor-column elementor-col-100 elementor-top-column elementor-element elementor-element-e3f08f0\" data-id=\"e3f08f0\" data-element_type=\"column\" data-e-type=\"column\">\n\t\t\t<div class=\"elementor-widget-wrap elementor-element-populated\">\n\t\t\t\t\t\t<div class=\"elementor-element elementor-element-3408b78 elementor-widget elementor-widget-breadcrumbs\" data-id=\"3408b78\" data-element_type=\"widget\" data-e-type=\"widget\" data-widget_type=\"breadcrumbs.default\">\n\t\t\t\t<div class=\"elementor-widget-container\">\n\t\t\t\t\t \t\t\t\t<\/div>\n\t\t\t\t<\/div>\n\t\t\t\t\t<\/div>\n\t\t<\/div>\n\t\t\t\t\t<\/div>\n\t\t<\/section>\n\t\t\t\t<section class=\"elementor-section elementor-top-section elementor-element elementor-element-bc122a0 elementor-section-stretched elementor-section-boxed elementor-section-height-default elementor-section-height-default\" data-id=\"bc122a0\" data-element_type=\"section\" data-e-type=\"section\" data-settings=\"{&quot;stretch_section&quot;:&quot;section-stretched&quot;}\">\n\t\t\t\t\t\t<div class=\"elementor-container elementor-column-gap-no\">\n\t\t\t\t\t<div class=\"elementor-column elementor-col-33 elementor-top-column elementor-element elementor-element-1f0fc45\" data-id=\"1f0fc45\" data-element_type=\"column\" data-e-type=\"column\">\n\t\t\t<div class=\"elementor-widget-wrap elementor-element-populated\">\n\t\t\t\t\t\t<div class=\"elementor-element elementor-element-05b2474 elementor-widget elementor-widget-image\" data-id=\"05b2474\" data-element_type=\"widget\" data-e-type=\"widget\" data-widget_type=\"image.default\">\n\t\t\t\t<div class=\"elementor-widget-container\">\n\t\t\t\t\t\t\t\t\t\t\t\t\t\t\t<img fetchpriority=\"high\" decoding=\"async\" width=\"500\" height=\"500\" src=\"https:\/\/klinger.pt\/wp-content\/uploads\/2022\/04\/C28-Model-Peribest-Peristaltic-Dosing-Pump-KLINGER-Portugal.webp\" class=\"attachment-full size-full wp-image-15415\" alt=\"Model C28 Peribest Peristaltic Dosing Pump - KLINGER Portugal\" srcset=\"https:\/\/klinger.pt\/wp-content\/uploads\/2022\/04\/C28-Model-Peribest-Peristaltic-Dosing-Pump-KLINGER-Portugal.webp 500w, https:\/\/klinger.pt\/wp-content\/uploads\/2022\/04\/C28-Model-Peribest-Peristaltic-Dosing-Pump-KLINGER-Portugal-300x300.webp 300w, https:\/\/klinger.pt\/wp-content\/uploads\/2022\/04\/C28-Model-Peribest-Peristaltic-Dosing-Pump-KLINGER-Portugal-150x150.webp 150w\" sizes=\"(max-width: 500px) 100vw, 500px\" \/>\t\t\t\t\t\t\t\t\t\t\t\t\t\t\t<\/div>\n\t\t\t\t<\/div>\n\t\t\t\t\t<\/div>\n\t\t<\/div>\n\t\t\t\t<div class=\"elementor-column elementor-col-33 elementor-top-column elementor-element elementor-element-fb2d0bc\" data-id=\"fb2d0bc\" data-element_type=\"column\" data-e-type=\"column\">\n\t\t\t<div class=\"elementor-widget-wrap elementor-element-populated\">\n\t\t\t\t\t\t<div class=\"elementor-element elementor-element-15eade7 elementor-widget elementor-widget-heading\" data-id=\"15eade7\" data-element_type=\"widget\" data-e-type=\"widget\" data-widget_type=\"heading.default\">\n\t\t\t\t<div class=\"elementor-widget-container\">\n\t\t\t\t\t<h1 class=\"elementor-heading-title elementor-size-default\">C28<\/h1>\t\t\t\t<\/div>\n\t\t\t\t<\/div>\n\t\t\t\t<div class=\"elementor-element elementor-element-184fabb elementor-widget elementor-widget-text-editor\" data-id=\"184fabb\" data-element_type=\"widget\" data-e-type=\"widget\" data-widget_type=\"text-editor.default\">\n\t\t\t\t<div class=\"elementor-widget-container\">\n\t\t\t\t\t\t\t\t\tTechnical Specifications:\t\t\t\t\t\t\t\t<\/div>\n\t\t\t\t<\/div>\n\t\t\t\t<div class=\"elementor-element elementor-element-e564d5d elementor-widget elementor-widget-text-editor\" data-id=\"e564d5d\" data-element_type=\"widget\" data-e-type=\"widget\" data-widget_type=\"text-editor.default\">\n\t\t\t\t<div class=\"elementor-widget-container\">\n\t\t\t\t\t\t\t\t\t\u00bb Maximum flow (continuous) 1900 l \/ h.<br><br>\n\u00bb Capacity 0,47 l \/ rev.<br><br>\n\u00bb Max discharge pressure 10 bar.<br><br>\n\u00bb Maximum temperature 80 \u00baC.<br><br>\n\u00bb Inner diameter 28 mm.<br><br>\n\u00bb Hose material NR, EPDM, NBR (Food) and Hypalon \u00ae.<br><br>\n\u00bb Connection material AISI 316, PP, PVDF (PTFE).\t\t\t\t\t\t\t\t<\/div>\n\t\t\t\t<\/div>\n\t\t\t\t\t<\/div>\n\t\t<\/div>\n\t\t\t\t<div class=\"elementor-column elementor-col-33 elementor-top-column elementor-element elementor-element-d5240a5\" data-id=\"d5240a5\" data-element_type=\"column\" data-e-type=\"column\">\n\t\t\t<div class=\"elementor-widget-wrap\">\n\t\t\t\t\t\t\t<\/div>\n\t\t<\/div>\n\t\t\t\t\t<\/div>\n\t\t<\/section>\n\t\t\t\t<\/div>\n\t\t","protected":false},"excerpt":{"rendered":"<p>BOMBA PERIST\u00c1LTICA PERIBEST MODELO C28 ESPECIFICA\u00c7\u00d5ES T\u00c9CNICAS<\/p>\n","protected":false},"author":1,"featured_media":0,"parent":26327,"menu_order":14,"comment_status":"closed","ping_status":"closed","template":"page-templates\/servicios.php","meta":{"_eb_attr":"","footnotes":""},"class_list":["post-15431","page","type-page","status-publish","hentry"],"aioseo_notices":[],"_links":{"self":[{"href":"https:\/\/klinger.pt\/es\/wp-json\/wp\/v2\/pages\/15431","targetHints":{"allow":["GET"]}}],"collection":[{"href":"https:\/\/klinger.pt\/es\/wp-json\/wp\/v2\/pages"}],"about":[{"href":"https:\/\/klinger.pt\/es\/wp-json\/wp\/v2\/types\/page"}],"author":[{"embeddable":true,"href":"https:\/\/klinger.pt\/es\/wp-json\/wp\/v2\/users\/1"}],"replies":[{"embeddable":true,"href":"https:\/\/klinger.pt\/es\/wp-json\/wp\/v2\/comments?post=15431"}],"version-history":[{"count":2,"href":"https:\/\/klinger.pt\/es\/wp-json\/wp\/v2\/pages\/15431\/revisions"}],"predecessor-version":[{"id":38360,"href":"https:\/\/klinger.pt\/es\/wp-json\/wp\/v2\/pages\/15431\/revisions\/38360"}],"up":[{"embeddable":true,"href":"https:\/\/klinger.pt\/es\/wp-json\/wp\/v2\/pages\/26327"}],"wp:attachment":[{"href":"https:\/\/klinger.pt\/es\/wp-json\/wp\/v2\/media?parent=15431"}],"curies":[{"name":"wp","href":"https:\/\/api.w.org\/{rel}","templated":true}]}}