{"id":14,"date":"2019-09-30T10:21:45","date_gmt":"2019-09-30T10:21:45","guid":{"rendered":"https:\/\/klinger2019.zalox.pt\/?page_id=14"},"modified":"2026-02-04T14:48:40","modified_gmt":"2026-02-04T14:48:40","slug":"contactos","status":"publish","type":"page","link":"https:\/\/klinger.pt\/es\/contactos\/","title":{"rendered":"Contactos"},"content":{"rendered":"\n<h2 class=\"wp-block-heading has-text-align-center\">CONTACTE-NOS<\/h2>\n\n\n\n<h4 class=\"wp-block-heading has-text-align-center\">A KLINGER est\u00e1 sempre dispon\u00edvel globalmente &#8211; no idioma local, hor\u00e1rio e conduta empresarial.<\/h4>\n\n\n\n<p class=\"has-text-align-center\">Pode entrar em contacto connosco usando os contactos abaixo ou preenchendo o formul\u00e1rio.<\/p>\n\n\n\n<div style=\"height:50px\" aria-hidden=\"true\" class=\"wp-block-spacer\"><\/div>\n\n\n\n<div class=\"wp-block-columns is-layout-flex wp-container-core-columns-is-layout-9d6595d7 wp-block-columns-is-layout-flex\">\n<div class=\"wp-block-column is-layout-flow wp-block-column-is-layout-flow\">\n<h4 class=\"wp-block-heading\">KLINGER Portugal, Lda.<\/h4>\n\n\n\n<div class=\"wp-block-group\"><div class=\"wp-block-group__inner-container is-layout-constrained wp-block-group-is-layout-constrained\">\n<div class=\"wp-block-group\"><div class=\"wp-block-group__inner-container is-layout-constrained wp-block-group-is-layout-constrained\">\n<p><strong>Escrit\u00f3rios:<\/strong><br>KLINGER Portugal, Lda.<br>Via Jos\u00e9 R\u00e9gio, 300<br>Centro Empresarial de Vilar do Pinheiro<br>4485-860 Vila do Conde,<br>PORTUGAL<\/p>\n<\/div><\/div>\n<\/div><\/div>\n\n\n\n<p><strong>Produ\u00e7\u00e3o LiberAqua:<\/strong><br>Via Jos\u00e9 R\u00e9gio, 36<br>Centro Empresarial de Vilar do Pinheiro<br>4485-860 Vila do Conde,<br>PORTUGAL<\/p>\n\n\n\n<div class=\"wp-block-group\"><div class=\"wp-block-group__inner-container is-layout-constrained wp-block-group-is-layout-constrained\">\n<div class=\"wp-block-group\"><div class=\"wp-block-group__inner-container is-layout-constrained wp-block-group-is-layout-constrained\">\n<p><strong>Armaz\u00e9m:<\/strong><br>Rua de Ant\u00f3nio Alves Quelhas, 60<br>Zona Industrial Maia I &#8211; Sector VIII <br>4475-297 Maia<br>PORTUGAL<\/p>\n<\/div><\/div>\n<\/div><\/div>\n\n\n\n<p> ADMINISTRA\u00c7\u00c3O<br>Managing Director: Jes\u00fas Sanchez<br><a href=\"mailto:j.sanchez@klinger.pt\" title=\"\">j.sanchez@klinger.pt<\/a><br>\u260e\ufe0f+351 229 470 910<\/p>\n\n\n\n<p>Financial Controller: Liliana Pereira<br><a href=\"mailto:l.pereira@klinger.pt\" title=\"\">l.pereira@klinger.pt<\/a><br>\u260e\ufe0f+351 229 470 910<\/p>\n\n\n\n<p>INDUSTRIAL SOLUTIONS<br><a href=\"mailto:industria@klinger.pt\">industria@klinger.pt<\/a><br>Sales Manager: Helder Almeida<br><a href=\"mailto:h.almeida@klinger.pt\">h.almeida@klinger.pt<\/a> <br>\u260e\ufe0f+351 229 470 910<br>\u260e\ufe0f +351 919 553 948<\/p>\n\n\n\n<p>LiberAqua<br> <a href=\"mailto:liberaqua@klinger.pt\">liberaqua@klinger.pt<\/a><br>Diretor Unidade Neg\u00f3cio: Cl\u00e1udio Siva<br><a href=\"mailto:claudio@klinger.pt\">claudio@klinger.pt<\/a><br>\u260e\ufe0f+351 229 470 910<br>\u260e\ufe0f+351 916 572 803<\/p>\n<\/div>\n\n\n\n<div class=\"wp-block-column is-layout-flow wp-block-column-is-layout-flow\">\n<figure class=\"wp-block-image size-full\"><img fetchpriority=\"high\" decoding=\"async\" width=\"856\" height=\"746\" src=\"https:\/\/klinger.pt\/wp-content\/uploads\/2024\/10\/LOCATION3.jpg\" alt=\"\" class=\"wp-image-46397\" srcset=\"https:\/\/klinger.pt\/wp-content\/uploads\/2024\/10\/LOCATION3.jpg 856w, https:\/\/klinger.pt\/wp-content\/uploads\/2024\/10\/LOCATION3-300x261.jpg 300w, https:\/\/klinger.pt\/wp-content\/uploads\/2024\/10\/LOCATION3-768x669.jpg 768w\" sizes=\"(max-width: 856px) 100vw, 856px\" \/><\/figure>\n<\/div>\n\n\n\n<div class=\"wp-block-column is-layout-flow wp-block-column-is-layout-flow\">\n<h4 class=\"wp-block-heading\">Formul\u00e1rio de Contacto<\/h4>\n\n\n\n<div class=\"wp-block-contact-form-7-contact-form-selector\"><p class=\"wpcf7-contact-form-not-found\"><strong>Error:<\/strong> Formulario de contacto no encontrado.<\/p><\/div>\n<\/div>\n<\/div>\n","protected":false},"excerpt":{"rendered":"<p>CONTACTE-NOS A KLINGER est\u00e1 sempre dispon\u00edvel globalmente &#8211; no idioma local, hor\u00e1rio e conduta empresarial. Pode entrar em contacto connosco usando os contactos abaixo ou preenchendo o formul\u00e1rio. KLINGER Portugal, Lda. Escrit\u00f3rios:KLINGER Portugal, Lda.Via Jos\u00e9 R\u00e9gio, 300Centro Empresarial de Vilar do Pinheiro4485-860 Vila do Conde,PORTUGAL Produ\u00e7\u00e3o LiberAqua:Via Jos\u00e9 R\u00e9gio, 36Centro Empresarial de Vilar do Pinheiro4485-860 [&hellip;]<\/p>\n","protected":false},"author":1,"featured_media":0,"parent":0,"menu_order":0,"comment_status":"closed","ping_status":"closed","template":"page-templates\/contacto.php","meta":{"_eb_attr":"","footnotes":""},"class_list":["post-14","page","type-page","status-publish","hentry"],"aioseo_notices":[],"_links":{"self":[{"href":"https:\/\/klinger.pt\/es\/wp-json\/wp\/v2\/pages\/14","targetHints":{"allow":["GET"]}}],"collection":[{"href":"https:\/\/klinger.pt\/es\/wp-json\/wp\/v2\/pages"}],"about":[{"href":"https:\/\/klinger.pt\/es\/wp-json\/wp\/v2\/types\/page"}],"author":[{"embeddable":true,"href":"https:\/\/klinger.pt\/es\/wp-json\/wp\/v2\/users\/1"}],"replies":[{"embeddable":true,"href":"https:\/\/klinger.pt\/es\/wp-json\/wp\/v2\/comments?post=14"}],"version-history":[{"count":41,"href":"https:\/\/klinger.pt\/es\/wp-json\/wp\/v2\/pages\/14\/revisions"}],"predecessor-version":[{"id":48181,"href":"https:\/\/klinger.pt\/es\/wp-json\/wp\/v2\/pages\/14\/revisions\/48181"}],"wp:attachment":[{"href":"https:\/\/klinger.pt\/es\/wp-json\/wp\/v2\/media?parent=14"}],"curies":[{"name":"wp","href":"https:\/\/api.w.org\/{rel}","templated":true}]}}