{"id":1366,"date":"2019-11-21T14:53:11","date_gmt":"2019-11-21T14:53:11","guid":{"rendered":"https:\/\/klinger2019.zalox.pt\/?page_id=1366"},"modified":"2025-01-24T01:06:17","modified_gmt":"2025-01-24T01:06:17","slug":"politica-de-privacidade","status":"publish","type":"page","link":"https:\/\/klinger.pt\/es\/politica-de-privacidade\/","title":{"rendered":"Pol\u00edtica de Privacidade"},"content":{"rendered":"\n<h2 class=\"wp-block-heading\">Pol\u00edtica de Privacidade<\/h2>\n\n\n\n<p class=\"has-text-color\" style=\"color:#0068b4\"><strong>A confian\u00e7a \u00e9 importante, especialmente quando se trata dos seus dados pessoais. \u00c9 por isso que consideramos ser nossa obriga\u00e7\u00e3o exercer o maior cuidado no tratamento dos seus dados pessoais e fazer tudo o que estiver ao nosso alcance para proteger as suas informa\u00e7\u00f5es de utiliza\u00e7\u00e3o indevida.<\/strong><\/p>\n\n\n\n<p>A KLINGER Portugal gere o s\u00edtio web www.klinger.pt (o \u00abServi\u00e7o\u00bb).<br>Esta p\u00e1gina informa-o das nossas pol\u00edticas relativas \u00e0 recolha, utiliza\u00e7\u00e3o e divulga\u00e7\u00e3o de dados pessoais quando utiliza o nosso Servi\u00e7o e das escolhas que tem associadas a esses dados.<br>Utilizamos os seus dados para fornecer e melhorar o Servi\u00e7o. Ao utilizar o Servi\u00e7o, o cliente concorda com a recolha e utiliza\u00e7\u00e3o de informa\u00e7\u00f5es de acordo com a presente pol\u00edtica.<\/p>\n\n\n\n<h2 class=\"wp-block-heading\">Defini\u00e7\u00f5es<\/h2>\n\n\n\n<h3 class=\"wp-block-heading\">Dados Pessoais<\/h3>\n\n\n\n<p>Dados pessoais significam dados sobre um indiv\u00edduo vivo que pode ser identificado a partir desses dados.<\/p>\n\n\n\n<h3 class=\"wp-block-heading\">Dados de utiliza\u00e7\u00e3o<\/h3>\n\n\n\n<p>Os Dados de Utiliza\u00e7\u00e3o s\u00e3o dados recolhidos automaticamente ou gerados pela utiliza\u00e7\u00e3o do Servi\u00e7o ou da pr\u00f3pria infra-estrutura do Servi\u00e7o (por exemplo, a dura\u00e7\u00e3o de uma visita \u00e0 p\u00e1gina).<\/p>\n\n\n\n<h3 class=\"wp-block-heading\">Cookies<\/h3>\n\n\n\n<p>Os cookies s\u00e3o pequenos peda\u00e7os de dados armazenados num dispositivo do Utilizador.<\/p>\n\n\n\n<h3 class=\"wp-block-heading\">Controlador de dados<\/h3>\n\n\n\n<p>Por controlador de dados entende-se uma pessoa que (sozinha ou em conjunto ou em comum com outras pessoas) determina as finalidades e a forma como quaisquer dados pessoais s\u00e3o, ou devem ser, processados. Para os efeitos da presente Pol\u00edtica de Privacidade, somos o Respons\u00e1vel pelo Tratamento dos seus dados.<\/p>\n\n\n\n<h3 class=\"wp-block-heading\">Processador de Dados (ou Prestador de Servi\u00e7os)<\/h3>\n\n\n\n<p>Processador de Dados (ou Prestador de Servi\u00e7os) significa qualquer pessoa (que n\u00e3o seja um funcion\u00e1rio do Controlador de Dados) que processe os dados em nome do Controlador de Dados. Podemos utilizar os servi\u00e7os de v\u00e1rios Prestadores de Servi\u00e7os a fim de processar os seus dados de forma mais eficaz.<\/p>\n\n\n\n<h3 class=\"wp-block-heading\">Titular dos dados<\/h3>\n\n\n\n<p>O Titular dos Dados \u00e9 qualquer indiv\u00edduo vivo que seja o sujeito dos Dados Pessoais.<\/p>\n\n\n\n<h3 class=\"wp-block-heading\">Utilizador<\/h3>\n\n\n\n<p>O Utilizador \u00e9 o indiv\u00edduo que utiliza o nosso Servi\u00e7o. O Utilizador corresponde ao Sujeito dos Dados, que \u00e9 o sujeito dos Dados Pessoais.<\/p>\n\n\n\n<h2 class=\"wp-block-heading\">Recolha e utiliza\u00e7\u00e3o da informa\u00e7\u00e3o<\/h2>\n\n\n\n<p>Recolhemos v\u00e1rios tipos diferentes de informa\u00e7\u00e3o para v\u00e1rios fins a fim de fornecer e melhorar o nosso Servi\u00e7o ao cliente.<\/p>\n\n\n\n<h3 class=\"wp-block-heading\">Tipos de dados recolhidos<\/h3>\n\n\n\n<h3 class=\"wp-block-heading\">Dados pessoais<\/h3>\n\n\n\n<p>Ao utilizar o nosso Servi\u00e7o, podemos pedir-lhe que nos forne\u00e7a certas informa\u00e7\u00f5es pessoalmente identific\u00e1veis que podem ser utilizadas para o contactar ou identificar (\u00abDados Pessoais\u00bb). As informa\u00e7\u00f5es pessoalmente identific\u00e1veis podem incluir, mas n\u00e3o est\u00e3o limitadas a:<\/p>\n\n\n\n<ul class=\"wp-block-list\">\n<li>Endere\u00e7o de correio electr\u00f4nico<\/li>\n\n\n\n<li>Nome e apelido<\/li>\n\n\n\n<li>N\u00famero de telefone<\/li>\n\n\n\n<li>Endere\u00e7o, Estado, Prov\u00edncia, C\u00f3digo Postal, Cidade<\/li>\n\n\n\n<li>Cookies e dados de utiliza\u00e7\u00e3o<\/li>\n<\/ul>\n\n\n\n<p>A finalidade da recolha de dados ser\u00e1 dada em cada caso em que tais dados forem recolhidos. Poder\u00e1 optar por n\u00e3o receber qualquer, ou todas as nossas comunica\u00e7\u00f5es, seguindo a liga\u00e7\u00e3o ou instru\u00e7\u00f5es fornecidas em qualquer e-mail que enviarmos ou contactando-nos.<\/p>\n\n\n\n<h3 class=\"wp-block-heading\">Dados de utiliza\u00e7\u00e3o<\/h3>\n\n\n\n<p>Podemos tamb\u00e9m recolher informa\u00e7\u00f5es sobre como o Servi\u00e7o \u00e9 acedido e utilizado (\u00abDados de Utiliza\u00e7\u00e3o\u00bb). Estes Dados de Utiliza\u00e7\u00e3o podem incluir informa\u00e7\u00f5es como o endere\u00e7o Internet Protocol do seu computador (por exemplo, endere\u00e7o IP), tipo de navegador, vers\u00e3o do navegador, as p\u00e1ginas do nosso Servi\u00e7o que visita, a hora e data da sua visita, o tempo gasto nessas p\u00e1ginas, identificadores de dispositivos \u00fanicos e outros dados de diagn\u00f3stico.<\/p>\n\n\n\n<h3 class=\"wp-block-heading\">Cookies<\/h3>\n\n\n\n<p>Utilizamos cookies e tecnologias similares de rastreio para rastrear a atividade no nosso Servi\u00e7o e reter certas informa\u00e7\u00f5es. Os cookies s\u00e3o ficheiros com uma pequena quantidade de dados que podem incluir um identificador an\u00f3nimo \u00fanico. Os cookies s\u00e3o enviados para o seu navegador a partir de um website e armazenados no seu dispositivo. As tecnologias de rastreio tamb\u00e9m s\u00e3o utilizadas como beacons, tags e scripts para recolher e rastrear informa\u00e7\u00f5es e para melhorar e analisar o nosso Servi\u00e7o.<\/p>\n\n\n\n<p>Pode instruir o seu navegador a recusar todos os cookies ou a indicar quando um cookie est\u00e1 a ser enviado. No entanto, se n\u00e3o aceitar cookies, poder\u00e1 n\u00e3o ser poss\u00edvel utilizar algumas partes do nosso Servi\u00e7o.<\/p>\n\n\n\n<h2 class=\"wp-block-heading\">Utiliza\u00e7\u00e3o de dados<\/h2>\n\n\n\n<p>Utilizamos os dados recolhidos para diversos fins:<\/p>\n\n\n\n<ul class=\"wp-block-list\">\n<li>Para fornecer e manter o nosso servi\u00e7o<\/li>\n\n\n\n<li>Para o notificar de altera\u00e7\u00f5es ao nosso Servi\u00e7o<\/li>\n\n\n\n<li>Para fornecer apoio ao cliente<\/li>\n\n\n\n<li>Reunir an\u00e1lises ou informa\u00e7\u00f5es valiosas para que possamos melhorar o nosso servi\u00e7o<\/li>\n\n\n\n<li>Para monitorizar a utiliza\u00e7\u00e3o do nosso Servi\u00e7o<\/li>\n\n\n\n<li>Detetar, prevenir e abordar quest\u00f5es t\u00e9cnicas<\/li>\n<\/ul>\n\n\n\n<h2 class=\"wp-block-heading\">Contactar-nos<\/h2>\n\n\n\n<p>Se nos contactar atrav\u00e9s do website ou atrav\u00e9s dos endere\u00e7os de correio eletr\u00f4nico indicados no website, as informa\u00e7\u00f5es fornecidas ser\u00e3o armazenadas com o objetivo de responder ao seu pedido. Para quest\u00f5es de seguimento, os seus dados ser\u00e3o retidos durante seis meses, e n\u00e3o ser\u00e3o transmitidos a terceiros sem o seu consentimento.<\/p>\n\n\n\n<h2 class=\"wp-block-heading\">Reten\u00e7\u00e3o de dados<\/h2>\n\n\n\n<p>Conservaremos os seus Dados Pessoais apenas durante o tempo necess\u00e1rio para os fins estabelecidos na presente Pol\u00edtica de Privacidade. Conservaremos e utilizaremos os seus Dados Pessoais na medida do necess\u00e1rio para cumprir as nossas obriga\u00e7\u00f5es legais (por exemplo, se formos obrigados a conservar os seus dados para cumprir as leis aplic\u00e1veis), resolver lit\u00edgios, e fazer cumprir os nossos acordos e pol\u00edticas legais. Tamb\u00e9m reteremos os Dados de Utiliza\u00e7\u00e3o para fins de an\u00e1lise interna. Os Dados de Utiliza\u00e7\u00e3o s\u00e3o geralmente retidos por um per\u00edodo de tempo mais curto, exceto quando estes dados s\u00e3o utilizados para refor\u00e7ar a seguran\u00e7a ou para melhorar a funcionalidade do nosso Servi\u00e7o, ou quando somos legalmente obrigados a reter estes dados por per\u00edodos de tempo mais longos.<\/p>\n\n\n\n<h2 class=\"wp-block-heading\">Os seus direitos<\/h2>\n\n\n\n<p>O nosso objetivo \u00e9 tomar medidas razo\u00e1veis para lhe permitir corrigir, alterar, apagar, ou limitar a utiliza\u00e7\u00e3o dos seus Dados Pessoais. Sempre que poss\u00edvel, poder\u00e1 atualizar os seus Dados Pessoais diretamente na sec\u00e7\u00e3o de defini\u00e7\u00f5es da sua conta. Se n\u00e3o for poss\u00edvel alterar os seus Dados Pessoais, queira contactar-nos para fazer as altera\u00e7\u00f5es necess\u00e1rias. Reclama\u00e7\u00f5es sobre viola\u00e7\u00f5es dos seus direitos relacionados com a privacidade dos dados podem ser dirigidas \u00e0 autoridade de prote\u00e7\u00e3o de dados. Para Portugal, esta \u00e9 a Comiss\u00e3o Nacional de Prote\u00e7\u00e3o de Dados.<\/p>\n\n\n\n<h2 class=\"wp-block-heading\">Prestadores de servi\u00e7os<\/h2>\n\n\n\n<p>Podemos empregar empresas e indiv\u00edduos terceiros para facilitar o nosso Servi\u00e7o (\u00abPrestadores de Servi\u00e7os\u00bb), para fornecer o Servi\u00e7o em nosso nome, para executar servi\u00e7os relacionados com o Servi\u00e7o ou para nos ajudar a analisar a forma como o nosso Servi\u00e7o \u00e9 utilizado. Estes terceiros t\u00eam acesso aos seus Dados Pessoais apenas para realizar estas tarefas em nosso nome e s\u00e3o obrigados a n\u00e3o os divulgar ou utilizar para qualquer outro fim.<\/p>\n\n\n<h3>Web Analytics<\/h3>\n<p>Este s\u00edtio usa o seu pr\u00f3prio servi\u00e7o para an\u00e1lise da web. Este servi\u00e7o n\u00e3o utiliza quaisquer dados pessoais. Nenhum dado \u00e9 lido ou armazenado no dispositivo do visitante do s\u00edtio web. O endere\u00e7o IP do visitante do s\u00edtio web \u00e9 an\u00f3nimo. N\u00e3o \u00e9 poss\u00edvel identificar o visitante do s\u00edtio web depois de visitar o s\u00edtio web. Os cookies n\u00e3o s\u00e3o definidos; quaisquer cookies que possam existir s\u00e3o transmitidos como uma necessidade t\u00e9cnica mas n\u00e3o s\u00e3o utilizados.<\/p>\n<p>A an\u00e1lise da Web permite ao operador do website registar e analisar a forma como os visitantes do website utilizam este website. Para este fim, o operador do s\u00edtio recebe dados de utiliza\u00e7\u00e3o diversos, tais como tempo de utiliza\u00e7\u00e3o, visualiza\u00e7\u00e3o de p\u00e1ginas, tempo de perman\u00eancia, sistemas operativos, ou resolu\u00e7\u00e3o de ecr\u00e3. Tamb\u00e9m \u00e9 poss\u00edvel registar se os visitantes do s\u00edtio Web realizam determinadas ac\u00e7\u00f5es, tais como cliques ou compras.<\/p>\n<h3>Hospedagem<\/h3>\n<p>Os dados de an\u00e1lise an\u00f3nimos s\u00e3o transferidos para o Google Analytics sem a utiliza\u00e7\u00e3o de dados pessoais do visitante do website. L\u00e1, s\u00e3o geralmente armazenados num servidor Google nos EUA. O fornecedor \u00e9 Google Ireland Limited (\u00abGoogle\u00bb), Gordon House, Barrow Street, Dublin 4, Irlanda. A cria\u00e7\u00e3o de perfis ou um link para outras fontes n\u00e3o \u00e9 poss\u00edvel como resultado destes dados de an\u00e1lise an\u00f3nimos.<br \/>Consulte a pol\u00edtica de privacidade da Google para obter informa\u00e7\u00f5es sobre o tratamento de dados dos utilizadores no Google Analytics: <a title=\"https:\/\/support.google.com\/analytics\/answer\/6004245?hl=en\" href=\"https:\/\/support.google.com\/analytics\/answer\/6004245?hl=en\" target=\"_blank\" rel=\"nofollow noopener\">https:\/\/support.google.com\/analytics\/answer\/6004245?hl=en<\/a>.<\/p>\n<h3>Objec\u00e7\u00e3o \u00e0 recolha de dados<\/h3>\n<p>Pode bloquear a recolha dos seus dados clicando na seguinte liga\u00e7\u00e3o:<a title=\" Optar por n\u00e3o recolher dados \"> Optar por n\u00e3o recolher dados <\/a>. <br \/>Ser\u00e1 criado um cookie de auto-exclus\u00e3o. Este cookie impedir\u00e1 a recolha dos seus dados durante futuras visitas a este website, utilizando o seu browser actual.<\/p>\n\n\n<p><\/p>\n\n\n\n<h2 class=\"wp-block-heading\">Altera\u00e7\u00f5es a esta Pol\u00edtica de Privacidade<\/h2>\n\n\n\n<p>Podemos atualizar a nossa Pol\u00edtica de Privacidade de tempos a tempos. Notific\u00e1-lo-emos de quaisquer altera\u00e7\u00f5es, colocando a nova Pol\u00edtica de Privacidade nesta p\u00e1gina. Aconselhamos o utilizador a rever periodicamente esta Pol\u00edtica de Privacidade para quaisquer altera\u00e7\u00f5es. As altera\u00e7\u00f5es a esta Pol\u00edtica de Privacidade s\u00e3o efetivas quando s\u00e3o afixadas nesta p\u00e1gina.<\/p>\n\n\n\n<h2 class=\"wp-block-heading\">Contacte-nos<\/h2>\n\n\n\n<p>Se tiver alguma quest\u00e3o sobre esta Pol\u00edtica de Privacidade, por favor contacte-nos por e-mail: geral@klinger.pt <\/p>\n\n\n\n<h2 class=\"wp-block-heading\">Cookies<\/h2>\n\n\n\n<p>O website da KLINGER Portugal utiliza cookies. Os cookies s\u00e3o ficheiros de texto que s\u00e3o guardados e armazenados num sistema inform\u00e1tico atrav\u00e9s de um navegador de Internet.<\/p>\n\n\n\n<p>Muitos websites e servidores utilizam cookies. Muitos cookies cont\u00eam a chamada ID do cookie. Um ID de cookie \u00e9 um identificador \u00fanico do cookie. Consiste numa cadeia atrav\u00e9s da qual p\u00e1ginas web e servidores podem ser atribu\u00eddos ao browser espec\u00edfico da Internet em que o cookie foi armazenado. Isto permite aos websites e servidores visitados distinguir o browser da pessoa de outros browsers da Internet que contenham outros cookies. Um determinado navegador da Internet pode ser reconhecido e identificado pela identifica\u00e7\u00e3o \u00fanica do cookie.<\/p>\n\n\n\n<p>Ao utilizar cookies, a KLINGER Portugal pode fornecer aos utilizadores deste website servi\u00e7os mais f\u00e1ceis de utilizar que n\u00e3o seriam poss\u00edveis sem a configura\u00e7\u00e3o do cookie.<\/p>\n\n\n\n<p>Atrav\u00e9s de um cookie, as informa\u00e7\u00f5es e ofertas no nosso s\u00edtio web podem ser otimizadas em nome do utilizador. Os cookies permitem-nos, como j\u00e1 foi mencionado, reconhecer os utilizadores do nosso s\u00edtio web. O objectivo deste reconhecimento \u00e9 facilitar aos utilizadores a utiliza\u00e7\u00e3o do nosso s\u00edtio web. Por exemplo, o utilizador de um website que utiliza cookies n\u00e3o precisa de introduzir novamente as suas credenciais cada vez que visita o website, porque isto \u00e9 feito pelo website e pelo cookie armazenado no sistema inform\u00e1tico do utilizador. Outro exemplo \u00e9 o cookie de um carrinho de compras na loja online. A loja online lembra-se dos artigos que um cliente colocou no carrinho de compras virtual atrav\u00e9s de um cookie.<\/p>\n\n\n\n<p>O sujeito dos dados pode impedir a defini\u00e7\u00e3o de cookies atrav\u00e9s do nosso website em qualquer altura, atrav\u00e9s de uma configura\u00e7\u00e3o correspondente do browser de Internet utilizado e, assim, contradizer permanentemente a defini\u00e7\u00e3o de cookies. Al\u00e9m disso, os cookies j\u00e1 definidos podem ser eliminados a qualquer momento atrav\u00e9s de um browser de Internet ou de outros programas de software. Isto \u00e9 poss\u00edvel em todos os navegadores de Internet comuns. Se o sujeito dos dados desactivar a defini\u00e7\u00e3o de cookies no browser de Internet utilizado, nem todas as fun\u00e7\u00f5es do nosso website poder\u00e3o ser totalmente utiliz\u00e1veis.<\/p>\n\n\n\n<h3 class=\"wp-block-heading\">Cookies essenciais<\/h3>\n\n\n\n<p>Estes cookies s\u00e3o obrigat\u00f3rios para que os websites e as suas fun\u00e7\u00f5es funcionem correctamente. Sem estes cookies, por exemplo, servi\u00e7os como os nossos formul\u00e1rios n\u00e3o podem ser fornecidos.<\/p>\n\n\n\n<figure class=\"wp-block-table\"><table><tbody><tr><td><strong>Categoria<\/strong><\/td><td><strong>Designa\u00e7\u00e3o<\/strong><\/td><td><strong>Terceira parte<\/strong><\/td><td><strong>Tipo<\/strong><\/td><td><strong>Descri\u00e7\u00e3o<\/strong><\/td><\/tr><tr><td>Essencial<\/td><td>PHPSESSID<\/td><td>&nbsp;<\/td><td>sess\u00e3o<\/td><td>Este cookie n\u00e3o armazena nenhuma informa\u00e7\u00e3o pessoal mas apenas um valor \u00fanico para reconhecer novamente o seu navegador \/ dispositivo durante a sess\u00e3o actual do navegador.<\/td><\/tr><\/tbody><\/table><\/figure>\n","protected":false},"excerpt":{"rendered":"<p>Pol\u00edtica de Privacidade A confian\u00e7a \u00e9 importante, especialmente quando se trata dos seus dados pessoais. \u00c9 por isso que consideramos ser nossa obriga\u00e7\u00e3o exercer o maior cuidado no tratamento dos seus dados pessoais e fazer tudo o que estiver ao nosso alcance para proteger as suas informa\u00e7\u00f5es de utiliza\u00e7\u00e3o indevida. A KLINGER Portugal gere o [&hellip;]<\/p>\n","protected":false},"author":1,"featured_media":38098,"parent":0,"menu_order":0,"comment_status":"closed","ping_status":"closed","template":"page-templates\/productos.php","meta":{"_eb_attr":"","footnotes":""},"class_list":["post-1366","page","type-page","status-publish","has-post-thumbnail","hentry"],"aioseo_notices":[],"_links":{"self":[{"href":"https:\/\/klinger.pt\/es\/wp-json\/wp\/v2\/pages\/1366","targetHints":{"allow":["GET"]}}],"collection":[{"href":"https:\/\/klinger.pt\/es\/wp-json\/wp\/v2\/pages"}],"about":[{"href":"https:\/\/klinger.pt\/es\/wp-json\/wp\/v2\/types\/page"}],"author":[{"embeddable":true,"href":"https:\/\/klinger.pt\/es\/wp-json\/wp\/v2\/users\/1"}],"replies":[{"embeddable":true,"href":"https:\/\/klinger.pt\/es\/wp-json\/wp\/v2\/comments?post=1366"}],"version-history":[{"count":11,"href":"https:\/\/klinger.pt\/es\/wp-json\/wp\/v2\/pages\/1366\/revisions"}],"predecessor-version":[{"id":46623,"href":"https:\/\/klinger.pt\/es\/wp-json\/wp\/v2\/pages\/1366\/revisions\/46623"}],"wp:featuredmedia":[{"embeddable":true,"href":"https:\/\/klinger.pt\/es\/wp-json\/wp\/v2\/media\/38098"}],"wp:attachment":[{"href":"https:\/\/klinger.pt\/es\/wp-json\/wp\/v2\/media?parent=1366"}],"curies":[{"name":"wp","href":"https:\/\/api.w.org\/{rel}","templated":true}]}}