{"id":13333,"date":"2022-03-21T19:28:28","date_gmt":"2022-03-21T19:28:28","guid":{"rendered":"https:\/\/m5j0n6nk9p.onrocket.site\/?p=13333"},"modified":"2023-03-16T10:46:59","modified_gmt":"2023-03-16T10:46:59","slug":"misturador-estatico-alta-viscosidade","status":"publish","type":"page","link":"https:\/\/klinger.pt\/es\/produtos\/bombas-e-agitacao\/agitacao-mistura\/misturadores-estaticos\/misturador-estatico-alta-viscosidade\/","title":{"rendered":"MISTURADOR EST\u00c1TICO ALTA VISCOSIDADE"},"content":{"rendered":"\t\t<div data-elementor-type=\"wp-post\" data-elementor-id=\"13333\" class=\"elementor elementor-13333\">\n\t\t\t\t\t\t<section class=\"elementor-section elementor-top-section elementor-element elementor-element-d7ceeb2 elementor-section-boxed elementor-section-height-default elementor-section-height-default\" data-id=\"d7ceeb2\" data-element_type=\"section\" data-e-type=\"section\">\n\t\t\t\t\t\t<div class=\"elementor-container elementor-column-gap-default\">\n\t\t\t\t\t<div class=\"elementor-column elementor-col-100 elementor-top-column elementor-element elementor-element-54065de\" data-id=\"54065de\" data-element_type=\"column\" data-e-type=\"column\">\n\t\t\t<div class=\"elementor-widget-wrap elementor-element-populated\">\n\t\t\t\t\t\t<div class=\"elementor-element elementor-element-11dbc12 elementor-widget elementor-widget-breadcrumbs\" data-id=\"11dbc12\" data-element_type=\"widget\" data-e-type=\"widget\" data-widget_type=\"breadcrumbs.default\">\n\t\t\t\t<div class=\"elementor-widget-container\">\n\t\t\t\t\t \t\t\t\t<\/div>\n\t\t\t\t<\/div>\n\t\t\t\t\t<\/div>\n\t\t<\/div>\n\t\t\t\t\t<\/div>\n\t\t<\/section>\n\t\t\t\t<section class=\"elementor-section elementor-top-section elementor-element elementor-element-9567a55 elementor-section-stretched elementor-section-boxed elementor-section-height-default elementor-section-height-default\" data-id=\"9567a55\" data-element_type=\"section\" data-e-type=\"section\" data-settings=\"{&quot;stretch_section&quot;:&quot;section-stretched&quot;}\">\n\t\t\t\t\t\t<div class=\"elementor-container elementor-column-gap-no\">\n\t\t\t\t\t<div class=\"elementor-column elementor-col-33 elementor-top-column elementor-element elementor-element-3b46fc6\" data-id=\"3b46fc6\" data-element_type=\"column\" data-e-type=\"column\">\n\t\t\t<div class=\"elementor-widget-wrap elementor-element-populated\">\n\t\t\t\t\t\t<div class=\"elementor-element elementor-element-bf5b7c2 elementor-widget elementor-widget-image\" data-id=\"bf5b7c2\" data-element_type=\"widget\" data-e-type=\"widget\" data-widget_type=\"image.default\">\n\t\t\t\t<div class=\"elementor-widget-container\">\n\t\t\t\t\t\t\t\t\t\t\t\t\t\t\t<img fetchpriority=\"high\" decoding=\"async\" width=\"500\" height=\"500\" src=\"https:\/\/klinger.pt\/wp-content\/uploads\/2022\/03\/HIGH-VISCOSITY-STATIC-MIXER.webp\" class=\"attachment-full size-full wp-image-13112\" alt=\"HIGH VISCOSITY STATIC MIXER\" srcset=\"https:\/\/klinger.pt\/wp-content\/uploads\/2022\/03\/HIGH-VISCOSITY-STATIC-MIXER.webp 500w, https:\/\/klinger.pt\/wp-content\/uploads\/2022\/03\/HIGH-VISCOSITY-STATIC-MIXER-300x300.webp 300w, https:\/\/klinger.pt\/wp-content\/uploads\/2022\/03\/HIGH-VISCOSITY-STATIC-MIXER-150x150.webp 150w\" sizes=\"(max-width: 500px) 100vw, 500px\" \/>\t\t\t\t\t\t\t\t\t\t\t\t\t\t\t<\/div>\n\t\t\t\t<\/div>\n\t\t\t\t\t<\/div>\n\t\t<\/div>\n\t\t\t\t<div class=\"elementor-column elementor-col-33 elementor-top-column elementor-element elementor-element-bedffa7\" data-id=\"bedffa7\" data-element_type=\"column\" data-e-type=\"column\">\n\t\t\t<div class=\"elementor-widget-wrap elementor-element-populated\">\n\t\t\t\t\t\t<div class=\"elementor-element elementor-element-a04a5d4 elementor-widget elementor-widget-heading\" data-id=\"a04a5d4\" data-element_type=\"widget\" data-e-type=\"widget\" data-widget_type=\"heading.default\">\n\t\t\t\t<div class=\"elementor-widget-container\">\n\t\t\t\t\t<h1 class=\"elementor-heading-title elementor-size-default\">HIGH VISCOSITY STATIC MIXER<\/h1>\t\t\t\t<\/div>\n\t\t\t\t<\/div>\n\t\t\t\t<div class=\"elementor-element elementor-element-8e4e152 elementor-widget elementor-widget-text-editor\" data-id=\"8e4e152\" data-element_type=\"widget\" data-e-type=\"widget\" data-widget_type=\"text-editor.default\">\n\t\t\t\t<div class=\"elementor-widget-container\">\n\t\t\t\t\t\t\t\t\tPrecision machined mixers with high surface finish and edge sealed\nelements for high temperatures and pressures, polymer processing,\nthermal homogenisation and melt extrusion. Available in carbon steel, stainless steels and exotic alloys if required.\nMaterials to suit your requirements\n\n<br><br>\u00bb Market-leading mixing element designs\n<br>Supplied with fixed STL elements, with adjustable element geometry to meet your specific maximum headloss or maximum overall length requirements.\n\n<br><br>\u00bb Available for all pipe sizes\n<br>Diameters from as small as DN15 (1\/2\u201d) up to DN150 (6\u201d)\n\n<br><br>\u00bb Superior mixture qualities achievable\n\n<br>Designed to achieve a Coefficient of Variation (CoV) of 0.05 or less by the\ndischarge of the mixing elements for miscible systems \u2013 meaning you can\ntake a representative sample at the downstream end of the mixer.\n\n<br><br>\u00bb Accessories to complement\n<br>Available with optional injection\/sample connections and heating\/cooling\njackets.\n\n<br><br>\u00bb Materials to suit your requirements\n<br>Stainless steel, carbon steel, Alloy C276, Dulplex\/Super Duplex, Inconel or\nany other commercially available material.\t\t\t\t\t\t\t\t<\/div>\n\t\t\t\t<\/div>\n\t\t\t\t\t<\/div>\n\t\t<\/div>\n\t\t\t\t<div class=\"elementor-column elementor-col-33 elementor-top-column elementor-element elementor-element-5af43cd\" data-id=\"5af43cd\" data-element_type=\"column\" data-e-type=\"column\">\n\t\t\t<div class=\"elementor-widget-wrap\">\n\t\t\t\t\t\t\t<\/div>\n\t\t<\/div>\n\t\t\t\t\t<\/div>\n\t\t<\/section>\n\t\t\t\t<\/div>\n\t\t","protected":false},"excerpt":{"rendered":"<p>MISTURADOR EST\u00c1TICO ALTA VISCOSIDADE Misturador Est\u00e1tico Alta Viscosidade usinado de precis\u00e3o com alto acabamento superficial e elementos selados nas bordas para altas temperaturas e press\u00f5es, processamento de pol\u00edmeros, homogeneiza\u00e7\u00e3o t\u00e9rmica e extrus\u00e3o por fus\u00e3o. Dispon\u00edvel em a\u00e7o carbono, a\u00e7os inoxid\u00e1veis \u200b\u200be ligas ex\u00f3ticas, se necess\u00e1rio. DESIGNS DE ELEMENTOS DE MISTURA L\u00cdDERES DE MERCADO Fornecido com [&hellip;]<\/p>\n","protected":false},"author":1,"featured_media":0,"parent":27402,"menu_order":87,"comment_status":"closed","ping_status":"closed","template":"page-templates\/servicios.php","meta":{"_eb_attr":"","footnotes":""},"class_list":["post-13333","page","type-page","status-publish","hentry"],"aioseo_notices":[],"_links":{"self":[{"href":"https:\/\/klinger.pt\/es\/wp-json\/wp\/v2\/pages\/13333","targetHints":{"allow":["GET"]}}],"collection":[{"href":"https:\/\/klinger.pt\/es\/wp-json\/wp\/v2\/pages"}],"about":[{"href":"https:\/\/klinger.pt\/es\/wp-json\/wp\/v2\/types\/page"}],"author":[{"embeddable":true,"href":"https:\/\/klinger.pt\/es\/wp-json\/wp\/v2\/users\/1"}],"replies":[{"embeddable":true,"href":"https:\/\/klinger.pt\/es\/wp-json\/wp\/v2\/comments?post=13333"}],"version-history":[{"count":2,"href":"https:\/\/klinger.pt\/es\/wp-json\/wp\/v2\/pages\/13333\/revisions"}],"predecessor-version":[{"id":39467,"href":"https:\/\/klinger.pt\/es\/wp-json\/wp\/v2\/pages\/13333\/revisions\/39467"}],"up":[{"embeddable":true,"href":"https:\/\/klinger.pt\/es\/wp-json\/wp\/v2\/pages\/27402"}],"wp:attachment":[{"href":"https:\/\/klinger.pt\/es\/wp-json\/wp\/v2\/media?parent=13333"}],"curies":[{"name":"wp","href":"https:\/\/api.w.org\/{rel}","templated":true}]}}