{"id":13316,"date":"2022-03-21T19:28:46","date_gmt":"2022-03-21T19:28:46","guid":{"rendered":"https:\/\/m5j0n6nk9p.onrocket.site\/?p=13316"},"modified":"2023-07-13T09:04:39","modified_gmt":"2023-07-13T08:04:39","slug":"misturador-estatico-tratamento-de-aguas","status":"publish","type":"page","link":"https:\/\/klinger.pt\/es\/produtos\/bombas-e-agitacao\/agitacao-mistura\/misturadores-estaticos\/misturador-estatico-tratamento-de-aguas\/","title":{"rendered":"MISTURADOR EST\u00c1TICO TRATAMENTO DE \u00c1GUAS"},"content":{"rendered":"\t\t<div data-elementor-type=\"wp-post\" data-elementor-id=\"13316\" class=\"elementor elementor-13316\">\n\t\t\t\t\t\t<section class=\"elementor-section elementor-top-section elementor-element elementor-element-ae6d1d9 elementor-section-boxed elementor-section-height-default elementor-section-height-default\" data-id=\"ae6d1d9\" data-element_type=\"section\" data-e-type=\"section\">\n\t\t\t\t\t\t<div class=\"elementor-container elementor-column-gap-default\">\n\t\t\t\t\t<div class=\"elementor-column elementor-col-100 elementor-top-column elementor-element elementor-element-3e46969\" data-id=\"3e46969\" data-element_type=\"column\" data-e-type=\"column\">\n\t\t\t<div class=\"elementor-widget-wrap elementor-element-populated\">\n\t\t\t\t\t\t<div class=\"elementor-element elementor-element-ddc22c9 elementor-widget elementor-widget-breadcrumbs\" data-id=\"ddc22c9\" data-element_type=\"widget\" data-e-type=\"widget\" data-widget_type=\"breadcrumbs.default\">\n\t\t\t\t<div class=\"elementor-widget-container\">\n\t\t\t\t\t \t\t\t\t<\/div>\n\t\t\t\t<\/div>\n\t\t\t\t\t<\/div>\n\t\t<\/div>\n\t\t\t\t\t<\/div>\n\t\t<\/section>\n\t\t\t\t<section class=\"elementor-section elementor-top-section elementor-element elementor-element-8f772c8 elementor-section-stretched elementor-section-boxed elementor-section-height-default elementor-section-height-default\" data-id=\"8f772c8\" data-element_type=\"section\" data-e-type=\"section\" data-settings=\"{&quot;stretch_section&quot;:&quot;section-stretched&quot;}\">\n\t\t\t\t\t\t<div class=\"elementor-container elementor-column-gap-no\">\n\t\t\t\t\t<div class=\"elementor-column elementor-col-33 elementor-top-column elementor-element elementor-element-a51a2b0\" data-id=\"a51a2b0\" data-element_type=\"column\" data-e-type=\"column\">\n\t\t\t<div class=\"elementor-widget-wrap elementor-element-populated\">\n\t\t\t\t\t\t<div class=\"elementor-element elementor-element-6a35ba8 elementor-widget elementor-widget-image\" data-id=\"6a35ba8\" data-element_type=\"widget\" data-e-type=\"widget\" data-widget_type=\"image.default\">\n\t\t\t\t<div class=\"elementor-widget-container\">\n\t\t\t\t\t\t\t\t\t\t\t\t\t\t\t<img fetchpriority=\"high\" decoding=\"async\" width=\"500\" height=\"500\" src=\"https:\/\/klinger.pt\/wp-content\/uploads\/2022\/03\/WATER-TREATMENT-STATIC-MIXER.webp\" class=\"attachment-full size-full wp-image-13118\" alt=\"WATER TREATMENT STATIC MIXER\" srcset=\"https:\/\/klinger.pt\/wp-content\/uploads\/2022\/03\/WATER-TREATMENT-STATIC-MIXER.webp 500w, https:\/\/klinger.pt\/wp-content\/uploads\/2022\/03\/WATER-TREATMENT-STATIC-MIXER-300x300.webp 300w, https:\/\/klinger.pt\/wp-content\/uploads\/2022\/03\/WATER-TREATMENT-STATIC-MIXER-150x150.webp 150w\" sizes=\"(max-width: 500px) 100vw, 500px\" \/>\t\t\t\t\t\t\t\t\t\t\t\t\t\t\t<\/div>\n\t\t\t\t<\/div>\n\t\t\t\t\t<\/div>\n\t\t<\/div>\n\t\t\t\t<div class=\"elementor-column elementor-col-33 elementor-top-column elementor-element elementor-element-11d1a7b\" data-id=\"11d1a7b\" data-element_type=\"column\" data-e-type=\"column\">\n\t\t\t<div class=\"elementor-widget-wrap elementor-element-populated\">\n\t\t\t\t\t\t<div class=\"elementor-element elementor-element-d496df5 elementor-widget elementor-widget-heading\" data-id=\"d496df5\" data-element_type=\"widget\" data-e-type=\"widget\" data-widget_type=\"heading.default\">\n\t\t\t\t<div class=\"elementor-widget-container\">\n\t\t\t\t\t<h1 class=\"elementor-heading-title elementor-size-default\">WATER TREATMENT STATIC MIXER<\/h1>\t\t\t\t<\/div>\n\t\t\t\t<\/div>\n\t\t\t\t<div class=\"elementor-element elementor-element-adf6b2d elementor-widget elementor-widget-text-editor\" data-id=\"adf6b2d\" data-element_type=\"widget\" data-e-type=\"widget\" data-widget_type=\"text-editor.default\">\n\t\t\t\t<div class=\"elementor-widget-container\">\n\t\t\t\t\t\t\t\t\tStatiflo Inline Static Mixers suitable for the water and wastewater treatment industries supplied with fixed mixing elements.\nFlanged or plain ended for VJ couplings with screwed end connections\navailable for smaller sizes.\n\nOptional injectors and sampling points.\n\nGenerally supplied in all stainless steel but for large diameters epoxy\ncoated carbon steel is available for increased cost effectiveness.<br>\n\n<br><br>\u00bb Market-leading mixing element designs.\n<br>Supplied with fixed STL elements (Series 600) or fixed STM elements\n(Series 650), with adjustable element geometry to meet your specific\nmaximum headloss or maximum overall length requirements.\n\n<br><br>\u00bb Available for all pipe sizes\n<br>Diameters from as small as DN15 (1\/2\u201d) with no theoretical upper limit.\n\n<br><br>\u00bb Superior mixture qualities achievable\n<br>Designed to achieve a Coefficient of Variation (CoV) of 0.05 or less by the\ndischarge of the mixing elements \u2013 meaning you can take a representative\nsample at the downstream end of the mixer.\n\n<br><br>\u00bb Accessories to complement\n<br>Available with optional Statiflo Chemical Dosing Lances to fine tune the mixing performance.\n\n<br><br>\u00bb Materials to suit your requirements\n<br>Stainless steel, epoxy coated carbon steel, Alloy C276 or any other\nATTACHMENTS commercially available material.\t\t\t\t\t\t\t\t<\/div>\n\t\t\t\t<\/div>\n\t\t\t\t\t<\/div>\n\t\t<\/div>\n\t\t\t\t<div class=\"elementor-column elementor-col-33 elementor-top-column elementor-element elementor-element-d1e1aa3\" data-id=\"d1e1aa3\" data-element_type=\"column\" data-e-type=\"column\">\n\t\t\t<div class=\"elementor-widget-wrap\">\n\t\t\t\t\t\t\t<\/div>\n\t\t<\/div>\n\t\t\t\t\t<\/div>\n\t\t<\/section>\n\t\t\t\t<\/div>\n\t\t","protected":false},"excerpt":{"rendered":"<p>MISTURADOR EST\u00c1TICO TRATAMENTO DE \u00c1GUAS O Misturador Est\u00e1tico Tratamento de \u00c1guas em linha Statiflo \u00e9 adequados para as ind\u00fastrias de tratamento de \u00e1gua e efluentes fornecidos com elementos de mistura fixos. Flangeadas ou planas para acoplamentos VJ com conex\u00f5es de extremidade aparafusadas dispon\u00edveis para tamanhos menores. Injetores opcionais e pontos de amostragem. Geralmente fornecido em [&hellip;]<\/p>\n","protected":false},"author":1,"featured_media":0,"parent":27402,"menu_order":88,"comment_status":"closed","ping_status":"closed","template":"page-templates\/servicios.php","meta":{"_eb_attr":"","footnotes":""},"class_list":["post-13316","page","type-page","status-publish","hentry"],"aioseo_notices":[],"_links":{"self":[{"href":"https:\/\/klinger.pt\/es\/wp-json\/wp\/v2\/pages\/13316","targetHints":{"allow":["GET"]}}],"collection":[{"href":"https:\/\/klinger.pt\/es\/wp-json\/wp\/v2\/pages"}],"about":[{"href":"https:\/\/klinger.pt\/es\/wp-json\/wp\/v2\/types\/page"}],"author":[{"embeddable":true,"href":"https:\/\/klinger.pt\/es\/wp-json\/wp\/v2\/users\/1"}],"replies":[{"embeddable":true,"href":"https:\/\/klinger.pt\/es\/wp-json\/wp\/v2\/comments?post=13316"}],"version-history":[{"count":3,"href":"https:\/\/klinger.pt\/es\/wp-json\/wp\/v2\/pages\/13316\/revisions"}],"predecessor-version":[{"id":44232,"href":"https:\/\/klinger.pt\/es\/wp-json\/wp\/v2\/pages\/13316\/revisions\/44232"}],"up":[{"embeddable":true,"href":"https:\/\/klinger.pt\/es\/wp-json\/wp\/v2\/pages\/27402"}],"wp:attachment":[{"href":"https:\/\/klinger.pt\/es\/wp-json\/wp\/v2\/media?parent=13316"}],"curies":[{"name":"wp","href":"https:\/\/api.w.org\/{rel}","templated":true}]}}