{"id":13296,"date":"2022-03-21T19:29:22","date_gmt":"2022-03-21T19:29:22","guid":{"rendered":"https:\/\/m5j0n6nk9p.onrocket.site\/?p=13296"},"modified":"2023-02-27T09:53:33","modified_gmt":"2023-02-27T09:53:33","slug":"misturador-estatico-grp-frp","status":"publish","type":"page","link":"https:\/\/klinger.pt\/es\/produtos\/bombas-e-agitacao\/agitacao-mistura\/misturadores-estaticos\/misturador-estatico-grp-frp\/","title":{"rendered":"MISTURADOR EST\u00c1TICO GRP\/FRP"},"content":{"rendered":"\t\t<div data-elementor-type=\"wp-post\" data-elementor-id=\"13296\" class=\"elementor elementor-13296\">\n\t\t\t\t\t\t<section class=\"elementor-section elementor-top-section elementor-element elementor-element-3dae8ce elementor-section-boxed elementor-section-height-default elementor-section-height-default\" data-id=\"3dae8ce\" data-element_type=\"section\" data-e-type=\"section\">\n\t\t\t\t\t\t<div class=\"elementor-container elementor-column-gap-default\">\n\t\t\t\t\t<div class=\"elementor-column elementor-col-100 elementor-top-column elementor-element elementor-element-6167e10\" data-id=\"6167e10\" data-element_type=\"column\" data-e-type=\"column\">\n\t\t\t<div class=\"elementor-widget-wrap elementor-element-populated\">\n\t\t\t\t\t\t<div class=\"elementor-element elementor-element-5063fe1 elementor-widget elementor-widget-breadcrumbs\" data-id=\"5063fe1\" data-element_type=\"widget\" data-e-type=\"widget\" data-widget_type=\"breadcrumbs.default\">\n\t\t\t\t<div class=\"elementor-widget-container\">\n\t\t\t\t\t \t\t\t\t<\/div>\n\t\t\t\t<\/div>\n\t\t\t\t\t<\/div>\n\t\t<\/div>\n\t\t\t\t\t<\/div>\n\t\t<\/section>\n\t\t\t\t<section class=\"elementor-section elementor-top-section elementor-element elementor-element-36e0e00 elementor-section-stretched elementor-section-boxed elementor-section-height-default elementor-section-height-default\" data-id=\"36e0e00\" data-element_type=\"section\" data-e-type=\"section\" data-settings=\"{&quot;stretch_section&quot;:&quot;section-stretched&quot;}\">\n\t\t\t\t\t\t<div class=\"elementor-container elementor-column-gap-no\">\n\t\t\t\t\t<div class=\"elementor-column elementor-col-33 elementor-top-column elementor-element elementor-element-6ccbab6\" data-id=\"6ccbab6\" data-element_type=\"column\" data-e-type=\"column\">\n\t\t\t<div class=\"elementor-widget-wrap elementor-element-populated\">\n\t\t\t\t\t\t<div class=\"elementor-element elementor-element-7afac84 elementor-widget elementor-widget-image\" data-id=\"7afac84\" data-element_type=\"widget\" data-e-type=\"widget\" data-widget_type=\"image.default\">\n\t\t\t\t<div class=\"elementor-widget-container\">\n\t\t\t\t\t\t\t\t\t\t\t\t\t\t\t<img fetchpriority=\"high\" decoding=\"async\" width=\"500\" height=\"500\" src=\"https:\/\/klinger.pt\/wp-content\/uploads\/2022\/03\/GRP-FRP-STATIC-MIXER-Milton-Roy.webp\" class=\"attachment-full size-full wp-image-13111\" alt=\"GRP FRP STATIC MIXER\" srcset=\"https:\/\/klinger.pt\/wp-content\/uploads\/2022\/03\/GRP-FRP-STATIC-MIXER-Milton-Roy.webp 500w, https:\/\/klinger.pt\/wp-content\/uploads\/2022\/03\/GRP-FRP-STATIC-MIXER-Milton-Roy-300x300.webp 300w, https:\/\/klinger.pt\/wp-content\/uploads\/2022\/03\/GRP-FRP-STATIC-MIXER-Milton-Roy-150x150.webp 150w\" sizes=\"(max-width: 500px) 100vw, 500px\" \/>\t\t\t\t\t\t\t\t\t\t\t\t\t\t\t<\/div>\n\t\t\t\t<\/div>\n\t\t\t\t\t<\/div>\n\t\t<\/div>\n\t\t\t\t<div class=\"elementor-column elementor-col-33 elementor-top-column elementor-element elementor-element-2b19aa7\" data-id=\"2b19aa7\" data-element_type=\"column\" data-e-type=\"column\">\n\t\t\t<div class=\"elementor-widget-wrap elementor-element-populated\">\n\t\t\t\t\t\t<div class=\"elementor-element elementor-element-bb63e3d elementor-widget elementor-widget-heading\" data-id=\"bb63e3d\" data-element_type=\"widget\" data-e-type=\"widget\" data-widget_type=\"heading.default\">\n\t\t\t\t<div class=\"elementor-widget-container\">\n\t\t\t\t\t<h1 class=\"elementor-heading-title elementor-size-default\">GRP\/FRP STATIC MIXER<\/h1>\t\t\t\t<\/div>\n\t\t\t\t<\/div>\n\t\t\t\t<div class=\"elementor-element elementor-element-46ab79a elementor-widget elementor-widget-text-editor\" data-id=\"46ab79a\" data-element_type=\"widget\" data-e-type=\"widget\" data-widget_type=\"text-editor.default\">\n\t\t\t\t<div class=\"elementor-widget-container\">\n\t\t\t\t\t\t\t\t\tCorrosion resistant GRP\/FRP, large diameter (+250mm) mixers with fixed\nelements for corrosive applications in the water, wastewater, desalination\nand pulp &amp; paper industries. Flanges supplied as standard and available\nwith optional injectors and sample points.\n\n<br><br>\u00bb Market-leading mixing element designs\n\n<br>Supplied with fixed STL elements (Series 500) or fixed STM elements\n(Series 550), with adjustable element geometry to meet your specific\nmaximum headloss or maximum overall length requirements.\n\n\n<br><br>\u00bb Available for all pipe sizes\n\n<br>Diameters from as small as DN250 (10\u201d) with no theoretical upper limit.\n\n\n<br><br>\u00bb Superior mixture qualities achievable\n\n<br>Designed to achieve a Coefficient of Variation (CoV) of 0.05 or less by the\ndischarge of the mixing elements for miscible systems \u2013 meaning you can\ntake a representative sample at the downstream end of the mixer.\n\n\n<br><br>\u00bb Accessories to complement\n\n<br>Available with optional injection lances and\/or sample branches.\n\n<br><br>\u00bb Materials to suit your requirements\n\n<br>Supplied in GRP\/FRP for corrosive duties including seawater applications\nand desalination.\t\t\t\t\t\t\t\t<\/div>\n\t\t\t\t<\/div>\n\t\t\t\t\t<\/div>\n\t\t<\/div>\n\t\t\t\t<div class=\"elementor-column elementor-col-33 elementor-top-column elementor-element elementor-element-7890a3a\" data-id=\"7890a3a\" data-element_type=\"column\" data-e-type=\"column\">\n\t\t\t<div class=\"elementor-widget-wrap\">\n\t\t\t\t\t\t\t<\/div>\n\t\t<\/div>\n\t\t\t\t\t<\/div>\n\t\t<\/section>\n\t\t\t\t<\/div>\n\t\t","protected":false},"excerpt":{"rendered":"<p>MISTURADOR EST\u00c1TICO GRP\/FRP Misturador Est\u00e1tico GRP\/FRP: resistentes \u00e0 corros\u00e3o, de grande di\u00e2metro (+250mm) com elementos fixos para aplica\u00e7\u00f5es corrosivas nas ind\u00fastrias de \u00e1gua, \u00e1guas residuais, dessaliniza\u00e7\u00e3o e papel e celulose. Flanges fornecidos como padr\u00e3o e dispon\u00edveis com injetores opcionais e pontos de amostragem. DESIGNS DE ELEMENTOS DE MISTURA L\u00cdDERES DE MERCADO Fornecido com elementos STL [&hellip;]<\/p>\n","protected":false},"author":1,"featured_media":0,"parent":27402,"menu_order":89,"comment_status":"closed","ping_status":"closed","template":"page-templates\/servicios.php","meta":{"_eb_attr":"","footnotes":""},"class_list":["post-13296","page","type-page","status-publish","hentry"],"aioseo_notices":[],"_links":{"self":[{"href":"https:\/\/klinger.pt\/es\/wp-json\/wp\/v2\/pages\/13296","targetHints":{"allow":["GET"]}}],"collection":[{"href":"https:\/\/klinger.pt\/es\/wp-json\/wp\/v2\/pages"}],"about":[{"href":"https:\/\/klinger.pt\/es\/wp-json\/wp\/v2\/types\/page"}],"author":[{"embeddable":true,"href":"https:\/\/klinger.pt\/es\/wp-json\/wp\/v2\/users\/1"}],"replies":[{"embeddable":true,"href":"https:\/\/klinger.pt\/es\/wp-json\/wp\/v2\/comments?post=13296"}],"version-history":[{"count":2,"href":"https:\/\/klinger.pt\/es\/wp-json\/wp\/v2\/pages\/13296\/revisions"}],"predecessor-version":[{"id":38328,"href":"https:\/\/klinger.pt\/es\/wp-json\/wp\/v2\/pages\/13296\/revisions\/38328"}],"up":[{"embeddable":true,"href":"https:\/\/klinger.pt\/es\/wp-json\/wp\/v2\/pages\/27402"}],"wp:attachment":[{"href":"https:\/\/klinger.pt\/es\/wp-json\/wp\/v2\/media?parent=13296"}],"curies":[{"name":"wp","href":"https:\/\/api.w.org\/{rel}","templated":true}]}}