{"id":13248,"date":"2022-03-21T19:26:53","date_gmt":"2022-03-21T19:26:53","guid":{"rendered":"https:\/\/m5j0n6nk9p.onrocket.site\/?p=13248"},"modified":"2023-02-27T09:57:50","modified_gmt":"2023-02-27T09:57:50","slug":"misturador-estatico-plastico","status":"publish","type":"page","link":"https:\/\/klinger.pt\/es\/produtos\/bombas-e-agitacao\/agitacao-mistura\/misturadores-estaticos\/misturador-estatico-plastico\/","title":{"rendered":"MISTURADOR EST\u00c1TICO PL\u00c1STICO"},"content":{"rendered":"\t\t<div data-elementor-type=\"wp-post\" data-elementor-id=\"13248\" class=\"elementor elementor-13248\">\n\t\t\t\t\t\t<section class=\"elementor-section elementor-top-section elementor-element elementor-element-45c48a6 elementor-section-boxed elementor-section-height-default elementor-section-height-default\" data-id=\"45c48a6\" data-element_type=\"section\" data-e-type=\"section\">\n\t\t\t\t\t\t<div class=\"elementor-container elementor-column-gap-default\">\n\t\t\t\t\t<div class=\"elementor-column elementor-col-100 elementor-top-column elementor-element elementor-element-90d51fe\" data-id=\"90d51fe\" data-element_type=\"column\" data-e-type=\"column\">\n\t\t\t<div class=\"elementor-widget-wrap elementor-element-populated\">\n\t\t\t\t\t\t<div class=\"elementor-element elementor-element-820f50a elementor-widget elementor-widget-breadcrumbs\" data-id=\"820f50a\" data-element_type=\"widget\" data-e-type=\"widget\" data-widget_type=\"breadcrumbs.default\">\n\t\t\t\t<div class=\"elementor-widget-container\">\n\t\t\t\t\t \t\t\t\t<\/div>\n\t\t\t\t<\/div>\n\t\t\t\t\t<\/div>\n\t\t<\/div>\n\t\t\t\t\t<\/div>\n\t\t<\/section>\n\t\t\t\t<section class=\"elementor-section elementor-top-section elementor-element elementor-element-cd7359b elementor-section-stretched elementor-section-boxed elementor-section-height-default elementor-section-height-default\" data-id=\"cd7359b\" data-element_type=\"section\" data-e-type=\"section\" data-settings=\"{&quot;stretch_section&quot;:&quot;section-stretched&quot;}\">\n\t\t\t\t\t\t<div class=\"elementor-container elementor-column-gap-no\">\n\t\t\t\t\t<div class=\"elementor-column elementor-col-33 elementor-top-column elementor-element elementor-element-7517468\" data-id=\"7517468\" data-element_type=\"column\" data-e-type=\"column\">\n\t\t\t<div class=\"elementor-widget-wrap elementor-element-populated\">\n\t\t\t\t\t\t<div class=\"elementor-element elementor-element-24bd513 elementor-widget elementor-widget-image\" data-id=\"24bd513\" data-element_type=\"widget\" data-e-type=\"widget\" data-widget_type=\"image.default\">\n\t\t\t\t<div class=\"elementor-widget-container\">\n\t\t\t\t\t\t\t\t\t\t\t\t\t\t\t<img fetchpriority=\"high\" decoding=\"async\" width=\"500\" height=\"500\" src=\"https:\/\/klinger.pt\/wp-content\/uploads\/2022\/03\/PLASTIC-Static-Mixer-Milton-Roy.webp\" class=\"attachment-full size-full wp-image-13114\" alt=\"PLASTIC Static Mixer Milton Roy\" srcset=\"https:\/\/klinger.pt\/wp-content\/uploads\/2022\/03\/PLASTIC-Static-Mixer-Milton-Roy.webp 500w, https:\/\/klinger.pt\/wp-content\/uploads\/2022\/03\/PLASTIC-Static-Mixer-Milton-Roy-300x300.webp 300w, https:\/\/klinger.pt\/wp-content\/uploads\/2022\/03\/PLASTIC-Static-Mixer-Milton-Roy-150x150.webp 150w\" sizes=\"(max-width: 500px) 100vw, 500px\" \/>\t\t\t\t\t\t\t\t\t\t\t\t\t\t\t<\/div>\n\t\t\t\t<\/div>\n\t\t\t\t\t<\/div>\n\t\t<\/div>\n\t\t\t\t<div class=\"elementor-column elementor-col-33 elementor-top-column elementor-element elementor-element-bad4ebd\" data-id=\"bad4ebd\" data-element_type=\"column\" data-e-type=\"column\">\n\t\t\t<div class=\"elementor-widget-wrap elementor-element-populated\">\n\t\t\t\t\t\t<div class=\"elementor-element elementor-element-3544935 elementor-widget elementor-widget-heading\" data-id=\"3544935\" data-element_type=\"widget\" data-e-type=\"widget\" data-widget_type=\"heading.default\">\n\t\t\t\t<div class=\"elementor-widget-container\">\n\t\t\t\t\t<h1 class=\"elementor-heading-title elementor-size-default\">PLASTIC STATIC MIXER<\/h1>\t\t\t\t<\/div>\n\t\t\t\t<\/div>\n\t\t\t\t<div class=\"elementor-element elementor-element-ae278e4 elementor-widget elementor-widget-text-editor\" data-id=\"ae278e4\" data-element_type=\"widget\" data-e-type=\"widget\" data-widget_type=\"text-editor.default\">\n\t\t\t\t<div class=\"elementor-widget-container\">\n\t\t\t\t\t\t\t\t\tStatiflo Series 400 Pipe Mixers: Plastic construction for cost effective\ngeneral purpose and corrosion resistant duties.\nFixed mixing elements housings with flanged\/threaded ends or with coupling connections.\n\nOptional injectors and sample points.<br>Our Series 400 Pipe Mixers are also\navailable in other plastics such as PP, PE, PVDF or cPVC.\n\n<br><br>\u00bb Market-leading mixing element designs\n\n\n<br>Supplied with fixed STS mixing elements, with adjustable element geometry\nto meet your specific maximum headloss or maximum overall length\nrequirements.\n\n<br><br>\u00bb Available for all pipe sizes\n\n<br>Diameters available range from as small as DN15 (1\/2\u201d) up to DN300 (12\u201d).\n\n<br><br>\u00bb Superior mixture qualities achievable\n\n<br>Designed to achieve a Coefficient of Variation (CoV) of 0.05 or less by the\ndischarge of the mixing elements for miscible systems \u2013 meaning you can\ntake a representative sample at the downstream end of the mixer.\n\n<br><br>\u00bb Accessories to complement\n\n<br>Available with optional flanged or threaded injection\/sample branches.\n\n<br><br>\u00bb Materials to suit your requirements\n\n<br>Available in uPVC, PE100, Polypropylene, PVDF or cPVC.\t\t\t\t\t\t\t\t<\/div>\n\t\t\t\t<\/div>\n\t\t\t\t\t<\/div>\n\t\t<\/div>\n\t\t\t\t<div class=\"elementor-column elementor-col-33 elementor-top-column elementor-element elementor-element-c07fa5a\" data-id=\"c07fa5a\" data-element_type=\"column\" data-e-type=\"column\">\n\t\t\t<div class=\"elementor-widget-wrap\">\n\t\t\t\t\t\t\t<\/div>\n\t\t<\/div>\n\t\t\t\t\t<\/div>\n\t\t<\/section>\n\t\t\t\t<\/div>\n\t\t","protected":false},"excerpt":{"rendered":"<p>MISTURADOR EST\u00c1TICO PL\u00c1STICO Misturador Est\u00e1tico Pl\u00e1stico de tubos Statiflo S\u00e9rie 400: Constru\u00e7\u00e3o em pl\u00e1stico para uso geral econ\u00f4mico e tarefas resistentes \u00e0 corros\u00e3o. Carca\u00e7as fixas dos elementos misturadores com extremidades flangeadas\/rosqueadas ou com conex\u00f5es de acoplamento. Injetores opcionais e pontos de amostra. Nossos misturadores de tubos S\u00e9rie 400 tamb\u00e9m est\u00e3o dispon\u00edveis em outros pl\u00e1sticos como [&hellip;]<\/p>\n","protected":false},"author":1,"featured_media":0,"parent":27402,"menu_order":90,"comment_status":"closed","ping_status":"closed","template":"page-templates\/servicios.php","meta":{"_eb_attr":"","footnotes":""},"class_list":["post-13248","page","type-page","status-publish","hentry"],"aioseo_notices":[],"_links":{"self":[{"href":"https:\/\/klinger.pt\/es\/wp-json\/wp\/v2\/pages\/13248","targetHints":{"allow":["GET"]}}],"collection":[{"href":"https:\/\/klinger.pt\/es\/wp-json\/wp\/v2\/pages"}],"about":[{"href":"https:\/\/klinger.pt\/es\/wp-json\/wp\/v2\/types\/page"}],"author":[{"embeddable":true,"href":"https:\/\/klinger.pt\/es\/wp-json\/wp\/v2\/users\/1"}],"replies":[{"embeddable":true,"href":"https:\/\/klinger.pt\/es\/wp-json\/wp\/v2\/comments?post=13248"}],"version-history":[{"count":2,"href":"https:\/\/klinger.pt\/es\/wp-json\/wp\/v2\/pages\/13248\/revisions"}],"predecessor-version":[{"id":38331,"href":"https:\/\/klinger.pt\/es\/wp-json\/wp\/v2\/pages\/13248\/revisions\/38331"}],"up":[{"embeddable":true,"href":"https:\/\/klinger.pt\/es\/wp-json\/wp\/v2\/pages\/27402"}],"wp:attachment":[{"href":"https:\/\/klinger.pt\/es\/wp-json\/wp\/v2\/media?parent=13248"}],"curies":[{"name":"wp","href":"https:\/\/api.w.org\/{rel}","templated":true}]}}